{"id":25680,"date":"2024-08-09T14:02:42","date_gmt":"2024-08-09T14:02:42","guid":{"rendered":"https:\/\/lacasadelamedicina.es\/product\/ostke-veebist-alice-in-wonderland-308-ug\/"},"modified":"2024-10-15T19:59:16","modified_gmt":"2024-10-15T19:59:16","slug":"ostke-veebist-alice-in-wonderland-308-ug","status":"publish","type":"product","link":"https:\/\/lacasadelamedicina.es\/et\/toode\/ostke-veebist-alice-in-wonderland-308-ug\/","title":{"rendered":"Ostke veebist Alice In Wonderland 308 Ug"},"content":{"rendered":"<h2>Ostke veebist Alice In Wonderland 308 Ug<\/h2>\n<p>Ps\u00fchhedeelne uimasti (v\u00f5i entheogeen) l\u00fcserghappe diet\u00fc\u00fclamiid (LSD) s\u00fcnteesiti esmakordselt 16. novembril 1938 \u0160veitsi keemiku Albert Hofmanni poolt Sandozi (praegu Novartis) laborites Baselis, \u0160veitsis. 60ndate keskpaigaks p\u00f5hjustas tagasil\u00f6\u00f6k LSD kasutamise vastu ja selle tajutud s\u00f6\u00f6vitav m\u00f5ju l\u00e4\u00e4ne keskklassi v\u00e4\u00e4rtustele valitsuse meetmeid, et piirata uimasti k\u00e4ttesaadavust, muutes selle igasuguse kasutamise ebaseaduslikuks.<\/p>\n<p>[21]  LSD kuulutati I nimekirja kuuluvaks aineks, mis \u00f5iguslikult t\u00e4hendab, et sellel narkootikumil on &#8220;suur kuritarvitamise potentsiaal&#8221; ja tal puudub &#8220;praegu aktsepteeritud meditsiiniline kasutus ravi eesm\u00e4rgil&#8221;. LSD k\u00f5rvaldati seaduslikust ringlusest. Ameerika \u00dchendriikide narkootikumide t\u00e4itevasutus v\u00e4itis: Osta Lsd online. Tellige Lsd internetis. Lsd m\u00fc\u00fcgiks internetis    <\/p>\n<h2>L\u00fcsergiinhappe diet\u00fc\u00fclamiidi kasulikkus tervisele<\/h2>\n<p>1) LSD leevendab \u00e4revust ja valu surmahaigetel patsientidel. 2) LSD suurendab emotsionaalset empaatiav\u00f5imet, sotsiaalsust ja sugestiivsust. 3) LSD avaldab soodsat m\u00f5ju alkoholi- ja narkos\u00f5ltuvusele<br \/>\n4) LSD leevendab klastrilisi peavalusid. 5) LSD meeleoluh\u00e4irete ja depressiooni raviks. 6) LSD aitab suurendada inimese loovust. 7) LSD kui autismi ravi. 8) LSD-l on tugev p\u00f5letikuvastane toime. 9) LSD v\u00e4hendab kurjategijate kuritegevust. 1960ndate keskpaigaks viisid kasvavad vastureaktsioonid LSD vastu ja selle tajutud negatiivne m\u00f5ju l\u00e4\u00e4ne keskklassi v\u00e4\u00e4rtustele valitsuse sekkumiseni, et piirata selle k\u00e4ttesaadavust. Ametiv\u00f5imud kuulutasid LSD &#8220;I nimekirja&#8221; aineks, liigitades selle &#8220;suure kuritarvitamise potentsiaaliga&#8221; aineks, millel puudub &#8220;tunnustatud meditsiiniline kasutus raviks&#8221;. Sellest tulenevalt k\u00f5rvaldati LSD seaduslikust ringlusest. USA narkomaaniaamet r\u00f5hutas selle keelustamist, m\u00e4rkides: &#8220;Osta LSD-d internetis. Tellige LSD-d internetis. LSD m\u00fc\u00fcgiks internetis.&#8221;<\/p>\n","protected":false},"excerpt":{"rendered":"<p>Ostke veebist Alice In Wonderland 308 Ug Ps\u00fchhedeelne uimasti (v\u00f5i entheogeen) l\u00fcserghappe diet\u00fc\u00fclamiid (LSD) s\u00fcnteesiti esmakordselt 16. novembril 1938 \u0160veitsi keemiku Albert Hofmanni poolt Sandozi (praegu Novartis) laborites Baselis, \u0160veitsis. 60ndate keskpaigaks p\u00f5hjustas tagasil\u00f6\u00f6k LSD kasutamise vastu ja selle tajutud s\u00f6\u00f6vitav m\u00f5ju l\u00e4\u00e4ne keskklassi v\u00e4\u00e4rtustele valitsuse meetmeid, et piirata uimasti k\u00e4ttesaadavust, muutes selle igasuguse kasutamise [&hellip;]<\/p>\n","protected":false},"featured_media":19263,"comment_status":"open","ping_status":"closed","template":"","meta":{"om_disable_all_campaigns":false,"_sitemap_exclude":false,"_sitemap_priority":"","_sitemap_frequency":"","_monsterinsights_skip_tracking":false,"_monsterinsights_sitenote_active":false,"_monsterinsights_sitenote_note":"","_monsterinsights_sitenote_category":0},"product_cat":[12054],"product_tag":[39874,39872,39880,39744,39868,39870,39723,39732,39738,39864,39878,39719,39726,39741,39713,39866,39707,39710,39729,39735,39716],"class_list":{"0":"post-25680","1":"product","2":"type-product","3":"status-publish","4":"has-post-thumbnail","6":"product_cat-lsd-et","7":"product_tag-alice-imedemaal-308-ug-euroopa-tarne","8":"product_tag-alice-imedemaal-308-ug-europe-allahindlus","9":"product_tag-alice-imedemaal-308-ug-europe-labivaatamine","10":"product_tag-alice-imedemaal-308-ug-europe-muuk","11":"product_tag-alice-imedemaal-308-ug-europe-pakkumised","12":"product_tag-alice-imedemaal-308-ug-europe-pood","13":"product_tag-alice-imedemaal-308-ug-muuk-internetis","14":"product_tag-alice-imedemaal-308-ug-parim-hind-euroopas","15":"product_tag-alice-imedemaal-308-ug-tasuta-kohaletoimetamine-euroopas","16":"product_tag-alice-imedemaal-308-ug-veebipood-euroopas","17":"product_tag-alice-in-wonderland-308-ug-europe-tarnijad","18":"product_tag-alice-in-wonderlandi-moju-308-ug","19":"product_tag-kui-palju-on-alice-imedemaal-308-ug","20":"product_tag-kust-osta-alice-imedemaal-308-ug-euroopas","21":"product_tag-kust-osta-alice-imedemaal-308-ug-online","22":"product_tag-odav-alice-imedemaal-308-ug-europe","23":"product_tag-osta-alice-imedemaal-308-ug","24":"product_tag-osta-alice-imedemaal-308-ug-online","25":"product_tag-osta-alice-imedemaal-308-ug-online-euroopas","26":"product_tag-telli-alice-imedemaal-308-ug-eu","27":"product_tag-telli-alice-imedemaal-308-ug-online","29":"first","30":"instock","31":"shipping-taxable","32":"purchasable","33":"product-type-variable","34":"farmacie-col"},"aioseo_notices":[],"_links":{"self":[{"href":"https:\/\/lacasadelamedicina.es\/et\/wp-json\/wp\/v2\/product\/25680"}],"collection":[{"href":"https:\/\/lacasadelamedicina.es\/et\/wp-json\/wp\/v2\/product"}],"about":[{"href":"https:\/\/lacasadelamedicina.es\/et\/wp-json\/wp\/v2\/types\/product"}],"replies":[{"embeddable":true,"href":"https:\/\/lacasadelamedicina.es\/et\/wp-json\/wp\/v2\/comments?post=25680"}],"wp:featuredmedia":[{"embeddable":true,"href":"https:\/\/lacasadelamedicina.es\/et\/wp-json\/wp\/v2\/media\/19263"}],"wp:attachment":[{"href":"https:\/\/lacasadelamedicina.es\/et\/wp-json\/wp\/v2\/media?parent=25680"}],"wp:term":[{"taxonomy":"product_cat","embeddable":true,"href":"https:\/\/lacasadelamedicina.es\/et\/wp-json\/wp\/v2\/product_cat?post=25680"},{"taxonomy":"product_tag","embeddable":true,"href":"https:\/\/lacasadelamedicina.es\/et\/wp-json\/wp\/v2\/product_tag?post=25680"}],"curies":[{"name":"wp","href":"https:\/\/api.w.org\/{rel}","templated":true}]}}