{"id":25679,"date":"2024-08-09T14:02:42","date_gmt":"2024-08-09T14:02:42","guid":{"rendered":"https:\/\/lacasadelamedicina.es\/product\/ostke-internetist-albert-hofmanni-jalgrattapaev-1943\/"},"modified":"2024-08-09T14:02:42","modified_gmt":"2024-08-09T14:02:42","slug":"ostke-internetist-albert-hofmanni-jalgrattapaev-1943","status":"publish","type":"product","link":"https:\/\/lacasadelamedicina.es\/et\/toode\/ostke-internetist-albert-hofmanni-jalgrattapaev-1943\/","title":{"rendered":"Ostke Internetist Albert Hofmanni jalgrattap\u00e4ev 1943"},"content":{"rendered":"<h2>Ostke Internetist Albert Hofmanni jalgrattap\u00e4ev 1943<\/h2>\n<p> \u201cTasapisi v\u00f5isin hakata nautima enneolematuid v\u00e4rve ja kujundite m\u00e4nge, mis j\u00e4id p\u00fcsima mu suletud silmade taga. Kaleidoskoopilised, fantastilised kujundid tungisid minusse, vaheldumisi, kirjud, avanedes ja seej\u00e4rel ringides ja spiraalides sulgudes, plahvatades v\u00e4rvilistes purskkaevudes, \u00fcmber paigutades ja h\u00fcbridiseerudes pidevas voolus.<\/p>\n","protected":false},"excerpt":{"rendered":"<p>Ostke Internetist Albert Hofmanni jalgrattap\u00e4ev 1943 \u201cTasapisi v\u00f5isin hakata nautima enneolematuid v\u00e4rve ja kujundite m\u00e4nge, mis j\u00e4id p\u00fcsima mu suletud silmade taga. Kaleidoskoopilised, fantastilised kujundid tungisid minusse, vaheldumisi, kirjud, avanedes ja seej\u00e4rel ringides ja spiraalides sulgudes, plahvatades v\u00e4rvilistes purskkaevudes, \u00fcmber paigutades ja h\u00fcbridiseerudes pidevas voolus.<\/p>\n","protected":false},"featured_media":19248,"comment_status":"open","ping_status":"closed","template":"","meta":{"om_disable_all_campaigns":false,"_sitemap_exclude":false,"_sitemap_priority":"","_sitemap_frequency":"","_monsterinsights_skip_tracking":false,"_monsterinsights_sitenote_active":false,"_monsterinsights_sitenote_note":"","_monsterinsights_sitenote_category":0},"product_cat":[12054],"product_tag":[12201,12193,12196,12195,12198,12199,12203,12204,12191,12187,12200,12188,12202,12189,12194,12185,12197,12183,12190,12184,12192,12186],"class_list":{"0":"post-25679","1":"product","2":"type-product","3":"status-publish","4":"has-post-thumbnail","6":"product_cat-lsd-et","7":"product_tag-albert-hofmann-bicycle-day-1943-euroopa-kohaletoimetamine","8":"product_tag-albert-hofmann-bicycle-day-1943-tasuta-kohaletoimetamine-euroopasse","9":"product_tag-albert-hofmann-bicycle-day-1943-veebipood-euroopa","10":"product_tag-albert-hofmanni-jalgrattapaev-1943-euroopa-muuk","11":"product_tag-albert-hofmanni-jalgrattapaev-1943-euroopa-pakkumisednbsp","12":"product_tag-albert-hofmanni-jalgrattapaev-1943-euroopa-pood","13":"product_tag-albert-hofmanni-jalgrattapaev-1943-euroopa-tarnijad","14":"product_tag-albert-hofmanni-jalgrattapaev-1943-euroopa-ulevaade","15":"product_tag-albert-hofmanni-jalgrattapaev-1943-parima-hinnaga-euroopas","16":"product_tag-albert-hofmanni-jalgrattapaeva-mojud-1943-aastal","17":"product_tag-albert-hofmanni-rattapaev-1943-euroopa-allahindlus","18":"product_tag-albert-hofmanni-rattapaev-1943-muuk-internetis","19":"product_tag-autentne-albert-hofmanni-jalgrattapaev-1943-euroopas","20":"product_tag-kui-palju-maksab-albert-hofmanni-jalgrattapaev-1943","21":"product_tag-kust-osta-albert-hofmanni-jalgrattapaev-1943-euroopa","22":"product_tag-kust-osta-internetist-albert-hofmanni-jalgrattapaev-1943","23":"product_tag-odavad-albert-hofmanni-jalgrattapaev-1943-euroopa","24":"product_tag-ostke-albert-hofmanni-jalgrattapaev-1943","25":"product_tag-ostke-albert-hofmanni-jalgrattapaev-1943-internetist-euroopas","26":"product_tag-ostke-internetist-albert-hofmanni-jalgrattapaev-1943","27":"product_tag-tellige-albert-hofmanni-jalgrattapaev-1943-el","28":"product_tag-tellige-internetist-albert-hofmanni-jalgrattapaev-1943","30":"first","31":"instock","32":"shipping-taxable","33":"purchasable","34":"product-type-simple","35":"farmacie-col"},"aioseo_notices":[],"_links":{"self":[{"href":"https:\/\/lacasadelamedicina.es\/et\/wp-json\/wp\/v2\/product\/25679"}],"collection":[{"href":"https:\/\/lacasadelamedicina.es\/et\/wp-json\/wp\/v2\/product"}],"about":[{"href":"https:\/\/lacasadelamedicina.es\/et\/wp-json\/wp\/v2\/types\/product"}],"replies":[{"embeddable":true,"href":"https:\/\/lacasadelamedicina.es\/et\/wp-json\/wp\/v2\/comments?post=25679"}],"wp:featuredmedia":[{"embeddable":true,"href":"https:\/\/lacasadelamedicina.es\/et\/wp-json\/wp\/v2\/media\/19248"}],"wp:attachment":[{"href":"https:\/\/lacasadelamedicina.es\/et\/wp-json\/wp\/v2\/media?parent=25679"}],"wp:term":[{"taxonomy":"product_cat","embeddable":true,"href":"https:\/\/lacasadelamedicina.es\/et\/wp-json\/wp\/v2\/product_cat?post=25679"},{"taxonomy":"product_tag","embeddable":true,"href":"https:\/\/lacasadelamedicina.es\/et\/wp-json\/wp\/v2\/product_tag?post=25679"}],"curies":[{"name":"wp","href":"https:\/\/api.w.org\/{rel}","templated":true}]}}