{"id":25664,"date":"2024-08-09T14:02:43","date_gmt":"2024-08-09T14:02:43","guid":{"rendered":"https:\/\/lacasadelamedicina.es\/product\/ostke-pentobarbitaali-intravenoosne-lahus-internetist\/"},"modified":"2024-08-09T14:02:43","modified_gmt":"2024-08-09T14:02:43","slug":"ostke-pentobarbitaali-intravenoosne-lahus-internetist","status":"publish","type":"product","link":"https:\/\/lacasadelamedicina.es\/et\/toode\/ostke-pentobarbitaali-intravenoosne-lahus-internetist\/","title":{"rendered":"Ostke Pentobarbitaali intravenoosne lahus Internetist"},"content":{"rendered":"<h2>Osta pentobarbitaali intravenoosne lahus<\/h2>\n<p> Barbituraate on mitut t\u00fc\u00fcpi ja pentobarbitaali intravenoosne lahus on vaid \u00fcks neist. Dr Law Sons Pharmacy pakub selle ravimi kohta p\u00f5hjalikku teavet, et aidata teil m\u00f5ista selle kasutusalasid ja m\u00f5jusid.  <\/p>\n<h3>Mis on pentobarbitaal?<\/h3>\n<p> Pentobarbitaal on barbituraat, mis p\u00e4rsib keskn\u00e4rvis\u00fcsteemi (KNS) ja aju. Seda on ette n\u00e4htud peamiselt une esilekutsumiseks, mitte rahustina. Sarnaselt teiste barbituraatidega v\u00f5ib selle efektiivsus pikaajalisel kasutamisel v\u00e4heneda, muutudes sageli kahe n\u00e4dala p\u00e4rast v\u00e4hem t\u00f5husaks. Ravimi poolv\u00e4\u00e4rtusaeg on s\u00f5ltuvalt annusest vahemikus 5 kuni 50 tundi. Kunagi laialdaselt k\u00e4ttesaadav pentobarbitaal on n\u00fc\u00fcd haruldane ja kallis, kuna paljudes riikides seda enam anesteetikumina ei kasutata.     <\/p>\n<h3>Pentobarbitaali ps\u00fchholoogilised ja f\u00fcsioloogilised m\u00f5jud<\/h3>\n<p> Pentobarbitaal v\u00f5ib p\u00f5hjustada erinevaid f\u00fcsioloogilisi toimeid, sealhulgas: <\/p>\n<ul>\n<li>V\u00e4hendatud arteriaalne r\u00f5hk<\/li>\n<li>Perifeerne vasodilatatsioon<\/li>\n<li>Muutunud s\u00fcdame l\u00f6\u00f6gisagedus<\/li>\n<li>S\u00fcdame v\u00e4ljundi depressioon<\/li>\n<li>Vasopressori reaktsiooni v\u00e4henemine<\/li>\n<\/ul>\n<p> Teadusuuringute kontekstis v\u00f5ib see m\u00f5jutada selliseid muutujaid nagu m\u00fcokardi kahjustus p\u00e4rast koronaararterite ligeerimist. Ravim tagab Jorgenseni tehnikale sarnase sedatsioonis\u00fcgavuse, mille toime kestab 2\u20134 tundi. Keskn\u00e4rvis\u00fcsteemi p\u00e4rssivatena v\u00f5ib see muuta inimesed stiimulitele tundlikumaks. Aastak\u00fcmneid oli pentobarbitaal laboriloomade standardne anesteetikum. T\u00f5hus anesteesia laboriloomadel saavutatakse annustega, mis on l\u00e4hedased hingamispuudulikkust p\u00f5hjustada v\u00f5ivatele annustele, mida manustatakse aeglaselt intravenoosse s\u00fcstiga. Kuigi enamikus riikides ei ole pentobarbitaal enam anesteesia jaoks kaubanduslikult saadaval, saab seda konkreetsete uurimisvajaduste jaoks siiski hankida litsentseeritud tarnijatelt, nagu Dr. Law Sons Pharmacy.      <\/p>\n<h2>Kas on v\u00f5imalik ravida pentobarbitaali \u00fcleannustamist?<\/h2>\n<p> Iga barbituraadi \u00fcleannustamine v\u00f5ib olla \u00e4\u00e4rmiselt surmav. Te peaksite alati teavitama oma arsti, kui arvate, et olete tundlik barbituraatide suhtes v\u00f5i kui teil on anamneesis narkootikumide kuritarvitamine. Samuti peaksite oma arstile r\u00e4\u00e4kima, kui teil on maksa- v\u00f5i neeruhaigus, porf\u00fc\u00fcria, krooniline obstruktiivne kopsuhaigus, kontrollimatu astma v\u00f5i kui teil on olnud vaimse tervise v\u00f5i kroonilisi haigusi. Kui l\u00e4hedane v\u00f5i l\u00e4hedane on pentobarbitaali \u00fcledoosi v\u00f5tnud, \u00e4rge p\u00fc\u00fcdke teda oksendama ajada. Te peaksite viivitamatult p\u00f6\u00f6rduma arsti poole. Pentobarbitaali \u00fcleannustamise ravi h\u00f5lmab enamasti toetavat abi. Allpool on toodud m\u00f5ned toetavad protseduurid:       <\/p>\n<ul>\n<li>Tavaliste \u00fcleannustamise s\u00fcmptomite kontrollimine<\/li>\n<li>Vedeliku sisendi ja v\u00e4ljundi j\u00e4lgimine<\/li>\n<li>Veenduge, et oleks piisavalt hapnikku<\/li>\n<li>Ohvri ohutuse tagamine kogu aeg<\/li>\n<li>\u0160oki s\u00fcmptomite kontrollimine<\/li>\n<li>Teadvuse taseme kontrollimine<\/li>\n<li>Neerufunktsiooni h\u00e4ire korral v\u00f5ib ravimi s\u00fcsteemist eemaldamiseks olla vajalik hemodial\u00fc\u00fcs<\/li>\n<li>Vedeliku tarbimise suurenemine<\/li>\n<li>Pentobarbitaali neerude kaudu eritumise tagamine<\/li>\n<li>Kui kannatanul on kopsup\u00f5letik, alustage antibiootikumravi<\/li>\n<li>Hoolduse pakkumine, mis v\u00f5ib parandada vaimset erksust ja lahendada m\u00f5jutatud m\u00f5tlemise m\u00e4rke<\/li>\n<li>V\u00f5imalike probleemide, nagu neerupuudulikkus, kopsuturse, ar\u00fctmia ja s\u00fcdame paisprobleemide kontrollimine.<\/li>\n<\/ul>\n<h3>Pentobarbitaali k\u00f5rvaltoimed<\/h3>\n<p> Kui te v\u00f5tate pentobarbitaali, kogete p\u00e4rast seda t\u00f5en\u00e4oliselt mitmeid k\u00f5rvaltoimeid. M\u00f5ned v\u00f5ivad olla kerged, teised aga rasked. Oleme siin esitanud enamiku k\u00f5rvalm\u00f5judest. Pidage meeles, et see ei ole t\u00e4ielik k\u00f5rvaltoimete loetelu. Nende hulka kuuluvad segasus, \u00f5udusunen\u00e4od, \u00e4revus, ebanormaalne m\u00f5tlemine, iiveldus, k\u00f5hukinnisus, palavik, agitatsioon, hallutsinatsioonid, n\u00e4rvilisus, unetus, pearinglus, iiveldus, oksendamine ja peavalud.     <\/p>\n<h3>Kas pentobarbitaali intravenoossest lahusest v\u00f5ib s\u00f5ltuvusse j\u00e4\u00e4da?<\/h3>\n<p> Nagu enamik barbituraate, on ka pentobarbitaal v\u00e4ga s\u00f5ltuvust tekitav. V\u00e4ltige ravimi v\u00f5tmist n\u00f5utust suuremates annustes v\u00f5i pikema aja jooksul kui vaja. Lisaks konsulteerige ravimist loobumisel kindlasti arstiga. Pentobarbitaal v\u00f5ib p\u00f5hjustada t\u00f5siseid \u00e4raj\u00e4tun\u00e4hte, nagu pearinglus, unetus, minestamine ja palju muud, ning arst teab, kuidas annust j\u00e4rk-j\u00e4rgult v\u00e4hendada, et te ei kannataks nende \u00e4raj\u00e4tun\u00e4htude all.    <\/p>\n<h3>Kas pentobarbitaali saab legaalselt hankida?<\/h3>\n<p> Pentobarbitaal on \u00fcks v\u00e4heseid barbituraate, mida saate seaduslikult osta. Siiski v\u00e4\u00e4rib m\u00e4rkimist, et pentobarbitaali tootvate ettev\u00f5tete arv on drastiliselt v\u00e4henenud, muutes selle ravimi hankimise keeruliseks. Selle ravimi ostmiseks vajate arsti soovitust\/retsepti.   <\/p>\n<h3>Kas pentobarbitaali saab Internetist osta?<\/h3>\n<p> Kui otsite pentobarbitaali otsingumootorites, leiate palju veebim\u00fc\u00fcjaid, kes m\u00fc\u00fcvad pentobarbitaali ja muid barbituraate. Siiski peaksite teadma, et pentobarbitaal ja muud barbituraadid on paljudes riikides kontrollitud ravimid. Kui kavatsete pentobarbitaali veebist osta, veenduge, et olete enne ostmist korralikult uurinud. Paljude arvustuste lugemine tagab ka selle, et ostate seaduslikult ostjalt.<\/p>\n","protected":false},"excerpt":{"rendered":"<p>Ostke Internetist Nembutal Pentobarbitaali surmavat s\u00fcstelahust. Saadaval kontsentratsiooniga 50 mg\/ml, lahus on saadaval 20 ml ja 50 ml viaalides. Valige vajalik kogus ja lisage see ostukorvi. Pakume kiiret ja garanteeritud diskreetset kohaletoimetamist k\u00f5ikidele tellimustele.   <\/p>\n","protected":false},"featured_media":19713,"comment_status":"open","ping_status":"closed","template":"","meta":{"om_disable_all_campaigns":false,"_sitemap_exclude":false,"_sitemap_priority":"","_sitemap_frequency":"","_monsterinsights_skip_tracking":false,"_monsterinsights_sitenote_active":false,"_monsterinsights_sitenote_note":"","_monsterinsights_sitenote_category":0},"product_cat":[12001],"product_tag":[12150,12137,12142,12133,12145,12131,12132,12138,12148,12149,12143,12151,12152,12146,12139,12141,12147,12136,12135,12144,12140,12134],"class_list":{"0":"post-25664","1":"product","2":"type-product","3":"status-publish","4":"has-post-thumbnail","6":"product_cat-pentobarbitaalnaatrium-nembutal","7":"product_tag-autentne-pentobarbitaali-intravenoosne-lahus-euroopas","8":"product_tag-kui-palju-on-pentobarbitaali-intravenoosne-lahus","9":"product_tag-kust-osta-pentobarbitaali-intravenoosset-lahust-euroopas","10":"product_tag-kust-osta-pentobarbitaali-intravenoosset-lahust-internetis","11":"product_tag-odav-pentobarbitaali-intravenoosne-lahus-euroopas","12":"product_tag-osta-pentobarbitaali-intravenoosne-lahus","13":"product_tag-ostke-pentobarbitaali-intravenoosne-lahus-internetist","14":"product_tag-ostke-pentobarbitaali-intravenoosne-lahus-internetist-euroopas","15":"product_tag-pentobarbitaali-intravenoosne-lahus-euroopa-allahindlus","16":"product_tag-pentobarbitaali-intravenoosne-lahus-euroopa-kohaletoimetamine","17":"product_tag-pentobarbitaali-intravenoosne-lahus-euroopa-muuk","18":"product_tag-pentobarbitaali-intravenoosne-lahus-euroopa-tarnijad","19":"product_tag-pentobarbitaali-intravenoosne-lahus-euroopa-ulevaade","20":"product_tag-pentobarbitaali-intravenoosne-lahus-euroopas","21":"product_tag-pentobarbitaali-intravenoosne-lahus-parim-hind-euroopas","22":"product_tag-pentobarbitaali-intravenoosne-lahus-tasuta-kohaletoimetamine-euroopasse","23":"product_tag-pentobarbitaali-intravenoosse-lahuse-euroopa-pood","24":"product_tag-pentobarbitaali-intravenoosse-lahuse-muuk-internetis","25":"product_tag-pentobarbitaali-intravenoosse-lahuse-toime","26":"product_tag-pentobarbitaali-intravenoosse-lahuse-veebipood-euroopa","27":"product_tag-tellige-pentobarbitaali-intravenoosne-lahus-eu","28":"product_tag-tellige-pentobarbitaali-intravenoosne-lahus-internetist","30":"first","31":"instock","32":"shipping-taxable","33":"purchasable","34":"product-type-variable","35":"farmacie-col"},"aioseo_notices":[],"_links":{"self":[{"href":"https:\/\/lacasadelamedicina.es\/et\/wp-json\/wp\/v2\/product\/25664"}],"collection":[{"href":"https:\/\/lacasadelamedicina.es\/et\/wp-json\/wp\/v2\/product"}],"about":[{"href":"https:\/\/lacasadelamedicina.es\/et\/wp-json\/wp\/v2\/types\/product"}],"replies":[{"embeddable":true,"href":"https:\/\/lacasadelamedicina.es\/et\/wp-json\/wp\/v2\/comments?post=25664"}],"wp:featuredmedia":[{"embeddable":true,"href":"https:\/\/lacasadelamedicina.es\/et\/wp-json\/wp\/v2\/media\/19713"}],"wp:attachment":[{"href":"https:\/\/lacasadelamedicina.es\/et\/wp-json\/wp\/v2\/media?parent=25664"}],"wp:term":[{"taxonomy":"product_cat","embeddable":true,"href":"https:\/\/lacasadelamedicina.es\/et\/wp-json\/wp\/v2\/product_cat?post=25664"},{"taxonomy":"product_tag","embeddable":true,"href":"https:\/\/lacasadelamedicina.es\/et\/wp-json\/wp\/v2\/product_tag?post=25664"}],"curies":[{"name":"wp","href":"https:\/\/api.w.org\/{rel}","templated":true}]}}