{"id":25658,"date":"2024-08-09T14:02:43","date_gmt":"2024-08-09T14:02:43","guid":{"rendered":"https:\/\/lacasadelamedicina.es\/product\/ostke-lsd-filz-226-ja-internetist\/"},"modified":"2024-09-19T07:31:11","modified_gmt":"2024-09-19T07:31:11","slug":"ostke-lsd-filz-226-ja-internetist","status":"publish","type":"product","link":"https:\/\/lacasadelamedicina.es\/et\/toode\/ostke-lsd-filz-226-ja-internetist\/","title":{"rendered":"Ostke LSD Filz 226 ja Internetist"},"content":{"rendered":"<h3>Ostke LSD Filz 226 ja veebist<\/h3>\n<p> Ostke LSD Filz 226 ug veebis. Seda LSD doosi\u00fchikut anal\u00fc\u00fcsinud Euroopa uimastikontrollir\u00fchm esitas &#8220;suure annuse&#8221; ettevaatuse, kuna see sisaldab rohkem kui 150 mikrogrammi LSD-d. <\/p>\n<h3>1P-LSD (1-propion\u00fc\u00fcll\u00fcsergiinhappe diet\u00fc\u00fclamiid) \u2013 parandage oma meeli<\/h3>\n<p> Kas olete valmis asuma muutlikule meeler\u00e4nnakule? Tutvuge meie esmaklassilise 1P-LSD-ga, tugeva ja t\u00e4pselt valmistatud \u00fchendiga, mis on loodud pakkuma ainulaadset ja s\u00fcgavat ps\u00fchhedeelset kogemust. Ideaalne neile, kes otsivad avardatud teadvust ja s\u00fcgavamaid teadmisi, meie 1P-LSD lubab transtsendentset seiklust.   <strong>Peamised omadused:<\/strong><\/p>\n<ul>\n<li><strong>V\u00f5imas ps\u00fchhedeelne kogemus:<\/strong> 1P-LSD on tuntud oma v\u00f5ime t\u00f5ttu kutsuda esile v\u00f5imsaid hallutsinatsioone, s\u00fcgavat enesevaatlust ja intensiivset eufooriat. Valmistuge vaimseks od\u00fcsseiaks, mis v\u00f5ib viia olulise eneseavastuse ja vaimse \u00e4rkamiseni. <\/li>\n<li><strong>Premium kvaliteet ja puhtus:<\/strong> peame esmat\u00e4htsaks teie turvalisust ja rahulolu. Meie 1P-LSD on p\u00e4rit mainekatest laboritest ja l\u00e4bib k\u00f5rgeima kvaliteedi tagamiseks ranged testid. V\u00f5ite usaldada, et saate k\u00f5ige puhtama ja autentseima toote.  <\/li>\n<li><strong>T\u00e4pne doseerimine:<\/strong> j\u00e4rjepideva ja usaldusv\u00e4\u00e4rse kasutuskogemuse tagamiseks doseeritakse iga 1P-LSD blotter hoolikalt. Meie t\u00e4pne tootmisprotsess tagab t\u00e4pse doseerimise, nii et saate t\u00e4ielikult oma teekonnale keskenduda. <\/li>\n<li><strong>Kiire kohaletoimetamine ja diskreetne pakkimine:<\/strong> v\u00e4\u00e4rtustame teie privaatsust ja \u00f5igeaegset kohaletoimetamist. Teie tellimus pakitakse teie anon\u00fc\u00fcmsuse kaitsmiseks diskreetselt ning tarnitakse kiiresti ja turvaliselt. <\/li>\n<\/ul>\n<p><strong>Ohutusmeetmed.<\/strong> Kuigi 1P-LSD pakub t\u00e4helepanuv\u00e4\u00e4rset uurimist\u00f6\u00f6d muutunud teadvuse seisunditesse, on oluline seda vastutustundlikult kasutada. J\u00e4rgige neid ohutusjuhiseid:  <\/p>\n<ol>\n<li><strong>Seadistamine ja seadistamine:<\/strong> looge oma kogemuste jaoks mugav ja tuttav keskkond. Ideaalis viibige usaldusv\u00e4\u00e4rsete s\u00f5prade v\u00f5i giidide seltsis. <\/li>\n<li><strong>\u00d5ige annustamine:<\/strong> j\u00e4rgige soovitatud annuseid, et v\u00e4ltida \u00fclekaalukaid kogemusi. Algajad peaksid oma tundlikkuse hindamiseks alustama v\u00e4ikese annusega. <\/li>\n<li><strong>Teake oma piire:<\/strong> ps\u00fchhedeelsed kogemused v\u00f5ivad olla intensiivsed ja ettearvamatud. Olge teadlik, millal otsida abi v\u00f5i vajadusel arstiabi. <\/li>\n<li><strong>\u00d5iguslik vastavus:<\/strong> kontrollige enne ostmist 1P-LSD seaduslikkust oma piirkonnas. Me ei poolda ebaseaduslikku v\u00f5i vastutustundetut kasutamist. <\/li>\n<\/ol>\n<p><strong>1P-LSD ja LSD erinevused ja sarnasused<\/strong> Nii 1P-LSD kui ka LSD on v\u00f5imsad ps\u00fchhedeelikumid, millel on sarnane toime, kuid on m\u00e4rkimisv\u00e4\u00e4rseid erinevusi: <\/p>\n<ul>\n<li><strong>1P-LSD:<\/strong>\n<ul>\n<li><strong>Keemiline struktuur:<\/strong> 1P-LSD on LSD struktuurne analoog, mis sisaldab propion\u00fc\u00fclr\u00fchma, mis on seotud l\u00e4mmastikumolekuliga.<\/li>\n<li><strong>Seaduslikkus:<\/strong> 1P-LSD-d, mida peetakse sageli teadusuuringuteks kasutatavaks kemikaaliks, v\u00f5ib olla seaduslik m\u00f5nes piirkonnas, kus LSD on keelatud. See \u00f5iguslik ebaselgus on toonud kaasa selle k\u00e4ttesaadavuse teatud turgudel. <\/li>\n<li><strong>V\u00f5imsus ja m\u00f5jud:<\/strong> selle m\u00f5ju arvatakse olevat peaaegu identne LSD-ga, p\u00f5hjustades ps\u00fchhedeelseid kogemusi, nagu visuaalsed moonutused, muutunud ajataju, eufooria ja introspektiivsed m\u00f5tted. .<\/li>\n<li><strong>Ohutusprofiil:<\/strong> Teadusuuringud on piiratud, kuid \u00fcldiselt arvatakse, et 1P-LSD-l on LSD-ga sarnane ohutusprofiil. Nagu k\u00f5igi ps\u00fchhedeelikumide puhul, tuleb seda kasutada ettevaatusega. <\/li>\n<\/ul>\n<\/li>\n<li><strong>LSD:<\/strong>\n<ul>\n<li><strong>Keemiline struktuur:<\/strong> LSD ehk l\u00fcsergiinhappe diet\u00fc\u00fclamiid s\u00fcnteesiti esmakordselt 1938. aastal ja see on saadud tungaltera seenest.<\/li>\n<li><strong>Seaduslikkus:<\/strong> LSD on paljudes riikides, sealhulgas USA-s, klassifitseeritud I nimekirja I kontrollitavaks aineks, mist\u00f5ttu on selle tootmine, omamine v\u00f5i levitamine ilma n\u00f5uetekohase uurimisloata ebaseaduslik. .<\/li>\n<li><strong>V\u00f5imsus ja m\u00f5jud:<\/strong> LSD on tuntud oma s\u00fcgavate ps\u00fchhedeelsete m\u00f5jude poolest, sealhulgas intensiivsed hallutsinatsioonid, muutunud tajud, k\u00f5rgendatud emotsioonid ja sageli m\u00fcstilised v\u00f5i vaimsed kogemused. Efektiivne annus on tavaliselt v\u00e4ga v\u00e4ike. <\/li>\n<li><strong>Ohutusprofiil:<\/strong> LSD-d on p\u00f5hjalikumalt uuritud ja seda peetakse \u00fcldiselt ohutuks, kui seda kasutatakse vastutustundlikult. Sellel v\u00f5ib aga olla ettearvamatu m\u00f5ju ja m\u00f5ned kasutajad v\u00f5ivad kogeda ps\u00fchholoogilist stressi. <\/li>\n<\/ul>\n<\/li>\n<\/ul>\n","protected":false},"excerpt":{"rendered":"<p>Ostke LSD Filz 226 ja veebist Ostke LSD Filz 226 ug veebis. Seda LSD doosi\u00fchikut anal\u00fc\u00fcsinud Euroopa uimastikontrollir\u00fchm esitas &#8220;suure annuse&#8221; ettevaatuse, kuna see sisaldab rohkem kui 150 mikrogrammi LSD-d. 1P-LSD (1-propion\u00fc\u00fcll\u00fcsergiinhappe diet\u00fc\u00fclamiid) \u2013 parandage oma meeli Kas olete valmis asuma muutlikule meeler\u00e4nnakule? Tutvuge meie esmaklassilise 1P-LSD-ga, tugeva ja t\u00e4pselt valmistatud \u00fchendiga, mis on loodud [&hellip;]<\/p>\n","protected":false},"featured_media":19323,"comment_status":"closed","ping_status":"closed","template":"","meta":{"om_disable_all_campaigns":false,"_sitemap_exclude":false,"_sitemap_priority":"","_sitemap_frequency":"","_monsterinsights_skip_tracking":false,"_monsterinsights_sitenote_active":false,"_monsterinsights_sitenote_note":"","_monsterinsights_sitenote_category":0},"product_cat":[12054],"product_tag":[38170,38157,38153,38162,38156,38169,38163,38166,38167,38171,38168,38172,38155,38159,38161,38164,38165,38151,38152,38158,38160,38154],"class_list":{"0":"post-25658","1":"product","2":"type-product","3":"status-publish","4":"has-post-thumbnail","6":"product_cat-lsd-et","7":"product_tag-autentne-lsd-filz-226-ug-europe","8":"product_tag-kui-palju-on-lsd-filz-226-ug","9":"product_tag-kust-osta-internetis-lsd-filz-226-ug","10":"product_tag-kust-osta-lsd-filz-226-ug-europe","11":"product_tag-lsd-filz-226-ja-muuk-internetis","12":"product_tag-lsd-filz-226-ug-euroopa-kohaletoimetamine","13":"product_tag-lsd-filz-226-ug-euroopa-muuk","14":"product_tag-lsd-filz-226-ug-euroopa-pakkumised","15":"product_tag-lsd-filz-226-ug-euroopa-pood","16":"product_tag-lsd-filz-226-ug-euroopa-tarnijad","17":"product_tag-lsd-filz-226-ug-europe-allahindlus","18":"product_tag-lsd-filz-226-ug-europe-ulevaade","19":"product_tag-lsd-filz-226-ug-mojud","20":"product_tag-lsd-filz-226-ug-parima-hinnaga-euroopas","21":"product_tag-lsd-filz-226-ug-tasuta-kohaletoimetamine-euroopasse","22":"product_tag-lsd-filz-226-ug-veebipood-euroopa","23":"product_tag-odav-lsd-filz-226-ug-europe","24":"product_tag-osta-lsd-filz-226-ug","25":"product_tag-ostke-lsd-filz-226-ja-internetist","26":"product_tag-ostke-lsd-filz-226-ug-internetist-euroopas","27":"product_tag-telli-lsd-filz-226-ug-eu","28":"product_tag-tellige-lsd-filz-226-ug-veebist","30":"first","31":"instock","32":"shipping-taxable","33":"purchasable","34":"product-type-simple","35":"farmacie-col"},"aioseo_notices":[],"_links":{"self":[{"href":"https:\/\/lacasadelamedicina.es\/et\/wp-json\/wp\/v2\/product\/25658"}],"collection":[{"href":"https:\/\/lacasadelamedicina.es\/et\/wp-json\/wp\/v2\/product"}],"about":[{"href":"https:\/\/lacasadelamedicina.es\/et\/wp-json\/wp\/v2\/types\/product"}],"replies":[{"embeddable":true,"href":"https:\/\/lacasadelamedicina.es\/et\/wp-json\/wp\/v2\/comments?post=25658"}],"wp:featuredmedia":[{"embeddable":true,"href":"https:\/\/lacasadelamedicina.es\/et\/wp-json\/wp\/v2\/media\/19323"}],"wp:attachment":[{"href":"https:\/\/lacasadelamedicina.es\/et\/wp-json\/wp\/v2\/media?parent=25658"}],"wp:term":[{"taxonomy":"product_cat","embeddable":true,"href":"https:\/\/lacasadelamedicina.es\/et\/wp-json\/wp\/v2\/product_cat?post=25658"},{"taxonomy":"product_tag","embeddable":true,"href":"https:\/\/lacasadelamedicina.es\/et\/wp-json\/wp\/v2\/product_tag?post=25658"}],"curies":[{"name":"wp","href":"https:\/\/api.w.org\/{rel}","templated":true}]}}