{"id":25627,"date":"2024-08-09T14:02:44","date_gmt":"2024-08-09T14:02:44","guid":{"rendered":"https:\/\/lacasadelamedicina.es\/product\/osta-pentobarbitaali-pillid-internetist\/"},"modified":"2024-08-09T14:02:44","modified_gmt":"2024-08-09T14:02:44","slug":"osta-pentobarbitaali-pillid-internetist","status":"publish","type":"product","link":"https:\/\/lacasadelamedicina.es\/et\/toode\/osta-pentobarbitaali-pillid-internetist\/","title":{"rendered":"Osta Pentobarbitaali pillid Internetist"},"content":{"rendered":"<h2>Osta Pentobarbitaali pillid Internetist<\/h2>\n<p><strong>Milleks kasutatakse pentobarbitaali tablette?<\/strong> Pentobarbitaali tablette kasutatakse peamiselt l\u00fchiajalise rahustina unetuse leevendamiseks ja une esilekutsumiseks kirurgiliste protseduuride jaoks. Neid saab kasutada ka krambihoogude erakorraliseks raviks. Kuid need pole pentobarbitaali ainsad kasutusalad.   <strong>Oluline teave pentobarbitaali pillide kohta<\/strong><\/p>\n<ul>\n<li><strong>V\u00e4ltige j\u00e4rgmistel juhtudel:<\/strong> teil on esinenud porf\u00fc\u00fcriat (keskn\u00e4rvis\u00fcsteemi ja nahka m\u00f5jutav geneetiline ens\u00fc\u00fcmih\u00e4ire) v\u00f5i kui olete barbituraatide suhtes allergiline.<\/li>\n<li><strong>Meditsiinilised seisundid:<\/strong> teavitage oma arsti, kui teil on maksa- v\u00f5i neeruhaigus, krooniline haigus v\u00f5i kui teil on anamneesis barbituraatide kuritarvitamist, et tagada ravimi ohutus. .<\/li>\n<li><strong>Rasedus:<\/strong> pentobarbitaal v\u00f5ib kahjustada s\u00fcndimata last, p\u00f5hjustades p\u00e4rast s\u00fcndi s\u00f5ltuvust ja \u00e4raj\u00e4tun\u00e4hte. Konsulteerige alati oma arstiga, kui olete rase v\u00f5i plaanite rasestuda. <\/li>\n<li><strong>S\u00fcnnituskontroll:<\/strong> pentobarbitaal v\u00f5ib m\u00f5jutada rasestumisvastaste pillide t\u00f5husust. Soovitada v\u00f5ib mittehormonaalseid meetodeid. <\/li>\n<\/ul>\n<p><strong>V\u00f5imalikud ohud lastele ja rasedatele<\/strong><\/p>\n<ul>\n<li><strong>Aju areng:<\/strong> operatsiooni ajal kasutatavad rahustid v\u00f5ivad m\u00f5jutada aju arengut alla kolmeaastastel lastel v\u00f5i veel s\u00fcndimata lastel, kes puutuvad kokku pentobarbitaaliga. Korduv kasutamine v\u00f5ib p\u00f5hjustada \u00f5ppimis- v\u00f5i k\u00e4itumisprobleeme. \u00dchekordne l\u00fchiajaline kasutamine ei ole aga uuringutes n\u00e4idanud m\u00e4rkimisv\u00e4\u00e4rset m\u00f5ju.  <\/li>\n<li><strong>Imetamine:<\/strong> pentobarbitaal v\u00f5ib erituda rinnapiima ja m\u00f5jutada imetavat last. Teavitage oma arsti, kui te toidate last rinnaga. <\/li>\n<\/ul>\n<p><strong>Ravimite koostoimed<\/strong> V\u00e4ltige pentobarbitaali kombineerimist teiste keskn\u00e4rvis\u00fcsteemi p\u00e4rssivate ainete v\u00f5i ainetega, mis m\u00f5jutavad hingamist v\u00f5i kutsuvad esile und, kuna see v\u00f5ib p\u00f5hjustada t\u00f5siseid v\u00f5i eluohtlikke tagaj\u00e4rgi. Teavitage oma arsti, kui te v\u00f5tate:  <\/p>\n<ul>\n<li>Griseofulviin<\/li>\n<li>Doks\u00fcts\u00fckliin<\/li>\n<li>Krambihoogude ravimid nagu valproeks<\/li>\n<li>Steroidravimid nagu deksametasoon<\/li>\n<li>Hormoonasendusravi v\u00f5i rasestumisvastased tabletid<\/li>\n<li>Vere vedeldajad nagu Coumadin v\u00f5i varfariin<\/li>\n<li>MAO inhibiitorid nagu met\u00fcleen v\u00f5i linesoliid<\/li>\n<\/ul>\n<p> See loetelu ei ole ammendav ja teised ravimid, sealhulgas taimsed tooted ja k\u00e4sim\u00fc\u00fcgis olevad vitamiinid, v\u00f5ivad pentobarbitaaliga suhelda. <strong>\u00c4raj\u00e4\u00e4nud annus<\/strong> Pentobarbitaali kirjutatakse tavaliselt v\u00e4lja vastavalt vajadusele, seega ei pruugi annuse vahelej\u00e4tmine muret tekitada. Kui kasutate annustamisskeemi ja j\u00e4tate annuse vahele, v\u00f5tke see niipea, kui see teile meenub. Kui j\u00e4rgmine annus on kohe k\u00e4es, j\u00e4tke see vahele. \u00c4rge kunagi kahekordistage unustatud annuse korvamiseks. <strong>\u00dcleannustamise riskid<\/strong> Pentobarbitaali \u00fcleannustamine v\u00f5ib l\u00f5ppeda surmaga. \u00dcleannustamise kahtluse korral p\u00f6\u00f6rduge viivitamatult arsti poole. S\u00fcmptomiteks on n\u00f5rkus v\u00f5i lonkamine, aeglane v\u00f5i pindmine hingamine, \u00e4\u00e4rmine unisus, n\u00f5rk pulss, kiire pulss, v\u00e4henenud urineerimine, minestamine, pupillide laienemine v\u00f5i k\u00fclmatunne. <strong>K\u00f5rvaltoimed<\/strong> Otsige kiirabi, kui teil tekivad t\u00f5sised allergilised reaktsioonid, nagu hingamisraskused v\u00f5i n\u00e4o, huulte, keele v\u00f5i k\u00f5ri turse. Muud t\u00f5sised k\u00f5rvaltoimed on j\u00e4rgmised:       <\/p>\n<ul>\n<li>Segadus, agitatsioon, hallutsinatsioonid<\/li>\n<li>N\u00f5rk v\u00f5i pindmine hingamine<\/li>\n<li>N\u00f5rk pulss v\u00f5i aeglane pulss<\/li>\n<li>Pearinglus, iiveldus v\u00f5i oksendamine<\/li>\n<\/ul>\n<p> Sagedased k\u00f5rvaltoimed v\u00f5ivad h\u00f5lmata: <\/p>\n<ul>\n<li>Tasakaalu v\u00f5i koordinatsiooni kaotus<\/li>\n<li>Unisus, pearinglus<\/li>\n<li>Uneh\u00e4ired, nagu \u00f5udusunen\u00e4od v\u00f5i unetus<\/li>\n<\/ul>\n<p><strong>Ettevaatusabin\u00f5ud<\/strong><\/p>\n<ul>\n<li><strong>Valvsus:<\/strong> pentobarbitaal v\u00f5ib kahjustada teie m\u00f5tlemis- ja reageerimisv\u00f5imet. V\u00e4ltige tegevusi, mis n\u00f5uavad t\u00e4ielikku erksust, nagu autojuhtimine. <\/li>\n<li><strong>Alkohol:<\/strong> \u00e4rge tarbige selle ravimi v\u00f5tmise ajal alkoholi.<\/li>\n<li><strong>Jagamine:<\/strong> hoidke pentobarbitaal eemal lastest ja nendest, kes on varem aineid kuritarvitanud. Kasutage seda ainult vastavalt juhistele ja j\u00e4rgige hoolikalt annustamisjuhiseid. <\/li>\n<\/ul>\n<p><strong>Pentobarbitaali pillide ostmine veebist<\/strong> Kuigi pentobarbitaalipille on v\u00f5imalik osta veebist, on soovitatav olla ettevaatlik. Uurige p\u00f5hjalikult ja lugege arvustusi, et v\u00e4ltida pettusi ja veenduda, et ostate usaldusv\u00e4\u00e4rsest allikast. Turvaliste ja diskreetsete tehingute tegemiseks k\u00fclastage aadressi <a href=\"https:\/\/lacasadelamedicina.es\/et\/\"><strong>Dr. Lawsons Pharmacy<\/strong>.<\/a>  <\/p>\n<p>&nbsp;<\/p>\n","protected":false},"excerpt":{"rendered":"<p>Tellige suukaudseks kasutamiseks m\u00f5eldud Nembutali pentobarbitaalnaatriumi tabletid. Saadaval 50 mg ja 100 mg annustena. Iga tellimus on turvaliselt pakitud ja tarnitud diskreetselt. Valige allpool soovitud annus ja kogus ning lisage seej\u00e4rel ostukorvi.   <\/p>\n","protected":false},"featured_media":19383,"comment_status":"open","ping_status":"closed","template":"","meta":{"om_disable_all_campaigns":false,"_sitemap_exclude":false,"_sitemap_priority":"","_sitemap_frequency":"","_monsterinsights_skip_tracking":false,"_monsterinsights_sitenote_active":false,"_monsterinsights_sitenote_note":"","_monsterinsights_sitenote_category":0},"product_cat":[12001],"product_tag":[12051,12038,12043,12034,12046,12032,12033,12039,12049,12047,12040,12048,12053,12050,12044,12037,12042,12036,12045,12052,12041,12035],"class_list":{"0":"post-25627","1":"product","2":"type-product","3":"status-publish","4":"has-post-thumbnail","6":"product_cat-pentobarbitaalnaatrium-nembutal","7":"product_tag-autentsed-pentobarbitaali-pillid-euroopas","8":"product_tag-kui-palju-on-pentobarbitaali-pillid","9":"product_tag-kust-osta-pentobarbitaali-pillid-euroopas","10":"product_tag-kust-osta-pentobarbitaali-pillid-internetis","11":"product_tag-odavad-pentobarbitaali-pillid-euroopas","12":"product_tag-osta-pentobarbitaali-tablette","13":"product_tag-ostke-pentobarbitaali-pillid-internetist","14":"product_tag-ostke-pentobarbitaali-pillid-internetist-euroopas","15":"product_tag-pentobarbitaali-pillid-euroopa-allahindlus","16":"product_tag-pentobarbitaali-pillid-euroopas","17":"product_tag-pentobarbitaali-pillid-parima-hinnaga-euroopas","18":"product_tag-pentobarbitaali-pillide-euroopa-pood","19":"product_tag-pentobarbitaali-pillide-euroopa-ulevaade","20":"product_tag-pentobarbitaali-pillide-kohaletoimetamine-euroopasse","21":"product_tag-pentobarbitaali-pillide-muuk-euroopas","22":"product_tag-pentobarbitaali-pillide-muuk-internetis","23":"product_tag-pentobarbitaali-pillide-tasuta-kohaletoimetamine-euroopasse","24":"product_tag-pentobarbitaali-pillide-toime","25":"product_tag-pentobarbitaali-pillide-veebipood-euroopa","26":"product_tag-pentobarbitaalpillide-euroopa-tarnijad","27":"product_tag-telli-pentobarbitaali-pillid-eu","28":"product_tag-tellige-pentobarbitaali-pillid-internetist","30":"first","31":"instock","32":"shipping-taxable","33":"purchasable","34":"product-type-variable","35":"farmacie-col"},"aioseo_notices":[],"_links":{"self":[{"href":"https:\/\/lacasadelamedicina.es\/et\/wp-json\/wp\/v2\/product\/25627"}],"collection":[{"href":"https:\/\/lacasadelamedicina.es\/et\/wp-json\/wp\/v2\/product"}],"about":[{"href":"https:\/\/lacasadelamedicina.es\/et\/wp-json\/wp\/v2\/types\/product"}],"replies":[{"embeddable":true,"href":"https:\/\/lacasadelamedicina.es\/et\/wp-json\/wp\/v2\/comments?post=25627"}],"wp:featuredmedia":[{"embeddable":true,"href":"https:\/\/lacasadelamedicina.es\/et\/wp-json\/wp\/v2\/media\/19383"}],"wp:attachment":[{"href":"https:\/\/lacasadelamedicina.es\/et\/wp-json\/wp\/v2\/media?parent=25627"}],"wp:term":[{"taxonomy":"product_cat","embeddable":true,"href":"https:\/\/lacasadelamedicina.es\/et\/wp-json\/wp\/v2\/product_cat?post=25627"},{"taxonomy":"product_tag","embeddable":true,"href":"https:\/\/lacasadelamedicina.es\/et\/wp-json\/wp\/v2\/product_tag?post=25627"}],"curies":[{"name":"wp","href":"https:\/\/api.w.org\/{rel}","templated":true}]}}