{"id":25618,"date":"2024-08-10T09:07:04","date_gmt":"2024-08-10T09:07:04","guid":{"rendered":"https:\/\/lacasadelamedicina.es\/product\/ostke-veebist-golden-teacher-seened\/"},"modified":"2024-08-10T09:07:04","modified_gmt":"2024-08-10T09:07:04","slug":"ostke-veebist-golden-teacher-seened","status":"publish","type":"product","link":"https:\/\/lacasadelamedicina.es\/et\/toode\/ostke-veebist-golden-teacher-seened\/","title":{"rendered":"Ostke veebist Golden Teacher Seened"},"content":{"rendered":"<h2>Ostke veebist Golden Teacher Seened<\/h2>\n<p> Ostke veebist Golden Teacher. Targad Golden Teacheri seened loovad meeltes maagiat ja annavad teekonna enesetundmisele. See 100% m\u00fctseeli FreshMushroom kasvukomplekt kasvab kiiresti ja on t\u00e4iesti hooldusvaba. XP t\u00e4histab Extra Potency!   <\/p>\n<h3>Kuidas see toimib<\/h3>\n<p> Psilots\u00fcbiin t\u00f6\u00f6tab, aktiveerides <span class=\"css-1a8rnix icon-hl-trusted-source-after\"><span class=\"sro\">Usaldusv\u00e4\u00e4rne allikas<\/span><\/span> serotoniini retseptorid, k\u00f5ige sagedamini prefrontaalses ajukoores. See ajuosa m\u00f5jutab meeleolu, tunnetust ja taju. Hallutsinogeenid toimivad ka teistes ajupiirkondades, mis reguleerivad erutus- ja paanikareaktsioone. Psilots\u00fcbiin ei p\u00f5hjusta alati aktiivseid n\u00e4gemis- v\u00f5i kuulmishallutsinatsioone. Selle asemel moonutab see seda, kuidas m\u00f5ned uimastit kasutavad inimesed tajuvad oma keskkonnas juba olevaid esemeid ja inimesi. Psilots\u00fcbiini m\u00f5ju v\u00f5ivad m\u00f5jutada inimese poolt tarbitava ravimi kogus, tema varasemad kogemused ja ootused kogemuse kujunemisele. Euroopa Narkootikumide ja Narkomaania Seirekeskuse (EMCDDA) andmetel ilmneb psilots\u00fcbiini hallutsinogeenne toime tavaliselt 30 minuti jooksul p\u00e4rast selle allaneelamist ja kestab 4\u20136 tundi. M\u00f5nel inimesel v\u00f5ivad muutused sensoorses tajumises ja m\u00f5ttemustrites kesta mitu p\u00e4eva.        <\/p>\n<h3>Tugevus<\/h3>\n<p> V\u00f5luseene tugevus s\u00f5ltub: <\/p>\n<ul>\n<li>liigid<\/li>\n<li>p\u00e4ritolu<\/li>\n<li>kasvutingimused<\/li>\n<li>koristusperiood<\/li>\n<li>kas inimene s\u00f6\u00f6b neid v\u00e4rskelt v\u00f5i kuivatatult<\/li>\n<\/ul>\n<p> EMCDDA oletab, et psilots\u00fcbiini kogus kuivatatud seentes on umbes 10 korda suurem kui nende v\u00e4rsketes seentes. <\/p>\n<h3>Tarbimine<\/h3>\n<p> Psilots\u00fcbiini sisaldavad seened on v\u00e4ikesed ja tavaliselt pruunid v\u00f5i punakaspruunid. Looduses v\u00f5ivad inimesed psilots\u00fcbiini sisaldavaid seeni ekslikult pidada muude m\u00fcrgiste seentega. Tavaliselt tarbivad inimesed psilots\u00fcbiini keedetud teena v\u00f5i valmistavad seda koos toiduga, et varjata selle m\u00f5ru maitset. Tootjad purustavad kuivatatud seened ka pulbriks ja valmistavad need kapslitena. M\u00f5ned inimesed, kes neid seeni tarbivad, katavad need \u0161okolaadiga.     <\/p>\n<h3>Lugu:<\/h3>\n<p> V\u00f5luseente armastajad n\u00f5ustuvad, et Golden Teacher seened, tuntud ka kui Psilocybe cubensis&#8217;e t\u00fcvi, on k\u00f5ige populaarsem ps\u00fchhedeelne seenet\u00fcvi. See artikkel vaatleb l\u00e4hemalt kurikuulsaid Golden Teacheri seeni. Selle artikli l\u00f5puks saate teada k\u00f5ike, mida selle ps\u00fchhedeelse seene kohta teada saada. Need, kes on ps\u00fchhedeelikumide ja shroomide maailmas uued, v\u00f5ivad loota Golden Teachersi usaldusv\u00e4\u00e4rsele reisile, mille t\u00f5en\u00e4osus on v\u00e4iksem. Seet\u00f5ttu on nad sageli maagiliste seente uustulnukate v\u00e4rav.    <\/p>\n<h3>Kuldsete \u00f5petajaseente m\u00f5jud;<\/h3>\n<p> Golden Teacher Seened tekitavad ka hallutsinogeenset toimet**, mis on levinud k\u00f5igi v\u00f5luseente seas. Oodake n\u00e4gemuslikku kogemust koos universaalse energia lainetega, mis l\u00e4bivad teid tugevate avatud ja suletud silmade hallutsinatsioonidega.<\/p>\n","protected":false},"excerpt":{"rendered":"<p>Osta Golden \u00f5petajaid kiidetakse ka nende vaimsete ja\/v\u00f5i \u0161amaaniliste m\u00f5jude eest. Seet\u00f5ttu ei ole see ruum ainult juhuslikuks reisimiseks. Seda saab kasutada ka enda ja universumi kohta uue \u00fclevaate saamiseks.  <\/p>\n","protected":false},"featured_media":19728,"comment_status":"open","ping_status":"closed","template":"","meta":{"om_disable_all_campaigns":false,"_sitemap_exclude":false,"_sitemap_priority":"","_sitemap_frequency":"","_monsterinsights_skip_tracking":false,"_monsterinsights_sitenote_active":false,"_monsterinsights_sitenote_note":"","_monsterinsights_sitenote_category":0},"product_cat":[11884],"product_tag":[11992,11983,11990,11991,11985,11988,11989,11993,11994,11981,11986,11978,11979,11977,11984,11975,11987,11973,11980,11974,11982,11976],"class_list":{"0":"post-25618","1":"product","2":"type-product","3":"status-publish","4":"has-post-thumbnail","6":"product_cat-maagilised-seened","7":"product_tag-autentsed-golden-teacher-mushrooms-europe","8":"product_tag-golden-teacher-mushroomi-tasuta-kohaletoimetamine-euroopasse","9":"product_tag-golden-teacher-mushrooms-euroopa-allahindlus","10":"product_tag-golden-teacher-mushrooms-euroopa-kohaletoimetamine","11":"product_tag-golden-teacher-mushrooms-euroopa-muuk","12":"product_tag-golden-teacher-mushrooms-euroopa-pakkumised","13":"product_tag-golden-teacher-mushrooms-euroopa-pood","14":"product_tag-golden-teacher-mushrooms-euroopa-tarnijad","15":"product_tag-golden-teacher-mushrooms-europe-ulevaade","16":"product_tag-golden-teacher-seened-parima-hinnaga-euroopas","17":"product_tag-golden-teacher-seened-veebipood-euroopa","18":"product_tag-golden-teacheri-seente-muuk-internetis","19":"product_tag-kui-palju-maksab-golden-teacher-seened","20":"product_tag-kuldsete-opetajaseente-moju","21":"product_tag-kust-osta-golden-teacher-mushrooms-europe","22":"product_tag-kust-osta-veebis-golden-teacheri-seeni","23":"product_tag-odavad-golden-teacher-seened-euroopas","24":"product_tag-osta-golden-teacher-seeni","25":"product_tag-ostke-kuldseid-opetajaseeni-internetist-euroopas","26":"product_tag-ostke-veebist-golden-teacher-seened","27":"product_tag-telli-golden-teacher-seened-eu","28":"product_tag-tellige-veebist-golden-teacher-seened","30":"first","31":"instock","32":"shipping-taxable","33":"purchasable","34":"product-type-simple","35":"farmacie-col"},"aioseo_notices":[],"_links":{"self":[{"href":"https:\/\/lacasadelamedicina.es\/et\/wp-json\/wp\/v2\/product\/25618"}],"collection":[{"href":"https:\/\/lacasadelamedicina.es\/et\/wp-json\/wp\/v2\/product"}],"about":[{"href":"https:\/\/lacasadelamedicina.es\/et\/wp-json\/wp\/v2\/types\/product"}],"replies":[{"embeddable":true,"href":"https:\/\/lacasadelamedicina.es\/et\/wp-json\/wp\/v2\/comments?post=25618"}],"wp:featuredmedia":[{"embeddable":true,"href":"https:\/\/lacasadelamedicina.es\/et\/wp-json\/wp\/v2\/media\/19728"}],"wp:attachment":[{"href":"https:\/\/lacasadelamedicina.es\/et\/wp-json\/wp\/v2\/media?parent=25618"}],"wp:term":[{"taxonomy":"product_cat","embeddable":true,"href":"https:\/\/lacasadelamedicina.es\/et\/wp-json\/wp\/v2\/product_cat?post=25618"},{"taxonomy":"product_tag","embeddable":true,"href":"https:\/\/lacasadelamedicina.es\/et\/wp-json\/wp\/v2\/product_tag?post=25618"}],"curies":[{"name":"wp","href":"https:\/\/api.w.org\/{rel}","templated":true}]}}