{"id":25611,"date":"2024-08-10T09:36:11","date_gmt":"2024-08-10T09:36:11","guid":{"rendered":"https:\/\/lacasadelamedicina.es\/product\/osta-liberty-caps-veebist\/"},"modified":"2024-08-10T09:36:11","modified_gmt":"2024-08-10T09:36:11","slug":"osta-liberty-caps-veebist","status":"publish","type":"product","link":"https:\/\/lacasadelamedicina.es\/et\/toode\/osta-liberty-caps-veebist\/","title":{"rendered":"Osta Liberty Caps veebist"},"content":{"rendered":"<h2>Osta Liberty Caps veebist<\/h2>\n<p><strong>Koupit Liberty Caps online v Dom\u011b medic\u00edny V\u00edtejte<\/strong> v l\u00e9k\u00e1rn\u011b Dr. Lawsona, kter\u00e1 je hlavn\u00edm m\u00edstem pro vysoce kvalitn\u00ed a spolehliv\u00e9 l\u00e9ky. Jsme pot\u011b\u0161eni, \u017ee v\u00e1m m\u016f\u017eeme nab\u00eddnout Liberty Caps (Psilocybe semilanceata) k n\u00e1kupu online, \u010d\u00edm\u017e v\u00e1m poskytujeme snadn\u00fd a bezpe\u010dn\u00fd zp\u016fsob, jak se dostat k t\u011bmto siln\u00fdm psychoaktivn\u00edm houb\u00e1m. <strong>O Liberty<\/strong> Caps Liberty Caps, zn\u00e1m\u00e9 tak\u00e9 jako P<em>silocybe semilanceat<\/em>a, jsou zn\u00e1m\u00e9 sv\u00fdmi psychoaktivn\u00edmi vlastnostmi d\u00edky p\u0159\u00edtomnosti psilocybinu a biocytinu. Pat\u0159\u00ed mezi nejroz\u0161\u00ed\u0159en\u011bj\u0161\u00ed psilocybinov\u00e9 houby v p\u0159\u00edrod\u011b a jsou zn\u00e1m\u00e9 svou silnou \u00fa\u010dinnost\u00ed. Tyto houby se vyzna\u010duj\u00ed charakteristick\u00fdm ku\u017eelovit\u00fdm a\u017e zvoncovit\u00fdm kloboukem, kter\u00fd m\u011b\u0159\u00ed v pr\u016fm\u011bru a\u017e 2,5 cm a \u010dasto m\u00e1 na vrcholu mal\u00fd bradavkovit\u00fd v\u00fdstupek. Jejich barva se pohybuje od \u017elut\u00e9 po hn\u011bdou s radi\u00e1ln\u00edmi r\u00fdhami za vlhka, kter\u00e9 p\u0159i dozr\u00e1v\u00e1n\u00ed blednou do sv\u011btlej\u0161\u00edho odst\u00ednu. \u0160t\u00edhl\u00fd, dlouh\u00fd t\u0159e\u0148 houby m\u00e1 obvykle stejnou nebo o n\u011bco sv\u011btlej\u0161\u00ed barvu ne\u017e klobouk. Prod\u00e1m klobou\u010dky svobody &#8211; 1. jakost levn\u011b. psilocybe semilanceata, b\u011b\u017en\u011b zn\u00e1m\u00e1 jako klobou\u010dek svobody, je druh houby, kter\u00e1 produkuje psychoaktivn\u00ed slou\u010deniny psilocybin a biocytin. Je to jednak jedna z nejroz\u0161\u00ed\u0159en\u011bj\u0161\u00edch psilocybinov\u00fdch hub v p\u0159\u00edrod\u011b, jednak jedna z nejsiln\u011bj\u0161\u00edch Koupit magick\u00e9 houby online. Maj\u00ed charakteristick\u00fd ku\u017eelovit\u00fd a\u017e zvoncovit\u00fd klobouk. M\u00e1 pr\u016fm\u011br a\u017e 2,5 cm a na vrcholu je opat\u0159en mal\u00fdm bradavkovit\u00fdm v\u00fdb\u011b\u017ekem. Jsou \u017elut\u00e9 a\u017e hn\u011bd\u00e9, pokryt\u00e9 radi\u00e1ln\u00edmi r\u00fdhami, kdy<\/p>\n","protected":false},"excerpt":{"rendered":"<p>Meie Liberty Caps on p\u00e4rit usaldusv\u00e4\u00e4rsetelt tarnijatelt ja on k\u00f5rgeima kvaliteediga. Tagame, et k\u00f5ik tooted vastavad rangetele kvaliteedikontrolli standarditele, et tagada teile tugeva ja t\u00f5husa toote saamine. <\/p>\n","protected":false},"featured_media":19743,"comment_status":"open","ping_status":"closed","template":"","meta":{"om_disable_all_campaigns":false,"_sitemap_exclude":false,"_sitemap_priority":"","_sitemap_frequency":"","_monsterinsights_skip_tracking":false,"_monsterinsights_sitenote_active":false,"_monsterinsights_sitenote_note":"","_monsterinsights_sitenote_category":0},"product_cat":[11884],"product_tag":[11970,11957,11962,11953,11966,11968,11967,11963,11971,11959,11955,11969,11972,11956,11961,11964,11965,11951,11952,11958,11960,11954],"class_list":{"0":"post-25611","1":"product","2":"type-product","3":"status-publish","4":"has-post-thumbnail","6":"product_cat-maagilised-seened","7":"product_tag-euroopa-autentsed-liberty-caps","8":"product_tag-kui-palju-on-liberty-caps","9":"product_tag-kust-osta-liberty-caps-europe","10":"product_tag-kust-osta-liberty-caps-internetis","11":"product_tag-liberty-caps-euroopa-pakkumised","12":"product_tag-liberty-caps-europe-allahindlus","13":"product_tag-liberty-caps-europe-kauplus","14":"product_tag-liberty-caps-europe-muuk","15":"product_tag-liberty-caps-europe-tarnijad","16":"product_tag-liberty-caps-parima-hinnaga-euroopas","17":"product_tag-liberty-capsi-efektid","18":"product_tag-liberty-capsi-euroopa-kohaletoimetamine","19":"product_tag-liberty-capsi-euroopa-ulevaade","20":"product_tag-liberty-capsi-muuk-internetis","21":"product_tag-liberty-capsi-tasuta-kohaletoimetamine-euroopasse","22":"product_tag-liberty-capsi-veebipood-euroopa","23":"product_tag-odavad-liberty-caps-europe","24":"product_tag-osta-liberty-caps","25":"product_tag-osta-liberty-caps-veebist","26":"product_tag-ostke-liberty-caps-internetist-euroopas","27":"product_tag-tellige-liberty-caps-eu","28":"product_tag-tellige-liberty-caps-veebist","30":"first","31":"instock","32":"shipping-taxable","33":"purchasable","34":"product-type-variable","35":"farmacie-col"},"aioseo_notices":[],"_links":{"self":[{"href":"https:\/\/lacasadelamedicina.es\/et\/wp-json\/wp\/v2\/product\/25611"}],"collection":[{"href":"https:\/\/lacasadelamedicina.es\/et\/wp-json\/wp\/v2\/product"}],"about":[{"href":"https:\/\/lacasadelamedicina.es\/et\/wp-json\/wp\/v2\/types\/product"}],"replies":[{"embeddable":true,"href":"https:\/\/lacasadelamedicina.es\/et\/wp-json\/wp\/v2\/comments?post=25611"}],"wp:featuredmedia":[{"embeddable":true,"href":"https:\/\/lacasadelamedicina.es\/et\/wp-json\/wp\/v2\/media\/19743"}],"wp:attachment":[{"href":"https:\/\/lacasadelamedicina.es\/et\/wp-json\/wp\/v2\/media?parent=25611"}],"wp:term":[{"taxonomy":"product_cat","embeddable":true,"href":"https:\/\/lacasadelamedicina.es\/et\/wp-json\/wp\/v2\/product_cat?post=25611"},{"taxonomy":"product_tag","embeddable":true,"href":"https:\/\/lacasadelamedicina.es\/et\/wp-json\/wp\/v2\/product_tag?post=25611"}],"curies":[{"name":"wp","href":"https:\/\/api.w.org\/{rel}","templated":true}]}}