{"id":25609,"date":"2024-08-10T10:17:18","date_gmt":"2024-08-10T10:17:18","guid":{"rendered":"https:\/\/lacasadelamedicina.es\/product\/osta-voluseeni-internetist\/"},"modified":"2024-08-10T10:17:18","modified_gmt":"2024-08-10T10:17:18","slug":"osta-voluseeni-internetist","status":"publish","type":"product","link":"https:\/\/lacasadelamedicina.es\/et\/toode\/osta-voluseeni-internetist\/","title":{"rendered":"Osta v\u00f5luseeni Internetist"},"content":{"rendered":"<h3>Osta v\u00f5luseeni Internetist<\/h3>\n<p> Osta maagilisi seeni USA-st. Psilocybe cubensis on ps\u00fchhedeelsete seente liik, mille peamised aktiivsed \u00fchendid on psilots\u00fcbiin ja psilotsiin. Tavaliselt kutsutakse seeniks, v\u00f5luseenteks, kuldseenteks, kuubikuteks v\u00f5i kuldk\u00fcbarateks, see kuulub seente perekonda Hymenogastraceae ja on varem tuntud kui Stropharia cogenesis. Psilots\u00fcbiini kogenees on ps\u00fchhedeelsete seente liik, mille peamised aktiivsed \u00fchendid on psilots\u00fcbiin ja psilotsiin. Tavaliselt kutsutakse seeniks, v\u00f5luseenteks, kuldseenteks, kuubikuteks v\u00f5i kuldk\u00fcbarateks, see kuulub seente perekonda Hymenogastraceae ja on varem tuntud kui Stropharia cogenesis. Maagilised seened on looduslikud v\u00f5i kultiveeritud seened, mis sisaldavad psilots\u00fcbiini, looduslikult esinevat ps\u00fchhoaktiivset ja hallutsinogeenset \u00fchendit. Psilots\u00fcbiini peetakse ainete kuritarvitamise ja vaimse tervise teenuste administratsiooni andmetel \u00fcheks tuntuimaks ps\u00fchhedeelikuks.       <\/p>\n<h3>Mis on psilots\u00fcbiin (maagilised seened)?<\/h3>\n<p> Psilots\u00fcbiin (4-fosfor\u00fc\u00fcloks\u00fc-N, N-dimet\u00fc\u00fcltr\u00fcptamiin) ja psilotsiin on keemilised \u00fchendid, mis on saadud teatud t\u00fc\u00fcpi kuivatatud v\u00f5i v\u00e4rsketest hallutsinogeensetest seentest, mida leidub Mehhikos, L\u00f5una-Ameerikas ning Ameerika \u00dchendriikide l\u00f5una- ja loodepiirkondades. Psilots\u00fcbiin on klassifitseeritud indoolalk\u00fc\u00fclamiiniks (tr\u00fcptamiiniks). Nendel \u00fchenditel on l\u00fcsergiinhappe diet\u00fc\u00fclamiidi (LSD) struktuur sarnane ja neid kuritarvitatakse nende hallutsinogeense ja eufoorilise toime t\u00f5ttu, et tekitada &#8220;reis&#8221;. Hallutsinogeensed (ps\u00fchhedeelsed) toimed on t\u00f5en\u00e4oliselt tingitud toimest keskn\u00e4rvis\u00fcsteemi serotoniini (5-HT) retseptoritele. Seal on \u00fcle 180 liigi seeni, mis sisaldavad kemikaale psilots\u00fcbiini v\u00f5i psilotsiini. Nagu peyote (meskaliini), on hallutsinogeenseid seeni kasutatud p\u00f5liselanike v\u00f5i religioossetes riitustes sajandeid. Nii psilots\u00fcbiini kui ka psilotsiini saab laboris s\u00fcnteetiliselt toota. On teateid, et t\u00e4navatelt ostetud psilots\u00fcbiin v\u00f5ib tegelikult olla ka teisi LSD-ga pikitud seeneliike.        <\/p>\n<h3>Psilots\u00fcbiini kasutamise meetodid<\/h3>\n<p> &#8220;V\u00f5luseentel&#8221; on pikad peenikesed varred, mis v\u00f5ivad tunduda valged v\u00f5i hallid ning mille tipus on tumedad l\u00f5pused alumisel k\u00fcljel. Kuivatatud seened on tavaliselt punakas-roostepruuni v\u00e4rvusega, \u00fcksikud alad on valkjad. Seeni neelatakse suu kaudu ja neist v\u00f5ib valmistada teed v\u00f5i segada teiste toitudega. Seeni v\u00f5ib kasutada v\u00e4rske v\u00f5i kuivatatud tootena. Psilots\u00fcbiinil on m\u00f5ru, ebameeldiv maitse.<\/p>\n","protected":false},"excerpt":{"rendered":"<p>Osta v\u00f5luseeni Internetist Osta maagilisi seeni USA-st. Psilocybe cubensis on ps\u00fchhedeelsete seente liik, mille peamised aktiivsed \u00fchendid on psilots\u00fcbiin ja psilotsiin. Tavaliselt kutsutakse seeniks, v\u00f5luseenteks, kuldseenteks, kuubikuteks v\u00f5i kuldk\u00fcbarateks, see kuulub seente perekonda Hymenogastraceae ja on varem tuntud kui Stropharia cogenesis. Psilots\u00fcbiini kogenees on ps\u00fchhedeelsete seente liik, mille peamised aktiivsed \u00fchendid on psilots\u00fcbiin ja psilotsiin. [&hellip;]<\/p>\n","protected":false},"featured_media":19758,"comment_status":"open","ping_status":"closed","template":"","meta":{"om_disable_all_campaigns":false,"_sitemap_exclude":false,"_sitemap_priority":"","_sitemap_frequency":"","_monsterinsights_skip_tracking":false,"_monsterinsights_sitenote_active":false,"_monsterinsights_sitenote_note":"","_monsterinsights_sitenote_category":0},"product_cat":[11884],"product_tag":[11948,11935,11940,11931,11933,11946,11947,11941,11944,11949,11945,11950,11939,11942,11937,11943,11930,11929,11936,11938,11932,11934],"class_list":{"0":"post-25609","1":"product","2":"type-product","3":"status-publish","4":"has-post-thumbnail","6":"product_cat-maagilised-seened","7":"product_tag-autentsed-voluseened-euroopas","8":"product_tag-kui-palju-on-magic-mushrooms","9":"product_tag-kust-osta-magic-mushrooms-europe","10":"product_tag-kust-osta-vorgus-magic-mushrooms","11":"product_tag-maagiliste-seente-moju","12":"product_tag-magic-mushrooms-euroopa-allahindlus","13":"product_tag-magic-mushrooms-euroopa-kohaletoimetamine","14":"product_tag-magic-mushrooms-euroopa-muuk","15":"product_tag-magic-mushrooms-euroopa-pakkumised","16":"product_tag-magic-mushrooms-euroopa-tarnijad","17":"product_tag-magic-mushrooms-europe-pood","18":"product_tag-magic-mushrooms-europe-ulevaade","19":"product_tag-magic-mushrooms-tasuta-kohaletoimetamine-euroopasse","20":"product_tag-magic-mushrooms-veebipood-euroopa","21":"product_tag-magic-seened-parima-hinnaga-euroopas","22":"product_tag-odavad-magic-mushrooms-euroopa","23":"product_tag-osta-maagilisi-seeni","24":"product_tag-osta-voluseeni-internetist","25":"product_tag-ostke-euroopa-veebist-voluseened","26":"product_tag-telli-magic-mushrooms-eu","27":"product_tag-tellige-voluseened-veebist","28":"product_tag-voluseente-muuk-internetis","30":"first","31":"instock","32":"shipping-taxable","33":"purchasable","34":"product-type-simple","35":"farmacie-col"},"aioseo_notices":[],"_links":{"self":[{"href":"https:\/\/lacasadelamedicina.es\/et\/wp-json\/wp\/v2\/product\/25609"}],"collection":[{"href":"https:\/\/lacasadelamedicina.es\/et\/wp-json\/wp\/v2\/product"}],"about":[{"href":"https:\/\/lacasadelamedicina.es\/et\/wp-json\/wp\/v2\/types\/product"}],"replies":[{"embeddable":true,"href":"https:\/\/lacasadelamedicina.es\/et\/wp-json\/wp\/v2\/comments?post=25609"}],"wp:featuredmedia":[{"embeddable":true,"href":"https:\/\/lacasadelamedicina.es\/et\/wp-json\/wp\/v2\/media\/19758"}],"wp:attachment":[{"href":"https:\/\/lacasadelamedicina.es\/et\/wp-json\/wp\/v2\/media?parent=25609"}],"wp:term":[{"taxonomy":"product_cat","embeddable":true,"href":"https:\/\/lacasadelamedicina.es\/et\/wp-json\/wp\/v2\/product_cat?post=25609"},{"taxonomy":"product_tag","embeddable":true,"href":"https:\/\/lacasadelamedicina.es\/et\/wp-json\/wp\/v2\/product_tag?post=25609"}],"curies":[{"name":"wp","href":"https:\/\/api.w.org\/{rel}","templated":true}]}}