{"id":25607,"date":"2024-08-10T10:33:02","date_gmt":"2024-08-10T10:33:02","guid":{"rendered":"https:\/\/lacasadelamedicina.es\/product\/ostke-mazatapec-magic-mushroom-internetist\/"},"modified":"2024-08-10T10:33:02","modified_gmt":"2024-08-10T10:33:02","slug":"ostke-mazatapec-magic-mushroom-internetist","status":"publish","type":"product","link":"https:\/\/lacasadelamedicina.es\/et\/toode\/ostke-mazatapec-magic-mushroom-internetist\/","title":{"rendered":"Ostke Mazatapec Magic Mushroom Internetist"},"content":{"rendered":"<h3>Mazatapeci v\u00f5luseen<\/h3>\n<p> Osta mazatapeci seeni veebist. Psilots\u00fcbiini seen, tuntud ka kui v\u00f5luseen v\u00f5i ps\u00fchhedeelne seen, sisaldab psilots\u00fcbiini ja psilotsiini. Psilots\u00fcbiini seeni sisaldavad bioloogilised perekonnad on Copelandia, Gymnopilus, Inocybe, Panaeolus, Pholiotina, Pluteus ja Psilocybe. Seened muudavad aju keemiliselt. \u00dcldiselt kestab nende toime 6\u20137 tundi ja m\u00f5ju v\u00f5ib m\u00e4rgata isegi 24 tunni p\u00e4rast. Mazatapeci v\u00f5luseened on \u00fcks kahest v\u00e4ga populaarsest Mehhikost p\u00e4rit t\u00fcvest. Need seened tekitavad v\u00e4ga v\u00f5imsa vaimse teekonna ja on kehale \u00f5rnad. V\u00f5rreldes m\u00f5ne teise t\u00fcvega, ei alanda Mazatepec Shrooms teie kehatemperatuuri nii palju ja kasutajad teatasid ka, et nad suruvad selle t\u00fcvega v\u00e4hem l\u00f5ualuu kokku. See omakorda v\u00f5imaldab teil nautida oma vaimset teekonda v\u00e4hem segavate teguritega. Nende seente v\u00e4limust iseloomustavad nende hele- kuni tumepruunid k\u00fcbarad, mis on \u00fchendatud keskmise suurusega varrega.         <\/p>\n<h4>Mazatapeci ajalugu<\/h4>\n<p> Mehhikos Oaxacas leiduvad Mazateci p\u00f5lisrahvad kasutavad seda v\u00f5luseent vaimsete ja rituaalsete tseremooniate jaoks. See on olnud p\u00fcsiv t\u00fcvi, mida on kasutatud p\u00f5lvkondi. Mazatapec&#8217;i t\u00fcvi on ka \u00fcks esimesi psilots\u00fcbiini seeni, mida l\u00e4\u00e4nemaailma tutvustati.Ostke mazatapeci seeni veebist. Effects of the Mazatapec Cubensis Mazatapec Cubensis on suurep\u00e4rane algajatele ja veteranidele. See pakub t\u00e4ielikku ps\u00fchhoaktiivset kogemust \u00f5rna m\u00f5juga kehale. Efektid suurendavad teie loovust ja originaalseid m\u00f5tteid. Lisaks parandab see sotsiaalset k\u00e4itumist ja h\u00e4id tundeid. Sul tekivad visuaalsed hallutsinatsioonid, kui silmad on suletud v\u00f5i avatud. Visuaalid h\u00f5lmavad kuju ja v\u00e4rvi variatsioone, samuti fraktale ja vorme.        <\/p>\n<h3>Annustamisjuhend<\/h3>\n<p> Loominguline annus: 0,5 grammi kuni 1,25 grammi Keskmine Meelelahutuslik annus: 1,5 grammi kuni 2 grammi T\u00e4ielik meelelahutuslik annus: 2 grammi kuni 3,5 grammi kogenud T\u00e4ielik meelelahutuslik annus: 3,5 grammi kuni 5 grammi Kangelaslik annus: 5 grammi kuni 7+ grammi &nbsp;<\/p>\n","protected":false},"excerpt":{"rendered":"<p>Mazatapeci v\u00f5luseen Osta mazatapeci seeni veebist. Psilots\u00fcbiini seen, tuntud ka kui v\u00f5luseen v\u00f5i ps\u00fchhedeelne seen, sisaldab psilots\u00fcbiini ja psilotsiini. Psilots\u00fcbiini seeni sisaldavad bioloogilised perekonnad on Copelandia, Gymnopilus, Inocybe, Panaeolus, Pholiotina, Pluteus ja Psilocybe. Seened muudavad aju keemiliselt. \u00dcldiselt kestab nende toime 6\u20137 tundi ja m\u00f5ju v\u00f5ib m\u00e4rgata isegi 24 tunni p\u00e4rast. Mazatapeci v\u00f5luseened on \u00fcks [&hellip;]<\/p>\n","protected":false},"featured_media":14905,"comment_status":"open","ping_status":"closed","template":"","meta":{"om_disable_all_campaigns":false,"_sitemap_exclude":false,"_sitemap_priority":"","_sitemap_frequency":"","_monsterinsights_skip_tracking":false,"_monsterinsights_sitenote_active":false,"_monsterinsights_sitenote_note":"","_monsterinsights_sitenote_category":0},"product_cat":[11884],"product_tag":[11926,11913,11918,11909,11924,11923,11925,11919,11922,11927,11928,11915,11920,11912,11917,11911,11921,11907,11914,11908,11916,11910],"class_list":{"0":"post-25607","1":"product","2":"type-product","3":"status-publish","4":"has-post-thumbnail","6":"product_cat-maagilised-seened","7":"product_tag-autentne-mazatapec-magic-mushroom-europe","8":"product_tag-kui-palju-on-mazatapec-magic-mushroom","9":"product_tag-kust-osta-mazatapec-magic-mushroom-europe","10":"product_tag-kust-osta-mazatapec-magic-mushroom-internetis","11":"product_tag-mazatapec-magic-mushroom-europe-allahindlus","12":"product_tag-mazatapec-magic-mushroom-europe-kauplus","13":"product_tag-mazatapec-magic-mushroom-europe-kohaletoimetamine","14":"product_tag-mazatapec-magic-mushroom-europe-muuk","15":"product_tag-mazatapec-magic-mushroom-europe-pakkumised","16":"product_tag-mazatapec-magic-mushroom-europe-tarnijad","17":"product_tag-mazatapec-magic-mushroom-europe-ulevaade","18":"product_tag-mazatapec-magic-mushroom-parima-hinnaga-euroopas","19":"product_tag-mazatapec-magic-mushroom-veebipood-euroopa","20":"product_tag-mazatapec-magic-mushroomi-muuk-internetis","21":"product_tag-mazatapec-magic-mushroomi-tasuta-kohaletoimetamine-euroopasse","22":"product_tag-mazatapeci-voluseene-moju","23":"product_tag-odav-mazatapec-magic-mushroom-europe","24":"product_tag-osta-mazatapec-magic-mushroom","25":"product_tag-ostke-mazatapec-magic-mushroom-internetist-euroopas","26":"product_tag-ostke-mazatapec-magic-mushroom-veebist","27":"product_tag-telli-mazatapec-magic-mushroom-eu","28":"product_tag-tellige-mazatapec-magic-mushroom-internetist","30":"first","31":"instock","32":"shipping-taxable","33":"purchasable","34":"product-type-simple","35":"farmacie-col"},"aioseo_notices":[],"_links":{"self":[{"href":"https:\/\/lacasadelamedicina.es\/et\/wp-json\/wp\/v2\/product\/25607"}],"collection":[{"href":"https:\/\/lacasadelamedicina.es\/et\/wp-json\/wp\/v2\/product"}],"about":[{"href":"https:\/\/lacasadelamedicina.es\/et\/wp-json\/wp\/v2\/types\/product"}],"replies":[{"embeddable":true,"href":"https:\/\/lacasadelamedicina.es\/et\/wp-json\/wp\/v2\/comments?post=25607"}],"wp:featuredmedia":[{"embeddable":true,"href":"https:\/\/lacasadelamedicina.es\/et\/wp-json\/wp\/v2\/media\/14905"}],"wp:attachment":[{"href":"https:\/\/lacasadelamedicina.es\/et\/wp-json\/wp\/v2\/media?parent=25607"}],"wp:term":[{"taxonomy":"product_cat","embeddable":true,"href":"https:\/\/lacasadelamedicina.es\/et\/wp-json\/wp\/v2\/product_cat?post=25607"},{"taxonomy":"product_tag","embeddable":true,"href":"https:\/\/lacasadelamedicina.es\/et\/wp-json\/wp\/v2\/product_tag?post=25607"}],"curies":[{"name":"wp","href":"https:\/\/api.w.org\/{rel}","templated":true}]}}