{"id":25606,"date":"2024-08-10T10:46:42","date_gmt":"2024-08-10T10:46:42","guid":{"rendered":"https:\/\/lacasadelamedicina.es\/product\/autor-peenise-envy-mushrooms-online\/"},"modified":"2024-09-03T19:44:30","modified_gmt":"2024-09-03T19:44:30","slug":"autor-peenise-envy-mushrooms-online","status":"publish","type":"product","link":"https:\/\/lacasadelamedicina.es\/et\/toode\/autor-peenise-envy-mushrooms-online\/","title":{"rendered":"Autor Peenise Envy Mushrooms Online"},"content":{"rendered":"<h3>Autor Peenise Envy Mushrooms Online<\/h3>\n<p> Osta peenise kadeduse katteid Internetist. Psilocybe cubensis on ps\u00fchhedeelsete seente liik, mille peamised toimeained on psilots\u00fcbiin ja psilotsiin. Tavap\u00e4raselt kutsutakse shrooms, magic seened, kuldne tops, kuubikud v\u00f5i kuldk\u00fcbarad. Supa Envy seened v\u00f5imaldavad teil kogeda 4.\u20135. taseme reise, mis viivad teid tundideks teise dimensiooni. Peenise Envy on absoluutne v\u00f5itja&#8230;Tugev ja v\u00e4ga visuaalne. Lisaks oma suuremale t\u00f5hususele n\u00e4eb peenise Envy v\u00e4lja teistsugune. Pole vaja metsikut oletust, selle fallosekujuline v\u00e4limus teeb sellest t\u00f5esti midagi muud. Parim asi on see, et saate ka neid v\u00f5luseeni kasvatada. Peenise Envy on v\u00e4ga tugev v\u00f5luseene t\u00fcvi, millel on teadaolevalt suurem kogus. Osta peenise kadeduse katteid Internetist. Peenise envy shrooms on \u00fcks 180 seeneliigist Psilocybe perekonnast ja kasvab erinevates keskkondades. Peenise kadedusseen kannab ka nimesid Flying Saucers, Indigo Psilocybe, Azzies ja Blue Angels.            <strong>Mille poolest meie peenisekadeduse v\u00f5luseened eristuvad?<\/strong><\/p>\n<ol>\n<li><strong>Seaduslik ja laboratoorselt kontrollitud kinnitus: <\/strong> K\u00f5ik meie tooted, kaasa arvatud k\u00fctkestavad Penis Envy seened, on p\u00f5hjalikult testitud, et tagada nende psiilots\u00fcbiini, psiilotsiini, 4-ACO-DMT, Amanita muscaria, kannabinoidide ja muude uurimiskemikaalide puudumine. See range testimine tagab, et meie pakkumised vastavad k\u00f5rgeimatele ohutus- ja seaduslikkuse standarditele. <\/li>\n<li><strong>Uudne kultiveerimine<\/strong>: meie peenise kadeduse seeni aretatakse t\u00e4iustatud kultiveerimistehnikate abil, mis keskenduvad geneetilise struktuuriga manipuleerimisele, et luua &#8220;mitteavatava&#8221; t\u00fcvi. See t\u00e4hendab, et meie seened ei sisalda psilots\u00fcbiini ja psilotsiini, s\u00e4ilitades samas ainulaadsed omadused, mis muudavad need ihaldatavaks. <\/li>\n<li><strong>T\u00e4iustatud alkaloidiprofiil<\/strong>: meie peenise kadeduse seened teeb t\u00f5eliselt eriliseks nende k\u00f5rgenenud teiste looduslikult esinevate alkaloidide tase. Need \u00fchendid aitavad kaasa intensiivsele ja kaasahaaravale ps\u00fchhedeelsele kogemusele, pakkudes s\u00fcgavaid m\u00f5jusid, mida nii meditsiini- kui ka meelelahutuskasutajad otsivad. <\/li>\n<li><strong>Mitmek\u00fclgne tootevalik:<\/strong> Lisaks meie Penis Envy seentele pakub The House of Medicine ka mitmeid teisi maagilisi seenetooteid, sealhulgas kummikuid ja mikrodooside kapsleid. Iga toode on valmistatud sama p\u00fchendumusega kvaliteedile ja ohutusele. <\/li>\n<\/ol>\n<p> Ostke peenise kadeduskatteid Internetist juba t\u00e4na. Peenise kadedusseen sisaldab 0,4% baeots\u00fcstiini, 1,8% psilots\u00fcbiini ja 0,5% psilotsiini. See on k\u00f5ige t\u00f5husam liik tr\u00fcptamiini s\u00fcnteesimiseks. N\u00e4iteks on see liik 3 korda tugevam kui Psilocybe Cubensis Psilocybe Cyanscens <strong>Tutvuge Dr. Lawsoni apteegis meie peenise kadeduse seente unikaalsete omadustega<\/strong> Meie peenisekadeduse seentel on erakordsed ja haruldased omadused, mis eristavad neid. Siin on nende erip\u00e4rad l\u00e4hemalt:     <\/p>\n<ul>\n<li><strong>Eosed<\/strong>: nendel seentel on eosed, mis on kahes erinevas toonis: lilla-must ja tumelillakaspruun. Eosed on ellipsoidse kujuga, mis eristab neid teistest sama perekonna liikidest. <\/li>\n<li><strong>Pileus (k\u00fcbar)<\/strong>: seene hunnik ehk k\u00fcbar on koonuse v\u00f5i kumera kujuga. V\u00e4rskelt on sellel rikkalik pruun v\u00f5i karamellv\u00e4rv. Seene vananedes muutub k\u00fcbara keskel asuv s\u00fcgav tume laik kuivades heledamaks k\u00f5rretaoliseks varjundiks.  <\/li>\n<\/ul>\n<p> Dr Lawsoni apteegis oleme p\u00fchendunud nende ainulaadsete omadustega kvaliteetsete Penis Envy seente pakkumisele, tagades toote, mis on nii haruldane kui ka t\u00e4helepanuv\u00e4\u00e4rne.<\/p>\n","protected":false},"excerpt":{"rendered":"<p>Peenise kadedussroomid avastati juba 1979. aastal ja sellest ajast alates on teadlased avaldanud selle kohta erinevaid artikleid. N\u00e4iteks Paul Stamets nimetas oma 1996. aasta v\u00e4ljaandes &#8220;Maailma psilots\u00fcbiini pesad&#8221; liigile Azurescens. Nimi Azurescens on vaba t\u00f5lge seene taevasinise v\u00f5i sinise v\u00e4rvi kohta.  <\/p>\n","protected":false},"featured_media":19788,"comment_status":"open","ping_status":"closed","template":"","meta":{"om_disable_all_campaigns":false,"_sitemap_exclude":false,"_sitemap_priority":"","_sitemap_frequency":"","_monsterinsights_skip_tracking":false,"_monsterinsights_sitenote_active":false,"_monsterinsights_sitenote_note":"","_monsterinsights_sitenote_category":0},"product_cat":[11884],"product_tag":[11904,11891,11896,11887,11899,11885,11886,11892,11902,11903,11897,11900,11901,11905,11906,11895,11898,11893,11889,11890,11894,11888],"class_list":{"0":"post-25606","1":"product","2":"type-product","3":"status-publish","4":"has-post-thumbnail","6":"product_cat-maagilised-seened","7":"product_tag-autentsed-peenise-kadeduse-seened-euroopas","8":"product_tag-kui-palju-on-peenise-kadeduse-seened","9":"product_tag-kust-osta-peenise-envy-mushrooms-euroopa","10":"product_tag-kust-osta-peenise-kadeduse-seeni-internetis","11":"product_tag-odavad-peenise-kadedus-seened-euroopas","12":"product_tag-osta-peenise-kadeduse-seeni","13":"product_tag-osta-peenise-kadeduse-seeni-internetist","14":"product_tag-osta-peenise-kadeduse-seeni-internetist-euroopas","15":"product_tag-peenise-envy-mushrooms-euroopa-allahindlus","16":"product_tag-peenise-envy-mushrooms-euroopa-kohaletoimetamine","17":"product_tag-peenise-envy-mushrooms-euroopa-muuk","18":"product_tag-peenise-envy-mushrooms-euroopa-pakkumised","19":"product_tag-peenise-envy-mushrooms-euroopa-pood","20":"product_tag-peenise-envy-mushrooms-euroopa-tarnijad","21":"product_tag-peenise-envy-mushrooms-europe-ulevaade","22":"product_tag-peenise-envy-mushrooms-tasuta-saatmine-euroopasse","23":"product_tag-peenise-envy-mushrooms-veebipood-euroopa","24":"product_tag-peenise-envy-seened-parima-hinnaga-euroopas","25":"product_tag-peenise-kadeduse-seente-moju","26":"product_tag-peenise-kadeduse-seente-muuk-internetis","27":"product_tag-telli-peenise-kadeduse-seened-eu","28":"product_tag-tellige-peenise-kadeduse-seened-internetist","30":"first","31":"instock","32":"shipping-taxable","33":"purchasable","34":"product-type-simple","35":"farmacie-col"},"aioseo_notices":[],"_links":{"self":[{"href":"https:\/\/lacasadelamedicina.es\/et\/wp-json\/wp\/v2\/product\/25606"}],"collection":[{"href":"https:\/\/lacasadelamedicina.es\/et\/wp-json\/wp\/v2\/product"}],"about":[{"href":"https:\/\/lacasadelamedicina.es\/et\/wp-json\/wp\/v2\/types\/product"}],"replies":[{"embeddable":true,"href":"https:\/\/lacasadelamedicina.es\/et\/wp-json\/wp\/v2\/comments?post=25606"}],"wp:featuredmedia":[{"embeddable":true,"href":"https:\/\/lacasadelamedicina.es\/et\/wp-json\/wp\/v2\/media\/19788"}],"wp:attachment":[{"href":"https:\/\/lacasadelamedicina.es\/et\/wp-json\/wp\/v2\/media?parent=25606"}],"wp:term":[{"taxonomy":"product_cat","embeddable":true,"href":"https:\/\/lacasadelamedicina.es\/et\/wp-json\/wp\/v2\/product_cat?post=25606"},{"taxonomy":"product_tag","embeddable":true,"href":"https:\/\/lacasadelamedicina.es\/et\/wp-json\/wp\/v2\/product_tag?post=25606"}],"curies":[{"name":"wp","href":"https:\/\/api.w.org\/{rel}","templated":true}]}}