{"id":25570,"date":"2024-08-10T19:03:32","date_gmt":"2024-08-10T19:03:32","guid":{"rendered":"https:\/\/lacasadelamedicina.es\/product\/ostke-adderall-vorgus\/"},"modified":"2024-08-10T19:03:32","modified_gmt":"2024-08-10T19:03:32","slug":"ostke-adderall-vorgus","status":"publish","type":"product","link":"https:\/\/lacasadelamedicina.es\/et\/toode\/ostke-adderall-vorgus\/","title":{"rendered":"Ostke Adderall v\u00f5rgus"},"content":{"rendered":"<h1 class=\"product_title entry-title\">Ostke Adderall v\u00f5rgus<\/h1>\n<p> Ostke Adderall veebist. Adderall on retseptiravim, mis sisaldab amfetamiini ja dekstroamfetamiini, mis on klassifitseeritud stimulantideks. See on ette n\u00e4htud peamiselt t\u00e4helepanupuudulikkuse h\u00fcperaktiivsuse h\u00e4ire (ADHD) ja narkolepsia raviks. Adderall on ADHD haldamiseks eelistatud valik. Uuringud n\u00e4itavad, et nii Adderall kui ka Adderall XR suurendavad t\u00e4helepanu, keskendumist ja v\u00e4hendavad impulsiivset k\u00e4itumist, kusjuures 75\u201380 protsendil ADHD-ga lastest paranevad s\u00fcmptomid stimulantide kasutamisega. Narkolepsia korral aitab Adderall suurendada p\u00e4evast \u00e4rkvelolekut, kuigi selle seisundi t\u00f5husust k\u00e4sitlevad uuringud on piiratud. Adderall ja Mydayis on amfetamiini soolade segust valmistatud ravimi kaubam\u00e4rgid, mis sisaldavad nelja amfetamiini soola kombinatsiooni. See segu koosneb v\u00f5rdsetes osades ratseemilisest amfetamiinist ja dekstroamfetamiinist, luues dekstroamfetamiini ja levoamfetamiini suhte (3:1). M\u00f5lemad enantiomeerid on stimulandid, kuid neil on erinev toime, mis annab Adderallile unikaalse profiili v\u00f5rreldes teiste amfetamiinivormidega. Adderalli kasutatakse ADHD ja narkolepsia raviks, kuid seda kasutatakse ka sportliku j\u00f5udluse, kognitiivsete v\u00f5imete parandamiseks, isu mahasurumiseks ja meelelahutuslikuks eufooriaks. See kuulub keskn\u00e4rvis\u00fcsteemi (KNS) stimulantide klassi. \u00dcldnimetus: amfetamiin ja dekstroamfetamiin Kaubam\u00e4rgid: Adderall, Adderall XR, Mydayis Ravimiklass: keskn\u00e4rvis\u00fcsteemi stimulandid<\/p>\n","protected":false},"excerpt":{"rendered":"<p>Ostke Adderall veebist. Adderall on retseptiravim, mis koosneb amfetamiinist ja dekstroamfetamiinist. Internetist saate osta Adderalli, sealhulgas Adderalli pillid.  <\/p>\n","protected":false},"featured_media":19803,"comment_status":"open","ping_status":"closed","template":"","meta":{"om_disable_all_campaigns":false,"_sitemap_exclude":false,"_sitemap_priority":"","_sitemap_frequency":"","_monsterinsights_skip_tracking":false,"_monsterinsights_sitenote_active":false,"_monsterinsights_sitenote_note":"","_monsterinsights_sitenote_category":0},"product_cat":[10538],"product_tag":[11879,11880,11874,11877,11878,11882,11883,11867,11870,11872,11875,11866,11881,11868,11862,11873,11876,11863,11869,11864,11871,11865],"class_list":{"0":"post-25570","1":"product","2":"type-product","3":"status-publish","4":"has-post-thumbnail","6":"product_cat-pijnstillers-et","7":"product_tag-adderall-euroopa-allahindlus","8":"product_tag-adderall-euroopa-kohaletoimetamine","9":"product_tag-adderall-euroopa-muuk","10":"product_tag-adderall-euroopa-pakkumised","11":"product_tag-adderall-euroopa-pood","12":"product_tag-adderall-euroopa-tarnijad","13":"product_tag-adderall-euroopa-ulevaade","14":"product_tag-adderall-muuk-internetis","15":"product_tag-adderall-parima-hinnaga-euroopas","16":"product_tag-adderall-tasuta-kohaletoimetamine-euroopasse","17":"product_tag-adderall-veebipood-euroopa","18":"product_tag-adderalli-moju","19":"product_tag-autentne-adderall-europe","20":"product_tag-kui-palju-on-adderall","21":"product_tag-kust-adderalli-veebis-osta","22":"product_tag-kust-osta-adderall-europe","23":"product_tag-odav-adderall-euroopa","24":"product_tag-osta-adderall","25":"product_tag-ostke-adderall-internetist-euroopas","26":"product_tag-ostke-adderall-veebist","27":"product_tag-telli-adderall-eu","28":"product_tag-tellige-adderall-veebist","30":"first","31":"instock","32":"shipping-taxable","33":"purchasable","34":"product-type-variable","35":"farmacie-col","36":"product-has-gallery"},"aioseo_notices":[],"_links":{"self":[{"href":"https:\/\/lacasadelamedicina.es\/et\/wp-json\/wp\/v2\/product\/25570"}],"collection":[{"href":"https:\/\/lacasadelamedicina.es\/et\/wp-json\/wp\/v2\/product"}],"about":[{"href":"https:\/\/lacasadelamedicina.es\/et\/wp-json\/wp\/v2\/types\/product"}],"replies":[{"embeddable":true,"href":"https:\/\/lacasadelamedicina.es\/et\/wp-json\/wp\/v2\/comments?post=25570"}],"wp:featuredmedia":[{"embeddable":true,"href":"https:\/\/lacasadelamedicina.es\/et\/wp-json\/wp\/v2\/media\/19803"}],"wp:attachment":[{"href":"https:\/\/lacasadelamedicina.es\/et\/wp-json\/wp\/v2\/media?parent=25570"}],"wp:term":[{"taxonomy":"product_cat","embeddable":true,"href":"https:\/\/lacasadelamedicina.es\/et\/wp-json\/wp\/v2\/product_cat?post=25570"},{"taxonomy":"product_tag","embeddable":true,"href":"https:\/\/lacasadelamedicina.es\/et\/wp-json\/wp\/v2\/product_tag?post=25570"}],"curies":[{"name":"wp","href":"https:\/\/api.w.org\/{rel}","templated":true}]}}