{"id":25559,"date":"2024-08-10T19:23:17","date_gmt":"2024-08-10T19:23:17","guid":{"rendered":"https:\/\/lacasadelamedicina.es\/product\/ostke-buprenorfiini-internetist\/"},"modified":"2024-08-10T19:23:17","modified_gmt":"2024-08-10T19:23:17","slug":"ostke-buprenorfiini-internetist","status":"publish","type":"product","link":"https:\/\/lacasadelamedicina.es\/et\/toode\/ostke-buprenorfiini-internetist\/","title":{"rendered":"Ostke buprenorfiini Internetist"},"content":{"rendered":"<h1 class=\"product_title entry-title\">Ostke buprenorfiini Internetist<\/h1>\n<p> Ostke buprenorfiini Internetist. Buprenorfiini kasutatakse opioidide kasutamise h\u00e4ire (OUD), \u00e4geda valu ja kroonilise valu raviks. Seda v\u00f5ib manustada erinevates vormides, sealhulgas keelealusena (keele all), bukaalselt (p\u00f5ses), s\u00fcstidena (intravenoosne ja subkutaanne), nahaplaastrid (transdermaalsed) v\u00f5i implantaadid. OUD-ravi korral tohib buprenorfiini manustada ainult siis, kui patsiendil on m\u00f5\u00f5dukad opioidide \u00e4raj\u00e4tun\u00e4hud ja tervishoiuteenuse osutaja j\u00e4relevalve all. Buprenorfiin aitab hallata opioidis\u00f5ltuvust, v\u00e4hendades iha ja v\u00f5\u00f5rutusn\u00e4hte, p\u00f5hjustamata eufooriat v\u00f5i t\u00f5siseid k\u00f5rvaltoimeid, mis aitab \u00e4ra hoida retsidiivi. See toimib kuritarvitatud ravimi asendajana, minimeerides ebamugavust ja v\u00f5imaldades patsientidel keskenduda oma taastumisele. Buprenorfiin OUD jaoks on osa terviklikust raviplaanist, mis h\u00f5lmab n\u00f5ustamist ja k\u00e4itumisteraapiat. OUD-i puhul on buprenorfiin saadaval pikatoimeliste s\u00fcstidena (Sublocade, Brixadi) ja keelealuste tablettidena (Subutex, n\u00fc\u00fcdseks l\u00f5petatud, kuid geneerilised ravimid on saadaval). Valu leevendamiseks kasutatakse buprenorfiini tugeva \u00e4geda valu ja m\u00f5\u00f5duka kuni tugeva kroonilise valu korral, mida teised ravimid ei kontrolli. Kroonilise valu korral on see saadaval nahaplaastritena (Butrans) ja bukaalkiledena (Belbuca) ning \u00e4geda valu korral s\u00fcstina (Buprenex). Buprenorfiin esineb kolmel kujul:           <\/p>\n<ul>\n<li>Laimimaitseline ristk\u00fclikukujuline oran\u017e film<\/li>\n<li>Tabletid<\/li>\n<li>Vedelik<\/li>\n<\/ul>\n<p> Br\u00e4ndinimede hulka kuuluvad Belbuca, Brixadi, Buprenex, Buprenorphine, Butrans, Sublocade, Suboxone, Subutex ja Zubsolv. <strong>K\u00f5rvalm\u00f5jud:<\/strong> p\u00f6\u00f6rduge viivitamatult arsti poole, kui teil tekivad allergilise reaktsiooni n\u00e4hud, nagu n\u00f5gest\u00f5bi, hingamisraskused v\u00f5i n\u00e4o, huulte, keele turse, v\u00f5i k\u00f5ri. Opioidravimid v\u00f5ivad hingamist aeglustada v\u00f5i peatada, mis v\u00f5ib l\u00f5ppeda surmaga. Veenduge, et keegi l\u00e4heduses olev inimene saaks naloksooni manustada ja p\u00f6\u00f6rduge kiirabi poole, kui teil on aeglane hingamine, sinised huuled v\u00f5i raskused \u00e4rkamisel. V\u00f5tke \u00fchendust oma arstiga, kui teil on selliseid s\u00fcmptomeid nagu opioidide \u00e4raj\u00e4tmine, hingamisprobleemid, aeglane s\u00fcdametegevus, valu rinnus, madal kortisooli tase v\u00f5i maksaprobleemid. Samuti otsige meditsiinilist abi serotoniinis\u00fcndroomi s\u00fcmptomite, nagu agitatsioon, hallutsinatsioonid, palavik ja lihaste j\u00e4ikus, korral.     <strong>Levinud k\u00f5rvaltoimed:<\/strong><\/p>\n<ul>\n<li>K\u00f5hukinnisus<\/li>\n<li>Iiveldus<\/li>\n<li>Oksendamine<\/li>\n<li>Peavalu<\/li>\n<li>Suurenenud higistamine<\/li>\n<li>Unetus<\/li>\n<li>Valu<\/li>\n<\/ul>\n<p><strong>Opioids\u00f5ltuvuse ravimid:<\/strong><\/p>\n<ul>\n<li>Buprenorfiin: Sublocade (subkutaanne s\u00fcstimine), Probuphine (implantaat), Subutex (keelealused tabletid)<\/li>\n<li>Buprenorfiin ja naloksoon: Bunavail (keelealune kile), Suboxone (keelealune kile ja tabletid), Zubsolv (keelealused tabletid)<\/li>\n<li>Lofeksidiin: Lucemyra (tabletid)<\/li>\n<li>Naltreksoon: Vivitrol (IM s\u00fcst), Naltreksoon (tabletid)<\/li>\n<\/ul>\n<p><strong>Tugeva valu ravimid:<\/strong><\/p>\n<ul>\n<li>Buprenorfiin: Buprenex (IM ja IV s\u00fcst), Belbuca (bukaalkile), Butrans (transdermaalne plaaster)<\/li>\n<li>Metadoon: dolofiin (tabletid)<\/li>\n<\/ul>\n<p><strong>Kaubam\u00e4rgid ja annustamisvormid:<\/strong><\/p>\n<ul>\n<li>Brixadi: pikendatud vabanemisega s\u00fcst (subkutaanne), kord n\u00e4dalas v\u00f5i kuus, OUD jaoks<\/li>\n<li>Sublokaad: pikendatud vabanemisega s\u00fcst (subkutaanne), kord kuus, OUD jaoks<\/li>\n<li>Probufiin (l\u00f5petatud): implantaat (subdermaalne) iga kuue kuu tagant opioids\u00f5ltuvuse korral<\/li>\n<li>Belbuca: Bukaalkile, \u00fcks kord p\u00e4evas v\u00f5i iga 12 tunni j\u00e4rel, tugeva valu korral<\/li>\n<li>Butrans: transdermaalne s\u00fcsteem, iga seitsme p\u00e4eva j\u00e4rel, tugeva valu korral<\/li>\n<li>Subutex (l\u00f5petatud): keelealused tabletid \u00fcks kord p\u00e4evas opioids\u00f5ltuvuse raviks<\/li>\n<li>Buprenex: s\u00fcstimine (intravenoosne v\u00f5i intramuskulaarne) iga 6 tunni j\u00e4rel tugeva valu korral<\/li>\n<\/ul>\n<p> Ostke buprenorfiini veebist v\u00f5i leidke, kust buprenorfiini Internetist osta, et saada lisateavet selle saadavuse ja ostuv\u00f5imaluste kohta.<\/p>\n","protected":false},"excerpt":{"rendered":"<p>Ostke buprenorfiini Internetist. Buprenorfiin on peamine ravim, mida kasutatakse opioidide kasutamise h\u00e4ire (OUD) raviks, samuti \u00e4geda ja kroonilise valu raviks. Buprenorfiini leiate Internetist ostmiseks.  <\/p>\n","protected":false},"featured_media":19833,"comment_status":"open","ping_status":"closed","template":"","meta":{"om_disable_all_campaigns":false,"_sitemap_exclude":false,"_sitemap_priority":"","_sitemap_frequency":"","_monsterinsights_skip_tracking":false,"_monsterinsights_sitenote_active":false,"_monsterinsights_sitenote_note":"","_monsterinsights_sitenote_category":0},"product_cat":[10538],"product_tag":[11859,11848,11857,11858,11852,11856,11855,11861,11845,11850,11844,11853,11860,11846,11851,11842,11854,11840,11841,11847,11511,11849,11843],"class_list":{"0":"post-25559","1":"product","2":"type-product","3":"status-publish","4":"has-post-thumbnail","6":"product_cat-pijnstillers-et","7":"product_tag-autentne-buprenorfiin-euroopa","8":"product_tag-buprenorfiin-parima-hinnaga-euroopas","9":"product_tag-buprenorfiini-euroopa-allahindlus","10":"product_tag-buprenorfiini-euroopa-kohaletoimetamine","11":"product_tag-buprenorfiini-euroopa-muuk","12":"product_tag-buprenorfiini-euroopa-pood","13":"product_tag-buprenorfiini-euroopa-tehingud","14":"product_tag-buprenorfiini-euroopa-ulevaade","15":"product_tag-buprenorfiini-muuk-internetis","16":"product_tag-buprenorfiini-tasuta-saatmine-euroopasse","17":"product_tag-buprenorfiini-toimed","18":"product_tag-buprenorfiini-veebipood-euroopas","19":"product_tag-buprenorphine-europe-tarnijad","20":"product_tag-kui-palju-on-buprenorfiin","21":"product_tag-kust-osta-buprenorfiini-euroopas","22":"product_tag-kust-osta-buprenorfiini-internetis","23":"product_tag-odav-buprenorfiin-euroopas","24":"product_tag-osta-buprenorfiini","25":"product_tag-ostke-buprenorfiini-internetist","26":"product_tag-ostke-buprenorfiini-internetist-euroopas","27":"product_tag-ostke-suboxone-veebist","28":"product_tag-tellige-buprenorfiin-eu","29":"product_tag-tellige-buprenorfiini-internetist","31":"first","32":"instock","33":"shipping-taxable","34":"purchasable","35":"product-type-variable","36":"farmacie-col"},"aioseo_notices":[],"_links":{"self":[{"href":"https:\/\/lacasadelamedicina.es\/et\/wp-json\/wp\/v2\/product\/25559"}],"collection":[{"href":"https:\/\/lacasadelamedicina.es\/et\/wp-json\/wp\/v2\/product"}],"about":[{"href":"https:\/\/lacasadelamedicina.es\/et\/wp-json\/wp\/v2\/types\/product"}],"replies":[{"embeddable":true,"href":"https:\/\/lacasadelamedicina.es\/et\/wp-json\/wp\/v2\/comments?post=25559"}],"wp:featuredmedia":[{"embeddable":true,"href":"https:\/\/lacasadelamedicina.es\/et\/wp-json\/wp\/v2\/media\/19833"}],"wp:attachment":[{"href":"https:\/\/lacasadelamedicina.es\/et\/wp-json\/wp\/v2\/media?parent=25559"}],"wp:term":[{"taxonomy":"product_cat","embeddable":true,"href":"https:\/\/lacasadelamedicina.es\/et\/wp-json\/wp\/v2\/product_cat?post=25559"},{"taxonomy":"product_tag","embeddable":true,"href":"https:\/\/lacasadelamedicina.es\/et\/wp-json\/wp\/v2\/product_tag?post=25559"}],"curies":[{"name":"wp","href":"https:\/\/api.w.org\/{rel}","templated":true}]}}