{"id":25543,"date":"2024-08-10T19:51:54","date_gmt":"2024-08-10T19:51:54","guid":{"rendered":"https:\/\/lacasadelamedicina.es\/product\/ostke-dekstroamfetamiini-internetist\/"},"modified":"2024-08-10T19:51:54","modified_gmt":"2024-08-10T19:51:54","slug":"ostke-dekstroamfetamiini-internetist","status":"publish","type":"product","link":"https:\/\/lacasadelamedicina.es\/et\/toode\/ostke-dekstroamfetamiini-internetist\/","title":{"rendered":"Ostke dekstroamfetamiini Internetist"},"content":{"rendered":"<h1 class=\"product_title entry-title\">Ostke dekstroamfetamiini Internetist<\/h1>\n<p> Ostke dekstroamfetamiini Internetist. Dekstroamfetamiini kasutatakse narkolepsia ja t\u00e4helepanupuudulikkuse h\u00fcperaktiivsuse h\u00e4ire (ADHD) raviks ning m\u00f5nikord on see ette n\u00e4htud depressiooni ja rasvumise raviks. Kui suurte annuste pikaajaline kasutamine loomadel v\u00f5ib p\u00f5hjustada dopamiinis\u00fcsteemi kahjustusi, siis ADHD-ga inimestel toetavad terapeutilised annused \u00fcldiselt aju arengut ja n\u00e4rvikasvu. <strong>Dekstroamfetamiin<\/strong> on retseptiravim, mis on saadaval mitmes vormis.   <\/p>\n<ul>\n<li><strong>Suukaudsed tabletid<\/strong> (10 mg, 15 mg, 20 mg, 30 mg, 5 mg, 7,5 mg)<\/li>\n<li><strong>pikendatud vabanemisega kapslid<\/strong> (10 mg, 15 mg, 5 mg)<\/li>\n<li><strong>Suukaudne lahus<\/strong> (5 mg\/5 ml)<\/li>\n<\/ul>\n<p> Seda m\u00fc\u00fcakse erinevate kaubam\u00e4rkide all, sealhulgas Dexedrine Spansule, ProCentra, Xelstrym, Zenzedi, Dexedrine, Dextrostat ja Liquadd. Suukaudne tabletivorm on saadaval ainult geneerilistes versioonides, mis on tavaliselt odavamad kui kaubam\u00e4rgiga ravimid. Dekstroamfetamiini v\u00f5ib kasutada \u00fcksi v\u00f5i osana kombineeritud ravist teiste ravimitega. <strong>K\u00f5rvalm\u00f5jud:<\/strong> p\u00f6\u00f6rduge kiirabi poole, kui teil tekib:   <\/p>\n<ul>\n<li>Allergilised reaktsioonid, nagu n\u00f5gest\u00f5bi, hingamisraskused v\u00f5i n\u00e4o- v\u00f5i k\u00f5riturse.<\/li>\n<li>Rasked nahareaktsioonid, sealhulgas palavik, kurguvalu, nahavalu v\u00f5i l\u00f6\u00f6ve koos villide ja koorumisega.<\/li>\n<li>S\u00fcdameinfarkti v\u00f5i insuldi s\u00fcmptomid, nagu valu rinnus, tuimus v\u00f5i n\u00f5rkus, k\u00f5neh\u00e4ired v\u00f5i \u00f5hupuudus.<\/li>\n<\/ul>\n<p> T\u00f5sised k\u00f5rvaltoimed v\u00f5ivad h\u00f5lmata: <\/p>\n<ul>\n<li>S\u00fcdame- v\u00f5i vereringeprobleemid, nagu valu rinnus, hingamisraskused v\u00f5i s\u00f5rmede v\u00f5i varvaste tuimus.<\/li>\n<li>Maania v\u00f5i ps\u00fchhoosi s\u00fcmptomid, nagu hallutsinatsioonid, agressiivsus, paranoia v\u00f5i v\u00e4henenud unevajadus.<\/li>\n<li>Krambid, lihast\u00f5mblused (tik) v\u00f5i n\u00e4gemish\u00e4ired.<\/li>\n<li>Naha\u00e4rritus plaastrivormi kasutamisel.<\/li>\n<\/ul>\n<p> Dekstroamfetamiin v\u00f5ib m\u00f5jutada laste kasvu, seega j\u00e4lgige ebanormaalset kasvukiirust ja konsulteerige oma arstiga, kui teil on probleeme. <strong>Levinud k\u00f5rvaltoimed:<\/strong><\/p>\n<ul>\n<li>Suukuivus<\/li>\n<li>K\u00f5huh\u00e4da<\/li>\n<li>S\u00f6\u00f6giisu kaotus ja kaalulangus<\/li>\n<li>Peavalu<\/li>\n<li>Pearinglus<\/li>\n<li>Unetus<\/li>\n<li>\u00c4rrituvus<\/li>\n<li>Lihaste t\u00f5mblused<\/li>\n<li>Iiveldus ja oksendamine<\/li>\n<li>Suurenenud verer\u00f5hk<\/li>\n<li>V\u00e4rinad<\/li>\n<li>Kiired s\u00fcdamel\u00f6\u00f6gid<\/li>\n<\/ul>\n<p><strong>\u00dcleannustamise s\u00fcmptomid:<\/strong><\/p>\n<ul>\n<li>Rahutus ja segadus<\/li>\n<li>Agressiivne k\u00e4itumine<\/li>\n<li>Paanika v\u00f5i hallutsinatsioonid<\/li>\n<li>Kiire hingamine ja kontrollimatu v\u00e4risemine<\/li>\n<li>Palavik ja tumepunane uriin<\/li>\n<li>Lihaste n\u00f5rkus ja v\u00e4simus<\/li>\n<li>Depressioon ja ebaregulaarne s\u00fcdametegevus<\/li>\n<li>Pearinglus ja \u00e4hmane n\u00e4gemine<\/li>\n<li>K\u00f5huvalu, oksendamine ja k\u00f5hulahtisus<\/li>\n<li>Krambid ja rasketel juhtudel kooma<\/li>\n<\/ul>\n<p> Dekstroamfetamiini veebis ostmise kohta lisateabe saamiseks p\u00f6\u00f6rduge litsentsitud Interneti-apteekide v\u00f5i volitatud m\u00fc\u00fcjate poole.<\/p>\n","protected":false},"excerpt":{"rendered":"<p>Ostke dekstroamfetamiini Internetist. Dekstroamfetamiin on ravim, mida kasutatakse narkolepsia ja t\u00e4helepanupuudulikkuse h\u00fcperaktiivsuse h\u00e4ire (ADHD) raviks. See on Internetis m\u00fc\u00fcgiks saadaval. Dekstroamfetamiini ostmise kohta lisateabe saamiseks vaadake Interneti-apteeke v\u00f5i volitatud m\u00fc\u00fcjaid.   <\/p>\n","protected":false},"featured_media":19863,"comment_status":"open","ping_status":"closed","template":"","meta":{"om_disable_all_campaigns":false,"_sitemap_exclude":false,"_sitemap_priority":"","_sitemap_frequency":"","_monsterinsights_skip_tracking":false,"_monsterinsights_sitenote_active":false,"_monsterinsights_sitenote_note":"","_monsterinsights_sitenote_category":0},"product_cat":[10538],"product_tag":[11815,11804,11813,11808,11811,11812,11816,11817,11814,11801,11806,11800,11809,11802,11807,11798,11810,11796,11797,11803,11805,11799],"class_list":{"0":"post-25543","1":"product","2":"type-product","3":"status-publish","4":"has-post-thumbnail","6":"product_cat-pijnstillers-et","7":"product_tag-autentne-dekstroamfetamiin-euroopas","8":"product_tag-dekstroamfetamiin-euroopa-parima-hinnaga","9":"product_tag-dekstroamfetamiini-euroopa-allahindlus","10":"product_tag-dekstroamfetamiini-euroopa-muuk","11":"product_tag-dekstroamfetamiini-euroopa-pakkumised","12":"product_tag-dekstroamfetamiini-euroopa-pood","13":"product_tag-dekstroamfetamiini-euroopa-tarnijad","14":"product_tag-dekstroamfetamiini-euroopa-ulevaade","15":"product_tag-dekstroamfetamiini-kohaletoimetamine-euroopasse","16":"product_tag-dekstroamfetamiini-muuk-internetis","17":"product_tag-dekstroamfetamiini-tasuta-kohaletoimetamine-euroopasse","18":"product_tag-dekstroamfetamiini-toime","19":"product_tag-dekstroamfetamiini-veebipood-euroopa","20":"product_tag-kui-palju-on-dekstroamfetamiin","21":"product_tag-kust-osta-dekstroamfetamiini-euroopas","22":"product_tag-kust-osta-dekstroamfetamiini-internetis","23":"product_tag-odav-dekstroamfetamiin-euroopas","24":"product_tag-osta-dekstroamfetamiini","25":"product_tag-ostke-dekstroamfetamiini-internetist","26":"product_tag-ostke-dekstroamfetamiini-internetist-euroopas","27":"product_tag-tellige-dekstroamfetamiin-eu","28":"product_tag-tellige-dekstroamfetamiini-internetist","30":"first","31":"instock","32":"shipping-taxable","33":"purchasable","34":"product-type-variable","35":"farmacie-col"},"aioseo_notices":[],"_links":{"self":[{"href":"https:\/\/lacasadelamedicina.es\/et\/wp-json\/wp\/v2\/product\/25543"}],"collection":[{"href":"https:\/\/lacasadelamedicina.es\/et\/wp-json\/wp\/v2\/product"}],"about":[{"href":"https:\/\/lacasadelamedicina.es\/et\/wp-json\/wp\/v2\/types\/product"}],"replies":[{"embeddable":true,"href":"https:\/\/lacasadelamedicina.es\/et\/wp-json\/wp\/v2\/comments?post=25543"}],"wp:featuredmedia":[{"embeddable":true,"href":"https:\/\/lacasadelamedicina.es\/et\/wp-json\/wp\/v2\/media\/19863"}],"wp:attachment":[{"href":"https:\/\/lacasadelamedicina.es\/et\/wp-json\/wp\/v2\/media?parent=25543"}],"wp:term":[{"taxonomy":"product_cat","embeddable":true,"href":"https:\/\/lacasadelamedicina.es\/et\/wp-json\/wp\/v2\/product_cat?post=25543"},{"taxonomy":"product_tag","embeddable":true,"href":"https:\/\/lacasadelamedicina.es\/et\/wp-json\/wp\/v2\/product_tag?post=25543"}],"curies":[{"name":"wp","href":"https:\/\/api.w.org\/{rel}","templated":true}]}}