{"id":25527,"date":"2024-08-10T20:02:15","date_gmt":"2024-08-10T20:02:15","guid":{"rendered":"https:\/\/lacasadelamedicina.es\/product\/ostke-dilaudid-internetist\/"},"modified":"2024-08-10T20:02:15","modified_gmt":"2024-08-10T20:02:15","slug":"ostke-dilaudid-internetist","status":"publish","type":"product","link":"https:\/\/lacasadelamedicina.es\/et\/toode\/ostke-dilaudid-internetist\/","title":{"rendered":"Ostke Dilaudid Internetist"},"content":{"rendered":"<h1 class=\"product_title entry-title\">Ostke Dilaudid Internetist<\/h1>\n<p> Osta Dilaudid veebist. H\u00fcdromorfooni, mis on saadaval suukaudse vedeliku ja tablettidena, kasutatakse tugeva valu korral, mis n\u00f5uab opioidravi ja kui muud valuvaigistid on ebapiisavad v\u00f5i talumatud. Pikendatud vabanemisega kapsleid ja tablette kasutatakse opioiditaluvusega patsientidel, kes vajavad pidevat pikaajalist valuvaigistust. <strong>Dilaudid (Hydromorphone)<\/strong> on tugev II loendi kontrollitav opioidi agonist, millel on suur kuritarvitamise potentsiaal ja hingamisdepressiooni oht. Seda v\u00f5ivad s\u00fcvendada alkohol, teised opioidid ja keskn\u00e4rvis\u00fcsteemi p\u00e4rssivad ained, mis suurendab eluohtliku hingamisdepressiooni riski.    <strong>Kasutusm\u00e4rkused:<\/strong><\/p>\n<ul>\n<li><strong>Suukaudne vedelik ja tabletid:<\/strong> tugeva valu korral, kui muud ravimeetodid on ebaefektiivsed. Mitte l\u00fchiajaliseks kasutamiseks ega kergeks valuks. <\/li>\n<li><strong>pikendatud vabanemisega kapslid ja tabletid:<\/strong> pidevaks valu leevendamiseks opioiditaluvusega patsientidel. Ei ole ette n\u00e4htud l\u00fchiajalise v\u00f5i vahelduva valu korral. <\/li>\n<\/ul>\n<p> H\u00fcdromorfoon toimib keskn\u00e4rvis\u00fcsteemile valu leevendamiseks, kuid v\u00f5ib pikaajalisel kasutamisel p\u00f5hjustada vaimset v\u00f5i f\u00fc\u00fcsilist s\u00f5ltuvust. S\u00f5ltuvus v\u00f5ib ravi j\u00e4rsul katkestamisel p\u00f5hjustada \u00e4raj\u00e4tun\u00e4hte, mida saab leevendada annuse j\u00e4rkj\u00e4rgulise v\u00e4hendamisega. <strong>V\u00e4\u00e4rkasutus, kuritarvitamine ja \u00fcmbersuunamine:<\/strong> h\u00fcdromorfoonil on kuritarvitamise ja k\u00f5rvalekaldumise oht, kuna see sarnaneb teiste opioididega, mida s\u00f5ltuvush\u00e4iretega inimesed otsivad. Seda tuleb v\u00e4lja kirjutada ja v\u00e4ljastada ettevaatlikult, eriti isikutel, kellel on anamneesis ainete kuritarvitamine v\u00f5i vaimuhaigus. Enne opioidravi alustamist tuleb patsiente j\u00e4lgida kuritarvitamise n\u00e4htude suhtes ja hinnata nende riski. H\u00fcdromorfooni v\u00f5ib kuritarvitada purustamise, n\u00e4rimise, norskamise v\u00f5i s\u00fcstimise teel, mis kujutab endast m\u00e4rkimisv\u00e4\u00e4rset \u00fcleannustamise ohtu. Valu n\u00f5uetekohane juhtimine peaks tasakaalustama kuritarvitamise muresid, tagades samal ajal t\u00f5husa ravi. <strong>\u00dcleannustamine:<\/strong> kui kahtlustate \u00fcleannustamist, manustage naloksooni, kui see on saadaval, ja helistage viivitamatult 911. \u00dcleannustamise s\u00fcmptomiteks on:       <\/p>\n<ul>\n<li>Aeglane v\u00f5i pindmine hingamine<\/li>\n<li>Aeglane s\u00fcdamel\u00f6\u00f6k<\/li>\n<li>kooma<\/li>\n<\/ul>\n<p> Kui inimene on teadvusel ja tal puuduvad t\u00f5sised s\u00fcmptomid, v\u00f5tke kohe \u00fchendust m\u00fcrgistuskeskusega. Lisateabe saamiseks selle kohta, kust Dilaudid veebis osta, p\u00f6\u00f6rduge litsentsitud Interneti-apteekide v\u00f5i volitatud m\u00fc\u00fcjate poole.<\/p>\n","protected":false},"excerpt":{"rendered":"<p>Osta Dilaudid veebist. H\u00fcdromorfooni sisaldavat Dilaudidi kasutatakse tugeva valu leevendamiseks, kui teised valuvaigistid on ebapiisavad v\u00f5i talumatud. See on saadaval suukaudse vedeliku ja tableti kujul.  <\/p>\n","protected":false},"featured_media":19923,"comment_status":"open","ping_status":"closed","template":"","meta":{"om_disable_all_campaigns":false,"_sitemap_exclude":false,"_sitemap_priority":"","_sitemap_frequency":"","_monsterinsights_skip_tracking":false,"_monsterinsights_sitenote_active":false,"_monsterinsights_sitenote_note":"","_monsterinsights_sitenote_category":0},"product_cat":[10538],"product_tag":[11793,11792,11789,11795,11782,11776,11774,11775,11781,11731,11777],"class_list":{"0":"post-25527","1":"product","2":"type-product","3":"status-publish","4":"has-post-thumbnail","6":"product_cat-pijnstillers-et","7":"product_tag-autentne-dilaudid-euroopa","8":"product_tag-dilaudid-euroopa-kohaletoimetamine","9":"product_tag-dilaudid-euroopa-pakkumised","10":"product_tag-dilaudid-euroopa-ulevaade","11":"product_tag-dilaudid-parima-hinnaga-euroopas","12":"product_tag-kust-dilaudid-veebis-osta","13":"product_tag-osta-dilaudid","14":"product_tag-osta-dilaudid-veebist","15":"product_tag-ostke-dilaudid-internetist-euroopas","16":"product_tag-ostke-hudromorfooni-veebist","17":"product_tag-tellige-dilaudid-veebist","19":"first","20":"instock","21":"shipping-taxable","22":"purchasable","23":"product-type-variable","24":"farmacie-col"},"aioseo_notices":[],"_links":{"self":[{"href":"https:\/\/lacasadelamedicina.es\/et\/wp-json\/wp\/v2\/product\/25527"}],"collection":[{"href":"https:\/\/lacasadelamedicina.es\/et\/wp-json\/wp\/v2\/product"}],"about":[{"href":"https:\/\/lacasadelamedicina.es\/et\/wp-json\/wp\/v2\/types\/product"}],"replies":[{"embeddable":true,"href":"https:\/\/lacasadelamedicina.es\/et\/wp-json\/wp\/v2\/comments?post=25527"}],"wp:featuredmedia":[{"embeddable":true,"href":"https:\/\/lacasadelamedicina.es\/et\/wp-json\/wp\/v2\/media\/19923"}],"wp:attachment":[{"href":"https:\/\/lacasadelamedicina.es\/et\/wp-json\/wp\/v2\/media?parent=25527"}],"wp:term":[{"taxonomy":"product_cat","embeddable":true,"href":"https:\/\/lacasadelamedicina.es\/et\/wp-json\/wp\/v2\/product_cat?post=25527"},{"taxonomy":"product_tag","embeddable":true,"href":"https:\/\/lacasadelamedicina.es\/et\/wp-json\/wp\/v2\/product_tag?post=25527"}],"curies":[{"name":"wp","href":"https:\/\/api.w.org\/{rel}","templated":true}]}}