{"id":25435,"date":"2024-08-11T08:47:57","date_gmt":"2024-08-11T08:47:57","guid":{"rendered":"https:\/\/lacasadelamedicina.es\/product\/osta-morfiini-internetist\/"},"modified":"2024-09-03T18:16:51","modified_gmt":"2024-09-03T18:16:51","slug":"osta-morfiini-internetist","status":"publish","type":"product","link":"https:\/\/lacasadelamedicina.es\/et\/toode\/osta-morfiini-internetist\/","title":{"rendered":"Osta morfiini Internetist"},"content":{"rendered":"<h1 class=\"product_title entry-title\">Osta morfiini Internetist<\/h1>\n<p> Morfiin on tugev ravim, mida kasutatakse tugeva valu leevendamiseks, eriti valu, mis on seotud surmavate haigustega nagu v\u00e4hk. See on klassifitseeritud narkootiliseks valuvaigistiks ja toimib keskn\u00e4rvis\u00fcsteemile (KNS), et leevendada valu. Morfiin kuulub opioidide kategooriasse, mis t\u00e4hendab, et see m\u00f5jub valu v\u00e4hendamiseks otse ajule ja n\u00e4rvis\u00fcsteemile. <strong>Vormid ja annused<\/strong> Morfiin on saadaval erinevates vormides ja annustes, sealhulgas:   <\/p>\n<ul>\n<li>Tabletid<\/li>\n<li>Kapslid<\/li>\n<li>Suukaudne vedelik<\/li>\n<li>S\u00fcstimine<\/li>\n<\/ul>\n<p> Seda tuntakse ka mitme kaubam\u00e4rgi all, n\u00e4iteks: <\/p>\n<ul>\n<li>Sevredol<\/li>\n<li>m-Eslon SR<\/li>\n<li>RA-Morph<\/li>\n<li>Wockhardti morfiin<\/li>\n<li>Oramorf<\/li>\n<\/ul>\n<p><strong>Kasutamine ja piirangud<\/strong> Morfiini kasutatakse ka palliatiivravis \u00f5hupuuduse ja k\u00f6ha raviks. V\u00e4ike regulaarne annus v\u00f5ib aidata leevendada \u00f5hupuuduse s\u00fcmptomeid. Siiski on oluline m\u00e4rkida, et morfiin ei sobi n\u00f5rga valu raviks ega l\u00fchiajaliseks kasutamiseks, n\u00e4iteks operatsioonij\u00e4rgseks. Seda ei tohi kasutada aeg-ajalt valu korral v\u00f5i kui mittenarkootilised ravimid on t\u00f5husad. <strong>S\u00f5ltuvuse riskid<\/strong> Morfiini pikaajaline kasutamine v\u00f5ib p\u00f5hjustada f\u00fc\u00fcsilist v\u00f5i vaimset s\u00f5ltuvust, kuigi see on ebat\u00f5en\u00e4oline, kui seda kasutatakse valu pidevaks raviks \u00f5igesti. F\u00fc\u00fcsiline s\u00f5ltuvus v\u00f5ib ravi j\u00e4rsul katkestamisel p\u00f5hjustada \u00e4raj\u00e4tun\u00e4hte, kuid neid saab hallata annust j\u00e4rk-j\u00e4rgult v\u00e4hendades. <strong>Opioidanalgeetikumide REMS programm<\/strong> Morfiini levitatakse piiratud programmi nimega Opioid Analgeetikum REMS (riskide hindamise ja leevendamise strateegia) raames, et tagada selle ohutu kasutamine. <strong>K\u00f5rvalm\u00f5jud<\/strong> Levinud k\u00f5rvaltoimed on j\u00e4rgmised:     <\/p>\n<ul>\n<li>Unisus v\u00f5i peap\u00f6\u00f6ritus<\/li>\n<li>Iiveldus ja oksendamine<\/li>\n<li>K\u00f5hukinnisus<\/li>\n<li>Peavalu<\/li>\n<li>Suukuivus<\/li>\n<\/ul>\n<p> Nende k\u00f5rvaltoimete juhtimiseks: <\/p>\n<ul>\n<li>Olge autojuhtimisel v\u00f5i masinatega t\u00f6\u00f6tades ettevaatlik.<\/li>\n<li>V\u00e4ltige alkoholi.<\/li>\n<li>Iivelduse korral pidage n\u00f5u oma arstiga iiveldusevastaste ravimite osas.<\/li>\n<li>Tegelege k\u00f5hukinnisusega, v\u00f5ttes etten\u00e4htud lahtisteid ning suurendades kiudainete ja vee tarbimist.<\/li>\n<\/ul>\n<p><strong>S\u00f5ltuvus ja s\u00f5ltuvus Kuigi <\/strong> s\u00f5ltuvus on l\u00fchiajalise v\u00f5i terminaalse haiguse korral haruldane, v\u00f5ib m\u00f5nel inimesel olla suurem risk, eriti neil, kellel on varem esinenud vaimse tervise probleeme v\u00f5i uimastite kuritarvitamist. S\u00f5ltuvusohu minimeerimiseks tuleks morfiini kasutada v\u00f5imalikult l\u00fchikest aega ja v\u00e4ikseimas efektiivses annuses. T\u00f6\u00f6tage koos oma arstiga v\u00e4lja plaan ravimi kasutamise l\u00f5petamiseks, kui see on vajalik. T\u00f5sised k\u00f5rvaltoimed P\u00f6\u00f6rduge viivitamatult <strong>arsti poole, kui teil tekib: <\/strong>   <\/p>\n<ul>\n<li>Hingamisraskused v\u00f5i ebaregulaarne hingamine<\/li>\n<li>Raske nahal\u00f6\u00f6ve v\u00f5i s\u00fcgelus<\/li>\n<li>N\u00e4gemine muutub<\/li>\n<\/ul>\n<p> \u00dcksikasjalikuma teabe saamiseks k\u00f5rvaltoimete haldamise ja Morphine&#8217;i ohutu kasutamise kohta vaadake meie p\u00f5hjalikke ressursse.<\/p>\n","protected":false},"excerpt":{"rendered":"<p>Buy Morphine Online. Morphine is used for the relief of severe pain or moderate severe pain caused by a terminal illness such as cancer. Morphine for sale online. Where to buy morphine online. <strong>Morphine Sulfate injections USP available<\/strong><strong>10mg\/ml<\/strong><strong>15mg\/ml<\/strong><strong>50mg\/ml<\/strong><strong>25mg\/ml<\/strong><strong>300mg\/20ml<\/strong><strong>1,000mg\/20ml<\/strong><strong>Morphine Tablets available<\/strong><strong>10mg<\/strong><strong>15mg<\/strong><strong>30mg<\/strong><strong>60mg<\/strong>   <\/p>\n","protected":false},"featured_media":19953,"comment_status":"open","ping_status":"closed","template":"","meta":{"om_disable_all_campaigns":false,"_sitemap_exclude":false,"_sitemap_priority":"","_sitemap_frequency":"","_monsterinsights_skip_tracking":false,"_monsterinsights_sitenote_active":false,"_monsterinsights_sitenote_note":"","_monsterinsights_sitenote_category":0},"product_cat":[10538],"product_tag":[11705,11692,11688,11697,11694,11691,11690,11699,11696,11703,11702,11698,11701,11704,11706,11707,11700,11686,11687,11693,11695,11689],"class_list":{"0":"post-25435","1":"product","2":"type-product","3":"status-publish","4":"has-post-thumbnail","6":"product_cat-pijnstillers-et","7":"product_tag-autentne-morphine-europe","8":"product_tag-kui-palju-on-morfiin","9":"product_tag-kust-osta-morfiini-internetis","10":"product_tag-kust-osta-morphine-europe","11":"product_tag-morfiin-euroopa-parima-hinnaga","12":"product_tag-morfiini-muuk-internetis","13":"product_tag-morfiini-toime","14":"product_tag-morfiini-veebipood-euroopa","15":"product_tag-morfiinivaba-saatmine-euroopasse","16":"product_tag-morphine-europe-allahindlus","17":"product_tag-morphine-europe-kauplus","18":"product_tag-morphine-europe-muuk","19":"product_tag-morphine-europe-pakkumised","20":"product_tag-morphine-europe-tarne","21":"product_tag-morphine-europe-tarnijad","22":"product_tag-morphine-europe-ulevaade","23":"product_tag-odav-morphine-europe","24":"product_tag-osta-morfiini","25":"product_tag-osta-morfiini-veebist","26":"product_tag-ostke-morfiini-internetist-euroopas","27":"product_tag-telli-morphine-eu","28":"product_tag-tellige-morfiini-internetist","30":"first","31":"instock","32":"shipping-taxable","33":"purchasable","34":"product-type-variable","35":"farmacie-col","36":"product-has-gallery"},"aioseo_notices":[],"_links":{"self":[{"href":"https:\/\/lacasadelamedicina.es\/et\/wp-json\/wp\/v2\/product\/25435"}],"collection":[{"href":"https:\/\/lacasadelamedicina.es\/et\/wp-json\/wp\/v2\/product"}],"about":[{"href":"https:\/\/lacasadelamedicina.es\/et\/wp-json\/wp\/v2\/types\/product"}],"replies":[{"embeddable":true,"href":"https:\/\/lacasadelamedicina.es\/et\/wp-json\/wp\/v2\/comments?post=25435"}],"wp:featuredmedia":[{"embeddable":true,"href":"https:\/\/lacasadelamedicina.es\/et\/wp-json\/wp\/v2\/media\/19953"}],"wp:attachment":[{"href":"https:\/\/lacasadelamedicina.es\/et\/wp-json\/wp\/v2\/media?parent=25435"}],"wp:term":[{"taxonomy":"product_cat","embeddable":true,"href":"https:\/\/lacasadelamedicina.es\/et\/wp-json\/wp\/v2\/product_cat?post=25435"},{"taxonomy":"product_tag","embeddable":true,"href":"https:\/\/lacasadelamedicina.es\/et\/wp-json\/wp\/v2\/product_tag?post=25435"}],"curies":[{"name":"wp","href":"https:\/\/api.w.org\/{rel}","templated":true}]}}