{"id":25402,"date":"2024-08-11T12:20:47","date_gmt":"2024-08-11T12:20:47","guid":{"rendered":"https:\/\/lacasadelamedicina.es\/product\/ostke-opana-veebist\/"},"modified":"2024-09-03T18:16:12","modified_gmt":"2024-09-03T18:16:12","slug":"ostke-opana-veebist","status":"publish","type":"product","link":"https:\/\/lacasadelamedicina.es\/et\/toode\/ostke-opana-veebist\/","title":{"rendered":"Ostke Opana veebist"},"content":{"rendered":"<h1 class=\"product_title entry-title\">Ostke Opana veebist<\/h1>\n<p> Oks\u00fcmorfoon on v\u00f5imas opioidanalgeetikum, mida kasutatakse tugeva valu leevendamiseks. See on tugevam kui morfiin (kolm korda), h\u00fcdrokodoon (kaks korda) ja oks\u00fckodoon (kaks korda). See ravim on saadaval toimeainet viivitamatult vabastavate ja pikendatud vabanemisega ravimvormidena, mille toime algab umbes 5\u201310 minutit p\u00e4rast s\u00fcstimist ja 30 minutit p\u00e4rast suukaudset manustamist. Kiiresti vabastavad tabletid annavad leevendust 3\u20134 tunniks, toimeainet prolongeeritult vabastavad tabletid aga kuni 12 tundi. Ravimit kasutatakse k\u00f5ige sagedamini suukaudselt, kuna selle eliminatsiooni poolv\u00e4\u00e4rtusaeg on kiirem intravenoossel manustamisel. Nagu oks\u00fckodoonil, on ka oks\u00fcmorfoonil suur kuritarvitamise potentsiaal.      <strong>Saadaval olevad Opana tugevused:<\/strong><\/p>\n<ul>\n<li><strong>Kohe vabastamine:<\/strong> 5 mg, 10 mg<\/li>\n<li><strong>Opana ER (laiendatud v\u00e4ljalaskega):<\/strong> 5 mg, 7,5 mg, 10 mg, 15 mg, 20 mg, 30 mg, 40 mg<\/li>\n<\/ul>\n<p><strong>Kasutuskriteeriumid:<\/strong> Opana on ette n\u00e4htud m\u00f5\u00f5duka kuni tugeva valu korral, kui opioidi peetakse sobivaks. Seda tuleks kasutada valuravi spetsialisti j\u00e4relevalve all. Patsiendil pidid olema k\u00f5igist teistest opioidivalikutest tulenevad talumatud k\u00f5rvaln\u00e4hud, mis takistasid piisavat valu kontrolli.   <strong>Olulised hoiatused:<\/strong><\/p>\n<ul>\n<li>Opana kombineerimine alkoholiga v\u00f5ib suurendada plasmakontsentratsiooni ja raske toksilisuse riski.<\/li>\n<li>V\u00f5tke Opana t\u00fchja k\u00f5huga, et v\u00e4ltida toidust p\u00f5hjustatud imendumiskiiruse 50% suurenemist.<\/li>\n<\/ul>\n<p><strong>Teave annustamise kohta:<\/strong><\/p>\n<ul>\n<li><strong>Uutele kasutajatele v\u00f5i neile, kes ei talu opioide:<\/strong> alustage 5 mg Opana ER-iga iga 12 tunni j\u00e4rel.<\/li>\n<li><strong>\u00dcleminek viivitamatult vabastavast oks\u00fcmorfoonist pikendatud vabanemisega oks\u00fcmorfooniks:<\/strong> kasutage toimeainet viivitamatult vabastava oks\u00fcmorfooni \u00f6\u00f6p\u00e4evast koguannust, manustades poole sellest annusest pikendatud vabanemisega tablettidena iga 12 tunni j\u00e4rel.<\/li>\n<li><strong>\u00dcleminek muudest suukaudsetest opioididest:<\/strong> l\u00f5petage Opana ER k\u00e4ivitamisel k\u00f5ik muud \u00f6\u00f6p\u00e4evaringselt kasutatavad opioidid. 24-tunnise suukaudse oks\u00fcmorfooni vajaduse hindamiseks kasutage avaldatud tugevustabeleid v\u00f5i j\u00e4rgmisi teisendustegureid:\n<ul>\n<li>H\u00fcdrokodoon, oks\u00fckodoon, metadoon: konversioonitegur (CF) = 0,5<\/li>\n<li>Morfiin: CF = 0,333<\/li>\n<li>N\u00e4ide: 24-tunnise oks\u00fcmorfooni annuse saamiseks korrutage eelneva opioidi p\u00e4evane koguannus CF-ga, seej\u00e4rel jagage 2-ga, et saada algannus iga 12 tunni j\u00e4rel. Reguleerige vastavalt vajadusele. <\/li>\n<\/ul>\n<\/li>\n<\/ul>\n<p><strong>K\u00f5rvalm\u00f5jud:<\/strong> p\u00f6\u00f6rduge viivitamatult arsti poole allergilise reaktsiooni n\u00e4htude korral, nagu n\u00f5gest\u00f5bi, hingamisraskused v\u00f5i n\u00e4o, huulte, keele v\u00f5i turse. kurgus. T\u00f5sised k\u00f5rvaltoimed v\u00f5ivad h\u00f5lmata:  <\/p>\n<ul>\n<li>Hingamine on aeglustunud v\u00f5i peatunud<\/li>\n<li>Peap\u00f6\u00f6ritus v\u00f5i minestamine<\/li>\n<li>Krambid<\/li>\n<li>Valu rinnus, vilistav hingamine v\u00f5i k\u00f6ha koos v\u00e4rvunud limaga<\/li>\n<li>Tugev oksendamine<\/li>\n<li>Serotoniinis\u00fcndroomi s\u00fcmptomid: agitatsioon, hallutsinatsioonid, palavik, higistamine, k\u00fclmav\u00e4rinad, kiire pulss, lihaste j\u00e4ikus, iiveldus, oksendamine, k\u00f5hulahtisus<\/li>\n<li>Madal kortisooli tase: iiveldus, oksendamine, isutus, pearinglus, v\u00e4simus<\/li>\n<\/ul>\n<p> Vanematel t\u00e4iskasvanutel ja neil, kes on \u00fclekaalulised, alatoidetud v\u00f5i n\u00f5rgad, v\u00f5ib olla suurem risk t\u00f5siste k\u00f5rvaltoimete tekkeks. <strong>\u00c4raj\u00e4\u00e4nud annus:<\/strong> kui annus j\u00e4\u00e4b vahele, j\u00e4tke see vahele, kui on peaaegu k\u00e4es j\u00e4rgmise annuse v\u00f5tmise aeg. \u00c4rge kahekordistage annust. J\u00e4rgige alati oma tervishoiuteenuse osutaja juhiseid ja konsulteerige nendega, kui teil on Opana kasutamise kohta k\u00fcsimusi v\u00f5i muresid.<\/p>\n","protected":false},"excerpt":{"rendered":"<p>Ostke Opana veebist. Oks\u00fcmorfoon on morfiini tugev narkootiline asendaja. see on v\u00e4ga tugev opioidanalgeetikum, mis on n\u00e4idustatud tugeva valu raviks. Kust osta Opana Internetis.   <\/p>\n","protected":false},"featured_media":19998,"comment_status":"open","ping_status":"closed","template":"","meta":{"om_disable_all_campaigns":false,"_sitemap_exclude":false,"_sitemap_priority":"","_sitemap_frequency":"","_monsterinsights_skip_tracking":false,"_monsterinsights_sitenote_active":false,"_monsterinsights_sitenote_note":"","_monsterinsights_sitenote_category":0},"product_cat":[10538],"product_tag":[11661,11648,11653,11644,11656,11660,11654,11657,11658,11663,11659,11662,11646,11647,11650,11652,11655,11642,11649,11643,11651,11645],"class_list":{"0":"post-25402","1":"product","2":"type-product","3":"status-publish","4":"has-post-thumbnail","6":"product_cat-pijnstillers-et","7":"product_tag-autentne-opana-euroopa","8":"product_tag-kui-palju-on-opana","9":"product_tag-kust-osta-opana-europe","10":"product_tag-kust-osta-opana-internetis","11":"product_tag-odav-opana-euroopa","12":"product_tag-opana-euroopa-kohaletoimetamine","13":"product_tag-opana-euroopa-muuk","14":"product_tag-opana-euroopa-pakkumised","15":"product_tag-opana-euroopa-pood","16":"product_tag-opana-euroopa-ulevaade","17":"product_tag-opana-europe-allahindlus","18":"product_tag-opana-europe-tarnijad","19":"product_tag-opana-moju","20":"product_tag-opana-muuk-internetis","21":"product_tag-opana-parim-hind-euroopas","22":"product_tag-opana-tasuta-kohaletoimetamine-euroopasse","23":"product_tag-opana-veebipood-euroopa","24":"product_tag-osta-opana","25":"product_tag-ostke-opana-internetist-euroopas","26":"product_tag-ostke-opana-veebist","27":"product_tag-telli-opana-eu","28":"product_tag-telli-opana-veebist","30":"first","31":"instock","32":"shipping-taxable","33":"purchasable","34":"product-type-variable","35":"farmacie-col","36":"product-has-gallery"},"aioseo_notices":[],"_links":{"self":[{"href":"https:\/\/lacasadelamedicina.es\/et\/wp-json\/wp\/v2\/product\/25402"}],"collection":[{"href":"https:\/\/lacasadelamedicina.es\/et\/wp-json\/wp\/v2\/product"}],"about":[{"href":"https:\/\/lacasadelamedicina.es\/et\/wp-json\/wp\/v2\/types\/product"}],"replies":[{"embeddable":true,"href":"https:\/\/lacasadelamedicina.es\/et\/wp-json\/wp\/v2\/comments?post=25402"}],"wp:featuredmedia":[{"embeddable":true,"href":"https:\/\/lacasadelamedicina.es\/et\/wp-json\/wp\/v2\/media\/19998"}],"wp:attachment":[{"href":"https:\/\/lacasadelamedicina.es\/et\/wp-json\/wp\/v2\/media?parent=25402"}],"wp:term":[{"taxonomy":"product_cat","embeddable":true,"href":"https:\/\/lacasadelamedicina.es\/et\/wp-json\/wp\/v2\/product_cat?post=25402"},{"taxonomy":"product_tag","embeddable":true,"href":"https:\/\/lacasadelamedicina.es\/et\/wp-json\/wp\/v2\/product_tag?post=25402"}],"curies":[{"name":"wp","href":"https:\/\/api.w.org\/{rel}","templated":true}]}}