{"id":25342,"date":"2024-08-11T12:46:15","date_gmt":"2024-08-11T12:46:15","guid":{"rendered":"https:\/\/lacasadelamedicina.es\/product\/ostke-oksukodooni-veebist\/"},"modified":"2024-09-03T17:48:22","modified_gmt":"2024-09-03T17:48:22","slug":"ostke-oksukodooni-veebist","status":"publish","type":"product","link":"https:\/\/lacasadelamedicina.es\/et\/toode\/ostke-oksukodooni-veebist\/","title":{"rendered":"Ostke oks\u00fckodooni veebist"},"content":{"rendered":"<h1 class=\"product_title entry-title\">Ostke oks\u00fckodooni veebist<\/h1>\n<p> Oks\u00fckodoon on v\u00f5imas opioid, mida kasutatakse tugeva valu leevendamiseks, kui teised valuvaigistid on ebaefektiivsed v\u00f5i talumatud. See kuulub narkootiliste analgeetikumide klassi, mis on spetsiaalselt valu leevendamiseks loodud ravimid. Keskn\u00e4rvis\u00fcsteemile (KNS) m\u00f5judes aitab oks\u00fckodoon toime tulla nii m\u00f5\u00f5duka kui ka tugeva \u00e4geda v\u00f5i kroonilise valuga, kui alternatiivsed ravimeetodid on ebapiisavad.   <\/p>\n<h3><strong>Kuidas oks\u00fckodooni kuritarvitatakse?<\/strong><\/h3>\n<p> Uuringud on n\u00e4idanud, et oks\u00fckodoon v\u00f5ib m\u00e4rkimisv\u00e4\u00e4rselt parandada kroonilise valuga inimeste elukvaliteeti. Selle keemiline struktuur on tihedalt seotud kodeiiniga, kuid sisaldab modifikatsioone, nagu h\u00fcdroks\u00fcr\u00fchm s\u00fcsinik-14 juures, 7,8-dih\u00fcdroomadus ja karbon\u00fc\u00fclr\u00fchm, mis asendab kodeiini h\u00fcdroks\u00fc\u00fclr\u00fchma. See sarnaneb ka h\u00fcdrokodooniga, erineb ainult h\u00fcdroks\u00fc\u00fclr\u00fchma olemasolust s\u00fcsinik-14 juures.   <\/p>\n<h3><strong>Milline on selle m\u00f5ju kehale?<\/strong><\/h3>\n<p> Oks\u00fckodooni tuntakse t\u00e4navatel tavaliselt selliste nimede j\u00e4rgi nagu Hillbilly Heroin, Kicker, OC, Ox, Roxy, Perc ja Oxy. See on saadaval erinevates vormides, sealhulgas toimeainet prolongeeritult vabastavate tablettidena (OxyContin\u00ae) tugevustega 10, 20, 40 ja 80 mg ning toimeainet viivitamatult vabastavate kapslitena, nagu 5 mg OxyIR. Lisaks sisaldub see kombineeritud toodetes, nagu Percodan\u00ae aspiriiniga ja Roxicet atsetaminofeeniga. <strong>Oks\u00fckodooni kuritarvitamine:<\/strong> oks\u00fckodooni kuritarvitatakse sageli tablettide purustamisel ja pulbri norskamisel, vees lahustamisel ja lahuse s\u00fcstimisel v\u00f5i tablettide fooliumil kuumutamisel. ja aurude sissehingamine. <strong>M\u00f5ju meelele:<\/strong> ravim kutsub tavaliselt esile eufooriat ja l\u00f5\u00f5gastust, mis aitab kaasa selle suurele kuritarvitamise v\u00f5imalusele. <strong>M\u00f5ju kehale:<\/strong> oks\u00fckodoon leevendab valu, rahustab ja p\u00e4rsib k\u00f6ha, kuid v\u00f5ib p\u00f5hjustada ka hingamisdepressiooni, k\u00f5hukinnisust ja pupillide ahenemist. Krooniline kasutamine, eriti atsetaminofeeniga, v\u00f5ib p\u00f5hjustada t\u00f5sist maksakahjustust. \u00dcleannustamise s\u00fcmptomiteks on \u00e4\u00e4rmine unisus, lihasn\u00f5rkus, segasus, k\u00fclm ja niiske nahk, pupillid, pindmine hingamine, aeglane s\u00fcdame l\u00f6\u00f6gisagedus, minestamine, kooma ja v\u00f5imalik surm.<\/p>\n","protected":false},"excerpt":{"rendered":"<p>Oks\u00fckodoon on v\u00f5imas opioidravim, mida kasutatakse tugeva valu leevendamiseks, mis n\u00f5uab opioidravi. See on klassifitseeritud narkootiliseks valuvaigistiks, mis on teatud t\u00fc\u00fcpi valuvaigistav ravim. <\/p>\n","protected":false},"featured_media":20043,"comment_status":"open","ping_status":"closed","template":"","meta":{"om_disable_all_campaigns":false,"_sitemap_exclude":false,"_sitemap_priority":"","_sitemap_frequency":"","_monsterinsights_skip_tracking":false,"_monsterinsights_sitenote_active":false,"_monsterinsights_sitenote_note":"","_monsterinsights_sitenote_category":0},"product_cat":[10538],"product_tag":[11639,11626,11622,11631,11634,11628,11625,11630,11624,11620,11621,11627,11533,11637,11638,11632,11635,11636,11640,11641,11633,11629,11623,11601],"class_list":{"0":"post-25342","1":"product","2":"type-product","3":"status-publish","4":"has-post-thumbnail","6":"product_cat-pijnstillers-et","7":"product_tag-autentne-oxycodone-europe","8":"product_tag-kui-palju-on-oksukodoon","9":"product_tag-kust-osta-oksukodooni-internetis","10":"product_tag-kust-osta-oxycodone-europe","11":"product_tag-odav-oxycodone-europe","12":"product_tag-oksukodoon-euroopa-parima-hinnaga","13":"product_tag-oksukodooni-muuk-internetis","14":"product_tag-oksukodooni-tasuta-kohaletoimetamine-euroopasse","15":"product_tag-oksukodooni-toime","16":"product_tag-osta-oksukodooni","17":"product_tag-ostke-oksukodooni-veebist","18":"product_tag-ostke-oxycodone-internetist-euroopas","19":"product_tag-ostke-roxicodone-veebist","20":"product_tag-oxycodone-europe-allahindlus","21":"product_tag-oxycodone-europe-kohaletoimetamine","22":"product_tag-oxycodone-europe-muuk","23":"product_tag-oxycodone-europe-pakkumised","24":"product_tag-oxycodone-europe-pood","25":"product_tag-oxycodone-europe-tarnijad","26":"product_tag-oxycodone-europe-ulevaade","27":"product_tag-oxycodone-veebipood-euroopa","28":"product_tag-telli-oxycodone-eu","29":"product_tag-tellige-oxycodone-veebist","30":"product_tag-tellige-oxycontin-veebist","32":"first","33":"instock","34":"shipping-taxable","35":"purchasable","36":"product-type-variable","37":"farmacie-col","38":"product-has-gallery"},"aioseo_notices":[],"_links":{"self":[{"href":"https:\/\/lacasadelamedicina.es\/et\/wp-json\/wp\/v2\/product\/25342"}],"collection":[{"href":"https:\/\/lacasadelamedicina.es\/et\/wp-json\/wp\/v2\/product"}],"about":[{"href":"https:\/\/lacasadelamedicina.es\/et\/wp-json\/wp\/v2\/types\/product"}],"replies":[{"embeddable":true,"href":"https:\/\/lacasadelamedicina.es\/et\/wp-json\/wp\/v2\/comments?post=25342"}],"wp:featuredmedia":[{"embeddable":true,"href":"https:\/\/lacasadelamedicina.es\/et\/wp-json\/wp\/v2\/media\/20043"}],"wp:attachment":[{"href":"https:\/\/lacasadelamedicina.es\/et\/wp-json\/wp\/v2\/media?parent=25342"}],"wp:term":[{"taxonomy":"product_cat","embeddable":true,"href":"https:\/\/lacasadelamedicina.es\/et\/wp-json\/wp\/v2\/product_cat?post=25342"},{"taxonomy":"product_tag","embeddable":true,"href":"https:\/\/lacasadelamedicina.es\/et\/wp-json\/wp\/v2\/product_tag?post=25342"}],"curies":[{"name":"wp","href":"https:\/\/api.w.org\/{rel}","templated":true}]}}