{"id":25295,"date":"2024-08-11T13:08:06","date_gmt":"2024-08-11T13:08:06","guid":{"rendered":"https:\/\/lacasadelamedicina.es\/product\/ostke-oxycontini-veebist\/"},"modified":"2024-09-03T17:44:32","modified_gmt":"2024-09-03T17:44:32","slug":"ostke-oxycontini-veebist","status":"publish","type":"product","link":"https:\/\/lacasadelamedicina.es\/et\/toode\/ostke-oxycontini-veebist\/","title":{"rendered":"Ostke OxyContini veebist"},"content":{"rendered":"<h1 class=\"product_title entry-title\">Ostke OXYCONTIN Internetist<\/h1>\n<p><strong>Ostke OxyContini veebist<\/strong> OxyContin on v\u00f5imas retseptiravim, mida kasutatakse tugeva valu leevendamiseks, mis n\u00f5uab pidevat pikaajalist opioidravi. See on ette n\u00e4htud juhul, kui muud valuvaigistid, sealhulgas mitteopioidsed valuvaigistid v\u00f5i koheselt vabastavad opioidid, on osutunud ebapiisavaks v\u00f5i talumatuks. Oks\u00fckodoon, mis on saadaval selliste kaubam\u00e4rkide all nagu OxyContin ja Roxicodone, on pools\u00fcnteetiline opioid, mida kasutatakse m\u00f5\u00f5duka kuni tugeva valu raviks. Tavaliselt v\u00f5etakse seda suukaudselt ja see on saadaval nii kohese kui ka kontrollitud vabanemisega ravimvormidena. Koheselt vabastav oks\u00fckodoon hakkab valu leevendama ligikaudu 15 minuti jooksul ja kestab kuni kuus tundi. \u00dchendkuningriigis on see saadaval ka s\u00fcstelahusena. Oks\u00fckodooni v\u00f5ib kombineerida teiste ravimitega, nagu atsetaminofeen, ibuprofeen, naloksoon, naltreksoon ja aspiriin. See ravim on m\u00f5eldud p\u00fcsiva tugeva valu, n\u00e4iteks v\u00e4higa seotud valu, raviks. Oks\u00fckodoon toimib, muutes seda, kuidas teie aju valu tajub ja sellele reageerib. Suuremaid annuseid (\u00fcle 40 milligrammi tableti kohta) tohib kasutada ainult siis, kui olete regulaarselt kasutanud opioidseid valuvaigisteid, kuna on \u00fcleannustamise v\u00f5i surmaoht, kui seda kasutab inimene, kes pole opioididega harjunud. Oks\u00fckodooni toimeainet prolongeeritult vabastav vorm ei ole ette n\u00e4htud kerge v\u00f5i l\u00fchiajalise valu korral.           <strong>Levinud k\u00f5rvaltoimed:<\/strong><\/p>\n<ul>\n<li>Eufooria<\/li>\n<li>K\u00f5hukinnisus<\/li>\n<li>Iiveldus ja oksendamine<\/li>\n<li>S\u00f6\u00f6giisu kaotus<\/li>\n<li>Unisus<\/li>\n<li>Pearinglus<\/li>\n<li>S\u00fcgelemine<\/li>\n<li>Suukuivus<\/li>\n<li>Higistamine<\/li>\n<\/ul>\n<p> V\u00f5imalike t\u00f5siste k\u00f5rvaltoimete hulka kuuluvad s\u00f5ltuvus, s\u00f5ltuvus, \u00e4rrituvus, depressioon v\u00f5i maania, deliirium, hallutsinatsioonid, aeglustunud hingamine, gastroparees, brad\u00fckardia ja h\u00fcpotensioon. Kodeiini suhtes allergilised inimesed v\u00f5ivad reageerida ka oks\u00fckodoonile. Oks\u00fckodooni kasutamist raseduse alguses peetakse \u00fcldiselt suhteliselt ohutuks. Oks\u00fckodooni kasutamise kiire katkestamine v\u00f5ib p\u00f5hjustada \u00e4raj\u00e4tun\u00e4hte. Ravim aktiveerib \u03bc-opioidiretseptori ja on suukaudsel manustamisel ligikaudu 1,5 korda efektiivsem kui morfiin. OxyContin on saadaval toimeainet kontrollitult vabastava tabletina, mis on ette n\u00e4htud manustamiseks iga 12 tunni j\u00e4rel. Uuringud on n\u00e4idanud, et toimeainet kontrollitult vabastav oks\u00fckodoon on v\u00f5rreldav toimeainet viivitamatult vabastavate oks\u00fckodooni, morfiini ja h\u00fcdromorfooniga m\u00f5\u00f5duka kuni tugeva v\u00e4hivalu leevendamisel ning sellel on v\u00e4hem k\u00f5rvaltoimeid kui morfiinil. 2014. aastal soovitas Euroopa Palliatiivravi Assotsiatsioon oks\u00fckodooni teise valiku raviv\u00f5imalusena morfiini k\u00f5rval v\u00e4hivalu korral.<\/p>\n","protected":false},"excerpt":{"rendered":"<div class=\"flex-shrink-0 flex flex-col relative items-end\">\n<div>\n<div class=\"pt-0\">\n<div class=\"gizmo-bot-avatar flex h-8 w-8 items-center justify-center overflow-hidden rounded-full\">\n<div class=\"relative p-1 rounded-sm flex items-center justify-center bg-token-main-surface-primary text-token-text-primary h-8 w-8\"><strong>Ostke OxyContini veebist <\/strong>OxyContin on tugev retseptiravim, mis on v\u00e4lja kirjutatud tugeva valu leevendamiseks, mis n\u00f5uab pidevat pikaajalist opioidravi. Seda kasutatakse juhul, kui muud valuvaigistamisv\u00f5imalused on ebapiisavad ja vajavad valu t\u00f5husaks kontrollimiseks igap\u00e4evast \u00f6\u00f6p\u00e4evaringset kasutamist. <\/div>\n<\/div>\n<\/div>\n<\/div>\n<\/div>\n","protected":false},"featured_media":20073,"comment_status":"open","ping_status":"closed","template":"","meta":{"om_disable_all_campaigns":false,"_sitemap_exclude":false,"_sitemap_priority":"","_sitemap_frequency":"","_monsterinsights_skip_tracking":false,"_monsterinsights_sitenote_active":false,"_monsterinsights_sitenote_note":"","_monsterinsights_sitenote_category":0},"product_cat":[10538],"product_tag":[11609,11600,11612,11598,11621,11605,11599,11606,11608,11611,11603,11601],"class_list":{"0":"post-25295","1":"product","2":"type-product","3":"status-publish","4":"has-post-thumbnail","6":"product_cat-pijnstillers-et","7":"product_tag-kust-osta-oxycontin-europe","8":"product_tag-kust-osta-oxycontin-veebis","9":"product_tag-odav-oxycontin-euroopa","10":"product_tag-osta-oxycontin","11":"product_tag-ostke-oksukodooni-veebist","12":"product_tag-ostke-oxycontin-internetist-euroopas","13":"product_tag-ostke-oxycontin-veebist","14":"product_tag-oxycontin-parima-hinnaga-euroopas","15":"product_tag-oxycontin-tasuta-kohaletoimetamine-euroopasse","16":"product_tag-oxycontin-veebipood-euroopa","17":"product_tag-oxycontini-muuk-internetis","18":"product_tag-tellige-oxycontin-veebist","20":"first","21":"instock","22":"shipping-taxable","23":"purchasable","24":"product-type-variable","25":"farmacie-col"},"aioseo_notices":[],"_links":{"self":[{"href":"https:\/\/lacasadelamedicina.es\/et\/wp-json\/wp\/v2\/product\/25295"}],"collection":[{"href":"https:\/\/lacasadelamedicina.es\/et\/wp-json\/wp\/v2\/product"}],"about":[{"href":"https:\/\/lacasadelamedicina.es\/et\/wp-json\/wp\/v2\/types\/product"}],"replies":[{"embeddable":true,"href":"https:\/\/lacasadelamedicina.es\/et\/wp-json\/wp\/v2\/comments?post=25295"}],"wp:featuredmedia":[{"embeddable":true,"href":"https:\/\/lacasadelamedicina.es\/et\/wp-json\/wp\/v2\/media\/20073"}],"wp:attachment":[{"href":"https:\/\/lacasadelamedicina.es\/et\/wp-json\/wp\/v2\/media?parent=25295"}],"wp:term":[{"taxonomy":"product_cat","embeddable":true,"href":"https:\/\/lacasadelamedicina.es\/et\/wp-json\/wp\/v2\/product_cat?post=25295"},{"taxonomy":"product_tag","embeddable":true,"href":"https:\/\/lacasadelamedicina.es\/et\/wp-json\/wp\/v2\/product_tag?post=25295"}],"curies":[{"name":"wp","href":"https:\/\/api.w.org\/{rel}","templated":true}]}}