{"id":25228,"date":"2024-08-11T14:20:08","date_gmt":"2024-08-11T14:20:08","guid":{"rendered":"https:\/\/lacasadelamedicina.es\/product\/ostke-roxicodone-veebist\/"},"modified":"2024-08-11T14:20:08","modified_gmt":"2024-08-11T14:20:08","slug":"ostke-roxicodone-veebist","status":"publish","type":"product","link":"https:\/\/lacasadelamedicina.es\/et\/toode\/ostke-roxicodone-veebist\/","title":{"rendered":"Ostke Roxicodone veebist"},"content":{"rendered":"<h1 class=\"product_title entry-title\">Ostke Roxicodone veebist<\/h1>\n<p> Roksikodoon on tugev retseptiravim, mida kasutatakse tugeva valu leevendamiseks, kui muud ravimeetodid, n\u00e4iteks mitteopioidsed valuvaigistid, on ebaefektiivsed v\u00f5i talumatud. Selle opioidravimiga kaasneb \u00fcleannustamise ja surma oht ning isegi \u00f5ige kasutamine vastavalt retseptile v\u00f5ib p\u00f5hjustada s\u00f5ltuvust, kuritarvitamist ja v\u00e4\u00e4rkasutamist. <strong>Oluline teave enne Roxicodone&#8217;i v\u00f5tmist:<\/strong> \u00c4rge kasutage Roxicodone&#8217;i, kui:  <\/p>\n<ul>\n<li>Kas olete oks\u00fckodooni suhtes allergiline.<\/li>\n<li>Kui teil on raske astma v\u00f5i hingamisprobleemid.<\/li>\n<li>Kas maos v\u00f5i sooltes on ummistus.<\/li>\n<li>ei ole juba sarnase opioidravimi suhtes tolerantne.<\/li>\n<\/ul>\n<p> Roksikodooni ei ole \u00fcldiselt heaks kiidetud alla 18-aastastel isikutel. Roxicodone\u2019i ohutuse tagamiseks teavitage oma arsti, kui teil on:  <\/p>\n<ul>\n<li>Hingamisprobleemid v\u00f5i uneapnoe.<\/li>\n<li>Peavigastuste v\u00f5i krambihoogude ajalugu.<\/li>\n<li>Narko- v\u00f5i alkoholis\u00f5ltuvus v\u00f5i vaimse tervise h\u00e4ired.<\/li>\n<li>Maksa- v\u00f5i neeruhaigus.<\/li>\n<li>Probleemid urineerimisel.<\/li>\n<li>Probleemid sapip\u00f5ie, k\u00f5hun\u00e4\u00e4rme v\u00f5i kilpn\u00e4\u00e4rmega.<\/li>\n<\/ul>\n<p> Raseduse ajal kasutamisel v\u00f5ib Roxicodone p\u00f5hjustada lapse s\u00f5ltuvust, p\u00f5hjustades potentsiaalselt eluohtlikke \u00e4raj\u00e4tun\u00e4hte, mis v\u00f5ivad vajada mitmen\u00e4dalast arstiabi. <strong>Roxicodone&#8217;i k\u00f5rvaltoimed:<\/strong> P\u00f6\u00f6rduge kiirabi poole, kui teil tekivad allergilise reaktsiooni n\u00e4hud, sealhulgas: <\/p>\n<ul>\n<li>N\u00f5gest\u00f5bi<\/li>\n<li>Hingamisraskused<\/li>\n<li>N\u00e4o, huulte, keele v\u00f5i k\u00f5ri turse<\/li>\n<\/ul>\n<p> Roksikodoon v\u00f5ib hingamist aeglustada v\u00f5i peatada, mis v\u00f5ib l\u00f5ppeda surmaga. Veenduge, et keegi teie \u00fcmber on valmis naloksooni manustama, ja p\u00f6\u00f6rduge viivitamatult arsti poole, kui teil tekib aeglane hingamine, sinakad huuled v\u00f5i \u00e4rkamisraskused. V\u00f5tke kohe \u00fchendust oma arstiga, kui teil on:   <\/p>\n<ul>\n<li>M\u00fcrakas v\u00f5i pinnapealne hingamine v\u00f5i hingamish\u00e4ired une ajal<\/li>\n<li>Aeglane pulss v\u00f5i n\u00f5rk pulss<\/li>\n<li>Peap\u00f6\u00f6ritus v\u00f5i minestamine<\/li>\n<li>Segadus v\u00f5i ebatavaline k\u00e4itumine<\/li>\n<li>Krambid<\/li>\n<li>Madal kortisooli tase, mis p\u00f5hjustab selliseid s\u00fcmptomeid nagu iiveldus, oksendamine, isutus, pearinglus ja \u00e4\u00e4rmine v\u00e4simus<\/li>\n<li>K\u00f5rge serotoniinitase, millele viitavad agiteeritus, hallutsinatsioonid, palavik, higistamine, v\u00e4risemine, kiire pulss, lihaste j\u00e4ikus, t\u00f5mblused, koordinatsioonikaotus, iiveldus, oksendamine v\u00f5i k\u00f5hulahtisus<\/li>\n<\/ul>\n<p> T\u00f5sised hingamisprobleemid on sagedamini vanematel t\u00e4iskasvanutel ja neil, kellel on kroonilised hingamish\u00e4ired v\u00f5i rasked terviseh\u00e4ired. <strong>Levinud k\u00f5rvaltoimed:<\/strong><\/p>\n<ul>\n<li>Unisus<\/li>\n<li>Peavalu<\/li>\n<li>Pearinglus<\/li>\n<li>V\u00e4simus<\/li>\n<li>K\u00f5hukinnisus<\/li>\n<li>K\u00f5huvalu<\/li>\n<li>Iiveldus<\/li>\n<li>Oksendamine<\/li>\n<\/ul>\n<p><strong>Roxicodone&#8217;i pakendamine ja ladustamine:<\/strong> Roxicodone on saadaval j\u00e4rgmistes riikides: <\/p>\n<ul>\n<li><strong>15 mg rohelised tabletid<\/strong>: skoor ja reljeef &#8220;54 710&#8221;\n<ul>\n<li>NDC 23635-581-10: 100 tabletiga pudelid<\/li>\n<\/ul>\n<\/li>\n<li><strong>30 mg sinised tabletid<\/strong>: skoor ja reljeef &#8220;54 199&#8221;\n<ul>\n<li>NDC 23635-582-10: 100 tabletiga pudelid<\/li>\n<\/ul>\n<\/li>\n<\/ul>\n<p> Hoidke Roxicodone&#8217;i tihedas valguskindlas mahutis. Kaitsta niiskuse eest ja hoida temperatuuril 25\u00b0C (77\u00b0F), lubatud k\u00f5rvalekaldega 15\u00b0 kuni 30\u00b0C (59\u00b0 kuni 86\u00b0F). V\u00e4\u00e4rkasutuse v\u00e4ltimiseks hoidke ja h\u00e4vitage Roxicodone korralikult.   &nbsp;<\/p>\n","protected":false},"excerpt":{"rendered":"<p>Ostke Roxicodone veebist. Roxicodone on tugev retsepti alusel v\u00e4ljastatav valuravim, mis sisaldab opioidi, mida kasutatakse tugeva valu leevendamiseks. kust osta Roxicodone online, Roxicodone m\u00fc\u00fck Internetis. J\u00e4ljed: &#8220;A&#8221; &#8220;215&#8221; ja &#8220;V&#8221; &#8220;4812&#8221; Kuju\/v\u00e4rv: sinised \u00fcmmargused tahvelarvutid   <\/p>\n","protected":false},"featured_media":20118,"comment_status":"open","ping_status":"closed","template":"","meta":{"om_disable_all_campaigns":false,"_sitemap_exclude":false,"_sitemap_priority":"","_sitemap_frequency":"","_monsterinsights_skip_tracking":false,"_monsterinsights_sitenote_active":false,"_monsterinsights_sitenote_note":"","_monsterinsights_sitenote_category":0},"product_cat":[10538],"product_tag":[11546,11532,11621,11533,11539,11537,11544,11549,11552,11542,11535],"class_list":{"0":"post-25228","1":"product","2":"type-product","3":"status-publish","4":"has-post-thumbnail","6":"product_cat-pijnstillers-et","7":"product_tag-odav-roxicodone-europe","8":"product_tag-osta-roxicodone","9":"product_tag-ostke-oksukodooni-veebist","10":"product_tag-ostke-roxicodone-veebist","11":"product_tag-ostke-roxicodonei-internetist-euroopas","12":"product_tag-roksikodooni-muuk-internetis","13":"product_tag-roxicodone-euroopa-muuk","14":"product_tag-roxicodone-europe-allahindlus","15":"product_tag-roxicodone-europe-tarnijad","16":"product_tag-roxicodone-tasuta-kohaletoimetamine-euroopasse","17":"product_tag-tellige-roxicodone-veebist","19":"first","20":"instock","21":"shipping-taxable","22":"purchasable","23":"product-type-variable","24":"farmacie-col"},"aioseo_notices":[],"_links":{"self":[{"href":"https:\/\/lacasadelamedicina.es\/et\/wp-json\/wp\/v2\/product\/25228"}],"collection":[{"href":"https:\/\/lacasadelamedicina.es\/et\/wp-json\/wp\/v2\/product"}],"about":[{"href":"https:\/\/lacasadelamedicina.es\/et\/wp-json\/wp\/v2\/types\/product"}],"replies":[{"embeddable":true,"href":"https:\/\/lacasadelamedicina.es\/et\/wp-json\/wp\/v2\/comments?post=25228"}],"wp:featuredmedia":[{"embeddable":true,"href":"https:\/\/lacasadelamedicina.es\/et\/wp-json\/wp\/v2\/media\/20118"}],"wp:attachment":[{"href":"https:\/\/lacasadelamedicina.es\/et\/wp-json\/wp\/v2\/media?parent=25228"}],"wp:term":[{"taxonomy":"product_cat","embeddable":true,"href":"https:\/\/lacasadelamedicina.es\/et\/wp-json\/wp\/v2\/product_cat?post=25228"},{"taxonomy":"product_tag","embeddable":true,"href":"https:\/\/lacasadelamedicina.es\/et\/wp-json\/wp\/v2\/product_tag?post=25228"}],"curies":[{"name":"wp","href":"https:\/\/api.w.org\/{rel}","templated":true}]}}