{"id":25199,"date":"2024-08-11T14:41:28","date_gmt":"2024-08-11T14:41:28","guid":{"rendered":"https:\/\/lacasadelamedicina.es\/product\/osta-tapentadol-veebist\/"},"modified":"2024-08-11T14:41:28","modified_gmt":"2024-08-11T14:41:28","slug":"osta-tapentadol-veebist","status":"publish","type":"product","link":"https:\/\/lacasadelamedicina.es\/et\/toode\/osta-tapentadol-veebist\/","title":{"rendered":"Osta Tapentadol veebist"},"content":{"rendered":"<h1 class=\"product_title entry-title\">Osta Tapentadol veebist<\/h1>\n<p> Tapentadool on tugev opioidne valuvaigisti, mida kasutatakse tugeva valu leevendamiseks, eriti kui muud valuvaigistid on osutunud ebaefektiivseks v\u00f5i neid ei taluta. Seda v\u00f5ib manustada suukaudse lahuse v\u00f5i tabletina ning see on saadaval ka pikendatud vabanemisega vormis kroonilise valu, sealhulgas diabeetilise neuropaatia p\u00f5hjustatud valu, raviks.  <strong>P\u00f5hipunktid:<\/strong><\/p>\n<ul>\n<li><strong>Kasutamine:<\/strong> Tapentadol on n\u00e4idustatud tugeva valu korral, mis n\u00f5uab opioidravi ja ei sobi aeg-ajalt v\u00f5i &#8220;vajaduse korral&#8221; valu leevendamiseks. See on narkootiline valuvaigisti, mis m\u00f5jutab keskn\u00e4rvis\u00fcsteemi valu leevendamiseks. <\/li>\n<li><strong>S\u00f5ltuvusrisk:<\/strong> Tapentadooli pikaajaline kasutamine v\u00f5ib p\u00f5hjustada f\u00fc\u00fcsilist s\u00f5ltuvust, kuigi vaimne s\u00f5ltuvus on v\u00e4hem t\u00f5en\u00e4oline. V\u00f5\u00f5rutusn\u00e4htude leevendamiseks on \u00fclioluline ravimi j\u00e4rsu l\u00f5petamise asemel j\u00e4rk-j\u00e4rgult v\u00e4hendada. <\/li>\n<li><strong>Piiratud levitamine:<\/strong> Tapentadol on kuritarvitamise ja s\u00f5ltuvuse potentsiaali t\u00f5ttu saadaval opioidanalgeetikumide REMS-i (riskide hindamise ja leevendamise strateegia) raames.<\/li>\n<\/ul>\n<p><strong>Annustamisvormid:<\/strong><\/p>\n<ul>\n<li><strong>Tahvelarvuti, pikendatud v\u00e4ljalase:<\/strong> tugeva valu, sealhulgas diabeetilise neuropaatia kroonilise valu korral.<\/li>\n<li><strong>Tahvelarvuti:<\/strong> muude tugevate valuolukordade jaoks, kus on vaja opioidravi.<\/li>\n<\/ul>\n<p><strong>Tapentadooli k\u00f5rvalm\u00f5jud:<\/strong><strong>Levinud k\u00f5rvalm\u00f5jud:<\/strong><\/p>\n<ul>\n<li>Unisus<\/li>\n<li>Peavalu<\/li>\n<li>Iiveldus<\/li>\n<li>K\u00f5hukinnisus<\/li>\n<li>Ebamugavustunne v\u00f5i valu k\u00f5hus<\/li>\n<li>Ebatavaline v\u00e4simus v\u00f5i n\u00f5rkus<\/li>\n<\/ul>\n<p><strong>V\u00e4hem levinud k\u00f5rvaltoimed:<\/strong><\/p>\n<ul>\n<li>Kusep\u00f5ie valu<\/li>\n<li>Verine v\u00f5i h\u00e4gune uriin<\/li>\n<li>Keha valud<\/li>\n<li>K\u00f6ha<\/li>\n<li>Hingamisraskused<\/li>\n<li>Palavik<\/li>\n<li>Lihasvalud<\/li>\n<li>Ebatavaline v\u00e4simus v\u00f5i n\u00f5rkus<\/li>\n<\/ul>\n<p><strong>Haruldased k\u00f5rvaltoimed:<\/strong><\/p>\n<ul>\n<li>\u00c4revus<\/li>\n<li>Segadus v\u00f5i unustamine<\/li>\n<li>Pingutustunne rinnus<\/li>\n<li>Kohmakus v\u00f5i ebakindlus<\/li>\n<li>Kiire v\u00f5i ebaregulaarne s\u00fcdametegevus<\/li>\n<li>\u00c4rrituvus v\u00f5i rahutus<\/li>\n<li>Krambid<\/li>\n<li>V\u00e4risemine v\u00f5i v\u00e4risemine<\/li>\n<li>N\u00e4o, huulte, k\u00e4te v\u00f5i jalgade turse<\/li>\n<\/ul>\n<p><strong>T\u00f5sised k\u00f5rvaltoimed:<\/strong><\/p>\n<ul>\n<li><strong>\u00dcleannustamise s\u00fcmptomid:<\/strong>\n<ul>\n<li>Teadvuse muutus<\/li>\n<li>Valu v\u00f5i ebamugavustunne rinnus<\/li>\n<li>K\u00fclm, niiske nahk<\/li>\n<li>Roosa vahutava r\u00f6ga v\u00e4ljak\u00f6himine<\/li>\n<li>V\u00e4henenud teadlikkus v\u00f5i reageerimisv\u00f5ime<\/li>\n<li>Hingamisraskused v\u00f5i hingamisraskused<\/li>\n<li>Peap\u00f6\u00f6ritus, peap\u00f6\u00f6ritus v\u00f5i minestamine<\/li>\n<li>Teadvuse kaotus<\/li>\n<li>Kahvatu v\u00f5i sinised huuled, k\u00fc\u00fcned v\u00f5i nahk<\/li>\n<li>Unisus v\u00f5i ebatavaline uimasus<\/li>\n<li>Jalgade ja pahkluude turse<\/li>\n<\/ul>\n<\/li>\n<li><strong>Muud t\u00f5sised s\u00fcmptomid:<\/strong>\n<ul>\n<li>Vaimne depressioon<\/li>\n<li>M\u00f5tted enesevigastamisest<\/li>\n<li>Rasked allergilised reaktsioonid (n\u00f5gest\u00f5bi, hingamisraskused, n\u00e4o- v\u00f5i k\u00f5riturse)<\/li>\n<\/ul>\n<\/li>\n<\/ul>\n<p><strong>Erakorralised meetmed:<\/strong><\/p>\n<ul>\n<li>P\u00f6\u00f6rduge viivitamatult arsti poole, kui teil tekivad \u00fcleannustamise s\u00fcmptomid, nagu t\u00f5sine hingamisraskus, teadvuse muutused v\u00f5i m\u00e4rkimisv\u00e4\u00e4rne unisus.<\/li>\n<li>Teatage oma tervishoiuteenuse osutajale k\u00f5igist t\u00f5sistest k\u00f5rvaltoimetest v\u00f5i ebatavalistest s\u00fcmptomitest.<\/li>\n<\/ul>\n<p><strong>\u00dcldised m\u00e4rkused:<\/strong><\/p>\n<ul>\n<li>Tapentadooli tuleb kasutada tervishoiuteenuse osutaja juhendamisel, j\u00e4lgides hoolikalt s\u00f5ltuvuse v\u00f5i k\u00f5rvaltoimete tunnuseid.<\/li>\n<li>Annuse j\u00e4rkj\u00e4rguline v\u00e4hendamine v\u00f5ib aidata \u00e4raj\u00e4tus\u00fcmptomeid ravi katkestamisel.<\/li>\n<li>Arutage oma arstiga k\u00f5iki terviseseisundeid ja ravimeid, et v\u00e4ltida v\u00f5imalikke koostoimeid ja tagada ohutu kasutamine.<\/li>\n<\/ul>\n","protected":false},"excerpt":{"rendered":"<p>Osta tapentadooli Internetist. Tapentadooli suukaudset lahust ja tabletti kasutatakse valu raviks, mis on piisavalt tugev, et vajada opioidravi ja kui teised valuvaigistid ei toiminud piisavalt h\u00e4sti v\u00f5i neid ei taluta. kust Tapentadooli Internetis osta.  <\/p>\n","protected":false},"featured_media":20163,"comment_status":"open","ping_status":"closed","template":"","meta":{"om_disable_all_campaigns":false,"_sitemap_exclude":false,"_sitemap_priority":"","_sitemap_frequency":"","_monsterinsights_skip_tracking":false,"_monsterinsights_sitenote_active":false,"_monsterinsights_sitenote_note":"","_monsterinsights_sitenote_category":0},"product_cat":[10538],"product_tag":[11466,11467,11469],"class_list":{"0":"post-25199","1":"product","2":"type-product","3":"status-publish","4":"has-post-thumbnail","6":"product_cat-pijnstillers-et","7":"product_tag-osta-tapentadol","8":"product_tag-osta-tapentadol-veebist","9":"product_tag-tellige-tapentadol-veebist","11":"first","12":"instock","13":"shipping-taxable","14":"purchasable","15":"product-type-variable","16":"farmacie-col"},"aioseo_notices":[],"_links":{"self":[{"href":"https:\/\/lacasadelamedicina.es\/et\/wp-json\/wp\/v2\/product\/25199"}],"collection":[{"href":"https:\/\/lacasadelamedicina.es\/et\/wp-json\/wp\/v2\/product"}],"about":[{"href":"https:\/\/lacasadelamedicina.es\/et\/wp-json\/wp\/v2\/types\/product"}],"replies":[{"embeddable":true,"href":"https:\/\/lacasadelamedicina.es\/et\/wp-json\/wp\/v2\/comments?post=25199"}],"wp:featuredmedia":[{"embeddable":true,"href":"https:\/\/lacasadelamedicina.es\/et\/wp-json\/wp\/v2\/media\/20163"}],"wp:attachment":[{"href":"https:\/\/lacasadelamedicina.es\/et\/wp-json\/wp\/v2\/media?parent=25199"}],"wp:term":[{"taxonomy":"product_cat","embeddable":true,"href":"https:\/\/lacasadelamedicina.es\/et\/wp-json\/wp\/v2\/product_cat?post=25199"},{"taxonomy":"product_tag","embeddable":true,"href":"https:\/\/lacasadelamedicina.es\/et\/wp-json\/wp\/v2\/product_tag?post=25199"}],"curies":[{"name":"wp","href":"https:\/\/api.w.org\/{rel}","templated":true}]}}