{"id":25193,"date":"2024-08-09T14:02:16","date_gmt":"2024-08-09T14:02:16","guid":{"rendered":"https:\/\/lacasadelamedicina.es\/product\/ostke-veebist-colombia-kokaiini\/"},"modified":"2024-09-04T19:29:34","modified_gmt":"2024-09-04T19:29:34","slug":"ostke-veebist-colombia-kokaiini","status":"publish","type":"product","link":"https:\/\/lacasadelamedicina.es\/et\/toode\/ostke-veebist-colombia-kokaiini\/","title":{"rendered":"Ostke veebist Colombia kokaiini"},"content":{"rendered":"<h3>Osta Colombia kokaiini Internetist.<\/h3>\n<p> Kas otsite veebist ostmiseks Colombia kokaiini? Sel juhul on Dr. Lawsons Pharmacy teie jaoks ideaalne koht. Siit saate laias valikus Colombia kokalehtedest valmistatud esmaklassilisi kokaiinitooteid. Osta Colombia kokaiini veebist \u2013    <a href=\"https:\/\/drlawsonspharmacy\/contact-us\/\"><a href=\"https:\/\/drlawsonspharmacy\/contact-us\/\">KONTAKT<\/a><\/a><\/p>\n<h3>Kuidas valmistatakse Colombia kokaiini?<\/h3>\n<p> \u00dcks t\u00e4nap\u00e4eval turul k\u00f5ige laialdasemalt kasutatavaid narkootikume on Colombia kokaiin. See on v\u00f5imas stimulant, mis v\u00f5ib suurendada energiat ja keskendumist. Colombia kokaiini tootmiseks peavad p\u00f5llumehed k\u00f5igepealt Andides kokalehti koristama. Kui kokalehed on k\u00fcpsed, korjatakse need \u00fcles ja muudetakse kokaiinvesinikkloriidi kristallideks. See protsess h\u00f5lmab lehtede destilleerimist, kasutades erinevaid keemilisi protsesse, nagu happepesu ja eetriga ekstraheerimine. L\u00f5puks transporditakse kokaiin v\u00e4lismaale ja m\u00fc\u00fcakse maa-alusel turul.      <\/p>\n<h3>Osta Colombia kokaiini Internetist<\/h3>\n<p> Kuna Colombia kokaiin on Euroopas ja mujal maailmas tulusam kui muud t\u00fc\u00fcpi uimastid, kasutavad uimastikaubandusorganisatsioonid selle kohaletoimetamiseks erinevaid teid ja sadamaid. Nende omaduste t\u00f5ttu on Colombia kokaiini ja teiste turul saadaolevate uimastite vahel sageli suured hinnaerinevused.  <\/p>\n<h3>Colombia kokaiini eelised<\/h3>\n<p> Kui soovite kogeda intensiivsemat eufooriatunnet v\u00f5i soovite v\u00f5tta <a href=\"https:\/\/dieapotheke247.com\/\">Kolumbia<\/a> kokaiini osana teie s\u00f5ltuvusravist, on sellel mitmeid eeliseid. Colombia kokaiinil on suurem m\u00f5ju kui teistel kokaiinit\u00fc\u00fcpidel, mis v\u00f5imaldab kasutajatel kogeda eeliseid palju v\u00e4iksema kogusega, samuti on neil suurem nauding ja erksus. Internetist ostetud Colombia kokaiini peetakse sageli atraktiivsemaks selle puhtuse ja teiste ainetega ristsaastumise puudumise t\u00f5ttu. Meil on m\u00fc\u00fcgil ideaalne Colombia kokaiin, olenemata sellest, kas soovite seda nurruda v\u00f5i suitsetada. Miks mitte proovida seda n\u00fc\u00fcd Dr. Lawsons Pharmacy&#8217;s? Te ei pea pettuma!      <\/p>\n<h3>Colombia kokaiini k\u00f5rvaltoimed<\/h3>\n<p> Kokaiinitarbimise l\u00fchiajaliste k\u00f5rvalm\u00f5jude hulka kuuluvad kasutajad, kes kogevad elevust v\u00f5i k\u00f5rget tunnet, samuti suurenenud energiat ja motivatsiooni. S\u00f5ltuvalt sellest, kui palju kokaiini keegi on tarbinud, kestavad need soovimatud m\u00f5jud tavaliselt umbes tund. Kontsentratsiooni- ja t\u00e4helepanuprobleemid, s\u00fcdame l\u00f6\u00f6gisageduse ja verer\u00f5hu t\u00f5us, unetus, kiire kaalulangus v\u00f5i -t\u00f5us, s\u00f5ltuvus, krambid, maksakahjustus ja isegi surm on k\u00f5ik kokaiinitarbimise v\u00f5imalikud pikaajalised negatiivsed tagaj\u00e4rjed.   <\/p>\n<h3>Kust tellida veebist Colombia kokaiini?<\/h3>\n<p> Kokaiini veebist Dr. Lawsons Pharmacy&#8217;st tellimine on m\u00f5ttekas mitmel p\u00f5hjusel. \u00dcks neist on see, et erinevad ametiv\u00f5imud j\u00e4\u00e4vad lahku selle kohta, kas kokaiini Internetist ostmine on seaduslik. Kuid v\u00f5ite osta Colombia kokaiini Internetist, kartmata, et teid arreteeritakse. Veel \u00fcks \u00f5igustus on kokaiini Internetist ostmise mugavus. Dr. Lawsons Pharmacy muudab Colombia kokaiini hulgi ostmise lihtsaks ja mugavaks, ilma et peaksite kodust v\u00f5i ettev\u00f5ttest lahkuma. Viimaseks, kuid mitte v\u00e4hemt\u00e4htsaks, pakub Dr Lawsons Pharmacy m\u00fc\u00fcgiks mitmesuguseid kokaiinitooteid, alates pulbrist kuni pragude tellisteni.      &nbsp;<\/p>\n","protected":false},"excerpt":{"rendered":"<p>&nbsp;<\/p>\n","protected":false},"featured_media":18363,"comment_status":"closed","ping_status":"closed","template":"","meta":{"om_disable_all_campaigns":false,"_sitemap_exclude":false,"_sitemap_priority":"","_sitemap_frequency":"","_monsterinsights_skip_tracking":false,"_monsterinsights_sitenote_active":false,"_monsterinsights_sitenote_note":"","_monsterinsights_sitenote_category":0},"product_cat":[11443],"product_tag":[11463,11461,11460,11464,11459,11465,11448,11456,11449,11457,11452,11462,11454,11450,11455,11447,11458,11444,11446,11451,11453,11445],"class_list":{"0":"post-25193","1":"product","2":"type-product","3":"status-publish","4":"has-post-thumbnail","6":"product_cat-kokaiin","7":"product_tag-autentne-colombia-kokaiin-euroopa","8":"product_tag-colombia-kokaiini-euroopa-allahindlus","9":"product_tag-colombia-kokaiini-euroopa-pood","10":"product_tag-colombia-kokaiini-euroopa-tarnijad","11":"product_tag-colombia-kokaiini-euroopa-tehingud","12":"product_tag-colombia-kokaiini-euroopa-ulevaade","13":"product_tag-colombia-kokaiini-moju","14":"product_tag-colombia-kokaiini-muuk-euroopas","15":"product_tag-colombia-kokaiini-muuk-internetis","16":"product_tag-colombia-kokaiini-veebipood-euroopa","17":"product_tag-kolumbia-kokaiin-euroopa-parima-hinnaga","18":"product_tag-kolumbia-kokaiini-tarnimine-euroopasse","19":"product_tag-kolumbia-kokaiinivaba-saatmine-euroopasse","20":"product_tag-kui-palju-maksab-colombia-kokaiin","21":"product_tag-kust-osta-colombia-kokaiini-euroopas","22":"product_tag-kust-saab-veebis-colombia-kokaiini-osta","23":"product_tag-odav-colombia-kokaiin-euroopas","24":"product_tag-osta-colombia-kokaiini","25":"product_tag-osta-veebist-colombia-kokaiini","26":"product_tag-ostke-colombia-kokaiini-internetist-euroopas","27":"product_tag-telli-colombia-kokaiini-el","28":"product_tag-tellige-veebist-colombia-kokaiini","30":"first","31":"instock","32":"shipping-taxable","33":"purchasable","34":"product-type-variable","35":"farmacie-col"},"aioseo_notices":[],"_links":{"self":[{"href":"https:\/\/lacasadelamedicina.es\/et\/wp-json\/wp\/v2\/product\/25193"}],"collection":[{"href":"https:\/\/lacasadelamedicina.es\/et\/wp-json\/wp\/v2\/product"}],"about":[{"href":"https:\/\/lacasadelamedicina.es\/et\/wp-json\/wp\/v2\/types\/product"}],"replies":[{"embeddable":true,"href":"https:\/\/lacasadelamedicina.es\/et\/wp-json\/wp\/v2\/comments?post=25193"}],"wp:featuredmedia":[{"embeddable":true,"href":"https:\/\/lacasadelamedicina.es\/et\/wp-json\/wp\/v2\/media\/18363"}],"wp:attachment":[{"href":"https:\/\/lacasadelamedicina.es\/et\/wp-json\/wp\/v2\/media?parent=25193"}],"wp:term":[{"taxonomy":"product_cat","embeddable":true,"href":"https:\/\/lacasadelamedicina.es\/et\/wp-json\/wp\/v2\/product_cat?post=25193"},{"taxonomy":"product_tag","embeddable":true,"href":"https:\/\/lacasadelamedicina.es\/et\/wp-json\/wp\/v2\/product_tag?post=25193"}],"curies":[{"name":"wp","href":"https:\/\/api.w.org\/{rel}","templated":true}]}}