{"id":25187,"date":"2024-08-09T14:01:59","date_gmt":"2024-08-09T14:01:59","guid":{"rendered":"https:\/\/lacasadelamedicina.es\/product\/ostke-amfetamiinipulbrit-internetist\/"},"modified":"2024-09-05T11:22:07","modified_gmt":"2024-09-05T11:22:07","slug":"ostke-amfetamiinipulbrit-internetist","status":"publish","type":"product","link":"https:\/\/lacasadelamedicina.es\/et\/toode\/ostke-amfetamiinipulbrit-internetist\/","title":{"rendered":"Ostke amfetamiinipulbrit Internetist"},"content":{"rendered":"<h1>Ostke amfetamiinipulbrit Internetist<\/h1>\n<p> Ostke amfetamiinipulbrit Internetist. Tellige amfetamiinipulbrit Internetist \u00dchendkuningriigist, Euroopast v\u00f5i EList. Amfetamiini pulber: kuna amfetamiinid on stimuleerivad <a href=\"https:\/\/dieapotheke247.com\/\">ravimid<\/a>, need kiirendavad aju ja keha vahelist suhtlust. Ostke amfetamiinipulbrit veebist \u2013 <a href=\"https:\/\/drlawsonspharmacy\/contact-us\/\">KONTAKT<\/a> Kuna amfetamiinid on stimuleerivad uimastid, kiirendavad nad s\u00f5numite edastamist aju ja keha vahel. Samuti v\u00f5ib teile huvi pakkuda teave amfetamiinipulbri m\u00f5ju ja tervisem\u00f5jude kohta. See v\u00f5ib olla sarnane paljude teiste ravimitega. Selliste seisundite nagu t\u00e4helepanupuudulikkuse h\u00fcperaktiivsuse h\u00e4ire (ADHD) ja narkolepsia (kontrollimatu unevajadus) raviks v\u00f5ivad arstid seaduslikult v\u00e4lja kirjutada teatud amfetamiini vorme. Speed \u200b\u200bja muud amfetamiini toodetakse ja m\u00fc\u00fcakse ebaseaduslikult. Teine teabeleht on p\u00fchendatud kristallmetamfetamiinile (j\u00e4\u00e4le), mis on tugevam vorm. Amfetamiinid v\u00f5ivad esineda mitmel erineval kujul. Need ravimid v\u00f5ivad olla pulbri, tableti, kristalli ja pillide kujul. Ebaseaduslikult m\u00fc\u00fces v\u00f5ivad need olla &#8220;fooliumis&#8221; (alumiiniumfooliumis), kilekottides v\u00f5i pisikestes \u00f5hupallides. Amfetamiini pulber v\u00f5ib olla mis tahes v\u00e4rvi, valgest pruunini, aeg-ajalt hallide v\u00f5i roosade triipudega. See maitseb kibe ja on terava aroomiga. Amfetamiinikapslite ja tablettide suurus ja v\u00e4rvus on v\u00e4ga erinevad. Amfetamiin \u2013 ebaseaduslikult valmistatud amfetamiinid v\u00f5ivad sisaldada kombinatsiooni muudest ainetest, sideainetest, kofeiinist ja suhkrust. Samuti on v\u00f5imalik kasutusele v\u00f5tta uusi ps\u00fchhoaktiivseid ravimeid.                 <\/p>\n<h3>Madude nimed<\/h3>\n<p> Kiirus, kiire, k\u00f5rge, \u00fclemine, louee, goey, ving. <\/p>\n<h3><\/h3>\n<p> Kuidas neid kasutatakse? Amfetamiini tavaliselt neelatakse alla, s\u00fcstitakse v\u00f5i suitsetatakse. Ka neid nurrutakse.   <\/p>\n<h2>Amfetamiini toime<\/h2>\n<p> Amfetamiinid m\u00f5jutavad k\u00f5iki erinevalt, tuginedes: <\/p>\n<ul>\n<li>\n \t<\/li>\n<li>Pikkus, kaal ja tervis<\/li>\n<li>Kas inimene on harjunud seda v\u00f5tma<\/li>\n<li>Kas samal ajal v\u00f5etakse muid ravimeid<\/li>\n<li>V\u00f5etud summa<\/li>\n<li>Ravimi tugevus (erineb partiideni ebaseaduslikult toodetud ravimite puhul)<\/li>\n<\/ul>\n<h2>Ostke amfetamiinipulbrit Internetist<\/h2>\n<p> Amfetamiinidel v\u00f5ib olla kohene toime s\u00fcstimisel v\u00f5i suitsetamisel, samas kui need v\u00f5ivad m\u00f5juda 30 minuti jooksul, kui neid norskatakse v\u00f5i neelatakse. V\u00f5ib esineda j\u00e4rgmisi m\u00f5jusid:  <\/p>\n<ul>\n<li>\u00d5nn ja enesekindlus<\/li>\n<li>R\u00e4\u00e4kige rohkem ja tundke end t\u00e4is energiat<\/li>\n<li>Korrake lihtsaid asju, nagu s\u00fcgelus ja kriimustus<\/li>\n<li>Suured pupillid ja suukuivus<\/li>\n<li>Kiire s\u00fcdametegevus ja kiire hingamine<\/li>\n<li>Hammaste krigistamine<\/li>\n<li>V\u00e4henenud s\u00f6\u00f6giisu<\/li>\n<li>Liigne higistamine<\/li>\n<li>Suurenenud seksiisu<\/li>\n<\/ul>\n<p>&nbsp;<\/p>\n<h3>\u00dcleannustamine<\/h3>\n<p> \u00dcleannustamine v\u00f5ib tekkida ka suure koguse v\u00f5i suure partii tarbimisel. Valides kolmiknull (000), tuleb koheselt saata kiirabi, kui ilmneb m\u00f5ni j\u00e4rgmistest s\u00fcmptomitest. Kiirabi ei pea politseid kutsuma.   <\/p>\n<ul>\n<li>V\u00f5idus\u00f5it s\u00fcdamel\u00f6\u00f6ke<\/li>\n<li>Sobib<\/li>\n<li>Minestamine<\/li>\n<li>Insult, s\u00fcdameatakk ja surm<\/li>\n<\/ul>\n<p> Amfetamiini nuusutamine v\u00f5ib kahjustada ninak\u00e4iku ja p\u00f5hjustada ninaverejooksu. Amfetamiini s\u00fcstimine ja n\u00f5elte jagamine v\u00f5ib suurendada riski:  <\/p>\n<ul>\n<li>B-hepatiit<\/li>\n<li>C-hepatiit<\/li>\n<li>HIV\/AIDS<\/li>\n<li>Teetanus<\/li>\n<\/ul>\n<p>&nbsp;<\/p>\n<h3>Tulevad alla<\/h3>\n<p> J\u00e4rgmised toimed v\u00f5ivad ilmneda 2\u20134 \u200b\u200bp\u00e4eva jooksul p\u00e4rast amfetamiini tarbimist: <\/p>\n<ul>\n<li>Rahutu uni ja kurnatus<\/li>\n<li>Peavalud<\/li>\n<li>Pearinglus ja \u00e4hmane n\u00e4gemine<\/li>\n<li>Paranoia, hallutsinatsioonid ja segasus<\/li>\n<li>\u00c4rrituvus, meeleolu k\u00f5ikumine ja depressioon<\/li>\n<\/ul>\n<p> Depressiivsete ravimite (nt alkoholi, bensodiasepiinide v\u00f5i kanepi) kasutamine &#8220;allahakkumise&#8221; m\u00f5ju leevendamiseks v\u00f5ib tekitada s\u00f5ltuvuse ts\u00fckli m\u00f5lemat t\u00fc\u00fcpi ainetest. &nbsp;<\/p>\n<h3>Pikaajalised m\u00f5jud<\/h3>\n<p> Amfetamiini regulaarne tarbimine v\u00f5ib l\u00f5puks p\u00f5hjustada j\u00e4rgmist: <\/p>\n<ul>\n<li>S\u00f6\u00f6giisu v\u00e4henemine ja \u00e4\u00e4rmine kaalulangus<\/li>\n<li>Rahutu uni<\/li>\n<li>Suukuivus ja hambaprobleemid<\/li>\n<li>Regulaarsed k\u00fclmetushaigused ja gripp<\/li>\n<li>Keskendumisraskused<\/li>\n<li>Hingamisraskused<\/li>\n<li>Lihaste j\u00e4ikus<\/li>\n<li>\u00c4revus ja paranoia<\/li>\n<li>Depressioon<\/li>\n<li>S\u00fcdame- ja neeruprobleemid<\/li>\n<li>Suurenenud insuldi risk<\/li>\n<li>Sama efekti saavutamiseks tuleb kasutada rohkem<\/li>\n<li>S\u00f5ltuvus amfetamiinist<\/li>\n<li>Rahalised, t\u00f6\u00f6alased ja sotsiaalsed probleemid<\/li>\n<\/ul>\n<p>&nbsp;<\/p>\n<h3>Ostke Internetist amfetamiinipulbrit \u2013 amfetamiini ps\u00fchhoos<\/h3>\n<p> Amfetamiini ps\u00fchhoosi, mida iseloomustavad paranoilised luulud, hallutsinatsioonid ja ebatavaliselt agressiivne v\u00f5i v\u00e4givaldne k\u00e4itumine, v\u00f5ivad p\u00f5hjustada ka suured annused ja regulaarne raske kasutamine. P\u00e4rast seda, kui kasutaja on amfetamiini v\u00f5tmise l\u00f5petanud, kaovad need s\u00fcmptomid tavaliselt m\u00f5ne p\u00e4eva jooksul.  &nbsp;<\/p>\n<h3>Amfetamiini segamine teiste ravimitega<\/h3>\n<p> Amfetamiinidel v\u00f5ivad olla ettearvamatud ja t\u00f5sised k\u00f5rvaltoimed, kui neid kombineerida teiste ravimitega, sealhulgas k\u00e4sim\u00fc\u00fcgi- v\u00f5i retseptiravimitega, ning need v\u00f5ivad p\u00f5hjustada j\u00e4rgmist: erinevate antidepressantide ja amfetamiinide kombinatsioon v\u00f5ib t\u00f5sta verer\u00f5hku, mis suurendab s\u00fcdamepuudulikkuse riski. , insult ja s\u00fcdame r\u00fctmih\u00e4ired.4 Amfetamiinid kombinatsioonis alkoholi, marihuaana v\u00f5i bensodiasepiinidega v\u00f5ivad viia \u00fcledoosini, kuna organism peab toime tulema kahte t\u00fc\u00fcpi ainete vastandliku toimega.  <\/p>\n<h4><em><strong>Telli amfetamiini pulber<\/strong><\/em><\/h4>\n<h2>V\u00e4ljamakse<\/h2>\n<p> P\u00e4rast pikaajalist amfetamiinitarbimist v\u00f5ib olla raske l\u00f5petada, kuna keha vajab aega, et kohaneda ilma amfetamiinita eluga. N\u00e4dala p\u00e4rast peaksid v\u00f5\u00f5rutusn\u00e4hud taanduma ja kuu aja p\u00e4rast enamjaolt kadunud olema. Need m\u00e4rgid h\u00f5lmavad j\u00e4rgmist:   <\/p>\n<ul>\n<li>Isu amfetamiini j\u00e4rele<\/li>\n<li>Suurenenud s\u00f6\u00f6giisu<\/li>\n<li>Segadus ja \u00e4rrituvus<\/li>\n<li>Valud ja valud<\/li>\n<li>Kurnatus<\/li>\n<li>Rahutu uni ja \u00f5udusunen\u00e4od<\/li>\n<li>\u00c4revus, depressioon ja paranoia<\/li>\n<li><strong>Kas tead kust osta amfetamiinipulbrit<\/strong>m\u00fc\u00fca amfetamiinipulbrit, m\u00fc\u00fca amfetamiinipulbrit, amfetamiinipulbri annustamist, amfetamiinipulbri valmistamist, kust osta saab amfetamiini pulber Internetis, kust saab amfetamiini? pulber, mis on amfetamiini pulber? M\u00fc\u00fca kvaliteetne amfetamiini pulber. K\u00f5igile neile avatud k\u00fcsimustele saame vastused meie poolt. Heitke pilk meie veebisaidile ja saate vastused, kuidas ja kust amfetamiinipulbrit veebist osta. Aga amfetamiini pulber? Kas teate ka, kust amfetamiinipulbrit Internetist osta? Ostke m\u00fc\u00fcgiks amfetamiinipulbrit, kuidas teha amfetamiinipulbrit, kuidas amfetamiini pulber v\u00e4lja n\u00e4eb, amfetamiini pulbri t\u00e4navahind, amfetamiini pulbri hind, kust osta amfetamiinipulbrit, puhast kristallmet, kust saab veebist kamfetamiini pulbrit osta, osta puhast amfetamiini pulber Internetis.       <\/li>\n<\/ul>\n<p> On t\u00e4iesti arusaadav, et inimesed ei aktsepteeri koheselt veebis pakutava amfetamiinipulbri kvaliteeti, sest nad ei n\u00e4e seda f\u00fc\u00fcsiliselt. Amfetamiinipulbri veebitarnijate puhul see aga nii ei ole. Siin pakutavad tooted kajastavad t\u00e4pselt seda, mis nad on, esmaklassilist hooldust teostatakse professionaalse j\u00e4relevalve all. Kiire &amp;amp; Diskreetne kohaletoimetamine: kui tellimus on k\u00e4tte saadud, toimetatakse amfetamiinipulber veebis kohale niipea, kui see on kinnitatud. Saatmismeeskond teeb k\u00f5ik endast oleneva, et tarne- ja tarneprotsess oleks kiire ja lihtne. Kui ostate amfetamiinipulbrit Internetist kvalifitseeritud m\u00fc\u00fcjalt veebiturul, v\u00f5ite oodata ka erakordseid teenuseid. Ostke amfetamiinipulbrit Internetist       <\/p>\n<h3>Ostke amfetamiinipulbrit Internetist<\/h3>\n<p>&nbsp;<\/p>\n","protected":false},"excerpt":{"rendered":"<p>Keskn\u00e4rvis\u00fcsteemi (aju ja seljaaju n\u00e4rve) stimuleerib tugevalt amfetamiini pulber, mida kasutatakse meditsiiniliselt erinevate haiguste raviks. Lisaks on sellel pikk kuritarvitamise ajalugu ja see tekitab \u00fcsna s\u00f5ltuvust. T\u00e4helepanupuudulikkuse ja h\u00fcperaktiivsuse h\u00e4iret ravitakse meditsiiniliselt amfetamiini pulbriga.   &nbsp;<\/p>\n","protected":false},"featured_media":18063,"comment_status":"closed","ping_status":"closed","template":"","meta":{"om_disable_all_campaigns":false,"_sitemap_exclude":false,"_sitemap_priority":"","_sitemap_frequency":"","_monsterinsights_skip_tracking":false,"_monsterinsights_sitenote_active":false,"_monsterinsights_sitenote_note":"","_monsterinsights_sitenote_category":0},"product_cat":[11420],"product_tag":[11438,11433,11429,11425,11437,11441,11436,11442,11439,11426,11431,11434,11440,11427,11432,11424,11435,11421,11423,11428,11430,11422],"class_list":{"0":"post-25187","1":"product","2":"type-product","3":"status-publish","4":"has-post-thumbnail","6":"product_cat-kemikaalide-ja-psuhhedeelikumide-uurimine","7":"product_tag-amfetamiini-pulber-euroopa-allahindlus","8":"product_tag-amfetamiini-pulber-euroopa-muuk","9":"product_tag-amfetamiini-pulber-parima-hinnaga-euroopas","10":"product_tag-amfetamiini-pulbri-moju","11":"product_tag-amfetamiinipulbri-euroopa-pood","12":"product_tag-amfetamiinipulbri-euroopa-tarnijad","13":"product_tag-amfetamiinipulbri-euroopa-tehingud","14":"product_tag-amfetamiinipulbri-euroopa-ulevaade","15":"product_tag-amfetamiinipulbri-kohaletoimetamine-euroopasse","16":"product_tag-amfetamiinipulbri-muuk-internetis","17":"product_tag-amfetamiinipulbri-tasuta-saatmine-euroopasse","18":"product_tag-amfetamiinipulbri-veebipood-euroopas","19":"product_tag-euroopa-autentne-amfetamiini-pulber","20":"product_tag-kui-palju-on-amfetamiini-pulber","21":"product_tag-kust-osta-amfetamiinipulbrit-euroopas","22":"product_tag-kust-osta-internetis-amfetamiinipulbrit","23":"product_tag-odav-amfetamiini-pulber-euroopa","24":"product_tag-osta-amfetamiini-pulbrit","25":"product_tag-osta-internetist-amfetamiinipulbrit","26":"product_tag-ostke-euroopa-veebist-amfetamiinipulbrit","27":"product_tag-telli-amfetamiini-pulber-eu","28":"product_tag-tellige-internetist-amfetamiinipulbrit","30":"first","31":"instock","32":"shipping-taxable","33":"purchasable","34":"product-type-variable","35":"farmacie-col"},"aioseo_notices":[],"_links":{"self":[{"href":"https:\/\/lacasadelamedicina.es\/et\/wp-json\/wp\/v2\/product\/25187"}],"collection":[{"href":"https:\/\/lacasadelamedicina.es\/et\/wp-json\/wp\/v2\/product"}],"about":[{"href":"https:\/\/lacasadelamedicina.es\/et\/wp-json\/wp\/v2\/types\/product"}],"replies":[{"embeddable":true,"href":"https:\/\/lacasadelamedicina.es\/et\/wp-json\/wp\/v2\/comments?post=25187"}],"wp:featuredmedia":[{"embeddable":true,"href":"https:\/\/lacasadelamedicina.es\/et\/wp-json\/wp\/v2\/media\/18063"}],"wp:attachment":[{"href":"https:\/\/lacasadelamedicina.es\/et\/wp-json\/wp\/v2\/media?parent=25187"}],"wp:term":[{"taxonomy":"product_cat","embeddable":true,"href":"https:\/\/lacasadelamedicina.es\/et\/wp-json\/wp\/v2\/product_cat?post=25187"},{"taxonomy":"product_tag","embeddable":true,"href":"https:\/\/lacasadelamedicina.es\/et\/wp-json\/wp\/v2\/product_tag?post=25187"}],"curies":[{"name":"wp","href":"https:\/\/api.w.org\/{rel}","templated":true}]}}