{"id":35024,"date":"2024-08-09T14:02:03","date_gmt":"2024-08-09T14:02:03","guid":{"rendered":"https:\/\/lacasadelamedicina.es\/product\/kaufen-sie-ephedrinpulver-online\/"},"modified":"2024-08-09T14:02:03","modified_gmt":"2024-08-09T14:02:03","slug":"kaufen-sie-ephedrinpulver-online","status":"publish","type":"product","link":"https:\/\/lacasadelamedicina.es\/de\/produkt\/kaufen-sie-ephedrinpulver-online\/","title":{"rendered":"Kaufen Sie Ephedrinpulver online"},"content":{"rendered":"<h3>Kaufen Sie Ephedrinpulver online.<\/h3>\n<p> Online-Shops, die Ephedrinpulver verkaufen. Ephedrinpulver ist ein nat\u00fcrlich vorkommendes Stimulans des zentralen Nervensystems (ZNS) und wird aus der Pflanze Ephedra Equisetina gewonnen. In den USA ist es m\u00f6glich, Ephedrinpulver ohne Rezept zur Behandlung von Atemproblemen zu erhalten. Da es sicherere Alternativen gibt, sollten Sie erw\u00e4gen, Ephedrinpulver online zu kaufen. Ephedrinpulver ist ein Bronchodilatator und ein Abschwellmittel. Es erleichtert die Atmung, indem es \u00d6deme reduziert, die Blutgef\u00e4\u00dfe in den Naseng\u00e4ngen verengt und die Atemwege in der Lunge erweitert. KONTAKT \u2013 Kaufen Sie Ephedrinpulver online <a href=\"https:\/\/drlawsonspharmacy\/contact-us\/\">Kontakt<\/a> Ephedrinpulver ist ein nat\u00fcrlich vorkommendes Stimulans des zentralen Nervensystems, das aus der Pflanze Ephedra equisetina gewonnen wird. Sein Salz, Ephedrinsulfat, wird derzeit auch chemisch hergestellt; es kommt in der Natur als wei\u00dfes, kristallines Pulver mit bitterem Geschmack vor, das wasserl\u00f6slich und in Alkohol gut l\u00f6slich ist. Das synthetische Produkt wird in dieser Form vermarktet. Obwohl seine Struktur dem von Methamphetamin sehr \u00e4hnlich ist, hat Ephedrin deutlich weniger starke und l\u00e4nger anhaltende Wirkungen auf das ZNS als Amphetamine. Seine peripheren stimulierenden Wirkungen sind mit denen des Hormons Epinephrin (allgemein bekannt als Adrenalin) vergleichbar, aber weniger stark als dieses, das von den Nebennieren im K\u00f6rper produziert wird. <strong>Ephedrinpulver online bestellen<\/strong> Ephedrinpulver wird zur Linderung der Symptome leichter Asthmaanf\u00e4lle und zur Verringerung des Risikos akuter Anf\u00e4lle bei der Behandlung von chronischem Asthma verwendet, da es die Bronchialmuskulatur relativ wirksam entspannt. Erwachsene nehmen h\u00e4ufig Tabletten in einer Dosierung von 30-60 mg oral ein, drei- bis viermal t\u00e4glich. Ephedrin-Nasentropfen werden auch h\u00e4ufig zur Behandlung von Erkrankungen der oberen Atemwege verwendet, die eine verstopfte Nase verursachen. Es kann auch zur Behandlung von niedrigem Blutdruck verwendet werden.              <strong>Ephedrinpulver online bestellen<\/strong><\/p>\n<h3>Wissen Sie, wo ich Ephedrin in Pulverform bekommen kann?<\/h3>\n<p> Ephedrinpulver zu verkaufen, Stra\u00dfenwert von Ephedrinpulver, Dosierung von Ephedrinpulver, wo kann ich Ephedrinpulver online kaufen, wo kann ich Ephedrinpulver kaufen, was ist Ephedrinpulver und Ephedrinpulver in Premiumqualit\u00e4t zu verkaufen. Wir k\u00f6nnen die L\u00f6sungen f\u00fcr all diese ungel\u00f6sten Fragen liefern. Sie k\u00f6nnen mehr dar\u00fcber erfahren, wo und wie Sie Ephedrinpulver online kaufen k\u00f6nnen, indem Sie einfach auf unserer Website st\u00f6bern. Wie wirkt Ephedrinpulver? Wissen Sie, wo ich Ephedrinpulver online kaufen kann? Reines Ephedrinpulver online kaufen, wo kann ich Ephedrinpulver online kaufen, wie wird Ephedrinpulver hergestellt, wie sieht Ephedrinpulver aus, wie viel kostet Ephedrinpulver auf der Stra\u00dfe, wo kann ich Ephedrinpulver kaufen. <strong>Ephedrinpulver online bestellen<\/strong> Es ist durchaus verst\u00e4ndlich, dass die Leute der Qualit\u00e4t von online verkauftem Ephedrinpulver nicht sofort vertrauen, da sie es nicht pers\u00f6nlich \u00fcberpr\u00fcfen k\u00f6nnen. Dies ist jedoch bei Internetanbietern von Ephedrinpulver nicht der Fall. Die hier angebotenen Produkte sind genaue Darstellungen dessen, was sie sind, mit erstklassiger Wartung unter professioneller Aufsicht. Schneller und diskreter Versand: Nach Eingang der Bestellung wird das Ephedrinpulver online innerhalb des angegebenen Zeitrahmens geliefert. Das Versandteam ist bestrebt, den Versand- und Lieferprozess schnell und einfach zu gestalten. Wenn Sie Ephedrinpulver von einem seri\u00f6sen Verk\u00e4ufer auf einer Internetplattform kaufen, k\u00f6nnen Sie ebenfalls mit erstklassigen Dienstleistungen rechnen.           &nbsp;<\/p>\n","protected":false},"excerpt":{"rendered":"<p>Ephedrinpulver ist eine nat\u00fcrlich vorkommende, das zentrale Nervensystem stimulierende Substanz, die aus der Pflanze Ephedra equisetina gewonnen wird. Heutzutage wird es auch chemisch hergestellt und die synthetische Substanz als Salz verkauft.  &nbsp;<\/p>\n","protected":false},"featured_media":18096,"comment_status":"closed","ping_status":"closed","template":"","meta":{"om_disable_all_campaigns":false,"_sitemap_exclude":false,"_sitemap_priority":"","_sitemap_frequency":"","_monsterinsights_skip_tracking":false,"_monsterinsights_sitenote_active":false,"_monsterinsights_sitenote_note":"","_monsterinsights_sitenote_category":0},"product_cat":[23549],"product_tag":[36976,36965,36972,36978,36977,36975,36974,36973,36969,36967,36970,36966,36957,36958,36959,36962,36971,36964,36963,36961,36968,36960],"class_list":{"0":"post-35024","1":"product","2":"type-product","3":"status-publish","4":"has-post-thumbnail","6":"product_cat-forschungschemikalien-und-psychedelika","7":"product_tag-authentisches-ephedrinpulver-europa","8":"product_tag-ephedrin-pulver-bester-preis-europa","9":"product_tag-ephedrin-pulver-europa-angebote","10":"product_tag-ephedrin-pulver-europa-bewertung","11":"product_tag-ephedrin-pulver-europa-lieferanten","12":"product_tag-ephedrin-pulver-europa-lieferung","13":"product_tag-ephedrin-pulver-europa-rabatt","14":"product_tag-ephedrin-pulver-europa-shop","15":"product_tag-ephedrin-pulver-europa-verkauf","16":"product_tag-ephedrin-pulver-kostenloser-versand-europa","17":"product_tag-ephedrin-pulver-online-shop-europa","18":"product_tag-ephedrinpulver-eu-bestellen","19":"product_tag-ephedrinpulver-kaufen","20":"product_tag-ephedrinpulver-online-bestellen","21":"product_tag-ephedrinpulver-online-kaufen","22":"product_tag-ephedrinpulver-online-verkaufen","23":"product_tag-gunstiges-ephedrinpulver-europa","24":"product_tag-kaufen-sie-ephedrinpulver-online-in-europa","25":"product_tag-wie-viel-kostet-ephedrinpulver","26":"product_tag-wirkungen-von-ephedrinpulver","27":"product_tag-wo-kann-man-ephedrinpulver-in-europa-kaufen","28":"product_tag-wo-kann-man-ephedrinpulver-online-kaufen","30":"first","31":"instock","32":"shipping-taxable","33":"purchasable","34":"product-type-variable","35":"farmacie-col"},"aioseo_notices":[],"_links":{"self":[{"href":"https:\/\/lacasadelamedicina.es\/de\/wp-json\/wp\/v2\/product\/35024"}],"collection":[{"href":"https:\/\/lacasadelamedicina.es\/de\/wp-json\/wp\/v2\/product"}],"about":[{"href":"https:\/\/lacasadelamedicina.es\/de\/wp-json\/wp\/v2\/types\/product"}],"replies":[{"embeddable":true,"href":"https:\/\/lacasadelamedicina.es\/de\/wp-json\/wp\/v2\/comments?post=35024"}],"wp:featuredmedia":[{"embeddable":true,"href":"https:\/\/lacasadelamedicina.es\/de\/wp-json\/wp\/v2\/media\/18096"}],"wp:attachment":[{"href":"https:\/\/lacasadelamedicina.es\/de\/wp-json\/wp\/v2\/media?parent=35024"}],"wp:term":[{"taxonomy":"product_cat","embeddable":true,"href":"https:\/\/lacasadelamedicina.es\/de\/wp-json\/wp\/v2\/product_cat?post=35024"},{"taxonomy":"product_tag","embeddable":true,"href":"https:\/\/lacasadelamedicina.es\/de\/wp-json\/wp\/v2\/product_tag?post=35024"}],"curies":[{"name":"wp","href":"https:\/\/api.w.org\/{rel}","templated":true}]}}