{"id":31410,"date":"2024-08-09T14:01:49","date_gmt":"2024-08-09T14:01:49","guid":{"rendered":"https:\/\/lacasadelamedicina.es\/product\/kaufen-sie-reines-dimethyltryptamin-dmt-online\/"},"modified":"2024-08-09T14:01:49","modified_gmt":"2024-08-09T14:01:49","slug":"kaufen-sie-reines-dimethyltryptamin-dmt-online","status":"publish","type":"product","link":"https:\/\/lacasadelamedicina.es\/de\/produkt\/kaufen-sie-reines-dimethyltryptamin-dmt-online\/","title":{"rendered":"Kaufen Sie reines Dimethyltryptamin DMT online"},"content":{"rendered":"<h2>Kaufen Sie reines Dimethyltryptamin DMT online<\/h2>\n<p> Kaufen Sie reines Dimethyltryptamin DMT online \u2013 Kaufen Sie reines Dimethyltryptamin. Der Wirkstoff DMT, der zur Herstellung der halluzinogenen Droge Cohoba verwendet wird, wird aus den Samen und Bl\u00e4ttern von Piptadenia peregrina (Mimosaceae) gewonnen. Es kann auch aus Pflanzen hergestellt werden, die in S\u00fcdamerika heimisch sind. Es kommt angeblich in der tropischen H\u00fclsenfrucht Mucuna Pruriens vor. \u2013 Kaufen Sie reines Dimethyltryptamin DMT online \u2013 <a href=\"https:\/\/drlawsonspharmacy\/contact-us\/\">KONTAKT<\/a> Dimethyltryptamin, das aus den Samen und Bl\u00e4ttern von Piptadenia peregrina (Mimosaceae) gewonnen wird, ist die Chemikalie, die Emphysem cohoba verursacht. Es kann auch aus anderen Pflanzen gewonnen werden, die in S\u00fcdamerika heimisch sind. Die tropische H\u00fclsenfrucht Mucuna Pruriens soll es enthalten.       <\/p>\n<h3>Kaufen Sie reines Dimethyltryptamin DMT<\/h3>\n<p> Der Wirkstoff zur Herstellung der halluzinogenen Droge Cohoba ist DMT, das aus den Samen und Bl\u00e4ttern von Piptadenia peregrine (Mimosaceae) gewonnen wird. Es kann auch aus Pflanzen gewonnen werden, die in S\u00fcdamerika heimisch sind. Es soll in der tropischen H\u00fclsenfrucht Mucuna Pruriens vorkommen. Dimethyltryptamin, der Wirkstoff in Emphysema cohoba, wird aus den Samen und Bl\u00e4ttern von Piptadenia peregrine (Mimosaceae) gewonnen. Man kann es auch aus anderen s\u00fcdamerikanischen Pflanzen gewinnen. Es wurde in der tropischen H\u00fclsenfrucht Mucuna Pruriens identifiziert.      <\/p>\n<h3><strong> <\/strong><\/h3>\n<p> Es gibt mehrere andere s\u00fcdamerikanische Pflanzen, die angeblich DMT oder verwandte Substanzen enthalten. Eine dieser Pflanzen ist die tropische Bohne Mucuna pruriens, die zahlreiche therapeutische Vorteile bietet. Obwohl vermutet wird, dass Mucuna pruriens DMT enthalten k\u00f6nnte, ist es wichtig zu bedenken, dass weitere Forschung erforderlich ist, um das Vorhandensein und die Konzentration dieses Molek\u00fcls in der Pflanze zu bestimmen.   &nbsp;<\/p>\n","protected":false},"excerpt":{"rendered":"<p>DMT, ein starkes Halluzinogen und eine Art Tryptamin-Alkaloid, kann online gekauft werden. Es ist eine nat\u00fcrlich vorkommende Substanz, die in einer Vielzahl von Pflanzen und Tieren sowie in Spuren im menschlichen Gehirn vorkommt. Seine genaue Funktion ist jedoch unbekannt. DMT ist f\u00fcr seine Kraft bekannt. Wenn es jedoch geraucht wird, h\u00e4lt der psychedelische Trip, den es ausl\u00f6st, nur 5 bis 30 Minuten an. Extraktion von DMT Kaufen Sie reine Dimethyltryptamin-Medikamente online. Es ist ein Tryptaminmolek\u00fcl, das in vielen Pflanzen und Tieren vorkommt. Es kann auch als starke psychedelische Droge eingenommen werden. DM zu verkaufen         &nbsp;<\/p>\n","protected":false},"featured_media":18426,"comment_status":"closed","ping_status":"closed","template":"","meta":{"om_disable_all_campaigns":false,"_sitemap_exclude":false,"_sitemap_priority":"","_sitemap_frequency":"","_monsterinsights_skip_tracking":false,"_monsterinsights_sitenote_active":false,"_monsterinsights_sitenote_note":"","_monsterinsights_sitenote_category":0},"product_cat":[23549],"product_tag":[27461,27451,27445,27456,27442,27443,27449,27450,27457,27462,27460,27459,27454,27463,27458,27452,27447,27455,27448,27446,27444,27453],"class_list":{"0":"post-31410","1":"product","2":"type-product","3":"status-publish","4":"has-post-thumbnail","6":"product_cat-forschungschemikalien-und-psychedelika","7":"product_tag-authentisches-reines-dimethyltryptamin-dmt-europe","8":"product_tag-bestellen-sie-reines-dimethyltryptamin-dmt-eu","9":"product_tag-bestellen-sie-reines-dimethyltryptamin-dmt-online-de","10":"product_tag-gunstiges-reines-dimethyltryptamin-dmt-europa","11":"product_tag-kaufen-sie-reines-dimethyltryptamin-dmt-de","12":"product_tag-kaufen-sie-reines-dimethyltryptamin-dmt-online-de","13":"product_tag-kaufen-sie-reines-dimethyltryptamin-dmt-online-in-europa","14":"product_tag-reines-dimethyltryptamin-dmt-bester-preis-europa","15":"product_tag-reines-dimethyltryptamin-dmt-europa-angebote","16":"product_tag-reines-dimethyltryptamin-dmt-europa-lieferanten","17":"product_tag-reines-dimethyltryptamin-dmt-europa-lieferung","18":"product_tag-reines-dimethyltryptamin-dmt-europa-rabatt","19":"product_tag-reines-dimethyltryptamin-dmt-europa-verkauf","20":"product_tag-reines-dimethyltryptamin-dmt-europe-bewertung","21":"product_tag-reines-dimethyltryptamin-dmt-europe-shop","22":"product_tag-reines-dimethyltryptamin-dmt-kostenloser-versand-europa","23":"product_tag-reines-dimethyltryptamin-dmt-online-kaufen-de","24":"product_tag-reines-dimethyltryptamin-dmt-online-shop-europa","25":"product_tag-wie-viel-kostet-reines-dimethyltryptamin-dmt","26":"product_tag-wirkungen-von-reinem-dimethyltryptamin-dmt","27":"product_tag-wo-kann-man-reines-dimethyltryptamin-dmt-online-kaufen","28":"product_tag-wo-kann-man-reines-dimethyltryptamin-dmt-europe-kaufen","30":"first","31":"instock","32":"shipping-taxable","33":"purchasable","34":"product-type-variable","35":"farmacie-col"},"aioseo_notices":[],"_links":{"self":[{"href":"https:\/\/lacasadelamedicina.es\/de\/wp-json\/wp\/v2\/product\/31410"}],"collection":[{"href":"https:\/\/lacasadelamedicina.es\/de\/wp-json\/wp\/v2\/product"}],"about":[{"href":"https:\/\/lacasadelamedicina.es\/de\/wp-json\/wp\/v2\/types\/product"}],"replies":[{"embeddable":true,"href":"https:\/\/lacasadelamedicina.es\/de\/wp-json\/wp\/v2\/comments?post=31410"}],"wp:featuredmedia":[{"embeddable":true,"href":"https:\/\/lacasadelamedicina.es\/de\/wp-json\/wp\/v2\/media\/18426"}],"wp:attachment":[{"href":"https:\/\/lacasadelamedicina.es\/de\/wp-json\/wp\/v2\/media?parent=31410"}],"wp:term":[{"taxonomy":"product_cat","embeddable":true,"href":"https:\/\/lacasadelamedicina.es\/de\/wp-json\/wp\/v2\/product_cat?post=31410"},{"taxonomy":"product_tag","embeddable":true,"href":"https:\/\/lacasadelamedicina.es\/de\/wp-json\/wp\/v2\/product_tag?post=31410"}],"curies":[{"name":"wp","href":"https:\/\/api.w.org\/{rel}","templated":true}]}}