{"id":31377,"date":"2024-08-09T14:01:49","date_gmt":"2024-08-09T14:01:49","guid":{"rendered":"https:\/\/lacasadelamedicina.es\/product\/kaufen-sie-hochwertiges-oxycodon-pulver-online\/"},"modified":"2024-08-09T14:01:49","modified_gmt":"2024-08-09T14:01:49","slug":"kaufen-sie-hochwertiges-oxycodon-pulver-online","status":"publish","type":"product","link":"https:\/\/lacasadelamedicina.es\/de\/produkt\/kaufen-sie-hochwertiges-oxycodon-pulver-online\/","title":{"rendered":"Kaufen Sie hochwertiges Oxycodon-Pulver online"},"content":{"rendered":"<h3><strong>Kaufen Sie hochwertiges Oxycodon-Pulver online<\/strong><\/h3>\n<p> Hochwertiges Oxycodonpulver zu verkaufen <a href=\"https:\/\/dieapotheke247.com\/\">Oxycodon<\/a> ist ein Opioid-Alkaloid mit analgetischer Wirkung, das halbsynthetisch und Morphin \u00e4hnlich ist. Durch die Bindung an Mu-Rezeptoren im zentralen Nervensystem (ZNS) ahmt Oxycodon die Wirkung k\u00f6rpereigener Opioide nach und hat somit analgetische Wirkungen. Wenn der Opiatrezeptor gebunden ist, wird der G-Protein-Komplex stimuliert, GTP gegen PDB auszutauschen, und die Adenylatcyclase wird gehemmt, wodurch die Bildung von cAMP gehemmt wird. Dar\u00fcber hinaus geh\u00f6ren Substanz P, Gamma-Aminobutters\u00e4ure (GABA), Dopamin, Acetylcholin und Noradrenalin zu den nozizeptiven Neurotransmittern, die blockiert werden. Dar\u00fcber hinaus verhindert Oxycodon die Sekretion von Glucagon, Insulin, Somatostatin und Vasopressin. Dar\u00fcber hinaus repariert Oxycodon intern Kaliumkan\u00e4le, was zu Hyperpolarisation und verringerter neuronaler Erregbarkeit f\u00fchrt. Es schlie\u00dft auch spannungsabh\u00e4ngige N-Typ-Calciumkan\u00e4le und \u00f6ffnet G-Protein-gebundene Kaliumkan\u00e4le. &#8211; Kaufen Sie hochwertiges Oxycodonpulver online &#8211; <a href=\"https:\/\/drlawsonspharmacy\/contact-us\/\">KONTAKT<\/a> Mexedrone geh\u00f6rt zur chemischen Klasse der Cathinone und verh\u00e4lt sich auch so. Mexedrone hat das \u201ephysikalische Erscheinungsbild\u201c von wei\u00dfen Diamanten, kann aber auch als synthetisch anmutendes Pulver oder als Kristalle erworben werden. Die maximale Dosierung von Mexedrone liegt zwischen 50 mg und 100 mg und wird oral eingenommen. \u00c4hnliche Effekte werden bei Mephedron-Dosen zwischen 100 mg und 150 mg beobachtet. Die Wirkung von Mexedrone kann 4 bis 6 Stunden anhalten.            <\/p>\n<h3><strong>Kaufen Sie hochwertiges Oxycodon-Pulver online<\/strong><\/h3>\n<p> Mexedrone ist eine \u201epsychoaktive Droge\u201c, die als Entaktogen und Stimulans eingestuft wird. Sie hat auch eine anregende Wirkung. Es ist denkbar, aber noch nicht bewiesen, dass Mexedrone aufgrund der anregenden Wirkung des Ereignisses Synapsen \u00fcberflutet. Dopamin, Noradrenalin und Serotonin k\u00f6nnen in den Synapsen vorhanden sein, die w\u00e4hrend des Mexedrone-Erlebnisses aktiv sind. Die Wirkungen von Mexedrone entsprechen zu 70 % denen der Muttersubstanz Mephedron und sind k\u00f6rperlicher, geistiger und auditiver Natur und werden mit zunehmender Dosierung plausibler. Zu den tats\u00e4chlichen Nebenwirkungen von Mexedrone z\u00e4hlen Hochgef\u00fchl, Sedierung, verst\u00e4rktes materielles Empfinden, Durst, vermehrtes Schwitzen, ungez\u00fcgelte Empfindungen, Z\u00e4hneknirschen, vibrierendes Sehen und gest\u00f6rte Temperaturregulierung. Mexedrone hat Rauschzust\u00e4nde, Gedankenbeschleunigung und Vernetzung als psychologische Wirkungen. Nebenwirkungen von Mexedrone k\u00f6nnen sich auch als h\u00f6rbare Verst\u00e4rkung \u00e4u\u00dfern. Der Konsum von Mexedrone kann zu starken poststimulierenden Effekten f\u00fchren. Die poststimulierenden Effekte von Mexedrone k\u00f6nnen sch\u00e4dlich sein und verlangsamtes Denken und Inspiration, geistige Ersch\u00f6pfung, Ruhelosigkeit, Verwirrung, einen schweren Geisteszustand und Konzentrationsschwierigkeiten umfassen. Die poststimulierenden Effekte von Mexedrone sind h\u00f6chstwahrscheinlich auf den Verbrauch von Synapsen zur\u00fcckzuf\u00fchren, da die Synapsenversorgung w\u00e4hrend der stimulierenden Phase der Erfahrung reduziert war.           &nbsp;<\/p>\n","protected":false},"excerpt":{"rendered":"<p>Kaufen Sie hochwertiges Oxycodon-Pulver online zur Behandlung mittelschwerer bis starker Schmerzen, wenn eine langfristige Schmerzlinderung rund um die Uhr erforderlich ist. &nbsp;<\/p>\n","protected":false},"featured_media":17886,"comment_status":"closed","ping_status":"closed","template":"","meta":{"om_disable_all_campaigns":false,"_sitemap_exclude":false,"_sitemap_priority":"","_sitemap_frequency":"","_monsterinsights_skip_tracking":false,"_monsterinsights_sitenote_active":false,"_monsterinsights_sitenote_note":"","_monsterinsights_sitenote_category":0},"product_cat":[23549],"product_tag":[27333,27348,27338,27330,27343,27344,27347,27334,27342,27346,27345,27341,27337,27339,27331,27336,27329,27350,27349,27335,27340,27332],"class_list":{"0":"post-31377","1":"product","2":"type-product","3":"status-publish","4":"has-post-thumbnail","6":"product_cat-forschungschemikalien-und-psychedelika","7":"product_tag-auswirkungen-von-hochwertigem-oxycodonpulver","8":"product_tag-authentisches-qualitats-oxycodon-pulver-europa","9":"product_tag-bestellen-sie-hochwertiges-oxycodonpulver-eu","10":"product_tag-bestellen-sie-hochwertiges-oxycodonpulver-online","11":"product_tag-gunstiges-oxycodonpulver-europa","12":"product_tag-hochwertige-oxycodone-pulver-angebote-fur-europa","13":"product_tag-hochwertige-oxycodonpulver-lieferung-nach-europa","14":"product_tag-hochwertiger-oxycodon-pulververkauf-online","15":"product_tag-hochwertiges-oxycodon-pulver-online-shop-europa","16":"product_tag-hochwertiges-oxycodonpulver-europa-rabatt","17":"product_tag-hochwertiges-oxycodonpulver-europa-shop","18":"product_tag-hochwertiges-oxycodonpulver-in-europa-kaufen","19":"product_tag-hochwertiges-oxycodonpulver-zum-besten-preis-in-europa","20":"product_tag-hochwertiges-oxycodonpulver-kostenloser-versand-nach-europa","21":"product_tag-kaufen-sie-hochwertiges-oxycodon-pulver-online","22":"product_tag-kaufen-sie-hochwertiges-oxycodon-pulver-online-in-europa","23":"product_tag-kaufen-sie-hochwertiges-oxycodonpulver","24":"product_tag-qualitats-oxycodon-pulver-europa-bewertung","25":"product_tag-qualitatslieferanten-fur-oxycodonpulver-in-europa","26":"product_tag-wie-viel-kostet-hochwertiges-oxycodonpulver","27":"product_tag-wo-kann-man-hochwertiges-oxycodonpulver-in-europa-kaufen","28":"product_tag-wo-kann-man-hochwertiges-oxycodonpulver-online-kaufen","30":"first","31":"instock","32":"shipping-taxable","33":"purchasable","34":"product-type-variable","35":"farmacie-col"},"aioseo_notices":[],"_links":{"self":[{"href":"https:\/\/lacasadelamedicina.es\/de\/wp-json\/wp\/v2\/product\/31377"}],"collection":[{"href":"https:\/\/lacasadelamedicina.es\/de\/wp-json\/wp\/v2\/product"}],"about":[{"href":"https:\/\/lacasadelamedicina.es\/de\/wp-json\/wp\/v2\/types\/product"}],"replies":[{"embeddable":true,"href":"https:\/\/lacasadelamedicina.es\/de\/wp-json\/wp\/v2\/comments?post=31377"}],"wp:featuredmedia":[{"embeddable":true,"href":"https:\/\/lacasadelamedicina.es\/de\/wp-json\/wp\/v2\/media\/17886"}],"wp:attachment":[{"href":"https:\/\/lacasadelamedicina.es\/de\/wp-json\/wp\/v2\/media?parent=31377"}],"wp:term":[{"taxonomy":"product_cat","embeddable":true,"href":"https:\/\/lacasadelamedicina.es\/de\/wp-json\/wp\/v2\/product_cat?post=31377"},{"taxonomy":"product_tag","embeddable":true,"href":"https:\/\/lacasadelamedicina.es\/de\/wp-json\/wp\/v2\/product_tag?post=31377"}],"curies":[{"name":"wp","href":"https:\/\/api.w.org\/{rel}","templated":true}]}}