{"id":31248,"date":"2024-08-09T14:01:50","date_gmt":"2024-08-09T14:01:50","guid":{"rendered":"https:\/\/lacasadelamedicina.es\/product\/kaufen-sie-braunes-heroinpulver-online\/"},"modified":"2024-08-09T14:01:50","modified_gmt":"2024-08-09T14:01:50","slug":"kaufen-sie-braunes-heroinpulver-online","status":"publish","type":"product","link":"https:\/\/lacasadelamedicina.es\/de\/produkt\/kaufen-sie-braunes-heroinpulver-online\/","title":{"rendered":"Kaufen Sie braunes Heroinpulver online"},"content":{"rendered":"<h1>Kaufen Sie braunes Heroinpulver online<\/h1>\n<p> Braunes Heroinpulver (BPH) erfreut sich auf dem internationalen Markt zunehmender Beliebtheit. Obwohl BPH schon seit einiger Zeit existiert, w\u00e4chst das Interesse daran aufgrund der besonderen Auswirkungen, die es auf den menschlichen K\u00f6rper hat. Wenn Sie also braunes Heroinpulver online kaufen m\u00f6chten, ist Dr. Lawsons Pharmacy Ihre beste Wahl. Kaufen Sie braunes Heroinpulver online \u2013    <a href=\"https:\/\/drlawsonspharmacy\/contact-us\/\">KONTAKT<\/a><\/p>\n<h3>Woraus besteht braunes Heroinpulver?<\/h3>\n<p> Opium in Form von BPH wurde zu Pulver verarbeitet. Dieses Pulver ist wirksamer und macht s\u00fcchtiger als andere Opiumarten, da es leicht geraucht oder injiziert werden kann. BPH eignet sich auch besser f\u00fcr den Einsatz bei hochintensiven Aktivit\u00e4ten wie Sport oder Sex, da seine Wirkung l\u00e4nger anh\u00e4lt als die anderer Opiumarten.   <\/p>\n<h3>Vorteile von braunem Heroinpulver<\/h3>\n<p> Braunes Heroinpulver (BPH) ist heute zweifellos eine der am h\u00e4ufigsten verwendeten Substanzen. Es ist leicht erh\u00e4ltlich und sorgt f\u00fcr einen sofortigen Rausch. BPH wird manchmal als \u201ebraunes Heroin\u201c bezeichnet, da es normalerweise aus braunem Zucker, Kaffee und Backpulver hergestellt wird. BPH ist hochwertiges Heroin, was bedeutet, dass es erhebliche Mengen an Morphin und Codein enth\u00e4lt. Es ist daher eine fantastische Option f\u00fcr Menschen, die nach einer starken Dosis zur Schmerzlinderung suchen. Dar\u00fcber hinaus bietet BPH eine schnelle Lieferung an jeden Ort der Welt und ist damit die beste Option f\u00fcr Menschen, die ihr Medikament sofort ben\u00f6tigen. Nicht zuletzt ist der Preis f\u00fcr braunes Heroinpulver im Vergleich zu anderen Anbietern angemessen, was es zu einer w\u00fcnschenswerten Wahl f\u00fcr Kunden macht, die hochwertige Medikamente w\u00fcnschen, ohne ihr Budget zu sprengen.       <\/p>\n<h3>Kaufen Sie braunes Heroinpulver online<\/h3>\n<p> Heroin in Form von braunem Pulver ist ein stark abh\u00e4ngig machendes und riskantes Rauschmittel, das oft mit anderen Substanzen kombiniert wird, um seine Wirkung zu verst\u00e4rken. Es wird auf der Stra\u00dfe meist als Brown-, Black- oder Gunpowder verkauft. Die Kombination von Morphin und anderen Opiaten in braunem Heroinpulver verleiht ihm eine hohe Potenz. Zu den unmittelbaren Nebenwirkungen von braunem Heroinpulver geh\u00f6ren ein schnellerer Herzschlag, ein starkes W\u00e4rmegef\u00fchl, schnelle Atmung und ein Gef\u00fchl der Lust. Unmittelbar nach diesen Wirkungen setzt ein Gef\u00fchl der Schl\u00e4frigkeit und Entspannung ein. Regelm\u00e4\u00dfiger Konsum von braunem Heroinpulver kann im Laufe der Zeit zu Drogenabh\u00e4ngigkeit und Sucht f\u00fchren.      <\/p>\n<h3>Warum sollte man braunes Heroinpulver bei Dr. Lawsons Pharmacy kaufen?<\/h3>\n<p> Wenn Sie braunes Heroinpulver online kaufen m\u00f6chten, gibt es mehrere M\u00f6glichkeiten. Allerdings sind nicht alle dieser Optionen zuverl\u00e4ssig oder sicher. Dr. Lawsons Pharmacy ist in dieser Situation hilfreich. Wir bieten eine gro\u00dfe Auswahl an zuverl\u00e4ssigen Formen, Marken und Sorten von braunem Heroinpulver zum Online-Verkauf an. Dar\u00fcber hinaus erm\u00f6glichen Ihnen unsere kurzen Lieferzeiten, Ihre Medikamente problemlos zu beschaffen. Wir m\u00f6chten, dass jeder Kunde, der bei uns eine Bestellung aufgibt, eine zufriedenstellende Erfahrung macht. Der beste Ort, um braunes Heroinpulver online zu kaufen, ist Dr. Lawsons Pharmacy, das einen einfachen Bestellvorgang und bequeme Zahlungsoptionen bietet. Bestellen Sie also jetzt in unserem Shop, um von den besten Rabatten auf Ihre gew\u00fcnschten Produkte zu profitieren.        &nbsp;<\/p>\n","protected":false},"excerpt":{"rendered":"<p>Kaufen Sie braunes Heroinpulver online Braunes Heroinpulver (BPH) erfreut sich auf dem internationalen Markt zunehmender Beliebtheit. Obwohl BPH schon seit einiger Zeit existiert, w\u00e4chst das Interesse daran aufgrund der besonderen Auswirkungen, die es auf den menschlichen K\u00f6rper hat. Wenn Sie also braunes Heroinpulver online kaufen m\u00f6chten, ist Dr. Lawsons Pharmacy Ihre beste Wahl. Kaufen Sie [&hellip;]<\/p>\n","protected":false},"featured_media":17946,"comment_status":"closed","ping_status":"closed","template":"","meta":{"om_disable_all_campaigns":false,"_sitemap_exclude":false,"_sitemap_priority":"","_sitemap_frequency":"","_monsterinsights_skip_tracking":false,"_monsterinsights_sitenote_active":false,"_monsterinsights_sitenote_note":"","_monsterinsights_sitenote_category":0},"product_cat":[25796],"product_tag":[26826,26815,26830,26825,26831,26820,26812,26813,26816,26811,26819,26829,26827,26823,26821,26824,26832,26828,26818,26817,26822,26814],"class_list":{"0":"post-31248","1":"product","2":"type-product","3":"status-publish","4":"has-post-thumbnail","6":"product_cat-heroin-de","7":"product_tag-angebote-fur-brown-powder-heroin-europe","8":"product_tag-auswirkungen-von-braunem-heroinpulver","9":"product_tag-authentisches-braunes-pulver-heroin-europa","10":"product_tag-billiges-braunes-heroinpulver-in-europa","11":"product_tag-braunes-heroinpulver-europa-lieferanten","12":"product_tag-braunes-heroinpulver-bestellen-eu","13":"product_tag-braunes-heroinpulver-kaufen","14":"product_tag-braunes-heroinpulver-online-bestellen","15":"product_tag-braunes-heroinpulver-online-kaufen-de","16":"product_tag-braunes-heroinpulver-online-kaufen","17":"product_tag-braunes-heroinpulver-zum-besten-preis-in-europa","18":"product_tag-braunes-pulver-heroin-europa-lieferung","19":"product_tag-braunes-pulver-heroin-europa-shop","20":"product_tag-braunes-pulver-heroin-europa-verkauf","21":"product_tag-braunes-pulver-heroin-kostenloser-versand-europa","22":"product_tag-braunes-pulver-heroin-online-shop-europa","23":"product_tag-brown-powder-heroin-europe-bewertung","24":"product_tag-brown-powder-heroin-europe-rabatt","25":"product_tag-kaufen-sie-braunes-heroinpulver-online-in-europa","26":"product_tag-wie-viel-kostet-braunes-heroinpulver","27":"product_tag-wo-kann-man-braunes-heroinpulver-in-europa-kaufen","28":"product_tag-wo-kann-man-braunes-heroinpulver-online-kaufen","30":"first","31":"instock","32":"shipping-taxable","33":"purchasable","34":"product-type-variable","35":"farmacie-col"},"aioseo_notices":[],"_links":{"self":[{"href":"https:\/\/lacasadelamedicina.es\/de\/wp-json\/wp\/v2\/product\/31248"}],"collection":[{"href":"https:\/\/lacasadelamedicina.es\/de\/wp-json\/wp\/v2\/product"}],"about":[{"href":"https:\/\/lacasadelamedicina.es\/de\/wp-json\/wp\/v2\/types\/product"}],"replies":[{"embeddable":true,"href":"https:\/\/lacasadelamedicina.es\/de\/wp-json\/wp\/v2\/comments?post=31248"}],"wp:featuredmedia":[{"embeddable":true,"href":"https:\/\/lacasadelamedicina.es\/de\/wp-json\/wp\/v2\/media\/17946"}],"wp:attachment":[{"href":"https:\/\/lacasadelamedicina.es\/de\/wp-json\/wp\/v2\/media?parent=31248"}],"wp:term":[{"taxonomy":"product_cat","embeddable":true,"href":"https:\/\/lacasadelamedicina.es\/de\/wp-json\/wp\/v2\/product_cat?post=31248"},{"taxonomy":"product_tag","embeddable":true,"href":"https:\/\/lacasadelamedicina.es\/de\/wp-json\/wp\/v2\/product_tag?post=31248"}],"curies":[{"name":"wp","href":"https:\/\/api.w.org\/{rel}","templated":true}]}}