{"id":31183,"date":"2024-08-09T14:01:50","date_gmt":"2024-08-09T14:01:50","guid":{"rendered":"https:\/\/lacasadelamedicina.es\/product\/kaufen-sie-afghanisches-heroin-online\/"},"modified":"2024-08-09T14:01:50","modified_gmt":"2024-08-09T14:01:50","slug":"kaufen-sie-afghanisches-heroin-online","status":"publish","type":"product","link":"https:\/\/lacasadelamedicina.es\/de\/produkt\/kaufen-sie-afghanisches-heroin-online\/","title":{"rendered":"Kaufen Sie afghanisches Heroin online"},"content":{"rendered":"<h3>Kaufen Sie afghanisches Heroin online<\/h3>\n<p> In vielen L\u00e4ndern ist die Extraktion von afghanischem Heroin aus Mohnbl\u00fcten verboten, aber das h\u00e4lt die Menschen nicht davon ab, die Substanz zu beschaffen. Tats\u00e4chlich ist afghanisches Heroin aufgrund seiner starken euphorisierenden Wirkung eine der am h\u00e4ufigsten verwendeten Sorten der Droge. Wenn Sie nach dem besten afghanischen Heroin suchen, das Sie online kaufen k\u00f6nnen, sind Sie bei Dr. Lawsons Pharmacy genau richtig.   <a href=\"https:\/\/dieapotheke247.com\/\"><a href=\"https:\/\/dieapotheke247.com\/\">Kaufen Sie Afghan<\/a><\/a> Heroin Online &#8211; <a href=\"https:\/\/drlawsonspharmacy\/contact-us\/\">KONTAKT<\/a><\/p>\n<h3>Wie wird afghanisches Heroin hergestellt?<\/h3>\n<p> Opium wird zur Herstellung von afghanischem Heroin verwendet, einer Form von Narkotikum. Opium ist eine nat\u00fcrliche Quelle von Morphin und Codein, das aus der Mohnpflanze gewonnen wird. Um afghanisches Heroin herzustellen, muss Opium zun\u00e4chst gekocht werden, bis es zu einem klebrigen schwarzen Teer wird. Anschlie\u00dfend muss es durch ein K\u00e4setuch gefiltert werden, um Verunreinigungen zu entfernen. Nach dem Trocknen wird dieser schwarze Teer zu einem Pulver zermahlen, aus dem dann Ziegel oder Pillen hergestellt werden. Afghanisches Heroin gibt es in verschiedenen Formen, jede mit einzigartigen Eigenschaften und Verwendungszwecken. Die beliebteste Form von Heroin in Afghanistan ist wei\u00dfes Heroin, allgemein als \u201eRohopium\u201c bezeichnet, und es ist in der Regel von geringerer Qualit\u00e4t als andere Formen. Aufgrund seiner St\u00e4rke ist braunes Heroin (hergestellt aus teilweise getrocknetem schwarzem Teer) bei den Konsumenten beliebter und hat eine st\u00e4rkere Wirkung. Das st\u00e4rkste von allen ist dunkelbraunes Heroin (hergestellt aus vollst\u00e4ndig getrocknetem schwarzem Teer), das aufgrund seiner schwierigen Dosierungsregulierung auch das gr\u00f6\u00dfte Missbrauchspotenzial aufweist.         <\/p>\n<h3>Vorteile von afghanischem Heroin<\/h3>\n<p> Afghanisches Heroin ist die beste Option f\u00fcr ein intensives und euphorisches High, wenn Sie es online kaufen. Diese Art von Heroin geh\u00f6rt zu den reinsten und st\u00e4rksten erh\u00e4ltlichen und wird oft wegen seiner enormen Wirkung gesucht. Aus diesem Grund wird afghanisches Heroin zur Behandlung von Opiatabh\u00e4ngigkeit und chronischen Schmerzen eingesetzt, zwei Krankheiten, die in der modernen Kultur nur allzu h\u00e4ufig vorkommen.   <\/p>\n<h3>Nebenwirkungen von afghanischem Heroin<\/h3>\n<p> Da afghanisches Heroin ein aus dem Schlafmohn gewonnenes Opioid ist, hat es auch bestimmte negative Auswirkungen. Ein schnellerer Herzschlag, erh\u00f6hter Blutdruck und Euphorie (das Hochgef\u00fchl, das durch Heroinkonsum entsteht) sind einige der kurzfristigen negativen Auswirkungen des afghanischen Heroinkonsums. Sucht, chronische Hepatitis-C-Infektion (eine potenziell t\u00f6dliche Lebererkrankung), psychische Probleme wie Angstzust\u00e4nde und Depressionen sowie Todesf\u00e4lle durch \u00dcberdosierung geh\u00f6ren zu den langfristigen Gesundheitsproblemen, die mit dem afghanischen Heroinkonsum verbunden sind.   <\/p>\n<h3>Wo kann man afghanisches Heroin online kaufen?<\/h3>\n<p> M\u00f6chten Sie afghanisches Heroin diskret und sicher online kaufen? Kaufen Sie es bei Dr. Lawsons Pharmacy. Wir bieten ein umfassendes Sortiment an hochwertigen Artikeln und verf\u00fcgen \u00fcber jahrelange Gesch\u00e4ftserfahrung. Um die f\u00fcr Sie ideale Dosierung zu erhalten, k\u00f6nnen Sie aus einer Auswahl an reinen, organischen und im Labor getesteten Produkten w\u00e4hlen. Die Verf\u00fcgbarkeit zahlreicher praktischer Zahlungsmethoden, darunter Kreditkarten, PayPal und Western Union, macht den Online-Kauf von afghanischem Heroin in gro\u00dfen Mengen f\u00fcr jedermann einfach und bequem. Kaufen Sie also jetzt das beste afghanische Heroin!      &nbsp;<\/p>\n","protected":false},"excerpt":{"rendered":"<p>Kaufen Sie afghanisches Heroin online In vielen L\u00e4ndern ist die Extraktion von afghanischem Heroin aus Mohnbl\u00fcten verboten, aber das h\u00e4lt die Menschen nicht davon ab, die Substanz zu beschaffen. Tats\u00e4chlich ist afghanisches Heroin aufgrund seiner starken euphorisierenden Wirkung eine der am h\u00e4ufigsten verwendeten Sorten der Droge. Wenn Sie nach dem besten afghanischen Heroin suchen, das [&hellip;]<\/p>\n","protected":false},"featured_media":17916,"comment_status":"closed","ping_status":"closed","template":"","meta":{"om_disable_all_campaigns":false,"_sitemap_exclude":false,"_sitemap_priority":"","_sitemap_frequency":"","_monsterinsights_skip_tracking":false,"_monsterinsights_sitenote_active":false,"_monsterinsights_sitenote_note":"","_monsterinsights_sitenote_category":0},"product_cat":[25796],"product_tag":[26517,26522,26520,26514,26523,26519,26518,26512,26515,26507,26502,26504,26503,26510,26506,26521,26511,26516,26509,26508,26505,26513],"class_list":{"0":"post-31183","1":"product","2":"type-product","3":"status-publish","4":"has-post-thumbnail","6":"product_cat-heroin-de","7":"product_tag-afghan-heroin-europa-angebote","8":"product_tag-afghan-heroin-europa-lieferanten","9":"product_tag-afghan-heroin-europa-lieferung","10":"product_tag-afghan-heroin-europa-verkauf","11":"product_tag-afghan-heroin-europe-bewertung","12":"product_tag-afghan-heroin-europe-rabatt","13":"product_tag-afghan-heroin-europe-shop-de","14":"product_tag-afghan-heroin-kostenloser-versand-europa","15":"product_tag-afghan-heroin-online-shop-europa","16":"product_tag-afghanischer-heroinverkauf-online","17":"product_tag-afghanisches-heroin-kaufen-de","18":"product_tag-afghanisches-heroin-online-bestellen","19":"product_tag-afghanisches-heroin-online-kaufen-de","20":"product_tag-afghanisches-heroin-zum-besten-preis-in-europa","21":"product_tag-auswirkungen-von-afghanischem-heroin","22":"product_tag-authentisches-afghanisches-heroin-europa","23":"product_tag-bestellen-sie-afghan-heroin-eu","24":"product_tag-billiges-afghanisches-heroin-in-europa","25":"product_tag-kaufen-sie-afghanisches-heroin-online-in-europa","26":"product_tag-wie-viel-kostet-afghanisches-heroin","27":"product_tag-wo-kann-man-afghanisches-heroin-online-kaufen","28":"product_tag-wo-kann-man-in-europa-afghanisches-heroin-kaufen","30":"first","31":"instock","32":"shipping-taxable","33":"purchasable","34":"product-type-variable","35":"farmacie-col"},"aioseo_notices":[],"_links":{"self":[{"href":"https:\/\/lacasadelamedicina.es\/de\/wp-json\/wp\/v2\/product\/31183"}],"collection":[{"href":"https:\/\/lacasadelamedicina.es\/de\/wp-json\/wp\/v2\/product"}],"about":[{"href":"https:\/\/lacasadelamedicina.es\/de\/wp-json\/wp\/v2\/types\/product"}],"replies":[{"embeddable":true,"href":"https:\/\/lacasadelamedicina.es\/de\/wp-json\/wp\/v2\/comments?post=31183"}],"wp:featuredmedia":[{"embeddable":true,"href":"https:\/\/lacasadelamedicina.es\/de\/wp-json\/wp\/v2\/media\/17916"}],"wp:attachment":[{"href":"https:\/\/lacasadelamedicina.es\/de\/wp-json\/wp\/v2\/media?parent=31183"}],"wp:term":[{"taxonomy":"product_cat","embeddable":true,"href":"https:\/\/lacasadelamedicina.es\/de\/wp-json\/wp\/v2\/product_cat?post=31183"},{"taxonomy":"product_tag","embeddable":true,"href":"https:\/\/lacasadelamedicina.es\/de\/wp-json\/wp\/v2\/product_tag?post=31183"}],"curies":[{"name":"wp","href":"https:\/\/api.w.org\/{rel}","templated":true}]}}