{"id":31156,"date":"2024-08-09T14:01:50","date_gmt":"2024-08-09T14:01:50","guid":{"rendered":"https:\/\/lacasadelamedicina.es\/product\/kaufen-sie-reines-mmb-2201-pulver-online\/"},"modified":"2024-08-09T14:01:50","modified_gmt":"2024-08-09T14:01:50","slug":"kaufen-sie-reines-mmb-2201-pulver-online","status":"publish","type":"product","link":"https:\/\/lacasadelamedicina.es\/de\/produkt\/kaufen-sie-reines-mmb-2201-pulver-online\/","title":{"rendered":"Kaufen Sie reines MMB-2201-Pulver online"},"content":{"rendered":"<h1>Kaufen Sie reines MMB-2201-Pulver online<\/h1>\n<p> Kaufen Sie MMB-2201-Pulver online. Cannabinoide sind erstklassige Forschungschemikalien. MDMB-2201 kann online bei einem renommierten Lieferanten, Coinstar Chemical, zu Gro\u00dfhandelspreisen gekauft werden. Kaufen Sie reines MMB-2201-Pulver online &#8211; <a href=\"https:\/\/drlawsonspharmacy\/contact-us\/\">KONTAKT<\/a><strong>5f MDMB 2201 zu verkaufen MDMB 2201 reddit<\/strong><strong>mmb-fub | mmbfub<\/strong><strong>fub2201 | fub-akb48<\/strong> (auch bekannt als 5F-MMB-PICA, 5F-AMB-PICA und I-AMB) ist ein starkes synthetisches Cannabinoid auf Basis von Indol-3-carboxamid, das als Wirkstoff in Cannabismischungen verkauft und als Designerdroge verwendet wird. Synthetisch. Im Januar 2014 wurde es erstmals in Russland und Wei\u00dfrussland erw\u00e4hnt; sp\u00e4ter wurde es jedoch in eine Reihe anderer L\u00e4nder verkauft. Ein synthetisches Cannabinoid aus der Indazol-Familie namens 5F-MDMB-2201 ist bemerkenswert vergleichbar mit MMB-2201. CB1- und CB2-Rezeptoren werden durch 5F-MDMB-2201 stark beeinflusst (antagonisiert). Mexedrone geh\u00f6rt zur chemischen Klasse der Cathinone und reagiert als solche. Mexedrone hat das \u201ephysikalische Erscheinungsbild\u201c von wei\u00dfen Diamanten, aber Sie k\u00f6nnen es auch als synthetisches Pulver oder Kristalle kaufen. Mexedrone hat einen maximalen Dosierungsbereich von 50 mg bis 100 mg und wird oral eingenommen. Es wurde beobachtet, dass Mephedron-Dosen zwischen 100 mg und 150 mg \u00e4hnliche Wirkungen hervorrufen. Die Wirkung von Mexedrone kann 4 bis 6 Stunden anhalten.             <\/p>\n<h3>Kaufen Sie reines MMB-2201-Pulver online<\/h3>\n<p> Mexedrone ist eine \u201epsychoaktive Droge\u201c, die als Entaktogen und Stimulans eingestuft wird. Es l\u00f6st auch Unruhe aus. Es ist denkbar, aber noch nicht bewiesen, dass Mexedrone aufgrund der stimulierenden Wirkung des Ereignisses eine synaptische Flut verursacht. Dopamin, Noradrenalin und Serotonin k\u00f6nnen in den Synapsen vorhanden sein, die w\u00e4hrend der Mexedrone-Erfahrung aktiv sind.    <\/p>\n<h3><strong>Bestellen Sie MMB-2201<\/strong><\/h3>\n<p> Die Wirkungen von Mexedrone entsprechen zu 70 % denen der Muttersubstanz Mephedron. Die Wirkungen von Mexedrone sind k\u00f6rperlicher, geistiger und auditiver Natur und werden bei gr\u00f6\u00dferen Dosen plausibler. Die tats\u00e4chlichen Nebenwirkungen von Mexedrone umfassen Hochgef\u00fchl, Sedierung, gesteigertes K\u00f6rpergef\u00fchl, Durst, vermehrtes Schwitzen, hemmungslose Empfindungen, Z\u00e4hneknirschen, vibrierendes Sehen und beeintr\u00e4chtigte Temperaturregulierung. Mexedrone hat eine psychologische Wirkung wie Verz\u00fcckung, Gedankenbeschleunigung und Vernetzungseffekt. Nebenwirkungen von Mexedrone k\u00f6nnen sich auch in h\u00f6rbaren Verst\u00e4rkungen \u00e4u\u00dfern. Der Konsum von Mexedrone kann nach der Stimulation zu Spitzeneffekten f\u00fchren. Die Wirkungen von Mexedrone nach dem Konsum k\u00f6nnen sch\u00e4dlich sein und verlangsamtes Denken und Inspiration, geistige Ersch\u00f6pfung, Unbehagen, Widerspenstigkeit, eine gedr\u00fcckte Stimmung und Aufmerksamkeit verursachen. Die Nachwirkungen von Mexedrone treten h\u00f6chstwahrscheinlich als Folge des Synapsenkonsums auf, da die Synapsenversorgung w\u00e4hrend der Erregungsphase der Erfahrung reduziert wurde.        &nbsp;<\/p>\n","protected":false},"excerpt":{"rendered":"<p>Kaufen Sie reines MMB-2201-Pulver online. Auch bekannt als I-AMB, 5F-AMB-PICA oder MMB-2201-Pulver.  &nbsp;<\/p>\n<p>&nbsp;<\/p>\n","protected":false},"featured_media":18456,"comment_status":"closed","ping_status":"closed","template":"","meta":{"om_disable_all_campaigns":false,"_sitemap_exclude":false,"_sitemap_priority":"","_sitemap_frequency":"","_monsterinsights_skip_tracking":false,"_monsterinsights_sitenote_active":false,"_monsterinsights_sitenote_note":"","_monsterinsights_sitenote_category":0},"product_cat":[23549],"product_tag":[26371,26361,26355,26366,26352,26353,26359,26360,26367,26370,26369,26368,26373,26364,26362,26357,26365,26372,26358,26356,26363,26354],"class_list":{"0":"post-31156","1":"product","2":"type-product","3":"status-publish","4":"has-post-thumbnail","6":"product_cat-forschungschemikalien-und-psychedelika","7":"product_tag-authentisches-reines-mmb-2201-pulver-europa","8":"product_tag-bestellen-sie-reines-mmb-2201-pulver-eu","9":"product_tag-bestellen-sie-reines-mmb-2201-pulver-online","10":"product_tag-gunstiges-reines-mmb-2201-pulver-europa","11":"product_tag-kaufen-sie-reines-mmb-2201-pulver","12":"product_tag-kaufen-sie-reines-mmb-2201-pulver-online","13":"product_tag-kaufen-sie-reines-mmb-2201-pulver-online-in-europa","14":"product_tag-reines-mmb-2201-pulver-bester-preis-europa","15":"product_tag-reines-mmb-2201-pulver-europa-angebote","16":"product_tag-reines-mmb-2201-pulver-europa-lieferung","17":"product_tag-reines-mmb-2201-pulver-europa-rabatt","18":"product_tag-reines-mmb-2201-pulver-europa-shop","19":"product_tag-reines-mmb-2201-pulver-europa-testbericht","20":"product_tag-reines-mmb-2201-pulver-europa-verkauf","21":"product_tag-reines-mmb-2201-pulver-kostenloser-versand-europa","22":"product_tag-reines-mmb-2201-pulver-online-kaufen","23":"product_tag-reines-mmb-2201-pulver-online-shop-europa","24":"product_tag-reines-mmb-2201-pulver-europa-lieferanten","25":"product_tag-wie-viel-kostet-reines-mmb-2201-pulver","26":"product_tag-wirkungen-von-reinem-mmb-2201-pulver","27":"product_tag-wo-kann-man-reines-mmb-2201-pulver-in-europa-kaufen","28":"product_tag-wo-kann-man-reines-mmb-2201-pulver-online-kaufen","30":"first","31":"instock","32":"shipping-taxable","33":"purchasable","34":"product-type-variable","35":"farmacie-col"},"aioseo_notices":[],"_links":{"self":[{"href":"https:\/\/lacasadelamedicina.es\/de\/wp-json\/wp\/v2\/product\/31156"}],"collection":[{"href":"https:\/\/lacasadelamedicina.es\/de\/wp-json\/wp\/v2\/product"}],"about":[{"href":"https:\/\/lacasadelamedicina.es\/de\/wp-json\/wp\/v2\/types\/product"}],"replies":[{"embeddable":true,"href":"https:\/\/lacasadelamedicina.es\/de\/wp-json\/wp\/v2\/comments?post=31156"}],"wp:featuredmedia":[{"embeddable":true,"href":"https:\/\/lacasadelamedicina.es\/de\/wp-json\/wp\/v2\/media\/18456"}],"wp:attachment":[{"href":"https:\/\/lacasadelamedicina.es\/de\/wp-json\/wp\/v2\/media?parent=31156"}],"wp:term":[{"taxonomy":"product_cat","embeddable":true,"href":"https:\/\/lacasadelamedicina.es\/de\/wp-json\/wp\/v2\/product_cat?post=31156"},{"taxonomy":"product_tag","embeddable":true,"href":"https:\/\/lacasadelamedicina.es\/de\/wp-json\/wp\/v2\/product_tag?post=31156"}],"curies":[{"name":"wp","href":"https:\/\/api.w.org\/{rel}","templated":true}]}}