{"id":31149,"date":"2024-08-09T14:01:54","date_gmt":"2024-08-09T14:01:54","guid":{"rendered":"https:\/\/lacasadelamedicina.es\/product\/alpha-pvp-a-pvp-online-kaufen-flakka\/"},"modified":"2024-09-15T10:08:17","modified_gmt":"2024-09-15T10:08:17","slug":"alpha-pvp-a-pvp-online-kaufen-flakka","status":"publish","type":"product","link":"https:\/\/lacasadelamedicina.es\/de\/produkt\/alpha-pvp-a-pvp-online-kaufen-flakka\/","title":{"rendered":"Alpha-PVP (A-PVP) online kaufen &#8211; Flakka"},"content":{"rendered":"<h3>Alpha-PVP (A-PVP) online kaufen<\/h3>\n<p> Ein synthetisches Stimulans namens Alpha-PVP wird in der Medizin zur Behandlung einer Vielzahl von Krankheiten verwendet. Alpha ist ein Prodrug, das zur Cathinon-Familie geh\u00f6rt. Urspr\u00fcnglich wurde Alpha-PVP als Designerdroge entwickelt. Heute verwenden viele Menschen es f\u00fcr verschiedene Zwecke, beispielsweise zur Schmerzlinderung. Dieses k\u00fcnstliche Stimulans wird verwendet, um die Bed\u00fcrfnisse von Drogenkonsumenten zu befriedigen. Nach 40 Jahren und dem ersten Produkt im Jahr 2000 hat es an Popularit\u00e4t gewonnen. Das Wichtigste dabei ist, dass es in diesen Jahren nicht einmal von einer kleinen Gemeinschaft verwendet wurde. Seit dem Jahr 2000 ist es jedoch so beliebt geworden, dass es derzeit von etwa 70 % der Weltbev\u00f6lkerung verwendet wird. Kaufen Sie Alpha-PVP (A-PVP) online <a href=\"https:\/\/dieapotheke247.com\/\">&#8211; <\/a><a href=\"https:\/\/drlawsonspharmacy\/contact-us\/\">KONTAKT<\/a><strong>Grund f\u00fcr die Popularit\u00e4t der psychedelischen Droge Alpha-PVP<\/strong>        <\/p>\n<p>&nbsp;<\/p>\n<h3><strong>Wo bekomme ich PVP? Alpha-PVP <\/strong><\/h3>\n<p> Die beliebteste Klasse von Prodrugs ist das weit verbreitete Alpha-PVP. Seine enorme Wirksamkeit und schnelle Wirkung sind die Hauptgr\u00fcnde f\u00fcr seine Beliebtheit. Wie andere Stimulanzien wirkt es direkt auf das zentrale Nervensystem. Es wirkt jedoch sehr schnell und setzt einige Hormone frei, um die gew\u00fcnschte Wirkung zu erzielen. Aufgrund seiner Wirkungsweise wird Alpha-PVP manchmal als Stimulans des zentralen Nervensystems bezeichnet.     <\/p>\n<h3><strong>Medizinisch verwendete psychedelische Alpha-PVP-Drogen<\/strong><\/h3>\n<p> Der menschliche Geist kann fl\u00fcchtige Emotionen wie Gl\u00fcck, Trauer oder Schmerz besser kontrollieren, wenn er Alpha PVP einnimmt. Dieses Medikament erm\u00f6glicht es dem Geist, ein typisches Ger\u00fcst zu visualisieren, das ohne Unterbrechung funktioniert. Auf diese Weise werden Schocks jeglicher Art durch Alpha PVP gemildert. Dieses Pro-Medikament wird in Kneipen und Tanzlokalen verwendet. Aber auch es wird nur in ausgew\u00e4hlten Therapien auf \u00e4rztliche Anweisung eingesetzt. Die \u00c4rzte behandeln Menschen mit Alpha PVP-haltigen Medikamenten. Der Hauptzweck besteht darin, Angst und Traurigkeit zu behandeln. Dies sind einige der wesentlichen Merkmale, die zur wachsenden Popularit\u00e4t von Alpha PVP beitragen. Es gewinnt in beiden Lebensbereichen an Bedeutung.         <\/p>\n<h3><b>So kaufen Sie ein PVP <\/b><b> sicher &#8211; Beschreibung<\/b><\/h3>\n<p><strong>Vollst\u00e4ndiger chemischer Name:<\/strong> Alpha-Pyrrolidinopentiophenon <strong>Systematischer Name der IUPAC<\/strong> 1-Phenyl-2-(1-pyrrolidinyl)-1-pentanon <strong>CAS-Nummer<\/strong><strong>14530-33-7<\/strong><strong>ChemSpider-Nummer<\/strong><strong>9324063<\/strong><strong>Molek\u00fclformel<\/strong><strong>C15H21NO<\/strong><strong>Molekularmasse<\/strong><strong>231,333 g\/mol<\/strong> Alpha-Pyrrolidinovalerophenon, auch bekannt als a-PVP, Alpha-PVP, O-2387 oder a-Ketonprolintan, ist ein in den 1960er Jahren entwickeltes Stimulans und ist mit Pyrovaleron verwandt. Sie k\u00f6nnen authentisches a-PVP online kaufen. Wir handeln in unserem Online-Shop in gro\u00dfen Mengen mit Alpha-PVP. Die von Ihnen ausgew\u00e4hlten Produkte sind zu \u00e4u\u00dferst g\u00fcnstigen Preisen erh\u00e4ltlich. Dar\u00fcber hinaus erhalten Sie die Ware dank unseres Online-Versandservices schnell.       <\/p>\n<h3>Alpha-PVP (A-PVP) online kaufen<\/h3>\n<p>&nbsp;<\/p>\n","protected":false},"excerpt":{"rendered":"<p><strong>Ein PVP ist was?<\/strong> Das stimulierende Arzneimittel A-PVP, -Pyrrolidinopentiophenon (Alpha-Pyrrolidinovalerophenon, -PVP, Alpha-PVP, O-2387, -Ketonprolintan) wurde in den 1960er Jahren entwickelt und ist mit Pyrovaleron verwandt. &nbsp;<\/p>\n","protected":false},"featured_media":18006,"comment_status":"closed","ping_status":"closed","template":"","meta":{"om_disable_all_campaigns":false,"_sitemap_exclude":false,"_sitemap_priority":"","_sitemap_frequency":"","_monsterinsights_skip_tracking":false,"_monsterinsights_sitenote_active":false,"_monsterinsights_sitenote_note":"","_monsterinsights_sitenote_category":0},"product_cat":[23549],"product_tag":[26345,26338,26348,26342,26350,26347,26346,26351,26340,26333,26331,26337,26343,26335,26339,26330,26349,26341,26344,26336,26334,26332],"class_list":{"0":"post-31149","1":"product","2":"type-product","3":"status-publish","4":"has-post-thumbnail","6":"product_cat-forschungschemikalien-und-psychedelika","7":"product_tag-alpha-pvp-a-pvp-angebote-von-flakka-europe","8":"product_tag-alpha-pvp-a-pvp-flakka-bester-preis-europa","9":"product_tag-alpha-pvp-a-pvp-flakka-europa-lieferung","10":"product_tag-alpha-pvp-a-pvp-flakka-europa-verkauf","11":"product_tag-alpha-pvp-a-pvp-flakka-europe-lieferanten","12":"product_tag-alpha-pvp-a-pvp-flakka-europe-rabatt","13":"product_tag-alpha-pvp-a-pvp-flakka-europe-shop-de","14":"product_tag-alpha-pvp-a-pvp-flakka-europe-rezension","15":"product_tag-alpha-pvp-a-pvp-flakka-kostenloser-versand-europa","16":"product_tag-alpha-pvp-a-pvp-flakka-online-bestellen","17":"product_tag-alpha-pvp-a-pvp-flakka-online-kaufen","18":"product_tag-alpha-pvp-a-pvp-flakka-online-kaufen-europa","19":"product_tag-alpha-pvp-a-pvp-flakka-online-shop-europa","20":"product_tag-alpha-pvp-a-pvp-flakka-verkauf-online","21":"product_tag-alpha-pvp-a-pvp-bestellen-flakka-eu","22":"product_tag-alpha-pvp-a-pvp-kaufen-flakka","23":"product_tag-authentisches-alpha-pvp-a-pvp-flakka-europe","24":"product_tag-bezugsquellen-fur-alpha-pvp-a-pvp-flakka-europe","25":"product_tag-gunstiges-alpha-pvp-a-pvp-flakka-europe","26":"product_tag-wie-viel-kostet-alpha-pvp-a-pvp-flakka","27":"product_tag-wirkungen-von-alpha-pvp-a-pvp-flakka","28":"product_tag-wo-kann-man-alpha-pvp-a-pvp-flakka-online-kaufen","30":"first","31":"instock","32":"shipping-taxable","33":"purchasable","34":"product-type-variable","35":"farmacie-col"},"aioseo_notices":[],"_links":{"self":[{"href":"https:\/\/lacasadelamedicina.es\/de\/wp-json\/wp\/v2\/product\/31149"}],"collection":[{"href":"https:\/\/lacasadelamedicina.es\/de\/wp-json\/wp\/v2\/product"}],"about":[{"href":"https:\/\/lacasadelamedicina.es\/de\/wp-json\/wp\/v2\/types\/product"}],"replies":[{"embeddable":true,"href":"https:\/\/lacasadelamedicina.es\/de\/wp-json\/wp\/v2\/comments?post=31149"}],"wp:featuredmedia":[{"embeddable":true,"href":"https:\/\/lacasadelamedicina.es\/de\/wp-json\/wp\/v2\/media\/18006"}],"wp:attachment":[{"href":"https:\/\/lacasadelamedicina.es\/de\/wp-json\/wp\/v2\/media?parent=31149"}],"wp:term":[{"taxonomy":"product_cat","embeddable":true,"href":"https:\/\/lacasadelamedicina.es\/de\/wp-json\/wp\/v2\/product_cat?post=31149"},{"taxonomy":"product_tag","embeddable":true,"href":"https:\/\/lacasadelamedicina.es\/de\/wp-json\/wp\/v2\/product_tag?post=31149"}],"curies":[{"name":"wp","href":"https:\/\/api.w.org\/{rel}","templated":true}]}}