{"id":31128,"date":"2024-08-09T14:01:54","date_gmt":"2024-08-09T14:01:54","guid":{"rendered":"https:\/\/lacasadelamedicina.es\/product\/kaufen-sie-weisses-heroinpulver-online\/"},"modified":"2024-09-15T10:01:11","modified_gmt":"2024-09-15T10:01:11","slug":"kaufen-sie-weisses-heroinpulver-online","status":"publish","type":"product","link":"https:\/\/lacasadelamedicina.es\/de\/produkt\/kaufen-sie-weisses-heroinpulver-online\/","title":{"rendered":"Kaufen Sie wei\u00dfes Heroinpulver online"},"content":{"rendered":"<h1>Kaufen Sie wei\u00dfes Heroinpulver online.<\/h1>\n<p> Kaufen Sie wei\u00dfes Heroinpulver online \u2013 Eine der wirksamsten und lukrativsten Heroinarten auf dem Markt ist wei\u00dfes Pulver. Aber von wem sollten Sie es kaufen? Der beste Ort, um wei\u00dfes Heroinpulver online zum niedrigsten Preis zu kaufen, ist Dr. Lawsons Pharmacy. Mit einer Vielzahl von Liefer- und Zahlungsmethoden macht es Dr. Lawsons Pharmac<a href=\"https:\/\/dieapotheke247.com\/\">y<\/a> einfach und sicher, wei\u00dfes Heroinpulver in gro\u00dfen Mengen zu kaufen. Mit unserer 100% Zufriedenheitsgarantie sind wir sehr stolz darauf, unseren Kunden ein schnelles, diskretes und sicheres Einkaufserlebnis zu bieten. Kaufen Sie wei\u00dfes Heroinpulver online \u2013      <a href=\"https:\/\/drlawsonspharmacy\/contact-us\/\"><a href=\"https:\/\/drlawsonspharmacy\/contact-us\/\">KONTAKT Heroin online bestellen<\/a><\/a><\/p>\n<h3>Die Vorteile von wei\u00dfem Heroinpulver<\/h3>\n<p> W\u00e4hrend wei\u00dfes Heroinpulver h\u00e4ufig in der Freizeit oder medizinisch zur Behandlung von opioidbedingten Schmerzen verwendet wird, erfreut es sich auch bei Menschen, die nach extremeren Erfahrungen suchen, zunehmender Beliebtheit. Sie k\u00f6nnen jetzt reines wei\u00dfes Heroinpulver online bei Dr. Lawsons Pharmacy kaufen und seine starke Wirkung pers\u00f6nlich erleben. Sie erhalten das reinste Heroin auf dem Markt, wenn Sie es in Form von wei\u00dfem Pulver bei Dr. Lawsons Pharmacy kaufen. Dies macht es perfekt f\u00fcr Menschen, die nach einer intensiven Erfahrung suchen, da Ihre Dosis st\u00e4rker ist und l\u00e4nger anh\u00e4lt als bei anderen Heroinarten. Dar\u00fcber hinaus sind die Preise angemessen und die Lieferzeiten kurz. Worauf warten Sie noch? Bestellen Sie jetzt eine gro\u00dfe Menge wei\u00dfes Heroinpulver! Kaufen Sie wei\u00dfes Heroinpulver online        <\/p>\n<h3>Risiken im Zusammenhang mit der Verwendung von wei\u00dfem Heroinpulver<\/h3>\n<p> Seien Sie sich der Gefahren bewusst, wenn Sie wei\u00dfes Heroinpulver online kaufen m\u00f6chten. Wei\u00dfes Heroinpulver ist eine stark s\u00fcchtig machende Substanz, die bei h\u00e4ufigem Konsum sowohl psychische als auch physische Abh\u00e4ngigkeit verursachen kann. Wenn Sie die Einnahme pl\u00f6tzlich beenden, k\u00f6nnen schwere und schmerzhafte Entzugserscheinungen auftreten. Dar\u00fcber hinaus k\u00f6nnen selbst kleine Dosen dieser potenten Chemikalie bei unsachgem\u00e4\u00dfer oder \u00fcberm\u00e4\u00dfiger Einnahme t\u00f6dlich sein. Tats\u00e4chlich ist eine \u00dcberdosis einer der h\u00e4ufigsten Todesf\u00e4lle im Zusammenhang mit dem Konsum von wei\u00dfem Heroinpulver. Und nicht zuletzt wurde der Konsum von wei\u00dfem Heroinpulver mit einer Reihe sch\u00e4dlicher Auswirkungen auf die psychische Gesundheit in Verbindung gebracht, darunter Paranoia, Traurigkeit, Denkst\u00f6rungen, Angstzust\u00e4nde und R\u00fcckfall in die Sucht. Kaufen Sie wei\u00dfes Heroinpulver online       <\/p>\n<h3>Kaufen Sie wei\u00dfes Heroinpulver online<\/h3>\n<p> Es ist wichtig zu verstehen, dass es keine \u201esichere\u201c Dosierung f\u00fcr wei\u00dfes Heroinpulver gibt, da jede Menge aufgrund von Wechselwirkungen mit bekannten oder unbewussten Empfindlichkeiten und anderen medizinischen Problemen einer Person potenziell t\u00f6dlich sein kann. Aus diesem Grund darf der Konsum von Heroin \u2013 egal wie wenig \u2013 nur unter strenger Aufsicht eines qualifizierten Arztes erfolgen. Bestellen Sie Heroin online   <\/p>\n<h3>Warum ist die Dr. Lawsons-Apotheke der beste Ort, um wei\u00dfes Heroinpulver online zu kaufen?<\/h3>\n<p> Wenn Sie wei\u00dfes Heroinpulver online kaufen m\u00f6chten, gibt es mehrere Vorteile, darunter Erschwinglichkeit und Einfachheit. Es ist jedoch wichtig, sich der Gefahren der Verwendung dieser Substanz bewusst zu sein und sie nur von zuverl\u00e4ssigen Lieferanten wie Dr. Lawsons Pharmacy zu beziehen. Mit der Unterst\u00fctzung von Dr. Lawsons Pharmacy k\u00f6nnen Sie getrost die zahlreichen Vorteile des Online-Gro\u00dfhandels mit wei\u00dfem Heroinpulver genie\u00dfen. Bestellen Sie Heroin online    &nbsp;<\/p>\n","protected":false},"excerpt":{"rendered":"<p>Kaufen Sie wei\u00dfes Heroinpulver online. Kaufen Sie wei\u00dfes Heroinpulver online \u2013 Eine der wirksamsten und lukrativsten Heroinarten auf dem Markt ist wei\u00dfes Pulver. Aber von wem sollten Sie es kaufen? Der beste Ort, um wei\u00dfes Heroinpulver online zum niedrigsten Preis zu kaufen, ist Dr. Lawsons Pharmacy. Mit einer Vielzahl von Liefer- und Zahlungsmethoden macht es [&hellip;]<\/p>\n","protected":false},"featured_media":17991,"comment_status":"closed","ping_status":"closed","template":"","meta":{"om_disable_all_campaigns":false,"_sitemap_exclude":false,"_sitemap_priority":"","_sitemap_frequency":"","_monsterinsights_skip_tracking":false,"_monsterinsights_sitenote_active":false,"_monsterinsights_sitenote_note":"","_monsterinsights_sitenote_category":0},"product_cat":[25796],"product_tag":[26236,26251,26246,26232,26233,26239,26252,26245,26237,26241,26240,26247,26253,26250,26249,26248,26244,26242,26235,26238,26243,26234],"class_list":{"0":"post-31128","1":"product","2":"type-product","3":"status-publish","4":"has-post-thumbnail","6":"product_cat-heroin-de","7":"product_tag-auswirkungen-von-weisem-heroinpulver","8":"product_tag-authentisches-weises-heroinpulver-europa","9":"product_tag-billiges-weises-heroinpulver-europa","10":"product_tag-kaufen-sie-weises-heroinpulver","11":"product_tag-kaufen-sie-weises-heroinpulver-online","12":"product_tag-kaufen-sie-weises-heroinpulver-online-in-europa","13":"product_tag-lieferanten-von-weisem-heroinpulver-in-europa","14":"product_tag-online-shop-fur-weises-heroinpulver-europa","15":"product_tag-verkauf-von-weisem-heroinpulver-online","16":"product_tag-weises-heroinpulver-bestellen-eu","17":"product_tag-weises-heroinpulver-bester-preis-europa","18":"product_tag-weises-heroinpulver-europa-angebote","19":"product_tag-weises-heroinpulver-europa-bewertung","20":"product_tag-weises-heroinpulver-europa-lieferung","21":"product_tag-weises-heroinpulver-europa-rabatt","22":"product_tag-weises-heroinpulver-europa-shop","23":"product_tag-weises-heroinpulver-europa-verkauf","24":"product_tag-weises-heroinpulver-kostenloser-versand-europa","25":"product_tag-weises-heroinpulver-online-bestellen","26":"product_tag-wie-viel-kostet-weises-heroinpulver","27":"product_tag-wo-kann-man-in-europa-weises-heroinpulver-kaufen","28":"product_tag-wo-kann-man-weises-heroinpulver-online-kaufen","30":"first","31":"instock","32":"shipping-taxable","33":"purchasable","34":"product-type-variable","35":"farmacie-col"},"aioseo_notices":[],"_links":{"self":[{"href":"https:\/\/lacasadelamedicina.es\/de\/wp-json\/wp\/v2\/product\/31128"}],"collection":[{"href":"https:\/\/lacasadelamedicina.es\/de\/wp-json\/wp\/v2\/product"}],"about":[{"href":"https:\/\/lacasadelamedicina.es\/de\/wp-json\/wp\/v2\/types\/product"}],"replies":[{"embeddable":true,"href":"https:\/\/lacasadelamedicina.es\/de\/wp-json\/wp\/v2\/comments?post=31128"}],"wp:featuredmedia":[{"embeddable":true,"href":"https:\/\/lacasadelamedicina.es\/de\/wp-json\/wp\/v2\/media\/17991"}],"wp:attachment":[{"href":"https:\/\/lacasadelamedicina.es\/de\/wp-json\/wp\/v2\/media?parent=31128"}],"wp:term":[{"taxonomy":"product_cat","embeddable":true,"href":"https:\/\/lacasadelamedicina.es\/de\/wp-json\/wp\/v2\/product_cat?post=31128"},{"taxonomy":"product_tag","embeddable":true,"href":"https:\/\/lacasadelamedicina.es\/de\/wp-json\/wp\/v2\/product_tag?post=31128"}],"curies":[{"name":"wp","href":"https:\/\/api.w.org\/{rel}","templated":true}]}}