{"id":31101,"date":"2024-08-09T14:01:54","date_gmt":"2024-08-09T14:01:54","guid":{"rendered":"https:\/\/lacasadelamedicina.es\/product\/kaufen-sie-unverduenntes-heroin-online\/"},"modified":"2024-08-09T14:01:54","modified_gmt":"2024-08-09T14:01:54","slug":"kaufen-sie-unverduenntes-heroin-online","status":"publish","type":"product","link":"https:\/\/lacasadelamedicina.es\/de\/produkt\/kaufen-sie-unverduenntes-heroin-online\/","title":{"rendered":"Kaufen Sie unverd\u00fcnntes Heroin online"},"content":{"rendered":"<h1>Kaufen Sie unverschnittenes Heroin online<\/h1>\n<p> Kaufen Sie unverd\u00fcnntes Heroin online &#8211; Unverd\u00fcnntes Heroin kann online bei bestimmten H\u00e4ndlern gekauft werden, obwohl dies gewisse Risiken birgt. Wenn Sie sich also gefragt haben, wo Sie echtes, sicheres, unverd\u00fcnntes Heroin online finden k\u00f6nnen, ist Dr. Lawsons Pharmacy die richtige Adresse. Kaufen Sie unverd\u00fcnntes Heroin online &#8211;   <a href=\"https:\/\/drlawsonspharmacy\/contact-us\/\">KONTAKT<\/a><\/p>\n<h3>Wie wird unverstrecktes Heroin hergestellt?<\/h3>\n<p> Unverschnittenes Heroin wird aus den getrockneten Schoten des Schlafmohns gewonnen. <a href=\"https:\/\/dieapotheke247.com\/\">Es <\/a> wird gesammelt und in eine pulverf\u00f6rmige, wei\u00dfe Substanz verwandelt. Es enth\u00e4lt hohe Konzentrationen an Morphin, Codein und anderen Substanzen, darunter starke Opioide. Das Endergebnis ist eine unraffinierte Opiumsorte, die frei von zus\u00e4tzlichen Chemikalien und Verarbeitungsmitteln ist. Je nach vorhandener Feuchtigkeitsmenge und Alkaloidmenge \u00e4ndert sich die St\u00e4rke der Droge.     <\/p>\n<h3>Vorteile von unverschnittenem Heroin<\/h3>\n<p> Wenn Sie einen Rausch suchen, der allen anderen \u00fcberlegen ist, sollten Sie sich f\u00fcr unverd\u00fcnntes Heroin entscheiden. Unverd\u00fcnntes Heroin ist st\u00e4rker und reiner als andere Heroinformen und bietet bessere Kurz- und Langzeiteffekte. Dar\u00fcber hinaus kann es auf die Bed\u00fcrfnisse des Benutzers zugeschnitten werden, was zu Cocktails f\u00fchrt, die dem Benutzer mehr Kontrolle \u00fcber die Dosierung und Qualit\u00e4t der Droge geben. Es ist auch sicherer, online gekauftes unverd\u00fcnntes Heroin unter Aufsicht zu konsumieren. Aufgrund der h\u00f6heren St\u00e4rke besteht ein geringeres Risiko einer \u00dcberdosis. Im Vergleich zu anderen Heroinarten hat unverd\u00fcnntes Heroin weniger negative Auswirkungen und ein geringeres Suchtrisiko. Tats\u00e4chlich haben Kunden behauptet, dass es bei Dr. Lawsons Pharmacy einfacher ist, reines, starkes, unverd\u00fcnntes Heroin online zu kaufen.       <\/p>\n<h3>Nebenwirkungen von unverschnittenem Heroin<\/h3>\n<p> Ein erh\u00f6htes Sucht- und \u00dcberdosisrisiko sowie eine h\u00f6here HIV- und andere Infektionsrate sind allesamt Gesundheitsrisiken, die mit dem Konsum von unverstrecktem Heroin verbunden sind. Dar\u00fcber hinaus kann unverstrecktes Heroin k\u00f6rperliche Nebenwirkungen wie \u00dcbelkeit, Erbrechen, Herzrasen und ein h\u00f6heres Risiko einer \u00dcberdosis verursachen. Unter bestimmten Umst\u00e4nden kann es sogar zum Tod f\u00fchren.   <\/p>\n<h3>Wo kann man online unverschnittenes Heroin kaufen?<\/h3>\n<p> Wenn Sie online nach unverd\u00fcnntem Heroin in gro\u00dfen Mengen suchen, suchen Sie nach Lieferanten wie LA CASA DE LA MEDICINA, deren Produkte von anderen Quellen als qualitativ hochwertig eingestuft wurden. Wenn Sie die Preise f\u00fcr unverd\u00fcnntes Heroin online vergleichen, denken Sie daran, dass die Kosten je nach Standort (z. B. St\u00e4dte, in denen der Stra\u00dfenpreis f\u00fcr Heroin tendenziell h\u00f6her ist), Tageszeit (Euthanasiezeremonien f\u00fchren oft zu h\u00f6heren Preisen), Zahlungsmethode (Kreditkarten erheben tendenziell h\u00f6here Geb\u00fchren als PayPal) usw. stark variieren k\u00f6nnen. Da das, was Sie kaufen, unabh\u00e4ngig von der Quelle wahrscheinlich mit anderen Substanzen vermischt sein wird, ist es wichtig, sich nicht zu sehr in den Preisdetails zu verfangen. Konzentrieren Sie sich stattdessen darauf, sicherzustellen, dass Reinheit und Frische w\u00e4hrend des gesamten Transport- und Kaufprozesses erhalten bleiben, nicht nur im Endproduktstadium.    <\/p>\n<h3>Kaufen Sie unverd\u00fcnntes Heroin online bei LA CASA DE LA MEDICINA.<\/h3>\n<p> Es ist wichtig, sich daran zu erinnern, dass der unsachgem\u00e4\u00dfe oder verantwortungslose Konsum von unverd\u00fcnntem Heroin schwerwiegende Folgen haben kann. Aus diesem Grund sollten Sie unverd\u00fcnntes Heroin nur online bei seri\u00f6sen Apotheken wie Dr. Lawsons Pharmacy kaufen. Zum besten Preis bieten wir ausschlie\u00dflich den Gro\u00dfhandelsverkauf von echtem, unverd\u00fcnntem Heroin an.   &nbsp;<\/p>\n","protected":false},"excerpt":{"rendered":"<p>Kaufen Sie unverschnittenes Heroin online Kaufen Sie unverd\u00fcnntes Heroin online &#8211; Unverd\u00fcnntes Heroin kann online bei bestimmten H\u00e4ndlern gekauft werden, obwohl dies gewisse Risiken birgt. Wenn Sie sich also gefragt haben, wo Sie echtes, sicheres, unverd\u00fcnntes Heroin online finden k\u00f6nnen, ist Dr. Lawsons Pharmacy die richtige Adresse. Kaufen Sie unverd\u00fcnntes Heroin online &#8211; KONTAKT Wie [&hellip;]<\/p>\n","protected":false},"featured_media":17976,"comment_status":"closed","ping_status":"closed","template":"","meta":{"om_disable_all_campaigns":false,"_sitemap_exclude":false,"_sitemap_priority":"","_sitemap_frequency":"","_monsterinsights_skip_tracking":false,"_monsterinsights_sitenote_active":false,"_monsterinsights_sitenote_note":"","_monsterinsights_sitenote_category":0},"product_cat":[25796],"product_tag":[26095,26110,26105,26093,26098,26111,26096,26092,26100,26106,26108,26107,26112,26103,26091,26109,26104,26101,26099,26097,26102,26094],"class_list":{"0":"post-31101","1":"product","2":"type-product","3":"status-publish","4":"has-post-thumbnail","6":"product_cat-heroin-de","7":"product_tag-auswirkungen-von-unverschnittenem-heroin","8":"product_tag-authentisches-unverschnittenes-heroin-europa","9":"product_tag-billiges-unverschnittenes-heroin-in-europa","10":"product_tag-kaufen-sie-unverdunntes-heroin-online","11":"product_tag-kaufen-sie-unverschnittenes-heroin-online-in-europa","12":"product_tag-lieferanten-von-unverschnittenem-heroin-in-europa","13":"product_tag-unverdunntes-heroin-im-internet","14":"product_tag-unverdunntes-heroin-online-bestellen","15":"product_tag-unverschnittenes-heroin-bestellen-eu","16":"product_tag-unverschnittenes-heroin-europa-angebote","17":"product_tag-unverschnittenes-heroin-europa-rabatt","18":"product_tag-unverschnittenes-heroin-europa-shop","19":"product_tag-unverschnittenes-heroin-europa-testbericht","20":"product_tag-unverschnittenes-heroin-europa-verkauf","21":"product_tag-unverschnittenes-heroin-kaufen","22":"product_tag-unverschnittenes-heroin-lieferung-nach-europa","23":"product_tag-unverschnittenes-heroin-online-shop-europa","24":"product_tag-unverschnittenes-heroin-versandkostenfrei-nach-europa","25":"product_tag-unverschnittenes-heroin-zum-besten-preis-in-europa","26":"product_tag-wie-viel-kostet-unverdunntes-heroin","27":"product_tag-wo-kann-man-in-europa-unverschnittenes-heroin-kaufen","28":"product_tag-wo-kann-man-unverschnittenes-heroin-online-kaufen","30":"first","31":"instock","32":"shipping-taxable","33":"purchasable","34":"product-type-variable","35":"farmacie-col"},"aioseo_notices":[],"_links":{"self":[{"href":"https:\/\/lacasadelamedicina.es\/de\/wp-json\/wp\/v2\/product\/31101"}],"collection":[{"href":"https:\/\/lacasadelamedicina.es\/de\/wp-json\/wp\/v2\/product"}],"about":[{"href":"https:\/\/lacasadelamedicina.es\/de\/wp-json\/wp\/v2\/types\/product"}],"replies":[{"embeddable":true,"href":"https:\/\/lacasadelamedicina.es\/de\/wp-json\/wp\/v2\/comments?post=31101"}],"wp:featuredmedia":[{"embeddable":true,"href":"https:\/\/lacasadelamedicina.es\/de\/wp-json\/wp\/v2\/media\/17976"}],"wp:attachment":[{"href":"https:\/\/lacasadelamedicina.es\/de\/wp-json\/wp\/v2\/media?parent=31101"}],"wp:term":[{"taxonomy":"product_cat","embeddable":true,"href":"https:\/\/lacasadelamedicina.es\/de\/wp-json\/wp\/v2\/product_cat?post=31101"},{"taxonomy":"product_tag","embeddable":true,"href":"https:\/\/lacasadelamedicina.es\/de\/wp-json\/wp\/v2\/product_tag?post=31101"}],"curies":[{"name":"wp","href":"https:\/\/api.w.org\/{rel}","templated":true}]}}