{"id":31022,"date":"2024-08-09T14:01:54","date_gmt":"2024-08-09T14:01:54","guid":{"rendered":"https:\/\/lacasadelamedicina.es\/product\/mdpv-online-kaufen\/"},"modified":"2024-08-09T14:01:54","modified_gmt":"2024-08-09T14:01:54","slug":"mdpv-online-kaufen","status":"publish","type":"product","link":"https:\/\/lacasadelamedicina.es\/de\/produkt\/mdpv-online-kaufen\/","title":{"rendered":"MDPV online kaufen"},"content":{"rendered":"<h1>MDPV online kaufen<\/h1>\n<p> Kaufen Sie MDPV online f\u00fcr Ihren Eigengebrauch oder zum Verkauf. Wir k\u00f6nnen garantieren, dass das von uns zum Verkauf angebotene MDPV-Pulver von der derzeit h\u00f6chsten verf\u00fcgbaren Qualit\u00e4t ist. Wir bieten diskrete Lieferung sowie sichere Zahlungsoptionen wie Bitcoin, Moneygram und Western Union. Dar\u00fcber hinaus verkaufen wir eine Vielzahl verschiedener Forschungschemikalien, darunter JWH-018. Bitte <a href=\"https:\/\/dieapotheke247.com\/\">beachten Sie<\/a>, dass wir keine Kontrolle dar\u00fcber haben, wie jeder Kunde unser zum Verkauf stehendes MDPV in den USA verwendet. Kaufen Sie MDPV online &#8211; <a href=\"https:\/\/drlawsonspharmacy\/contact-us\/\">Kontakt<\/a> Haben Sie den brennenden Wunsch, die Komplexit\u00e4t der Psychopharmakologie zu verstehen? MDPV (Methylendioxypyrovaleron), eine bahnbrechende Substanz, die Ihre Studien revolutionieren wird, ist die L\u00f6sung. MDPV ist ein sehr wirksames synthetisches Stimulans mit besonderen Eigenschaften, die es zu einem unverzichtbaren Werkzeug f\u00fcr Spitzenforschung machen. MDPV wird sorgf\u00e4ltig unter Verwendung modernster Methoden synthetisiert, um bei jeder Bestellung ein reines und zuverl\u00e4ssiges Produkt zu gew\u00e4hrleisten. Diese Substanz bietet Wissenschaftlern beispiellose Einblicke in die komplexe Funktionsweise des zentralen Nervensystems, da sie ein starker Wiederaufnahmehemmer von Noradrenalin und Dopamin ist. Die au\u00dfergew\u00f6hnliche Wirksamkeit und verl\u00e4ngerte Wirkungsdauer von MDPV sind zwei seiner Hauptvorteile. Dadurch k\u00f6nnen Forscher ein breites Spektrum an Bereichen angehen, wie z. B. die Erforschung von Sucht, Verhaltens\u00e4nderungen und Neurotransmittersystemen. Seine au\u00dfergew\u00f6hnliche Stabilit\u00e4t und L\u00f6slichkeit in g\u00e4ngigen L\u00f6sungsmitteln machen es ideal f\u00fcr zahlreiche wissenschaftliche Anwendungen. Bei <span class=\"selectable-text copyable-text\">Dr Lawsons Pharmacy<\/span> haben Kundenzufriedenheit und Sicherheit oberste Priorit\u00e4t. Um die Einhaltung der h\u00f6chsten Industriestandards zu gew\u00e4hrleisten, durchl\u00e4uft unser MDPV strenge Qualit\u00e4tskontrollverfahren. Um Ihren Forschungsprozess zu unterst\u00fctzen, halten wir uns strikt an Sicherheitsverfahren und sorgen f\u00fcr eine umfassende Dokumentation. Es ist wichtig, daran zu denken, dass MDPV nur f\u00fcr Forschungszwecke und nicht f\u00fcr den menschlichen Verzehr verwendet werden darf. Beim Umgang mit dieser Substanz m\u00fcssen Forscher alle geltenden Gesetze und Moralkodizes einhalten.                  &nbsp;<\/p>\n","protected":false},"excerpt":{"rendered":"<p>MDPV kann online bei <span class=\"selectable-text copyable-text\"> LA CASA DE LA MEDICINA<\/span> erworben werden. Der Online-Einkauf von Forschungschemikalien ist eine gro\u00dfe Herausforderung, aber wir k\u00f6nnen erstklassiges MDPV zu unglaublich g\u00fcnstigen Preisen verkaufen. Nichts Exzellentes ist einfach, und wir tun alles, um das hochwertigste MDPV zu produzieren, das wir zum Verkauf anbieten k\u00f6nnen.   &nbsp;<\/p>\n","protected":false},"featured_media":18471,"comment_status":"closed","ping_status":"closed","template":"","meta":{"om_disable_all_campaigns":false,"_sitemap_exclude":false,"_sitemap_priority":"","_sitemap_frequency":"","_monsterinsights_skip_tracking":false,"_monsterinsights_sitenote_active":false,"_monsterinsights_sitenote_note":"","_monsterinsights_sitenote_category":0},"product_cat":[23549],"product_tag":[25878,25867,25882,25872,25877,25883,25871,25881,25879,25884,25880,25875,25863,25873,25864,25865,25870,25876,25868,25869,25866,25874],"class_list":{"0":"post-31022","1":"product","2":"type-product","3":"status-publish","4":"has-post-thumbnail","6":"product_cat-forschungschemikalien-und-psychedelika","7":"product_tag-angebote-von-mdpv-europe","8":"product_tag-auswirkungen-von-mdpv","9":"product_tag-authentisches-mdpv-europa","10":"product_tag-bestellen-sie-mdpv-eu","11":"product_tag-gunstiges-mdpv-europa","12":"product_tag-lieferanten-von-mdpv-europe","13":"product_tag-mdpv-bester-preis-europa","14":"product_tag-mdpv-europa-lieferung","15":"product_tag-mdpv-europe-shop-de","16":"product_tag-mdpv-europe-bewertung","17":"product_tag-mdpv-europe-rabatt","18":"product_tag-mdpv-europe-verkauf","19":"product_tag-mdpv-kaufen-de","20":"product_tag-mdpv-kostenloser-versand-europa","21":"product_tag-mdpv-online-bestellen-de","22":"product_tag-mdpv-online-kaufen-de","23":"product_tag-mdpv-online-kaufen-europa","24":"product_tag-mdpv-online-shop-europa","25":"product_tag-mdpv-verkaufe-online","26":"product_tag-wie-viel-kostet-mdpv","27":"product_tag-wo-kann-man-mdpv-online-kaufen","28":"product_tag-wo-sie-mdpv-europe-kaufen-konnen","30":"first","31":"instock","32":"shipping-taxable","33":"purchasable","34":"product-type-variable","35":"farmacie-col"},"aioseo_notices":[],"_links":{"self":[{"href":"https:\/\/lacasadelamedicina.es\/de\/wp-json\/wp\/v2\/product\/31022"}],"collection":[{"href":"https:\/\/lacasadelamedicina.es\/de\/wp-json\/wp\/v2\/product"}],"about":[{"href":"https:\/\/lacasadelamedicina.es\/de\/wp-json\/wp\/v2\/types\/product"}],"replies":[{"embeddable":true,"href":"https:\/\/lacasadelamedicina.es\/de\/wp-json\/wp\/v2\/comments?post=31022"}],"wp:featuredmedia":[{"embeddable":true,"href":"https:\/\/lacasadelamedicina.es\/de\/wp-json\/wp\/v2\/media\/18471"}],"wp:attachment":[{"href":"https:\/\/lacasadelamedicina.es\/de\/wp-json\/wp\/v2\/media?parent=31022"}],"wp:term":[{"taxonomy":"product_cat","embeddable":true,"href":"https:\/\/lacasadelamedicina.es\/de\/wp-json\/wp\/v2\/product_cat?post=31022"},{"taxonomy":"product_tag","embeddable":true,"href":"https:\/\/lacasadelamedicina.es\/de\/wp-json\/wp\/v2\/product_tag?post=31022"}],"curies":[{"name":"wp","href":"https:\/\/api.w.org\/{rel}","templated":true}]}}