{"id":30996,"date":"2024-08-09T14:01:54","date_gmt":"2024-08-09T14:01:54","guid":{"rendered":"https:\/\/lacasadelamedicina.es\/product\/kaufen-sie-chinesisches-weisses-heroin-online\/"},"modified":"2024-08-09T14:01:54","modified_gmt":"2024-08-09T14:01:54","slug":"kaufen-sie-chinesisches-weisses-heroin-online","status":"publish","type":"product","link":"https:\/\/lacasadelamedicina.es\/de\/produkt\/kaufen-sie-chinesisches-weisses-heroin-online\/","title":{"rendered":"Kaufen Sie chinesisches wei\u00dfes Heroin online"},"content":{"rendered":"<h1>Kaufen Sie chinesisches wei\u00dfes Heroin online<\/h1>\n<p> In Amerika und anderen L\u00e4ndern richtet die Opioid-Pandemie verheerende Sch\u00e4den an. Als Reaktion darauf suchen viele Menschen nach Alternativen zu zwielichtigen Stra\u00dfendealern, um an starkes, reines Heroin zu kommen. Gl\u00fccklicherweise ist wei\u00dfes Heroin aus China ein fantastischer Ersatz, der leicht erh\u00e4ltlich ist. Wenn Sie also auch wei\u00dfes Heroin aus China online kaufen m\u00f6chten, tun Sie dies direkt bei Dr. Lawsons Pharmacy. Kaufen Sie chinesisches wei\u00dfes Heroin online \u2013     <a href=\"https:\/\/drlawsonspharmacy\/contact-us\/\">Kontakt<\/a><\/p>\n<h3>Wie wird chinesisches wei\u00dfes Heroin hergestellt?<\/h3>\n<p> Im Allgemeinen ist wei\u00dfes Heroin aus China weniger potent als andere Heroinsorten und kann f\u00fcr weniger Geld gekauft werden. Chinesisches wei\u00dfes Heroin wird in einem mehrstufigen, komplizierten Verfahren hergestellt. Der Rohstoff, der haupts\u00e4chlich aus Opium besteht, wird zun\u00e4chst aus Afghanistan oder Pakistan bezogen. Das Opium wird dann in Kalt- oder Vakuumbackverfahren in Morphin umgewandelt. Da Morphin mit dieser Methode schwer zu erkennen und zu verwenden ist, ist es f\u00fcr Drogenh\u00e4ndler wahrscheinlicher, dass sie es verkaufen wollen. Wenn Sie chinesisches wei\u00dfes Heroin von Dr. Lawsons Pharmacy kaufen m\u00f6chten, k\u00f6nnen Sie die verschiedenen Sorten von chinesischem wei\u00dfem Heroin auf der Website durchsuchen und die gew\u00fcnschte Dosierung ausw\u00e4hlen. Um zu wissen, welche Sicherheitsma\u00dfnahmen bei der Verwendung dieses Medikaments zu treffen sind, lesen Sie vor dem Kauf unbedingt die Sicherheitsinformationen.       <\/p>\n<h3>Vorteile von China White Heroin<\/h3>\n<p> Exklusiv online erh\u00e4ltlich bei Dr. Lawsons Pharmacy, China. Wei\u00dfes Heroin ist eine hochwertige, potente Art der Droge. Chinesisches wei\u00dfes Heroin ist rein und von Kauf zu Kauf gleichbleibend, im Gegensatz zu anderen Heroinarten, die mit anderen Substanzen gemischt werden k\u00f6nnen, um die Wirksamkeit zu verbessern und neue Arten von Narkotika zu kreieren. Das bedeutet, dass Sie immer die gleiche potente Wirkung sp\u00fcren, wenn Sie es einnehmen, unabh\u00e4ngig davon, was sonst noch in Ihrem K\u00f6rper ist. F\u00fcr Menschen, die einen starken Rausch ohne die Nebenwirkungen oder Risiken anderer Opioide wie Fentanyl oder Morphin-basierter Substanzen suchen, ist chinesisches wei\u00dfes Heroin eine fantastische Option. Warten Sie nicht l\u00e4nger; chinesisches wei\u00dfes Heroin ist bei Dr. Lawsons Pharmacy erh\u00e4ltlich und leicht zu finden.      <\/p>\n<h3>Nebenwirkungen von China White Heroin<\/h3>\n<p> Vor dem Konsum von chinesischem wei\u00dfem Heroin sollte man sich der damit verbundenen Risiken bewusst sein, da die Droge schwerwiegende Nebenwirkungen haben kann. \u00dcbelkeit, Schwindel, Kopfschmerzen, Orientierungslosigkeit, Reizbarkeit und Angstzust\u00e4nde sind h\u00e4ufige Nebenwirkungen. Chinesisches wei\u00dfes Heroin kann stark abh\u00e4ngig machen und andere negative Auswirkungen haben, wenn es \u00fcberm\u00e4\u00dfig und \u00fcber einen langen Zeitraum konsumiert wird.   <\/p>\n<h3>Wo kann man online wei\u00dfes Heroin aus China kaufen?<\/h3>\n<p> Die Droge China White Heroin ist stark und gef\u00e4hrlich. Sie kann sowohl euphorische Empfindungen hervorrufen als auch zahlreiche potenzielle Gesundheitsrisiken bergen. Je nach Lieferant und dessen Ressourcen kann diese Droge mit einfachen oder fortgeschrittenen Techniken hergestellt werden. Es ist wichtig, die Gefahren der Verwendung dieser Substanz zu verstehen und sie nur von vertrauensw\u00fcrdigen Lieferanten wie Dr. Lawsons Pharmacy zu kaufen. Wir befolgen Sicherheitsvorkehrungen und liefern es Ihnen in k\u00fcrzester Zeit nach Hause.     &nbsp;<\/p>\n","protected":false},"excerpt":{"rendered":"<p>Kaufen Sie chinesisches wei\u00dfes Heroin online In Amerika und anderen L\u00e4ndern richtet die Opioid-Pandemie verheerende Sch\u00e4den an. Als Reaktion darauf suchen viele Menschen nach Alternativen zu zwielichtigen Stra\u00dfendealern, um an starkes, reines Heroin zu kommen. Gl\u00fccklicherweise ist wei\u00dfes Heroin aus China ein fantastischer Ersatz, der leicht erh\u00e4ltlich ist. Wenn Sie also auch wei\u00dfes Heroin aus [&hellip;]<\/p>\n","protected":false},"featured_media":17961,"comment_status":"closed","ping_status":"closed","template":"","meta":{"om_disable_all_campaigns":false,"_sitemap_exclude":false,"_sitemap_priority":"","_sitemap_frequency":"","_monsterinsights_skip_tracking":false,"_monsterinsights_sitenote_active":false,"_monsterinsights_sitenote_note":"","_monsterinsights_sitenote_category":0},"product_cat":[25796],"product_tag":[25812,25801,25816,25800,25811,25817,25806,25818,25815,25814,25813,25809,25810,25805,25807,25797,25798,25804,25802,25803,25808,25799],"class_list":{"0":"post-30996","1":"product","2":"type-product","3":"status-publish","4":"has-post-thumbnail","6":"product_cat-heroin-de","7":"product_tag-angebote-fur-chinesisches-weises-heroin-in-europa","8":"product_tag-auswirkungen-von-chinesischem-weisem-heroin","9":"product_tag-authentisches-chinesisches-weises-heroin-europa","10":"product_tag-bestellen-sie-chinesisches-weises-heroin-online","11":"product_tag-billiges-chinesisches-weises-heroin-europa","12":"product_tag-chinesische-lieferanten-von-weisem-heroin-in-europa","13":"product_tag-chinesisches-weises-heroin-bestellen-eu","14":"product_tag-chinesisches-weises-heroin-europa-bewertung","15":"product_tag-chinesisches-weises-heroin-europa-lieferung","16":"product_tag-chinesisches-weises-heroin-europa-rabatt","17":"product_tag-chinesisches-weises-heroin-europa-shop","18":"product_tag-chinesisches-weises-heroin-europa-verkauf","19":"product_tag-chinesisches-weises-heroin-online-shop-europa","20":"product_tag-chinesisches-weises-heroin-zum-besten-preis-in-europa","21":"product_tag-chinesisches-weises-heroin-kostenloser-versand-nach-europa","22":"product_tag-kaufen-sie-chinesisches-weises-heroin","23":"product_tag-kaufen-sie-chinesisches-weises-heroin-online","24":"product_tag-kaufen-sie-chinesisches-weises-heroin-online-in-europa","25":"product_tag-online-verkauf-von-chinesischem-weisem-heroin","26":"product_tag-wie-viel-kostet-chinesisches-weises-heroin","27":"product_tag-wo-kann-man-chinesisches-weises-heroin-in-europa-kaufen","28":"product_tag-wo-kann-man-chinesisches-weises-heroin-online-kaufen","30":"first","31":"instock","32":"shipping-taxable","33":"purchasable","34":"product-type-variable","35":"farmacie-col"},"aioseo_notices":[],"_links":{"self":[{"href":"https:\/\/lacasadelamedicina.es\/de\/wp-json\/wp\/v2\/product\/30996"}],"collection":[{"href":"https:\/\/lacasadelamedicina.es\/de\/wp-json\/wp\/v2\/product"}],"about":[{"href":"https:\/\/lacasadelamedicina.es\/de\/wp-json\/wp\/v2\/types\/product"}],"replies":[{"embeddable":true,"href":"https:\/\/lacasadelamedicina.es\/de\/wp-json\/wp\/v2\/comments?post=30996"}],"wp:featuredmedia":[{"embeddable":true,"href":"https:\/\/lacasadelamedicina.es\/de\/wp-json\/wp\/v2\/media\/17961"}],"wp:attachment":[{"href":"https:\/\/lacasadelamedicina.es\/de\/wp-json\/wp\/v2\/media?parent=30996"}],"wp:term":[{"taxonomy":"product_cat","embeddable":true,"href":"https:\/\/lacasadelamedicina.es\/de\/wp-json\/wp\/v2\/product_cat?post=30996"},{"taxonomy":"product_tag","embeddable":true,"href":"https:\/\/lacasadelamedicina.es\/de\/wp-json\/wp\/v2\/product_tag?post=30996"}],"curies":[{"name":"wp","href":"https:\/\/api.w.org\/{rel}","templated":true}]}}