{"id":30893,"date":"2024-08-09T14:01:55","date_gmt":"2024-08-09T14:01:55","guid":{"rendered":"https:\/\/lacasadelamedicina.es\/product\/kaufen-sie-crystal-meth-methamphetamin-online\/"},"modified":"2024-08-09T14:01:55","modified_gmt":"2024-08-09T14:01:55","slug":"kaufen-sie-crystal-meth-methamphetamin-online","status":"publish","type":"product","link":"https:\/\/lacasadelamedicina.es\/de\/produkt\/kaufen-sie-crystal-meth-methamphetamin-online\/","title":{"rendered":"Kaufen Sie Crystal Meth (Methamphetamin) online"},"content":{"rendered":"<h1>Kaufen Sie Crystal Meth (Methamphetamin) online<\/h1>\n<p> Der beste Ort, um Crystal Meth (Methamphetamin) zu bestellen, ist online. Crystal Meth kann jetzt online bestellt und am n\u00e4chsten Tag geliefert werden. Crystal Meth (Methamphetamin) ist in seiner aktuellsten oder neuesten Form fast v\u00f6llig rein. Gekauftes Crystal Meth (Methamphetamin) kann durch Glaspfeifen geraucht werden und ist geruchlos. Laut Forschung ist es sowohl t\u00f6dlicher als auch s\u00fcchtig machender als Crack und Kokain. Die <a href=\"https:\/\/dieapotheke247.com\/\">Wirkungen<\/a> k\u00f6nnen je nach Person 4 bis 14 Stunden im K\u00f6rper anhalten. W\u00e4hrend dieser Zeit erleben Raucher einen starken Metal-Rausch und einen Zustand k\u00f6rperlicher Ekstase. Es ist ein angenehmes Gef\u00fchl. Im Gegensatz dazu erh\u00f6ht das Tragen schwerer Shorts die Wahrscheinlichkeit, sich deprimiert, \u00e4ngstlich, ruhelos und schlie\u00dflich ersch\u00f6pft zu f\u00fchlen, erheblich. Kaufen Sie Crystal Meth (Methamphetamin) online &#8211; <a href=\"https:\/\/drlawsonspharmacy\/contact-us\/\">KONTAKT<\/a>         <\/p>\n<p><strong>Obwohl Sie Crystal Meth rezeptfrei kaufen k\u00f6nnen, m\u00fcssen Sie sich dar\u00fcber im Klaren sein, dass fortgesetzter Konsum negative Auswirkungen auf Ihre Leber, Lunge und Nieren haben kann. Daher sollten Sie Ihre Dosierung regulieren. Crystal Meth online kaufen. Kaufen Sie Crystal Meth online, einschlie\u00dflich 4-MEC, Koop Crystal Meth und Kb Crystal Meth.  <\/strong><\/p>\n<h3><strong>Bestellen Sie Crystal Meth (Methamphetamin) online<\/strong><\/h3>\n<p> Wie andere Stimulanzien wie Kokain oder Cola beeinflusst Crystal Meth den Dopaminspiegel im Gehirn. Seine F\u00e4higkeit, Noradrenalin zu imitieren, ist ein zus\u00e4tzlicher Vorteil. Um das Gehirn darauf zu trainieren, mehr von beiden zum \u00dcberleben zu ben\u00f6tigen, setzen die Neuronen in der Zwischenzeit mehr von beiden frei. Die geistige und k\u00f6rperliche Stabilit\u00e4t einer Person kann durch die Auswirkungen eines Meth-Entzugs oder eines tagelang anhaltenden Katers gest\u00f6rt werden. Sie sollten sich all dieser Auswirkungen bewusst sein, wenn Sie Meth online kaufen. Andere Stra\u00dfennamen sind Rock, LA Glass, Super Ice, Hot Ice und Hawaiian Salt. Ketamin ist ebenfalls erh\u00e4ltlich. Ketamin-HCl-Kristall ist jetzt auch zu einem reduzierten Preis erh\u00e4ltlich. Online-Drogerien bieten h\u00e4ufig Crystal Meth zum Verkauf an. Sie m\u00fcssen jedoch Ihre Lieferanten kennen, wenn Sie reines Meth bestellen m\u00f6chten. Abgesehen von der Reinheit, wie sicher ist der Prozess? Sind Sie sicher, dass die Lieferung Ihres M\u00fclls erfolgt? In dieser Hinsicht sind wir besser. Jedes Paket wird mit einer Geld-zur\u00fcck-Garantie und Tracking-Informationen geliefert. Verpackung und Lieferung erfolgen diskret an Privathaushalte, Stra\u00dfen und Postf\u00e4cher. Kaufen Sie Crystal Meth online, um Crystal Meth online zu kaufen. Methamphetamin &#8211; Koop Crystal Meth, Kb, Kaufen Sie Crystal Meth (Methamphetamin) online Crystal Meth, Kaufen Sie 4-MEC online, Crystal Meth (Methamphetamin) zum Verkauf online                 &nbsp;<\/p>\n","protected":false},"excerpt":{"rendered":"<p>der beste Laden, um Glas zu kaufen. Derzeit k\u00f6nnen Sie Crystal Meth online kaufen und es sich am n\u00e4chsten Tag liefern lassen. Crystal Meth in seiner aktuellsten oder neuesten Form ist nahezu vollkommen rein. Es kann in Glaspfeifen geraucht werden und ist geruchslos. Wir bieten erstklassige Produkte mit ausgezeichnetem und diskretem Versand. Mit 12 Jahren Erfahrung in der Lieferung von Forschungschemikalien ist Sicherheit unsere oberste Priorit\u00e4t. Wir sind zuverl\u00e4ssig, vertrauensw\u00fcrdig und bieten nur qualitativ hochwertige Produkte zu wettbewerbsf\u00e4higen Preisen an.       &nbsp;<\/p>\n","protected":false},"featured_media":18036,"comment_status":"closed","ping_status":"closed","template":"","meta":{"om_disable_all_campaigns":false,"_sitemap_exclude":false,"_sitemap_priority":"","_sitemap_frequency":"","_monsterinsights_skip_tracking":false,"_monsterinsights_sitenote_active":false,"_monsterinsights_sitenote_note":"","_monsterinsights_sitenote_category":0},"product_cat":[23549],"product_tag":[25638,25628,25627,25634,25640,25639,25637,25636,25635,25631,25619,25629,25620,25621,25632,25624,25633,25626,25625,25623,25630,25622],"class_list":{"0":"post-30893","1":"product","2":"type-product","3":"status-publish","4":"has-post-thumbnail","6":"product_cat-forschungschemikalien-und-psychedelika","7":"product_tag-authentisches-crystal-meth-methamphetamin-europa","8":"product_tag-bestellen-sie-crystal-meth-methamphetamin-eu","9":"product_tag-crystal-meth-methamphetamin-bester-preis-europa","10":"product_tag-crystal-meth-methamphetamin-europa-angebote","11":"product_tag-crystal-meth-methamphetamin-europa-bewertung","12":"product_tag-crystal-meth-methamphetamin-europa-lieferanten","13":"product_tag-crystal-meth-methamphetamin-europa-lieferung","14":"product_tag-crystal-meth-methamphetamin-europa-rabatt","15":"product_tag-crystal-meth-methamphetamin-europa-shop","16":"product_tag-crystal-meth-methamphetamin-europa-verkauf","17":"product_tag-crystal-meth-methamphetamin-kaufen-de","18":"product_tag-crystal-meth-methamphetamin-kostenloser-versand-europa","19":"product_tag-crystal-meth-methamphetamin-online-bestellen-de","20":"product_tag-crystal-meth-methamphetamin-online-kaufen-de","21":"product_tag-crystal-meth-methamphetamin-online-shop-europa","22":"product_tag-crystal-meth-methamphetamin-verkauf-online","23":"product_tag-gunstiges-crystal-meth-methamphetamin-europa","24":"product_tag-kaufen-sie-crystal-meth-methamphetamin-online-in-europa","25":"product_tag-wie-viel-kostet-crystal-meth-methamphetamin","26":"product_tag-wirkungen-von-crystal-meth-methamphetamin","27":"product_tag-wo-kann-man-crystal-meth-methamphetamin-in-europa-kaufen","28":"product_tag-wo-kann-man-crystal-meth-methamphetamin-online-kaufen","30":"first","31":"instock","32":"shipping-taxable","33":"purchasable","34":"product-type-variable","35":"farmacie-col"},"aioseo_notices":[],"_links":{"self":[{"href":"https:\/\/lacasadelamedicina.es\/de\/wp-json\/wp\/v2\/product\/30893"}],"collection":[{"href":"https:\/\/lacasadelamedicina.es\/de\/wp-json\/wp\/v2\/product"}],"about":[{"href":"https:\/\/lacasadelamedicina.es\/de\/wp-json\/wp\/v2\/types\/product"}],"replies":[{"embeddable":true,"href":"https:\/\/lacasadelamedicina.es\/de\/wp-json\/wp\/v2\/comments?post=30893"}],"wp:featuredmedia":[{"embeddable":true,"href":"https:\/\/lacasadelamedicina.es\/de\/wp-json\/wp\/v2\/media\/18036"}],"wp:attachment":[{"href":"https:\/\/lacasadelamedicina.es\/de\/wp-json\/wp\/v2\/media?parent=30893"}],"wp:term":[{"taxonomy":"product_cat","embeddable":true,"href":"https:\/\/lacasadelamedicina.es\/de\/wp-json\/wp\/v2\/product_cat?post=30893"},{"taxonomy":"product_tag","embeddable":true,"href":"https:\/\/lacasadelamedicina.es\/de\/wp-json\/wp\/v2\/product_tag?post=30893"}],"curies":[{"name":"wp","href":"https:\/\/api.w.org\/{rel}","templated":true}]}}