{"id":30817,"date":"2024-08-09T14:01:58","date_gmt":"2024-08-09T14:01:58","guid":{"rendered":"https:\/\/lacasadelamedicina.es\/product\/kaufen-sie-etizolam-pulver-online\/"},"modified":"2024-09-15T08:38:51","modified_gmt":"2024-09-15T08:38:51","slug":"kaufen-sie-etizolam-pulver-online","status":"publish","type":"product","link":"https:\/\/lacasadelamedicina.es\/de\/produkt\/kaufen-sie-etizolam-pulver-online\/","title":{"rendered":"Kaufen Sie Etizolam Pulver online"},"content":{"rendered":"<h1>Kaufen Sie Etizolam-Pulver online<\/h1>\n<p> Etizolam-Pulver, API, aktive pharmazeutische Inhaltsstoffe, Zwischenprodukte mit Dokumentation und Zertifizierung, DMF, FDA und US Drug Master File werden alle hergestellt und geliefert von <span class=\"selectable-text copyable-text\">Dr. Lawsons Apotheke&lt;\/span&gt; auf globaler Ebene. Wir bieten qualitativ hochwertige Quellen mit begleitenden technischen Paketen zum Kauf je nach Bedarf\/RND-Menge f\u00fcr Entwicklung oder Werbung. Etizolam-Gro\u00dfh\u00e4ndler in China. Etizolam-H\u00e4ndler. Kaufen Sie Etizolam-Pulver, finden Sie einen Lieferanten oder kaufen Sie Etizolam-Pulver in gro\u00dfen Mengen. Kaufen Sie Etizolam-Pulver online &#8211; <a href=\"https:\/\/drlawsonspharmacy\/contact-us\/\">KONTAKT<\/a>     <\/span><\/p>\n<p>&nbsp; Unsere Produkte werden in cGMP-konformen Anlagen als aktive pharmazeutische Inhaltsstoffe f\u00fcr die Pharmaindustrie hergestellt. Wenn Sie weitere Informationen, einschlie\u00dflich des aktuellen DMF-Status des Produkts, w\u00fcnschen, k\u00f6nnen Sie sich gerne an uns wenden. Wir unterst\u00fctzen Sie gerne bei Ihren Forschungs- und Entwicklungsbem\u00fchungen.   <\/p>\n<h3>Kaufen Sie Etizolam-Pulver online<\/h3>\n<p> Mit Etizolam-Pulver, einem fantastischen pharmazeutischen Produkt, das f\u00fcr seine beruhigende und angstl\u00f6sende Wirkung bekannt ist, k\u00f6nnen Sie in eine Welt des Friedens und der Ruhe eintauchen. Ein Thienodiazepin-Derivat namens Etizolam hat unter Akademikern, Fachleuten und Menschen, die eine Behandlung f\u00fcr Probleme wie Angst, Schlaflosigkeit und Stress suchen, an Popularit\u00e4t gewonnen. F\u00fcr Personen, die einen ruhigen Geisteszustand und eine gute Nachtruhe suchen, stellt Etizolam-Pulver eine neue Antwort dar. Als starkes Benzodiazepin-Analogon interagiert es mit den Gamma-Aminobutters\u00e4ure-Rezeptoren (GABA) im Gehirn und hilft, \u00fcberm\u00e4\u00dfige neuronale Aktivit\u00e4t zu kontrollieren. Dies hat eine entspannende Wirkung, die Angstsymptome reduziert und die Entspannung f\u00f6rdert.     <\/p>\n<h3><strong>Etizolam Pulver bestellen<\/strong><\/h3>\n<p> Unser Etizolam-Pulver liefert die besten Studienergebnisse und ist dank seiner un\u00fcbertroffenen Qualit\u00e4t und Reinheit eine zuverl\u00e4ssige L\u00f6sung, um die Eigenschaften und Anwendungen dieses faszinierenden Molek\u00fcls kennenzulernen. Um ein H\u00f6chstma\u00df an Qualit\u00e4t und Konsistenz zu gew\u00e4hrleisten, wird jede Charge strengen Tests und Analysen unterzogen und strengen Qualit\u00e4tskontrollanforderungen gerecht. Die Vielseitigkeit von Etizolam-Pulver versetzt Forscher in Erstaunen. Seine hypnotische, beruhigende und muskelentspannende Wirkung macht es zu einem gro\u00dfartigen Werkzeug in der Erforschung von Panikattacken, angstbedingten Erkrankungen und sogar Schlafst\u00f6rungen. Das Potenzial von Etizolam-Pulver zur Behandlung von Alkoholentzugserscheinungen und zur Kontrolle einiger Arten von Anf\u00e4llen wird ebenfalls untersucht.     &nbsp;<\/p>\n","protected":false},"excerpt":{"rendered":"<p>Kaufen Sie Etizolam-Pulver online. Echtes Etizolam-Pulver online \u2013 Etizolam-Pulver zu verkaufen | Kaufen Sie Etizolam-Pulver online | Etizolam-Pulver zu verkaufen | Kaufen Sie g\u00fcnstiges Etizolam-Pulver | Wo kann man Etizolam-Pulver online kaufen?  &nbsp;<\/p>\n","protected":false},"featured_media":18516,"comment_status":"closed","ping_status":"closed","template":"","meta":{"om_disable_all_campaigns":false,"_sitemap_exclude":false,"_sitemap_priority":"","_sitemap_frequency":"","_monsterinsights_skip_tracking":false,"_monsterinsights_sitenote_active":false,"_monsterinsights_sitenote_note":"","_monsterinsights_sitenote_category":0},"product_cat":[23549],"product_tag":[25462,25451,25452,25458,25464,25463,25461,25460,25459,25455,25453,25444,25456,25448,25443,25445,25457,25447,25450,25449,25454,25446],"class_list":{"0":"post-30817","1":"product","2":"type-product","3":"status-publish","4":"has-post-thumbnail","6":"product_cat-forschungschemikalien-und-psychedelika","7":"product_tag-authentisches-etizolam-pulver-europa","8":"product_tag-etizolam-pulver-bester-preis-europa","9":"product_tag-etizolam-pulver-eu-bestellen","10":"product_tag-etizolam-pulver-europa-angebote","11":"product_tag-etizolam-pulver-europa-bewertung","12":"product_tag-etizolam-pulver-europa-lieferanten","13":"product_tag-etizolam-pulver-europa-lieferung","14":"product_tag-etizolam-pulver-europa-rabatt","15":"product_tag-etizolam-pulver-europa-shop","16":"product_tag-etizolam-pulver-europa-verkauf","17":"product_tag-etizolam-pulver-kostenloser-versand-europa","18":"product_tag-etizolam-pulver-online-bestellen-de","19":"product_tag-etizolam-pulver-online-shop-europa","20":"product_tag-etizolam-pulververkauf-online","21":"product_tag-etizolam-pulver-kaufen-de","22":"product_tag-etizolam-pulver-online-kaufen-de","23":"product_tag-gunstiges-etizolam-pulver-europa-de","24":"product_tag-gunstiges-etizolam-pulver-europa","25":"product_tag-kaufen-sie-etizolam-pulver-online-in-europa","26":"product_tag-wie-viel-kostet-etizolam-pulver","27":"product_tag-wo-kann-man-etizolam-pulver-in-europa-kaufen","28":"product_tag-wo-kann-man-etizolam-pulver-online-kaufen","30":"first","31":"instock","32":"shipping-taxable","33":"purchasable","34":"product-type-variable","35":"farmacie-col"},"aioseo_notices":[],"_links":{"self":[{"href":"https:\/\/lacasadelamedicina.es\/de\/wp-json\/wp\/v2\/product\/30817"}],"collection":[{"href":"https:\/\/lacasadelamedicina.es\/de\/wp-json\/wp\/v2\/product"}],"about":[{"href":"https:\/\/lacasadelamedicina.es\/de\/wp-json\/wp\/v2\/types\/product"}],"replies":[{"embeddable":true,"href":"https:\/\/lacasadelamedicina.es\/de\/wp-json\/wp\/v2\/comments?post=30817"}],"wp:featuredmedia":[{"embeddable":true,"href":"https:\/\/lacasadelamedicina.es\/de\/wp-json\/wp\/v2\/media\/18516"}],"wp:attachment":[{"href":"https:\/\/lacasadelamedicina.es\/de\/wp-json\/wp\/v2\/media?parent=30817"}],"wp:term":[{"taxonomy":"product_cat","embeddable":true,"href":"https:\/\/lacasadelamedicina.es\/de\/wp-json\/wp\/v2\/product_cat?post=30817"},{"taxonomy":"product_tag","embeddable":true,"href":"https:\/\/lacasadelamedicina.es\/de\/wp-json\/wp\/v2\/product_tag?post=30817"}],"curies":[{"name":"wp","href":"https:\/\/api.w.org\/{rel}","templated":true}]}}