{"id":30716,"date":"2024-08-09T14:01:59","date_gmt":"2024-08-09T14:01:59","guid":{"rendered":"https:\/\/lacasadelamedicina.es\/product\/4-cl-pvp-kristalle-guenstig-online-kaufen\/"},"modified":"2024-09-15T08:25:39","modified_gmt":"2024-09-15T08:25:39","slug":"4-cl-pvp-kristalle-guenstig-online-kaufen","status":"publish","type":"product","link":"https:\/\/lacasadelamedicina.es\/de\/produkt\/4-cl-pvp-kristalle-guenstig-online-kaufen\/","title":{"rendered":"4 CL PVP Kristalle g\u00fcnstig online kaufen"},"content":{"rendered":"<h1>4-CL-PVP Kristalle g\u00fcnstig online kaufen<\/h1>\n<p> 4-Chlor-alpha-pyrrolidinopentiophenon, auch bekannt als 4-Chlor-PVP, 4Cl-PVP oder 4C-PVP, ist ein 4-Chlor-alpha-pyrrolidinovalerophenon. Kaufen Sie 4-CL-PVP-Kristalle, um 4-CL-PVP online mit Rabatt zu kaufen. 4-CL-PVP-Kristalle g\u00fcnstig \u2013 Kaufen Sie 4-CL-PVP-Kristalle g\u00fcnstig online \u2013 <a href=\"https:\/\/drlawsonspharmacy\/contact-us\/\">KONTAKT<\/a> Die herausragende Qualit\u00e4t der g\u00fcnstigen Produkte von Dr. Lawsons Pharmacy, Kundenzufriedenheit und Sicherheit haben f\u00fcr uns oberste Priorit\u00e4t. Um sicherzustellen, dass sie den h\u00f6chsten Standards der Branche entsprechen, durchlaufen unsere g\u00fcnstigen 4-CL-PVP-Kristalle einen strengen Qualit\u00e4tskontrollprozess. Um sicherzustellen, dass Sie ein sicheres und zuverl\u00e4ssiges Produkt f\u00fcr Ihre Forschung erhalten, halten wir uns an alle relevanten Gesetze und Vorschriften. In der Klasse der Pyrrolidinophenone ist 4-CLPVP eine k\u00fcrzlich entwickelte Designerdroge, die strukturelle \u00c4hnlichkeiten mit Alpha-Pyrrolidinopenthiophenon (-PVP) aufweist. Die Pharmakologie und Toxizit\u00e4t dieser Substanz sind unbekannt. Sind Sie ein engagierter Forscher, der nach hochwertigen chemischen Verbindungen zu erschwinglichen Preisen f\u00fcr Ihre Forschung sucht? Dann suchen Sie nicht weiter als nach g\u00fcnstigen 4-CL-PVP-Kristallen, einem bemerkenswerten Produkt, das Ihnen un\u00fcbertroffene Zuverl\u00e4ssigkeit und Wert f\u00fcr Ihre Forschungsbem\u00fchungen bietet.         <\/p>\n<h3><strong>4-CL-PVP Kristalle bestellen<\/strong><\/h3>\n<p> Ohne Kompromisse bei der Qualit\u00e4t sind g\u00fcnstige 4-CL-PVP-Kristalle eine fantastische M\u00f6glichkeit, tiefer in das interessante Gebiet der Pyrrolidinophenon-Derivate einzutauchen. Unter Verwendung der neuesten wissenschaftlichen Methoden werden diese Kristalle sorgf\u00e4ltig hergestellt, um bei jeder Bestellung ein gleichbleibendes und reines Produkt zu garantieren. Sie k\u00f6nnen sich darauf verlassen, dass g\u00fcnstige 4-CL-PVP-Kristalle pr\u00e4zise und zuverl\u00e4ssige Ergebnisse liefern, denn wir sind der Qualit\u00e4t verpflichtet. Die herausragende Qualit\u00e4t g\u00fcnstiger 4-CL-PVP-Kristalle ist ihr niedriger Preis. Wir sind bestrebt, wettbewerbsf\u00e4hige Preise anzubieten, ohne Kompromisse bei Qualit\u00e4t oder Reinheit einzugehen, denn wir wissen, wie wichtig Kosteneffizienz in der Forschung ist. Mit g\u00fcnstigen 4-CL-PVP-Kristallen k\u00f6nnen Sie Ihr Forschungsbudget weiter ausdehnen und erhalten dennoch ein zuverl\u00e4ssiges und wirksames Molek\u00fcl.      <\/p>\n<h3><strong>4-CL-PVP Kristalle g\u00fcnstig bestellen<\/strong><\/h3>\n<p> Diese Kristalle haben faszinierende Eigenschaften, die sie perfekt f\u00fcr verschiedene Forschungsanwendungen machen. G\u00fcnstige 4-CL-PVP-Kristalle, ein starkes Stimulans, bieten Forschern die M\u00f6glichkeit, Themen wie Neurowissenschaften, Psychopharmakologie und Suchtstudien zu untersuchen. Mithilfe dieser anpassungsf\u00e4higen Substanz k\u00f6nnen Sie das Potenzial Ihrer Forschung maximieren. Bei Dr. Lawsons Pharmacy haben Kundenzufriedenheit und Sicherheit oberste Priorit\u00e4t. Um sicherzustellen, dass sie den h\u00f6chsten Standards der Branche entsprechen, durchlaufen unsere g\u00fcnstigen 4-CL-PVP-Kristalle einen strengen Qualit\u00e4tskontrollprozess. Um sicherzustellen, dass Sie ein sicheres und zuverl\u00e4ssiges Produkt f\u00fcr Ihre Forschung erhalten, halten wir uns an alle relevanten Gesetze und Vorschriften.      &nbsp;<\/p>\n","protected":false},"excerpt":{"rendered":"<p>4-Chlor-alpha-pyrrolidinopentiophenon, auch bekannt als 4-Chlor-PVP, 4Cl-PVP oder 4C-PVP, ist ein 4-Chlor-alpha-pyrrolidinovalerophenon. Kaufen Sie 4-CL-PVP-Kristalle, um 4-CL-PVP mit Rabatt online zu kaufen. 4-CL-PVP-Kristalle g\u00fcnstig \u2013 Kaufen Sie 4-CL-PVP-Kristalle g\u00fcnstig online   &nbsp;<\/p>\n","protected":false},"featured_media":18561,"comment_status":"closed","ping_status":"closed","template":"","meta":{"om_disable_all_campaigns":false,"_sitemap_exclude":false,"_sitemap_priority":"","_sitemap_frequency":"","_monsterinsights_skip_tracking":false,"_monsterinsights_sitenote_active":false,"_monsterinsights_sitenote_note":"","_monsterinsights_sitenote_category":0},"product_cat":[23549],"product_tag":[25342,25333,25336,25334,25340,25337,25352,25350,25349,25345,25341,25347,25348,25353,25351,25354,25343,25346,25338,25339,25335,25344],"class_list":{"0":"post-30716","1":"product","2":"type-product","3":"status-publish","4":"has-post-thumbnail","6":"product_cat-forschungschemikalien-und-psychedelika","7":"product_tag-4-cl-pvp-kristalle-gunstig-bestellen-eu","8":"product_tag-4-cl-pvp-kristalle-gunstig-kaufen","9":"product_tag-4-cl-pvp-kristalle-gunstig-online-bestellen","10":"product_tag-4-cl-pvp-kristalle-gunstig-online-kaufen","11":"product_tag-4-cl-pvp-kristalle-gunstig-online-kaufen-europa","12":"product_tag-auswirkungen-von-billigen-4-cl-pvp-kristallen","13":"product_tag-authentische-gunstige-4-cl-pvp-kristalle-aus-europa","14":"product_tag-billige-4-cl-pvp-kristalle-europa-rabatt","15":"product_tag-billige-4-cl-pvp-kristalle-europa-shop","16":"product_tag-billige-4-cl-pvp-kristalle-europa-verkauf","17":"product_tag-gunstige-4-cl-pvp-kristalle-bester-preis-europa","18":"product_tag-gunstige-4-cl-pvp-kristalle-europa","19":"product_tag-gunstige-4-cl-pvp-kristalle-europa-angebote","20":"product_tag-gunstige-4-cl-pvp-kristalle-europa-lieferanten","21":"product_tag-gunstige-4-cl-pvp-kristalle-europa-lieferung","22":"product_tag-gunstige-4-cl-pvp-kristalle-europa-testbericht","23":"product_tag-gunstige-4-cl-pvp-kristalle-kostenloser-versand-europa","24":"product_tag-gunstige-4-cl-pvp-kristalle-online-shop-europa","25":"product_tag-gunstige-4-cl-pvp-kristalle-online-kaufen","26":"product_tag-wie-viel-kosten-gunstige-4-cl-pvp-kristalle","27":"product_tag-wo-kann-man-gunstig-4-cl-pvp-kristalle-online-kaufen","28":"product_tag-wo-kann-man-in-europa-gunstig-4-cl-pvp-kristalle-kaufen","30":"first","31":"instock","32":"shipping-taxable","33":"purchasable","34":"product-type-variable","35":"farmacie-col"},"aioseo_notices":[],"_links":{"self":[{"href":"https:\/\/lacasadelamedicina.es\/de\/wp-json\/wp\/v2\/product\/30716"}],"collection":[{"href":"https:\/\/lacasadelamedicina.es\/de\/wp-json\/wp\/v2\/product"}],"about":[{"href":"https:\/\/lacasadelamedicina.es\/de\/wp-json\/wp\/v2\/types\/product"}],"replies":[{"embeddable":true,"href":"https:\/\/lacasadelamedicina.es\/de\/wp-json\/wp\/v2\/comments?post=30716"}],"wp:featuredmedia":[{"embeddable":true,"href":"https:\/\/lacasadelamedicina.es\/de\/wp-json\/wp\/v2\/media\/18561"}],"wp:attachment":[{"href":"https:\/\/lacasadelamedicina.es\/de\/wp-json\/wp\/v2\/media?parent=30716"}],"wp:term":[{"taxonomy":"product_cat","embeddable":true,"href":"https:\/\/lacasadelamedicina.es\/de\/wp-json\/wp\/v2\/product_cat?post=30716"},{"taxonomy":"product_tag","embeddable":true,"href":"https:\/\/lacasadelamedicina.es\/de\/wp-json\/wp\/v2\/product_tag?post=30716"}],"curies":[{"name":"wp","href":"https:\/\/api.w.org\/{rel}","templated":true}]}}