{"id":30498,"date":"2024-08-09T14:02:03","date_gmt":"2024-08-09T14:02:03","guid":{"rendered":"https:\/\/lacasadelamedicina.es\/product\/butylon-online-kaufen\/"},"modified":"2024-08-09T14:02:03","modified_gmt":"2024-08-09T14:02:03","slug":"butylon-online-kaufen","status":"publish","type":"product","link":"https:\/\/lacasadelamedicina.es\/de\/produkt\/butylon-online-kaufen\/","title":{"rendered":"Butylon online kaufen"},"content":{"rendered":"<h1>Butylon online kaufen<\/h1>\n<p> Online-Shop, der Butylon verkauft. Butylon, allgemein bekannt als k-MBDB oder B1, ist ein synthetisches Entaktogen und Stimulans, das zu den Phenethylamin- und Cathinon-Klassen geh\u00f6rt. Es ist auch als -keto-N-methylbenzodioxolylbutanamin bekannt. Das substituierte Methylendioxy-Gegenst\u00fcck von Buphedron und das -keto-Analogon von MBDB werden beide Butylon genannt. Kaufen Sie Butylon online &#8211; <a href=\"https:\/\/drlawsonspharmacy\/contact-us\/\">KONTAKT<\/a> Da das Angebot an Methylon auf dem Markt f\u00fcr Forschungschemikalien schwindet, wird es auf der Stra\u00dfe h\u00e4ufig zusammen mit Ethylon als Designerdroge verkauft, als Ersatz oder Nachahmung von MDMA und Methylon (die alle zusammen als \u201eMolly\u201c bezeichnet werden). Butylon und MDMA haben \u00e4hnliche pharmakologische und verhaltensbezogene Eigenschaften, aber ihre scheinbaren subjektiven Wirkungen sind nicht ganz gleich. Butylon soll weniger wirksam sein als seine Cousins \u200b\u200bMethylon und Ethylon und eher eine traditionelle stimulierende als eine entaktogene Wirkung haben. Es wird erst seit kurzem von Menschen verwendet.        <\/p>\n<h3><strong>Butylon online bestellen<\/strong><\/h3>\n<p> Ein synthetisches Mitglied der Cathinon-Familie, auch bekannt als -keto-N-methylbenzodioxolylbutanamin. Cathinone haben einen Phenethylaminkern mit einem Phenylring, der \u00fcber eine Ethylkette an eine Aminogruppe (NH2) gebunden ist, und eine weitere Ethylsubstitution an R. Dies verleiht ihnen strukturelle \u00c4hnlichkeiten mit Amphetaminen. Alpha-methylierte Phenethylamine (d. h. Amphetamine) sind Cathinone wie Butylon. Sie unterscheiden sich jedoch von ihnen durch eine Keton-Funktionsgruppe (eine Carbonylgruppe an R). Butylon hat eine Methylsubstitution an der RN-Position mit MDEA, Ethylon, 4-MEC und einigen anderen Stimulanzien und Entaktogenen gemeinsam. Butylon hat auch Sauerstoffgruppen an den Positionen R3 und R4 des Phenylrings. Diese Sauerstoffgruppen sind \u00fcber eine Methylenkette in einen Methylendioxyring integriert. Butylon hat auch diesen Methylendioxyring. Es wirkt als kombinierter Wiederaufnahmehemmer\/Dopamin-, Noradrenalin- und Serotonin-Freisetzer. Diese Neurotransmitter steuern Motivation, Freude, Belohnung und Konzentration. Dies wird erreicht, indem verhindert wird, dass die Neurotransmitter wieder aufgenommen werden, nachdem sie ihre Aufgabe, einen zerebralen Impuls zu senden, erf\u00fcllt haben. Dadurch k\u00f6nnen sich die Neurotransmitter aufbauen und recycelt werden, was physiologisch stimulierende und euphorisierende Wirkungen erzeugt.            <\/p>\n<h3>Wissen Sie, wo ich Butylone online kaufen kann?<\/h3>\n<p> Wo kann ich Butylon online kaufen, wo kann ich Butylon online kaufen, was ist Butylon und wo kann ich Butylonpulver in Premiumqualit\u00e4t kaufen \u2013 all diese Fragen werden im Folgenden beantwortet. Wir k\u00f6nnen L\u00f6sungen f\u00fcr alle diese ungel\u00f6sten Fragen bieten. Sie k\u00f6nnen mehr dar\u00fcber erfahren, wo und wie Sie Fentanyl-Tabletten online kaufen k\u00f6nnen, indem Sie einfach auf unserer Website st\u00f6bern. Was ist mit dem pulverisierten Butylon? Wissen Sie, wo ich Butylon online kaufen kann? Wo kann man Butylonpulver kaufen? Wo kann man reines Butylonpulver kaufen? Wie wird Butylonpulver hergestellt? Wie sieht Butylonpulver aus? Stra\u00dfenpreis f\u00fcr Butylonpulver, Preis f\u00fcr Butylonpulver, Anbieter von Butylonpulver, Form von Butylonpulver, Reines Butylonpulver kaufen, Preis f\u00fcr Butylonpulver. Es ist durchaus verst\u00e4ndlich, dass Personen der Qualit\u00e4t von online verkauftem Butylon nicht sofort vertrauen, da sie es nicht pers\u00f6nlich sehen k\u00f6nnen. Bei den Online-Anbietern von Butylon liegt die Sache jedoch anders. Die hier angebotenen Produkte sind genau das, was sie sind und werden unter professioneller Aufsicht erstklassig gewartet. Schnell und Diskreter Versand: Das Butylone wird wie versprochen sofort nach Eingang der Bestellung geliefert. Das Versandteam ist bestrebt, den Versand- und Lieferprozess schnell und einfach zu gestalten. Wenn Sie Butylone von einem seri\u00f6sen Verk\u00e4ufer auf einem Online-Marktplatz kaufen, k\u00f6nnen Sie auch einen hervorragenden Service erwarten.           &nbsp;<\/p>\n","protected":false},"excerpt":{"rendered":"<p>Butylon, allgemein bekannt als k-MBDB oder B1, ist ein synthetisches Entaktogen und Stimulans aus der Klasse der Phenethylamine und Cathinone. Es ist auch als -keto-N-methylbenzodioxolylbutanamin bekannt. Das substituierte Methylendioxy-Gegenst\u00fcck von Buphedron und das -keto-Analogon von MBDB werden beide Butylon genannt.   &nbsp;<\/p>\n","protected":false},"featured_media":18591,"comment_status":"closed","ping_status":"closed","template":"","meta":{"om_disable_all_campaigns":false,"_sitemap_exclude":false,"_sitemap_priority":"","_sitemap_frequency":"","_monsterinsights_skip_tracking":false,"_monsterinsights_sitenote_active":false,"_monsterinsights_sitenote_note":"","_monsterinsights_sitenote_category":0},"product_cat":[23549],"product_tag":[25051,25066,25057,25055,25047,25048,25049,25052,25056,25065,25062,25068,25067,25064,25063,25059,25060,25061,25054,25053,25058,25050],"class_list":{"0":"post-30498","1":"product","2":"type-product","3":"status-publish","4":"has-post-thumbnail","6":"product_cat-forschungschemikalien-und-psychedelika","7":"product_tag-auswirkungen-von-butylon","8":"product_tag-authentisches-butylone-europa","9":"product_tag-butylen-versandkostenfrei-nach-europa","10":"product_tag-butylon-bester-preis-europa","11":"product_tag-butylon-kaufen","12":"product_tag-butylon-online-bestellen","13":"product_tag-butylon-online-kaufen","14":"product_tag-butylon-verkauf-online","15":"product_tag-butylone-eu-bestellen","16":"product_tag-butylone-europa-lieferung","17":"product_tag-butylone-europe-angebote","18":"product_tag-butylone-europe-bewertung","19":"product_tag-butylone-europe-lieferanten","20":"product_tag-butylone-europe-rabatt","21":"product_tag-butylone-europe-shop-de","22":"product_tag-butylone-europe-verkauf","23":"product_tag-butylone-online-shop-europa","24":"product_tag-gunstiges-butylen-europa","25":"product_tag-kaufen-sie-butylon-online-in-europa","26":"product_tag-wie-viel-kostet-butylon","27":"product_tag-wo-kann-man-butylone-europe-kaufen","28":"product_tag-wo-kann-man-butylone-online-kaufen","30":"first","31":"instock","32":"shipping-taxable","33":"purchasable","34":"product-type-variable","35":"farmacie-col"},"aioseo_notices":[],"_links":{"self":[{"href":"https:\/\/lacasadelamedicina.es\/de\/wp-json\/wp\/v2\/product\/30498"}],"collection":[{"href":"https:\/\/lacasadelamedicina.es\/de\/wp-json\/wp\/v2\/product"}],"about":[{"href":"https:\/\/lacasadelamedicina.es\/de\/wp-json\/wp\/v2\/types\/product"}],"replies":[{"embeddable":true,"href":"https:\/\/lacasadelamedicina.es\/de\/wp-json\/wp\/v2\/comments?post=30498"}],"wp:featuredmedia":[{"embeddable":true,"href":"https:\/\/lacasadelamedicina.es\/de\/wp-json\/wp\/v2\/media\/18591"}],"wp:attachment":[{"href":"https:\/\/lacasadelamedicina.es\/de\/wp-json\/wp\/v2\/media?parent=30498"}],"wp:term":[{"taxonomy":"product_cat","embeddable":true,"href":"https:\/\/lacasadelamedicina.es\/de\/wp-json\/wp\/v2\/product_cat?post=30498"},{"taxonomy":"product_tag","embeddable":true,"href":"https:\/\/lacasadelamedicina.es\/de\/wp-json\/wp\/v2\/product_tag?post=30498"}],"curies":[{"name":"wp","href":"https:\/\/api.w.org\/{rel}","templated":true}]}}