{"id":30461,"date":"2024-08-09T14:02:04","date_gmt":"2024-08-09T14:02:04","guid":{"rendered":"https:\/\/lacasadelamedicina.es\/product\/5cakb48-online-kaufen\/"},"modified":"2024-08-09T14:02:04","modified_gmt":"2024-08-09T14:02:04","slug":"5cakb48-online-kaufen","status":"publish","type":"product","link":"https:\/\/lacasadelamedicina.es\/de\/produkt\/5cakb48-online-kaufen\/","title":{"rendered":"5CAKB48 online kaufen"},"content":{"rendered":"<h1><span lang=\"EN-US\">5CAKB48 &#8211; 5cakb48 online kaufen, 5cakb48 zu verkaufen, 5cakb48 online in DEUTSCHLAND bestellen &#8211; 5CAKB48 online kaufen <\/span><\/h1>\n<p> Kaufen Sie 5CAKB48 online &#8211; Kaufen Sie 5CAKB48 online: Beim gr\u00f6\u00dften Anbieter und Lieferanten k\u00f6nnen Sie hochwertiges 5cakb48 zu den niedrigsten Preisen kaufen. Wir sind hier, um Ihnen dabei zu helfen, 5cakb48 legal online zu bestellen. &#8211; Kaufen Sie 5CAKB48 online &#8211; <a href=\"https:\/\/drlawsonspharmacy\/contact-us\/\">KONTAKT <\/a><span lang=\"EN-US\">5cakb48 online kaufen<\/span> Industriekunden k\u00f6nnen dank der Webplattform jede Art von Forschungschemikalien zum richtigen Zeitpunkt bestellen. Dies macht es f\u00fcr Kunden einfacher und sicherer, ein qualitativ hochwertiges Produkt von diesem renommierten Unternehmen zu kaufen. Die Medikamente, die Sie bei uns kaufen, werden immer unverwechselbar sein und die ideale Dosierung und Vorteile aufweisen. Wenn Sie die Website verwenden, um 5CAKB48 online zu kaufen, ist auch der Preis der Produkte niedriger. Deshalb ist es an der Zeit, dass Sie sich an diese Agentur wenden, wenn Sie 5CAKB48 und andere Produkte ben\u00f6tigen.       &nbsp;<\/p>\n<h3><span lang=\"EN-US\">Was ist 5CAKB48?<\/span><\/h3>\n<p> Synthetisches Cannabis oder 5CAKB48 ist eine bekannte Substanz, die speziell f\u00fcr den Laborgebrauch entwickelt wurde. Dadurch k\u00f6nnen Industriekunden dieses Produkt problemlos erwerben, wenn sie es f\u00fcr weitere Studien ben\u00f6tigen. Dieser Artikel ist nicht f\u00fcr die Verwendung durch Einzelpersonen oder andere bestimmt. Daher kommt das Unbehagen nicht aus verschiedenen Blickwinkeln.    &nbsp;<\/p>\n<h3><span lang=\"EN-US\">Wo kann man 5CAKB48 kaufen?<\/span><\/h3>\n<p> Viele Menschen suchen nach dem besten Unternehmen, bei dem sie qualitativ hochwertige Dienstleistungen erhalten k\u00f6nnen, die die Benutzer von 5CAKB48 voll zufriedenstellen. Obwohl es besondere Eigenschaften hat, ist dieses Produkt bei Verwendung f\u00fcr pers\u00f6nliche Zwecke gef\u00e4hrlich. Daher k\u00f6nnen Sie 5CAKB48 problemlos von der Webplattform beziehen, wenn Sie dieses Produkt f\u00fcr Ihre laufende Forschung ben\u00f6tigen. Die Website ist viel einfacher zu verwenden und zu erkunden und bietet eine breite Palette von Produkten zu angemessenen Preisen. Diese Artikel sollten industriellen Benutzern klar erkl\u00e4rt werden, bevor sie sie zu angemessenen Kosten verwenden k\u00f6nnen. Kunden k\u00f6nnen diesen Artikel legal von diesem bekannten Unternehmen erwerben.      &nbsp;<\/p>\n","protected":false},"excerpt":{"rendered":"<p>&nbsp;<\/p>\n","protected":false},"featured_media":18201,"comment_status":"closed","ping_status":"closed","template":"","meta":{"om_disable_all_campaigns":false,"_sitemap_exclude":false,"_sitemap_priority":"","_sitemap_frequency":"","_monsterinsights_skip_tracking":false,"_monsterinsights_sitenote_active":false,"_monsterinsights_sitenote_note":"","_monsterinsights_sitenote_category":0},"product_cat":[23549],"product_tag":[24967,24968,24979,24977,24976,24974,24980,24975,24971,24959,24969,24960,24961,24966,24972,24964,24963,24978,24973,24965,24970,24962],"class_list":{"0":"post-30461","1":"product","2":"type-product","3":"status-publish","4":"has-post-thumbnail","6":"product_cat-forschungschemikalien-und-psychedelika","7":"product_tag-5cakb48-bester-preis-europa","8":"product_tag-5cakb48-eu-bestellen","9":"product_tag-5cakb48-europa-lieferanten","10":"product_tag-5cakb48-europa-lieferung","11":"product_tag-5cakb48-europa-rabatt","12":"product_tag-5cakb48-europa-angebote","13":"product_tag-5cakb48-europa-rezension","14":"product_tag-5cakb48-europa-shop","15":"product_tag-5cakb48-europa-verkauf","16":"product_tag-5cakb48-kaufen-de","17":"product_tag-5cakb48-kostenloser-versand-europa","18":"product_tag-5cakb48-online-bestellen-de","19":"product_tag-5cakb48-online-kaufen-de","20":"product_tag-5cakb48-online-kaufen-europa","21":"product_tag-5cakb48-online-shop-europa","22":"product_tag-5cakb48-online-verkaufe","23":"product_tag-auswirkungen-von-5cakb48","24":"product_tag-authentisches-5cakb48-europa","25":"product_tag-gunstige-5cakb48-europa","26":"product_tag-wie-viel-ist-5cakb48","27":"product_tag-wo-kann-man-5cakb48-europa-kaufen","28":"product_tag-wo-kann-man-5cakb48-online-kaufen","30":"first","31":"instock","32":"shipping-taxable","33":"purchasable","34":"product-type-variable","35":"farmacie-col"},"aioseo_notices":[],"_links":{"self":[{"href":"https:\/\/lacasadelamedicina.es\/de\/wp-json\/wp\/v2\/product\/30461"}],"collection":[{"href":"https:\/\/lacasadelamedicina.es\/de\/wp-json\/wp\/v2\/product"}],"about":[{"href":"https:\/\/lacasadelamedicina.es\/de\/wp-json\/wp\/v2\/types\/product"}],"replies":[{"embeddable":true,"href":"https:\/\/lacasadelamedicina.es\/de\/wp-json\/wp\/v2\/comments?post=30461"}],"wp:featuredmedia":[{"embeddable":true,"href":"https:\/\/lacasadelamedicina.es\/de\/wp-json\/wp\/v2\/media\/18201"}],"wp:attachment":[{"href":"https:\/\/lacasadelamedicina.es\/de\/wp-json\/wp\/v2\/media?parent=30461"}],"wp:term":[{"taxonomy":"product_cat","embeddable":true,"href":"https:\/\/lacasadelamedicina.es\/de\/wp-json\/wp\/v2\/product_cat?post=30461"},{"taxonomy":"product_tag","embeddable":true,"href":"https:\/\/lacasadelamedicina.es\/de\/wp-json\/wp\/v2\/product_tag?post=30461"}],"curies":[{"name":"wp","href":"https:\/\/api.w.org\/{rel}","templated":true}]}}