{"id":30455,"date":"2024-08-09T14:02:04","date_gmt":"2024-08-09T14:02:04","guid":{"rendered":"https:\/\/lacasadelamedicina.es\/product\/2-fdck-pulver-und-kristall-online-kaufen\/"},"modified":"2024-08-09T14:02:04","modified_gmt":"2024-08-09T14:02:04","slug":"2-fdck-pulver-und-kristall-online-kaufen","status":"publish","type":"product","link":"https:\/\/lacasadelamedicina.es\/de\/produkt\/2-fdck-pulver-und-kristall-online-kaufen\/","title":{"rendered":"2-FDCK Pulver und Kristall online kaufen"},"content":{"rendered":"<h3><strong>2FDCK zu verkaufen &#8211; 2-fdck online kaufen, 2-fdck Kristallpulver online bestellen<\/strong><\/h3>\n<p><strong>2-FDCK-Pulver und -Kristalle online kaufen<\/strong>&#8211; 2FDCK online kaufen \u2013 Wir bieten erstklassiges 2-FDCK zum Verkauf in unserem Online-Cannabis-Shop an. Wenn Sie 2-FDCK-Kristalle und -Pulver online kaufen, k\u00f6nnen Sie Ihren Artikel schnell geliefert bekommen. 2-FDCK-Pulver und -Kristalle online kaufen Pharmazeutische Chemikalien wie 2FDCK geh\u00f6ren zu den wichtigsten Substanztypen und sind derzeit sehr gefragt. Es geh\u00f6rt zur Klasse der Arylcyclohexylamine unter den dissoziativen Arzneimitteln. Es soll der PCP-Familie in vielerlei Hinsicht \u00e4hneln. Wenn Sie 2-fdck online kaufen m\u00f6chten, m\u00fcssen Sie die entsprechende Website ausw\u00e4hlen, um eine Bestellung mit sofortigem Rabatt aufzugeben. Das Unternehmen wurde 2015 gegr\u00fcndet und Sie k\u00f6nnen jederzeit eine Bestellung auf der zuverl\u00e4ssigsten Website im Internet mit kontinuierlichen Verk\u00e4ufen und Rabatten aufgeben. Die chemischen Eigenschaften der Gruppe der Arylcyclohexylamine, die Ketamin enth\u00e4lt, sind dieselben.        &nbsp;<\/p>\n<h3><strong>Kaufen Sie 2-FDCK-Pulver und -Kristall online \u2013 Was ist 2FDCK?<\/strong><\/h3>\n<p> 2FDCK, medizinisch bekannt als 2\u2032-Fl-2-Oxo-PCM, Fluorketamin, ist eine chemische Verbindung, die mit Ketamin in Verbindung steht. Es wird oft berichtet, dass es in mehreren L\u00e4ndern als Designerdroge verwendet wird. Es ist ein Ketamin-Gegenst\u00fcck, bei dem Fluor die Rolle der dauerhaften Substanzen \u00fcbernimmt. Nach den neuesten Informationen sind die pharmakologischen Details der Substanz unbekannt, was einen Wettbewerbsvorteil bietet. Diese Substanz lindert dissoziative Symptome, Schmerzen und andere negative Emotionen. Sie k\u00f6nnen es mit Leichtigkeit und Komfort verwenden und es hat eine bessere Wirkung auf den K\u00f6rper. Wir sind bestrebt, qualitativ hochwertige Produkte auf den Markt zu bringen, und der Verbraucher kann 2-FDCK-Kristallpulver online in den USA mit einem sofortigen Rabatt erwerben. Es gewinnt an mehr Verkehr, da es f\u00fcr verschiedene medizinische Bed\u00fcrfnisse des Menschen verwendet wird.        &nbsp;<\/p>\n<h3><strong>Warum sollten Sie das 2FDCK bei uns kaufen?<\/strong><\/h3>\n<p> Wir sind die ideale Website f\u00fcr den Kauf nat\u00fcrlicher Arzneimittel, da wir \u00fcber jahrelange Erfahrung in der Bereitstellung einer breiten Produktpalette mit exklusiven Rabatten verf\u00fcgen. Indem Sie eine Bestellung \u00fcber Ihr Mobiltelefon aufgeben, k\u00f6nnen Sie 2-FDCK kaufen. Wir versenden in Mengen von 1 g, 5 g, 25 g und 50 g, sodass Sie leichter genau das bekommen, was Sie brauchen, und dabei Geld sparen.   <\/p>\n<ul>\n<li>Wir bieten 24\u00d77 Stunden Support<\/li>\n<li>Wir liefern Originalprodukt<\/li>\n<li>100 % sicherere Verpackung<\/li>\n<\/ul>\n<p>&nbsp;<\/p>\n<h3>2-FDCK-Pulver und -Kristall online kaufen \u2013 Wie verwendet man 2-FDCK?<\/h3>\n<p> Es gibt Energie, mildert die Wirkung von Drogen und kl\u00e4rt den Geist. SFDCK m\u00f6chte eine wunderbare Erfahrung machen und die Droge euphorischer finden. Diese Drogen k\u00f6nnen geschluckt werden, w\u00e4hrend das dissoziativere 2-FDCK eingenommen wird. Dar\u00fcber hinaus ist es im Vergleich zu anderen Methoden garantiert weniger stimulierend. Sie m\u00fcssen auf das 2FDCK zum Verkauf warten, um solche Artikel online zu kaufen, wodurch Sie den Gro\u00dfteil der Transaktionsgeb\u00fchr sparen.     &nbsp;<\/p>\n","protected":false},"excerpt":{"rendered":"<p>&nbsp;<\/p>\n","protected":false},"featured_media":18186,"comment_status":"closed","ping_status":"closed","template":"","meta":{"om_disable_all_campaigns":false,"_sitemap_exclude":false,"_sitemap_priority":"","_sitemap_frequency":"","_monsterinsights_skip_tracking":false,"_monsterinsights_sitenote_active":false,"_monsterinsights_sitenote_note":"","_monsterinsights_sitenote_category":0},"product_cat":[23549],"product_tag":[24945,24946,24952,24957,24955,24954,24953,24958,24949,24937,24947,24940,24938,24944,24950,24942,24941,24956,24951,24943,24948,24939],"class_list":{"0":"post-30455","1":"product","2":"type-product","3":"status-publish","4":"has-post-thumbnail","6":"product_cat-forschungschemikalien-und-psychedelika","7":"product_tag-2-fdck-pulver-und-kristall-bester-preis-europa","8":"product_tag-2-fdck-pulver-und-kristall-eu-bestellen","9":"product_tag-2-fdck-pulver-und-kristall-europa-angebote","10":"product_tag-2-fdck-pulver-und-kristall-europa-lieferanten","11":"product_tag-2-fdck-pulver-und-kristall-europa-lieferung","12":"product_tag-2-fdck-pulver-und-kristall-europa-rabatt","13":"product_tag-2-fdck-pulver-und-kristall-europa-shop","14":"product_tag-2-fdck-pulver-und-kristall-europa-testbericht","15":"product_tag-2-fdck-pulver-und-kristall-europa-verkauf","16":"product_tag-2-fdck-pulver-und-kristall-kaufen","17":"product_tag-2-fdck-pulver-und-kristall-kostenloser-versand-europa","18":"product_tag-2-fdck-pulver-und-kristall-online-bestellen","19":"product_tag-2-fdck-pulver-und-kristall-online-kaufen","20":"product_tag-2-fdck-pulver-und-kristall-online-kaufen-europa","21":"product_tag-2-fdck-pulver-und-kristall-online-shop-europa","22":"product_tag-2-fdck-pulver-und-kristall-online-verkauf","23":"product_tag-auswirkungen-von-2-fdck-pulver-und-kristall","24":"product_tag-authentisches-2-fdck-pulver-und-kristall-europa","25":"product_tag-gunstiges-2-fdck-pulver-und-kristall-europa","26":"product_tag-wie-viel-kostet-2-fdck-pulver-und-kristall","27":"product_tag-wo-kann-man-2-fdck-pulver-und-kristall-in-europa-kaufen","28":"product_tag-wo-kann-man-2-fdck-pulver-und-kristall-online-kaufen","30":"first","31":"instock","32":"shipping-taxable","33":"purchasable","34":"product-type-variable","35":"farmacie-col"},"aioseo_notices":[],"_links":{"self":[{"href":"https:\/\/lacasadelamedicina.es\/de\/wp-json\/wp\/v2\/product\/30455"}],"collection":[{"href":"https:\/\/lacasadelamedicina.es\/de\/wp-json\/wp\/v2\/product"}],"about":[{"href":"https:\/\/lacasadelamedicina.es\/de\/wp-json\/wp\/v2\/types\/product"}],"replies":[{"embeddable":true,"href":"https:\/\/lacasadelamedicina.es\/de\/wp-json\/wp\/v2\/comments?post=30455"}],"wp:featuredmedia":[{"embeddable":true,"href":"https:\/\/lacasadelamedicina.es\/de\/wp-json\/wp\/v2\/media\/18186"}],"wp:attachment":[{"href":"https:\/\/lacasadelamedicina.es\/de\/wp-json\/wp\/v2\/media?parent=30455"}],"wp:term":[{"taxonomy":"product_cat","embeddable":true,"href":"https:\/\/lacasadelamedicina.es\/de\/wp-json\/wp\/v2\/product_cat?post=30455"},{"taxonomy":"product_tag","embeddable":true,"href":"https:\/\/lacasadelamedicina.es\/de\/wp-json\/wp\/v2\/product_tag?post=30455"}],"curies":[{"name":"wp","href":"https:\/\/api.w.org\/{rel}","templated":true}]}}