{"id":30437,"date":"2024-08-09T14:02:04","date_gmt":"2024-08-09T14:02:04","guid":{"rendered":"https:\/\/lacasadelamedicina.es\/product\/methylon-online-kaufen\/"},"modified":"2024-08-09T14:02:04","modified_gmt":"2024-08-09T14:02:04","slug":"methylon-online-kaufen","status":"publish","type":"product","link":"https:\/\/lacasadelamedicina.es\/de\/produkt\/methylon-online-kaufen\/","title":{"rendered":"Methylon online kaufen"},"content":{"rendered":"<h3>Methylon online zu verkaufen.<\/h3>\n<p> Kaufen Sie Methylon online. Methylon (Bk-MDMA) g\u00fcnstig online \u2013 World Drug In Gro\u00dfbritannien, Europa, Deutschland, Russland und den USA verkaufen wir g\u00fcnstige Bk-MDMA-Pulver und -Kristalle von h\u00f6chster Qualit\u00e4t. Kaufen Sie Methylon online \u2013 <a href=\"https:\/\/drlawsonspharmacy\/contact-us\/\">KONTAKT<\/a> Kristallisiertes Ethylon BK-ebdp 4-CMC Klares 3-CMC Klares 4CMC Kristall-Mephedron 4mmc MDPV Methylon (bk-MDMA), auch bekannt als Kristall 4-BMC. Methylon ist eine chemische Substanz, die in ihrer Struktur und Wirkung viele \u00c4hnlichkeiten mit MDMA aufweist. Methylon ist ein Stimulans mit einer milden psychedelischen Wirkung. Es wird als Forschungschemikalie bezeichnet, da es sich um eine relativ neue Verbindung handelt. Beim Umgang mit Methylon ist Vorsicht geboten, da es wenig erforscht ist und wenig \u00fcber seine Langzeitwirkungen oder die Wahrscheinlichkeit einer Sucht bekannt ist. Es wird \u00fcblicherweise als Pulver verkauft, manchmal sind jedoch auch Tabletten erh\u00e4ltlich. Diese Tabletten k\u00f6nnen in Gr\u00f6\u00dfe, Farbe und St\u00e4rke variieren, genau wie XTC. First Trust Chemical verkauft Methylon in drei verschiedenen Formen: Riesenkristalle (unser beliebtestes Produkt), feines medizinisches Pulver oder kleine Kristalle. Bitte sehen Sie sich die Liste anderer Top-Produkte an, die wir derzeit auf Lager haben. Sie k\u00f6nnen jetzt hochwertige Produkte von First Trust Chemical kaufen.            <\/p>\n<h3>IHR KONTO WIRD MIT SORGF\u00c4LTIGEM WISSEN BEHANDELT, UM METHYLONE ZU KAUFEN<\/h3>\n<p> Wir behandeln alle Verkaufsanfragen vertraulich. Ihre Kontoinformationen werden niemals weitergegeben oder verbreitet, nachdem Sie Kunde geworden sind. Bevor wir den von Ihnen gew\u00fcnschten Verkauf t\u00e4tigen, stellen wir Ihnen m\u00f6glicherweise bestimmte Fragen, dies dient jedoch nur Ihrem Schutz. First Trust Chemical m\u00f6chte nur f\u00fcr seine hohen Standards und sein Engagement f\u00fcr die Kundenzufriedenheit anerkannt werden. Sobald First Trust Chemical Ihre Bestellung genehmigt hat, k\u00f6nnen Sie kaufen. Ihre Lieferung ist garantiert. Wenn wir eine Bestellung nicht erf\u00fcllen k\u00f6nnen, k\u00f6nnen wir den Verkauf nicht garantieren. Methylon ist eine chemische Substanz, die in Bezug auf Struktur und Wirkung viele \u00c4hnlichkeiten mit MDMA aufweist. Es hat eine leicht psychedelische Wirkung und ist ein Stimulans. Es wird als Forschungschemikalie bezeichnet, da es sich um eine relativ neue Verbindung handelt. Es wird empfohlen, beim Umgang mit Methylon vorsichtig zu sein, da nur wenige Studien dazu durchgef\u00fchrt wurden und wenig \u00fcber seine Langzeitwirkungen oder die Wahrscheinlichkeit einer Sucht bekannt ist. Es wird oft als Pulver verkauft, aber es sind auch Tabletten erh\u00e4ltlich. Diese Tabletten k\u00f6nnen, genau wie XTC, in Gr\u00f6\u00dfe, Farbe und St\u00e4rke variieren.             <\/p>\n<h3><strong>Kaufen Sie Methylon online. Wissen Sie, wo Sie Methylon kaufen k\u00f6nnen?<\/strong><\/h3>\n<p> Methylon zu verkaufen, Methylon-Stra\u00dfenwert, Methylon-Dosierung, Methylon online zu verkaufen, Methylon in gro\u00dfen Mengen zu verkaufen und Methylon in hoher Qualit\u00e4t zu verkaufen. Wir k\u00f6nnen die L\u00f6sungen f\u00fcr all diese ungel\u00f6sten Fragen liefern. Sie k\u00f6nnen mehr dar\u00fcber erfahren, wo und wie Sie Methylon online kaufen k\u00f6nnen, indem Sie einfach unsere Website besuchen. Methylon ist ein Problem. Wissen Sie, wo ich Methylon online kaufen kann? Methylon kaufen, wie man Methylon herstellt, wie Methylon aussieht, wie viel Methylon auf der Stra\u00dfe kostet, wo man Methylon online kaufen kann und wo man reines Methylon kaufen kann. Es ist durchaus verst\u00e4ndlich, dass man der Qualit\u00e4t von Methylon, das online angeboten wird, nicht sofort vertrauen k\u00f6nnte, da man sie nicht pers\u00f6nlich \u00fcberpr\u00fcfen kann. Bei Internetanbietern von Methylon ist die Sache jedoch anders. Die hier angebotenen Produkte sind genau das, was sie sind, und werden unter professioneller Aufsicht nach den h\u00f6chsten Standards gewartet. Schneller und diskreter Versand: Nach Eingang der Bestellung wird Methylon online innerhalb des versprochenen Zeitrahmens geliefert. Das Versandteam tut alles, um sicherzustellen, dass der Versand- und Lieferprozess schnell und einfach ist. Wenn Sie Methylone bei einem Spezialisten auf einer Online-Plattform kaufen, k\u00f6nnen Sie au\u00dferdem auf einen erstklassigen Service z\u00e4hlen.            &nbsp;<\/p>\n","protected":false},"excerpt":{"rendered":"<p>Methylon ist ein Stimulans mit leichter psychedelischer Wirkung. Es wird als Forschungschemikalie bezeichnet, da es sich um eine relativ neue Verbindung handelt. Beim Umgang mit Methylon ist Vorsicht geboten, da nur wenige Studien durchgef\u00fchrt wurden und wenig \u00fcber die Langzeitwirkungen oder die Wahrscheinlichkeit einer Sucht bekannt ist.   &nbsp;<\/p>\n","protected":false},"featured_media":18171,"comment_status":"closed","ping_status":"closed","template":"","meta":{"om_disable_all_campaigns":false,"_sitemap_exclude":false,"_sitemap_priority":"","_sitemap_frequency":"","_monsterinsights_skip_tracking":false,"_monsterinsights_sitenote_active":false,"_monsterinsights_sitenote_note":"","_monsterinsights_sitenote_category":0},"product_cat":[23549],"product_tag":[24875,24890,24885,24878,24871,24879,24881,24874,24872,24876,24880,24889,24886,24892,24888,24887,24883,24891,24884,24877,24873,24882],"class_list":{"0":"post-30437","1":"product","2":"type-product","3":"status-publish","4":"has-post-thumbnail","6":"product_cat-forschungschemikalien-und-psychedelika","7":"product_tag-auswirkungen-von-methylon","8":"product_tag-authentisches-methylon-europa","9":"product_tag-gunstiges-methylon-europa","10":"product_tag-kaufen-sie-methylon-online-in-europa","11":"product_tag-kaufen-sie-methylone","12":"product_tag-methylon-bester-preis-europa","13":"product_tag-methylon-kostenloser-versand-europa","14":"product_tag-methylon-online-bestellen","15":"product_tag-methylon-online-kaufen","16":"product_tag-methylon-verkauf-online","17":"product_tag-methylone-eu-bestellen","18":"product_tag-methylone-europa-lieferung","19":"product_tag-methylone-europe-angebote","20":"product_tag-methylone-europe-bewertung","21":"product_tag-methylone-europe-rabatt","22":"product_tag-methylone-europe-shop-de","23":"product_tag-methylone-europe-verkauf","24":"product_tag-methylone-europe-lieferanten","25":"product_tag-methylone-online-shop-europa","26":"product_tag-wie-viel-kostet-methylon","27":"product_tag-wo-kann-man-methylon-online-kaufen","28":"product_tag-wo-kann-man-methylone-europa-kaufen","30":"first","31":"instock","32":"shipping-taxable","33":"purchasable","34":"product-type-variable","35":"farmacie-col"},"aioseo_notices":[],"_links":{"self":[{"href":"https:\/\/lacasadelamedicina.es\/de\/wp-json\/wp\/v2\/product\/30437"}],"collection":[{"href":"https:\/\/lacasadelamedicina.es\/de\/wp-json\/wp\/v2\/product"}],"about":[{"href":"https:\/\/lacasadelamedicina.es\/de\/wp-json\/wp\/v2\/types\/product"}],"replies":[{"embeddable":true,"href":"https:\/\/lacasadelamedicina.es\/de\/wp-json\/wp\/v2\/comments?post=30437"}],"wp:featuredmedia":[{"embeddable":true,"href":"https:\/\/lacasadelamedicina.es\/de\/wp-json\/wp\/v2\/media\/18171"}],"wp:attachment":[{"href":"https:\/\/lacasadelamedicina.es\/de\/wp-json\/wp\/v2\/media?parent=30437"}],"wp:term":[{"taxonomy":"product_cat","embeddable":true,"href":"https:\/\/lacasadelamedicina.es\/de\/wp-json\/wp\/v2\/product_cat?post=30437"},{"taxonomy":"product_tag","embeddable":true,"href":"https:\/\/lacasadelamedicina.es\/de\/wp-json\/wp\/v2\/product_tag?post=30437"}],"curies":[{"name":"wp","href":"https:\/\/api.w.org\/{rel}","templated":true}]}}