{"id":30383,"date":"2024-08-09T14:02:04","date_gmt":"2024-08-09T14:02:04","guid":{"rendered":"https:\/\/lacasadelamedicina.es\/product\/mdai-online-kaufen\/"},"modified":"2024-09-14T20:21:23","modified_gmt":"2024-09-14T20:21:23","slug":"mdai-online-kaufen","status":"publish","type":"product","link":"https:\/\/lacasadelamedicina.es\/de\/produkt\/mdai-online-kaufen\/","title":{"rendered":"MDAI online kaufen"},"content":{"rendered":"<h3>Kaufen Sie MDAI online.<\/h3>\n<p> Online-Shop, der MDAI verkauft. Es wird empfohlen, MDAI und alle auf dieser Website zum Verkauf angebotenen R\u00fcckst\u00e4nde von Phenethylaminen f\u00fcr Forschungs- und wissenschaftliche Zwecke zu verwenden. MDA war der Name des synthetischen Testprodukts. Es ist ein Arzneistoff mit der subatomaren Formel C10H11NO2 \u2013 HCl und potentiellen physiologischen und psychedelischen Wirkungen. Der Formelwert betr\u00e4gt 213,7 g\/mol. Kaufen Sie MDAI online. \u2013 <a href=\"https:\/\/drlawsonspharmacy\/contact-us\/\">KONTAKT<\/a> Da MDAI eine neuartige Chemikalie ist, sind seine toxikologischen und physiologischen Eigenschaften noch nicht bekannt. 5,6-Methylendioxy-2-aminoindan, ein Nebenprodukt von Phenethylamin, kann anregende und entaktogene Wirkungen haben. Kaufen Sie MDAI online. 6,7-Dihydro-5H-indeno[5,6-d]monohydrochlorid, 1,3-Dioxol-6-amin und alle anderen auf dieser Website verkauften Arzneimittel werden f\u00fcr Forschungs- und Quantifizierungszwecke empfohlen. Bitte bewahren Sie dieses Phenethylamin an einem k\u00fchlen, trockenen Ort auf. Die Sicherheit von MDA, einem Phenethylaminmolek\u00fcl, kann unter gesetzlich zul\u00e4ssigen Umst\u00e4nden bis zu zwei Jahre anhalten. Investieren Sie online in MDA.I. Warum sollten Sie MDA.I bei uns kaufen? \u2605 Wir haben eine lange Geschichte des Austauschs auf dem Markt, sodass Sie von unserer Erfahrung profitieren. \u2605 MDAI wurde getestet und verifiziert. \u2605 Sie k\u00f6nnen MDAI mit Bitcoin, MoneyGram und Western Union oder per Bank\u00fcberweisung kaufen. Was erhalten Sie, wenn Sie MDA.I bei uns kaufen? &#8211; Ein Beutel aus stabiler Aluminiumfolie mit 6,7-Dihydro-5H-indeno[5,6-d]-1,3-Dioxol-6-amin, Monohydrochlorid-Forschungssynthese von h\u00f6chster Qualit\u00e4t \u2013 Rein glasartige, starke Formulierung \u2013 \u226598 % Authentizit\u00e4t. Online-Anfragen zu MDAI, erh\u00e4ltliches MDAI zum Kauf, MDAI-Heilmittel, verf\u00fcgbarer Online-Verkauf von 10 mg MDAI-Tabletten und Informationen dar\u00fcber, wie man MDAI-Heilmittel erh\u00e4lt, MDAI und MDAI-Dosierung. MDAI 60 mg ist zum Kauf erh\u00e4ltlich, MDAI 15 mg ist auf der Stra\u00dfe erh\u00e4ltlich, MDAI-Pillen sind zum Kauf erh\u00e4ltlich und MDAI ist auch ohne Rezept erh\u00e4ltlich. Kaufen Sie MDAI-Sulfat-Tabletten, kaufen Sie MDAI, kaufen Sie MDAI 30 mg, kaufen Sie MDAI-Pillen online, kaufen Sie MDAI-Pulver, kaufen Sie MDAI, kaufen Sie MDAI ohne Rezept, kaufen Sie MDAI, kaufen Sie MDAI, kaufen Sie MDAI, kaufen Sie MDAI, kaufen Sie MDAI, kaufen Sie MDAI, kaufen Sie MDAI, kaufen Sie MDAI, kaufen Sie MDAI, kaufen Sie MDAI, kaufen Sie MDAI, kaufen Sie MDAI, kaufen Sie MDAI, kaufen Sie MDAI, kaufen Sie MDAI, kaufen Sie MDAI, kaufen Sie MDAI, kaufen Sie MDAI. Wir bieten weltweit einen Express-Service in 1\u20132 Tagen. Unsere Lieferungen sind absolut sicher und per Express, sodass alle Kunden und Pakete f\u00fcr die Lieferung gesch\u00fctzt sind und das Gesch\u00e4ft dauerhaft erfolgreich ist.                     <\/p>\n<h3><strong>Wissen Sie, wo Sie MDAI kaufen k\u00f6nnen?<\/strong><\/h3>\n<p> MDAI zu verkaufen, MDAI-Stra\u00dfenpreis, MDAI-Dosierung, wie man MDAI herstellt, wo kann ich MDAI online kaufen, wo kann ich MDAI finden, was ist MDAI und MDAI in Premiumqualit\u00e4t \u2013 all das ist zum Kauf erh\u00e4ltlich. Wir k\u00f6nnen die L\u00f6sungen f\u00fcr all diese ungel\u00f6sten Fragen liefern. Sie k\u00f6nnen mehr dar\u00fcber erfahren, wo und wie Sie MDAI online kaufen k\u00f6nnen, indem Sie einfach auf unserer Website st\u00f6bern. Wie schneidet MDAI im Vergleich ab? Wissen Sie, wo Sie MDAI online kaufen k\u00f6nnen? Wo man MDAI kauft, wo man reines MDAI online bekommt, wie man MDAI herstellt, wie MDAI aussieht, MDAI-Stra\u00dfenpreis und MDAI-Preis sind alles Begriffe, die verwendet werden, um den Kauf von MDAI zu beschreiben.      &nbsp;<\/p>\n<h3><strong>ANTRAGSTELLER bestellen<\/strong><\/h3>\n<p> Es ist vollkommen verst\u00e4ndlich, dass Verbraucher der Qualit\u00e4t von MDAI, die online verkauft werden, nicht sofort vertrauen, da sie diese nicht physisch in Augenschein nehmen k\u00f6nnen. Bei MDAI-H\u00e4ndlern im Internet ist das jedoch anders. Die hier angebotenen Produkte sind genaue Darstellungen dessen, was sie sind, und werden unter professioneller Aufsicht erstklassig gewartet. Schneller und diskreter Versand: Nach Eingang der Bestellung wird das MDAIonline im versprochenen Zeitrahmen geliefert. Das Versandteam unternimmt gro\u00dfe Anstrengungen, um sicherzustellen, dass der Versand- und Lieferprozess schnell und einfach abl\u00e4uft. Wenn Sie MDAI von einem Fachmann auf einer Online-Website kaufen, k\u00f6nnen Sie sich auch eines erstklassigen Service sicher sein.      &nbsp;<\/p>\n","protected":false},"excerpt":{"rendered":"<p>Der vollst\u00e4ndige IUPAC-Name von MDAI, der online vermarktet wird, lautet 6,7-Dihydro-5H-indeno[5,6-d].-1,3-Dioxol-6-amin, Monohydrochlorid, eine Substanz, die in der Forschung zu Phenethylaminen verwendet wird. MDAI k\u00f6nnte ein Entaktogen und ein Stimulans sein.  &nbsp;<\/p>\n","protected":false},"featured_media":18156,"comment_status":"closed","ping_status":"closed","template":"","meta":{"om_disable_all_campaigns":false,"_sitemap_exclude":false,"_sitemap_priority":"","_sitemap_frequency":"","_monsterinsights_skip_tracking":false,"_monsterinsights_sitenote_active":false,"_monsterinsights_sitenote_note":"","_monsterinsights_sitenote_category":0},"product_cat":[23549],"product_tag":[24783,24787,24802,24792,24795,24799,24797,24801,24791,24798,24803,24800,24793,24784,24785,24790,24796,24788,24804,24789,24786,24794],"class_list":{"0":"post-30383","1":"product","2":"type-product","3":"status-publish","4":"has-post-thumbnail","6":"product_cat-forschungschemikalien-und-psychedelika","7":"product_tag-anspruche-kaufen","8":"product_tag-auswirkungen-von-mdai","9":"product_tag-authentisches-mdai-europe","10":"product_tag-bestellen-sie-mdai-eu","11":"product_tag-claims-europa-verkauf","12":"product_tag-creditor-europe-shop","13":"product_tag-gunstige-mdai-europa","14":"product_tag-lieferung-an-den-glaubiger-europa","15":"product_tag-mdai-bester-preis-europa","16":"product_tag-mdai-europe-angebote","17":"product_tag-mdai-europe-lieferanten","18":"product_tag-mdai-europe-rabatt","19":"product_tag-mdai-kostenloser-versand-europa","20":"product_tag-mdai-online-bestellen-de","21":"product_tag-mdai-online-kaufen-de","22":"product_tag-mdai-online-kaufen-europa","23":"product_tag-mdai-online-shop-europa","24":"product_tag-mdai-verkaufe-online","25":"product_tag-rezension-von-creditor-europe","26":"product_tag-wie-viel-kostet-mdai","27":"product_tag-wo-kann-man-mdai-online-kaufen","28":"product_tag-wo-sie-mdai-europe-kaufen-konnen","30":"first","31":"instock","32":"shipping-taxable","33":"purchasable","34":"product-type-variable","35":"farmacie-col"},"aioseo_notices":[],"_links":{"self":[{"href":"https:\/\/lacasadelamedicina.es\/de\/wp-json\/wp\/v2\/product\/30383"}],"collection":[{"href":"https:\/\/lacasadelamedicina.es\/de\/wp-json\/wp\/v2\/product"}],"about":[{"href":"https:\/\/lacasadelamedicina.es\/de\/wp-json\/wp\/v2\/types\/product"}],"replies":[{"embeddable":true,"href":"https:\/\/lacasadelamedicina.es\/de\/wp-json\/wp\/v2\/comments?post=30383"}],"wp:featuredmedia":[{"embeddable":true,"href":"https:\/\/lacasadelamedicina.es\/de\/wp-json\/wp\/v2\/media\/18156"}],"wp:attachment":[{"href":"https:\/\/lacasadelamedicina.es\/de\/wp-json\/wp\/v2\/media?parent=30383"}],"wp:term":[{"taxonomy":"product_cat","embeddable":true,"href":"https:\/\/lacasadelamedicina.es\/de\/wp-json\/wp\/v2\/product_cat?post=30383"},{"taxonomy":"product_tag","embeddable":true,"href":"https:\/\/lacasadelamedicina.es\/de\/wp-json\/wp\/v2\/product_tag?post=30383"}],"curies":[{"name":"wp","href":"https:\/\/api.w.org\/{rel}","templated":true}]}}