{"id":30367,"date":"2024-08-09T14:02:04","date_gmt":"2024-08-09T14:02:04","guid":{"rendered":"https:\/\/lacasadelamedicina.es\/product\/kaufen-sie-ketaminpulver-online\/"},"modified":"2024-08-09T14:02:04","modified_gmt":"2024-08-09T14:02:04","slug":"kaufen-sie-ketaminpulver-online","status":"publish","type":"product","link":"https:\/\/lacasadelamedicina.es\/de\/produkt\/kaufen-sie-ketaminpulver-online\/","title":{"rendered":"Kaufen Sie Ketaminpulver online"},"content":{"rendered":"<h1>Kaufen Sie Ketaminpulver online.<\/h1>\n<p> Ketamin-Online-Verkauf. Um starken Stress und Verzweiflung zu heilen, kaufen Sie Ketamin-Pulver. Kaufen Sie Ketamin-Pulver online &#8211; <a href=\"https:\/\/drlawsonspharmacy\/contact-us\/\">KONTAKT<\/a> Depression ist die h\u00e4ufigste psychische Erkrankung der Welt und tr\u00e4gt ma\u00dfgeblich zum Anstieg der Selbstmordrate bei. Aufgrund seines raschen Wirkungseintritts wird <a href=\"https:\/\/dieapotheke247.com\/\">Ketamin<\/a> als Mittel zur Behandlung von Depressionen immer beliebter. Es wirkt, indem es sich an NMDA-Rezeptoren im Gehirn bindet und so die Konzentration des Neurotransmitters Glutamat erh\u00f6ht. Dadurch werden AMPA-Rezeptoren aktiviert, was zur Freisetzung weiterer Chemikalien f\u00fchrt. Der gesamte Prozess beeinflusst Wahrnehmung, Stimmung und Denkmuster. Dar\u00fcber hinaus verbessert das Medikament die Kommunikation zwischen bestimmten Gehirnregionen und reduziert entz\u00fcndungsbedingte Signale. Es ist wichtig, sich der Vor- und Nachteile bewusst zu sein, bevor Sie Ketaminpulver kaufen.         &nbsp;<\/p>\n<h2>Kaufen Sie Ketaminpulver online bei einem vertrauensw\u00fcrdigen Lieferanten<\/h2>\n<p> Bei der Einnahme verschreibungspflichtiger Medikamente aus medizinischen Gr\u00fcnden ist nichts wichtiger als die Qualit\u00e4t. Bei Dr. Lawsons Pharmacy haben wir ein Team von Fachleuten, die in verschiedenen Phasen Qualit\u00e4tskontrollen durchf\u00fchren, um sicherzustellen, dass wir die h\u00f6chsten internationalen Standards einhalten. Viele Menschen haben mit dem von uns verkauften Ketaminpulver gro\u00dfe Erfolge erzielt, und wir hoffen, dass dies auch bei Ihnen der Fall sein wird. Wenn Sie Fragen haben, wenden Sie sich bitte jederzeit an unser Team.    <\/p>\n<h3><\/h3>\n<p>&nbsp;<\/p>\n","protected":false},"excerpt":{"rendered":"<p>Ketamin hat sich bei der Behandlung von Depressionen bei bipolaren Patienten als wirksam erwiesen, bei denen Antidepressiva nicht angesprochen haben. &nbsp;<\/p>\n","protected":false},"featured_media":18141,"comment_status":"closed","ping_status":"closed","template":"","meta":{"om_disable_all_campaigns":false,"_sitemap_exclude":false,"_sitemap_priority":"","_sitemap_frequency":"","_monsterinsights_skip_tracking":false,"_monsterinsights_sitenote_active":false,"_monsterinsights_sitenote_note":"","_monsterinsights_sitenote_category":0},"product_cat":[23549],"product_tag":[24743,24758,24753,24746,24747,24748,24754,24760,24759,24757,24756,24755,24751,24739,24749,24740,24741,24744,24752,24745,24750,24742],"class_list":{"0":"post-30367","1":"product","2":"type-product","3":"status-publish","4":"has-post-thumbnail","6":"product_cat-forschungschemikalien-und-psychedelika","7":"product_tag-auswirkungen-von-ketaminpulver","8":"product_tag-authentisches-ketaminpulver-europa","9":"product_tag-gunstiges-ketaminpulver-europa","10":"product_tag-kaufen-sie-ketaminpulver-online-in-europa","11":"product_tag-ketaminpulver-bester-preis-europa","12":"product_tag-ketaminpulver-eu-bestellen","13":"product_tag-ketaminpulver-europa-angebote","14":"product_tag-ketaminpulver-europa-bewertung","15":"product_tag-ketaminpulver-europa-lieferanten","16":"product_tag-ketaminpulver-europa-lieferung","17":"product_tag-ketaminpulver-europa-rabatt","18":"product_tag-ketaminpulver-europa-shop","19":"product_tag-ketaminpulver-europa-verkauf","20":"product_tag-ketaminpulver-kaufen","21":"product_tag-ketaminpulver-kostenloser-versand-europa","22":"product_tag-ketaminpulver-online-bestellen","23":"product_tag-ketaminpulver-online-kaufen","24":"product_tag-ketaminpulver-online-verkaufen","25":"product_tag-ketaminpulver-online-shop-europa","26":"product_tag-wie-viel-kostet-ketaminpulver","27":"product_tag-wo-kann-man-ketaminpulver-in-europa-kaufen","28":"product_tag-wo-kann-man-ketaminpulver-online-kaufen","30":"first","31":"instock","32":"shipping-taxable","33":"purchasable","34":"product-type-variable","35":"farmacie-col"},"aioseo_notices":[],"_links":{"self":[{"href":"https:\/\/lacasadelamedicina.es\/de\/wp-json\/wp\/v2\/product\/30367"}],"collection":[{"href":"https:\/\/lacasadelamedicina.es\/de\/wp-json\/wp\/v2\/product"}],"about":[{"href":"https:\/\/lacasadelamedicina.es\/de\/wp-json\/wp\/v2\/types\/product"}],"replies":[{"embeddable":true,"href":"https:\/\/lacasadelamedicina.es\/de\/wp-json\/wp\/v2\/comments?post=30367"}],"wp:featuredmedia":[{"embeddable":true,"href":"https:\/\/lacasadelamedicina.es\/de\/wp-json\/wp\/v2\/media\/18141"}],"wp:attachment":[{"href":"https:\/\/lacasadelamedicina.es\/de\/wp-json\/wp\/v2\/media?parent=30367"}],"wp:term":[{"taxonomy":"product_cat","embeddable":true,"href":"https:\/\/lacasadelamedicina.es\/de\/wp-json\/wp\/v2\/product_cat?post=30367"},{"taxonomy":"product_tag","embeddable":true,"href":"https:\/\/lacasadelamedicina.es\/de\/wp-json\/wp\/v2\/product_tag?post=30367"}],"curies":[{"name":"wp","href":"https:\/\/api.w.org\/{rel}","templated":true}]}}