{"id":30291,"date":"2024-08-09T14:02:04","date_gmt":"2024-08-09T14:02:04","guid":{"rendered":"https:\/\/lacasadelamedicina.es\/product\/kaufen-sie-fentanylpulver-online\/"},"modified":"2024-08-09T14:02:04","modified_gmt":"2024-08-09T14:02:04","slug":"kaufen-sie-fentanylpulver-online","status":"publish","type":"product","link":"https:\/\/lacasadelamedicina.es\/de\/produkt\/kaufen-sie-fentanylpulver-online\/","title":{"rendered":"Kaufen Sie Fentanylpulver online"},"content":{"rendered":"<h1>Kaufen Sie Fentanylpulver online<\/h1>\n<p> Fentanylpulver zum Online-Verkauf, erstaunliches synthetisches Opioid-Schmerzmittel Fentanylpulver hat eine \u00e4hnliche Wirkung wie Morphin, ist aber 50- bis 60-mal st\u00e4rker.3 Es ist ein Medikament der Liste II, das von einem Arzt verabreicht werden muss.4 Es wird normalerweise zur Behandlung von Patienten mit unertr\u00e4glichen Schmerzen oder zur Schmerzlinderung nach Operationen verwendet. Es wird gelegentlich auch zur Behandlung von Menschen mit chronischen Schmerzen verwendet, die andere Opioide nicht vertragen.5 In der Medizin ist Fentanyl unter Namen wie Actiq, Duragesic und Sublimaze bekannt. Apache, China Girl, China White, Dance Fever, Friend, Goodfella, Jackpot, Murder 8, TNT und Tango and Cash sind einige der Stra\u00dfennamen f\u00fcr Fentanyl oder Heroin, das Fentanyl enth\u00e4lt. Fentanylpulver online kaufen &#8211;       <a href=\"https:\/\/drlawsonspharmacy\/contact-us\/\">KONTAKT<\/a><\/p>\n<h3>Wie wird Fentanyl von Menschen angewendet?<\/h3>\n<p> Fentanyl wird nach \u00e4rztlicher Verschreibung h\u00e4ufig durch Infusionen, transdermale Fixierungen oder Lutschtabletten verabreicht.6 Fentanyl und Fentanyl-Analoga, die mit den j\u00fcngsten \u00dcberdosierungen in Verbindung gebracht werden, werden jedoch aus verdeckten Labors vertrieben.7 Dieses nicht-medikament\u00f6se Fentanyl wird in den folgenden Formen zum Verkauf angeboten: als Pulver, auf L\u00f6schpapier gestreut, kombiniert mit oder als Ersatz f\u00fcr Heroin oder in Form von Pillen, die andere, weniger wirksame Opioide imitieren.8 Fentanyl kann oral eingenommen, ausgehustet, als Infusion verabreicht oder durch die Schleimh\u00e4ute aufgenommen werden, indem man L\u00f6schpapier in den Mund legt.    <\/p>\n<h3>Welche Auswirkungen hat Fentanyl auf das Gehirn?<\/h3>\n<p> Fentanyl wirkt \u00e4hnlich wie Heroin, Morphin und andere Bet\u00e4ubungsmittel, indem es sich an die k\u00f6rpereigenen Bet\u00e4ubungsmittelrezeptoren bindet, die sich in Bereichen des Gehirns befinden, die Schmerzen und Emotionen regulieren.9 Bet\u00e4ubungsmittel k\u00f6nnen den Dopaminspiegel in den Belohnungsbereichen des Gro\u00dfhirns erh\u00f6hen, indem sie sich an diese Rezeptoren binden, was zu einem rausch\u00e4hnlichen Zustand f\u00fchrt.9 Die Wirkungen von Fentanyl \u00e4hneln denen von Heroin und umfassen Euphorie, Ersch\u00f6pfung, \u00dcbelkeit, Chaos, Obstruktion, Sedierung, Widerstandsf\u00e4higkeit, Fixierung, Atemnot und Einklemmung, Offensichtlichkeit, trance\u00e4hnlichen Zustand und Tod.   <\/p>\n<h3>Kennen Sie Online-Quellen f\u00fcr Fentanyl?<\/h3>\n<p> Wo kann ich Fentanylpulver online kaufen, wo kann ich Fentanyl online kaufen, was ist Fentanyl und hochwertiges Fentanylpulver zu verkaufen. Fentanylpulver zu verkaufen, Stra\u00dfenwert von Fentanylpulver, Fentanyldosierung und wie man Fentanylpulver herstellt. Wir k\u00f6nnen die L\u00f6sungen f\u00fcr all diese ungel\u00f6sten Fragen liefern. Sie k\u00f6nnen mehr dar\u00fcber erfahren, wo und wie Sie Fentanylpulver online kaufen k\u00f6nnen, indem Sie einfach auf unserer Website st\u00f6bern. Was ist mit Fentanylpulver? Wissen Sie, wo Sie Fentanyl online kaufen k\u00f6nnen? Fentanylpulver kaufen, Fentanylpulver zu verkaufen, wie man Fentanylpulver herstellt, wie sieht Fentanylpulver aus, Stra\u00dfenwert von Fentanylpulver, Kosten von Fentanylpulver, wo man Fentanylpulver kaufen kann, reines Fentanylpulver, Lieferanten von Fentanylpulver, wo kann ich Fentanylpulver online kaufen und Preis von Fentanylpulver       <\/p>\n<h3>Kaufen Sie Fentanylpulver online<\/h3>\n<p> Es ist durchaus verst\u00e4ndlich, dass Einzelpersonen die Qualit\u00e4t von online verkauftem Fentanylpulver nicht sofort akzeptieren, da sie diese nicht pers\u00f6nlich \u00fcberpr\u00fcfen k\u00f6nnen. Bei Online-Anbietern von Fentanylpulver ist die Situation jedoch anders. Die hier angebotenen Produkte sind genau das, was sie sind, und werden unter professioneller Aufsicht erstklassig gewartet. Schneller und diskreter Versand: Das Fentanylpulver wird wie versprochen sofort nach Eingang der Bestellung geliefert. Das Versandteam tut alles, um sicherzustellen, dass der Versand- und Lieferprozess schnell und einfach ist. Wenn Sie Fentanylpulver bei einem seri\u00f6sen Internetverk\u00e4ufer kaufen, k\u00f6nnen Sie auch erstklassigen Service erwarten.      &nbsp;<\/p>\n","protected":false},"excerpt":{"rendered":"<p>Im Vergleich zu Morphin ist Fentanyl ein starkes synthetisches Opioid-Analgetikum mit einer 50- bis 100-fach h\u00f6heren Wirksamkeit.1,2 Es ist ein verschreibungspflichtiges Arzneimittel der Kategorie II3 und wird typischerweise zur Schmerzlinderung nach Operationen oder zur Behandlung von Personen mit starken Schmerzen eingesetzt. &nbsp;<\/p>\n","protected":false},"featured_media":18606,"comment_status":"closed","ping_status":"closed","template":"","meta":{"om_disable_all_campaigns":false,"_sitemap_exclude":false,"_sitemap_priority":"","_sitemap_frequency":"","_monsterinsights_skip_tracking":false,"_monsterinsights_sitenote_active":false,"_monsterinsights_sitenote_note":"","_monsterinsights_sitenote_category":0},"product_cat":[23549],"product_tag":[24691,24680,24687,24693,24692,24690,24689,24688,24684,24682,24685,24681,24672,24675,24677,24686,24673,24679,24678,24676,24683,24674],"class_list":{"0":"post-30291","1":"product","2":"type-product","3":"status-publish","4":"has-post-thumbnail","6":"product_cat-forschungschemikalien-und-psychedelika","7":"product_tag-authentisches-fentanylpulver-europa","8":"product_tag-fentanyl-pulver-bester-preis-europa","9":"product_tag-fentanyl-pulver-europa-angebote","10":"product_tag-fentanyl-pulver-europa-bewertung","11":"product_tag-fentanyl-pulver-europa-lieferanten","12":"product_tag-fentanyl-pulver-europa-lieferung","13":"product_tag-fentanyl-pulver-europa-rabatt","14":"product_tag-fentanyl-pulver-europa-shop","15":"product_tag-fentanyl-pulver-europa-verkauf","16":"product_tag-fentanyl-pulver-kostenloser-versand-europa","17":"product_tag-fentanyl-pulver-online-shop-europa","18":"product_tag-fentanylpulver-eu-bestellen","19":"product_tag-fentanylpulver-kaufen","20":"product_tag-fentanylpulver-online-bestellen","21":"product_tag-fentanylpulver-online-kaufen","22":"product_tag-gunstiges-fentanylpulver-europa","23":"product_tag-kaufen-sie-fentanylpulver-online","24":"product_tag-kaufen-sie-fentanylpulver-online-in-europa","25":"product_tag-wie-viel-kostet-fentanylpulver","26":"product_tag-wirkungen-von-fentanylpulver","27":"product_tag-wo-kann-man-fentanylpulver-in-europa-kaufen","28":"product_tag-wo-kann-man-fentanylpulver-online-kaufen","30":"first","31":"instock","32":"shipping-taxable","33":"purchasable","34":"product-type-variable","35":"farmacie-col"},"aioseo_notices":[],"_links":{"self":[{"href":"https:\/\/lacasadelamedicina.es\/de\/wp-json\/wp\/v2\/product\/30291"}],"collection":[{"href":"https:\/\/lacasadelamedicina.es\/de\/wp-json\/wp\/v2\/product"}],"about":[{"href":"https:\/\/lacasadelamedicina.es\/de\/wp-json\/wp\/v2\/types\/product"}],"replies":[{"embeddable":true,"href":"https:\/\/lacasadelamedicina.es\/de\/wp-json\/wp\/v2\/comments?post=30291"}],"wp:featuredmedia":[{"embeddable":true,"href":"https:\/\/lacasadelamedicina.es\/de\/wp-json\/wp\/v2\/media\/18606"}],"wp:attachment":[{"href":"https:\/\/lacasadelamedicina.es\/de\/wp-json\/wp\/v2\/media?parent=30291"}],"wp:term":[{"taxonomy":"product_cat","embeddable":true,"href":"https:\/\/lacasadelamedicina.es\/de\/wp-json\/wp\/v2\/product_cat?post=30291"},{"taxonomy":"product_tag","embeddable":true,"href":"https:\/\/lacasadelamedicina.es\/de\/wp-json\/wp\/v2\/product_tag?post=30291"}],"curies":[{"name":"wp","href":"https:\/\/api.w.org\/{rel}","templated":true}]}}