{"id":30176,"date":"2024-08-09T14:02:08","date_gmt":"2024-08-09T14:02:08","guid":{"rendered":"https:\/\/lacasadelamedicina.es\/product\/mephedron-4-mmc-online-kaufen\/"},"modified":"2024-08-09T14:02:08","modified_gmt":"2024-08-09T14:02:08","slug":"mephedron-4-mmc-online-kaufen","status":"publish","type":"product","link":"https:\/\/lacasadelamedicina.es\/de\/produkt\/mephedron-4-mmc-online-kaufen\/","title":{"rendered":"Mephedron (4-MMC) online kaufen"},"content":{"rendered":"<h3>Mephedron (4-MMC) online kaufen.<\/h3>\n<p> Mephedron (4-MMC) online kaufen. Mephedron zeichnet sich durch die Bereitstellung von Monoaminen aus. Seine beiden Enantiomere zeigen eine vergleichbare Intensit\u00e4t als Substrate an Dopamintransportern, da es sich um ein chirales Molek\u00fcl handelt. Als Substrat an Serotonintransportern ist R-Mephedron weit weniger wirksam als S-Mephedron. <strong><em>Mephedron (4-MMC) online kaufen<\/em><\/strong>&#8211; <a href=\"https:\/\/drlawsonspharmacy\/contact-us\/\">KONTAKT<\/a> Mephedron (4-MMC) ist aufgrund des Keto-Sauerstoffs hydrophiler als die vergleichbaren Methylamphetamine, was erkl\u00e4ren k\u00f6nnte, warum h\u00f6here Dosierungen erforderlich sind, um eine vergleichbare Wirkung zu erzielen, da Mephedron (4-MMC) die Blut-Hirn-Schranke weniger gut passieren kann. <strong>online mephedron kaufen<\/strong> Mephedron (4-MMC) wird h\u00e4ufig zusammen mit Alkohol geraucht. Eine Studie an M\u00e4usen untersuchte die Wechselwirkung zwischen diesen beiden Drogen und konzentrierte sich auf die psychostimulierenden und belohnenden Eigenschaften von 4-MMC. Es wurde festgestellt, dass Alkohol die psychostimulierende Wirkung von 4-MMC erheblich verst\u00e4rkt, wenn es in geringen (nicht anregenden) Mengen konsumiert wird. Ein Anstieg des synaptischen Dopamins wirkte dieser Wirkung entgegen, da Haloperidol, nicht aber Ketanserin, die potenzierenden Wirkungen des Alkohols zu verhindern vermochte. Eine kleine, nicht kompensierende Menge Alkohol verbesserte ebenfalls die kompensierenden Eigenschaften von 4-MMC. Wo kann man Mephedron und m\u00e4\u00dfiges 4-MMC laut einer M-CAT-Anfrage online kaufen? Mephedron (4-MMC) Online ist nur eine der neueren Chemikalien oder &#8222;Legal Highs&#8220;, die vor kurzem identifiziert wurden, zusammen mit synthetischen, vom Menschen erzeugten Bet\u00e4ubungsmitteln wie modifiziertem Cannabis und halbfertigen Verbindungen wie Methylhexanamin. Diese Arzneimittel wurden in erster Linie entwickelt, um die Vorschriften zum Verbot illegaler Bet\u00e4ubungsmittel zu umgehen, was ihnen den Beinamen &#8222;Architektendrogen&#8220; einbrachte. Die Kombination von Mephedron wurde erstmals 1929 von Saem de Burnaga Sanchez im Bulletin de la Soci\u00e9t\u00e9 Chimique de France unter dem Namen &#8222;Toluyl-alpha-monomethylaminoethylcetone&#8220; beschrieben, aber die Substanz blieb in der akademischen Gemeinschaft bis 2003 ein Geheimnis, wie die Europ\u00e4ische Beobachtungsstelle f\u00fcr Drogen und Drogensucht mitteilte. &#8222;Ich war in den letzten Tagen ersch\u00f6pft und hatte ein paar lustige Reagenzien herumliegen, also dachte ich, ich versuche mich an der Herstellung von 1-(4-Methylphenyl)- 2-Methylaminopropanon-Hydrochlorid oder 4-Methylmethcathinon&#8220;, schrieb Motor auf der Website, bevor er behauptete, dass er nach der Einnahme ein &#8222;fabelhaftes Gef\u00fchl von Wohlstand versp\u00fcrte, das ich noch nie von irgendeinem Medikament bekommen habe, au\u00dfer von meinem geliebten Ecstasy.&#8220; Kinetic behauptete in Interviews, ein &#8222;Mathematiker zu sein, der fr\u00fcher Schlaftabletten f\u00fcr eine gro\u00dfe Drogenorganisation f\u00f6rderte&#8220;, und sagte, er habe in Israel gelebt, als er Mephedron wiederentdeckte.              <strong>Wie kann ich Mephedron (4-MMC) online bestellen?<\/strong> Die Online-Bestellung von Mephedron (4-MMC) ist immer eine kluge Entscheidung, weil sie Ihnen erlaubt, Zeit und Geld zu sparen. Und die Kommunikation mit einer Online-Apotheke ist die einzige vertrauensw\u00fcrdige Option, um Mephedron (4-MMC) online zu bestellen. Sie haben das richtig gelesen. Ein seri\u00f6ser Online-Anbieter von Mephedron (4-MMC) sollte anstelle einer beliebigen Apotheke verwendet werden, damit Sie erstklassige Produkte und eine prompte Lieferung erwarten k\u00f6nnen, ohne irgendwelche Belastungen zu erfahren. <strong>Online Mephedron (4-MMC) Lieferant &#8211; Sie verstehen, es ist Ihre einzige beste Weg, um Mephedron (4-MMC) Online kaufen<\/strong> Wenn es darum geht, <strong>Mephedron (4-MMC) online zu kaufen<\/strong>, ist eine Online-Apotheke wie die unsere die beste Option. Durch die Zusammenarbeit mit einer zuverl\u00e4ssigen, erfahrenen Apotheke k\u00f6nnen Sie die besten Produkte erhalten und deren Wirksamkeit und Sicherheit gew\u00e4hrleisten. Professionelle Anbieter nehmen ihre Verpflichtungen und ihre Verantwortung gegen\u00fcber den Kunden sehr ernst. Mephedron (4-MMC) und andere verwandte Drogen k\u00f6nnen in der Online-Apotheke zu fairen und g\u00fcnstigen Preisen erworben werden. Diese Waren k\u00f6nnen f\u00fcr sehr wenig Geld erworben werden.        <\/p>\n<h3><strong>Wissen Sie, wo Sie Mephedron (4-MMC) kaufen k\u00f6nnen?<\/strong><\/h3>\n<p> Mephedron (4-MMC) zu verkaufen, Stra\u00dfenwert von <a href=\"https:\/\/dieapotheke247.com\/\">Mephedron<\/a> (4-MMC), Dosis von Mephedron (4-MMC), wie man Mephedron (4-MMC) herstellt, wo kann ich Mephedron (4-MMC) online kaufen, Wo kann man Mephedron (4-MMC) kaufen, was ist Mephedron (4-MMC) und Premium-Mephedron (4-MMC) zum Verkauf. F\u00fcr all diese ungel\u00f6sten Fragen k\u00f6nnen wir L\u00f6sungen liefern. Auf unserer Website erfahren Sie, wie Sie Amphetaminpulver online kaufen und wo Sie es kaufen k\u00f6nnen.   <strong>Was ist mit 4-MMC (4-MEP)? Wissen Sie, wo ich Mephedron (4-MMC) online kaufen kann? Wo bekomme ich Mephedron (4-MMC), reines Mephedron (4-MMC), wo kann ich Mephedron (4-MMC) online kaufen und andere verwandte Begriffe und Ausdr\u00fccke sind \u201eMephedron (4-MMC) zum Verkauf kaufen\u201c, \u201e wie man Mephedron (4-MMC) herstellt, \u201ewie sieht Mephedron (4-MMC) aus\u201c und \u201eMephedron (4-MMC) zum Stra\u00dfenpreis\u201c.  <\/strong><\/p>\n<h3><strong>Bestellen Sie Mephedron (4-MMC).<\/strong><\/h3>\n<p> Online-Mephedron (4-MMC)-Pulver von hoher Qualit\u00e4t: Da sie das online angebotene Mephedron (4-MMC)-Pulver nicht pers\u00f6nlich pr\u00fcfen k\u00f6nnen, ist es v\u00f6llig verst\u00e4ndlich, dass die Leute seiner Qualit\u00e4t nicht vertrauen. Bei Online-Anbietern von Mephedron (4-MMC)-Pulver ist dies jedoch nicht der Fall. Die hier angebotenen Produkte sind eine genaue Darstellung dessen, was sie sind, mit erstklassiger Wartung, die unter professioneller Aufsicht durchgef\u00fchrt wird. Schnell &amp;amp; Diskreter Versand: Nach Eingang der Bestellung wird das Mephedron (4-MMC) online schnellstm\u00f6glich versendet. Das Versandteam unternimmt alle Anstrengungen, um sicherzustellen, dass der Versand- und Lieferprozess schnell und einfach verl\u00e4uft. Wenn Sie Mephedron (4-MMC) bei einem Spezialisten online kaufen, k\u00f6nnen Sie auch mit erstklassigen Dienstleistungen rechnen.      &nbsp;<\/p>\n","protected":false},"excerpt":{"rendered":"<p>Wei\u00dfes Pulver, Kapseln, Pillen oder andere Formen von Mephedron k\u00f6nnen geschnupft, injiziert, geraucht oder rektal eingenommen werden. Die Wirkung tritt 15 bis 45 Minuten nach der oralen Einnahme ein und tritt bei Schnupfen sofort ein. Mephedron ist nur eine von unz\u00e4hligen Designerdrogen oder legalen Rauschmitteln, die in den letzten Jahren gemeldet wurden, neben synthetischem Cannabis und anderen synthetischen Chemikalien wie Methylhexanamin.   &nbsp;<\/p>\n","protected":false},"featured_media":18636,"comment_status":"closed","ping_status":"closed","template":"","meta":{"om_disable_all_campaigns":false,"_sitemap_exclude":false,"_sitemap_priority":"","_sitemap_frequency":"","_monsterinsights_skip_tracking":false,"_monsterinsights_sitenote_active":false,"_monsterinsights_sitenote_note":"","_monsterinsights_sitenote_category":0},"product_cat":[23549],"product_tag":[24559,24554,24547,24548,24549,24555,24560,24558,24557,24556,24552,24561,24540,24550,24541,24542,24553,24545,24546,24544,24551,24543],"class_list":{"0":"post-30176","1":"product","2":"type-product","3":"status-publish","4":"has-post-thumbnail","6":"product_cat-forschungschemikalien-und-psychedelika","7":"product_tag-authentisches-mephedron-4-mmc-europa","8":"product_tag-gunstiges-mephedron-4-mmc-europa","9":"product_tag-kaufen-sie-mephedron-4-mmc-online-in-europa","10":"product_tag-mephedron-4-mmc-bester-preis-europa","11":"product_tag-mephedron-4-mmc-eu-bestellen","12":"product_tag-mephedron-4-mmc-europa-angebote","13":"product_tag-mephedron-4-mmc-europa-lieferanten","14":"product_tag-mephedron-4-mmc-europa-lieferung","15":"product_tag-mephedron-4-mmc-europa-rabatt","16":"product_tag-mephedron-4-mmc-europa-shop","17":"product_tag-mephedron-4-mmc-europa-verkauf","18":"product_tag-mephedron-4-mmc-europa-bewertung","19":"product_tag-mephedron-4-mmc-kaufen-de","20":"product_tag-mephedron-4-mmc-kostenloser-versand-europa","21":"product_tag-mephedron-4-mmc-online-bestellen-de","22":"product_tag-mephedron-4-mmc-online-kaufen-de","23":"product_tag-mephedron-4-mmc-online-shop-europa","24":"product_tag-mephedron-4-mmc-online-verkauf","25":"product_tag-wie-viel-kostet-mephedron-4-mmc","26":"product_tag-wirkungen-von-mephedron-4-mmc","27":"product_tag-wo-kann-man-mephedron-4-mmc-in-europa-kaufen","28":"product_tag-wo-kann-man-mephedron-4-mmc-online-kaufen","30":"first","31":"instock","32":"shipping-taxable","33":"purchasable","34":"product-type-variable","35":"farmacie-col"},"aioseo_notices":[],"_links":{"self":[{"href":"https:\/\/lacasadelamedicina.es\/de\/wp-json\/wp\/v2\/product\/30176"}],"collection":[{"href":"https:\/\/lacasadelamedicina.es\/de\/wp-json\/wp\/v2\/product"}],"about":[{"href":"https:\/\/lacasadelamedicina.es\/de\/wp-json\/wp\/v2\/types\/product"}],"replies":[{"embeddable":true,"href":"https:\/\/lacasadelamedicina.es\/de\/wp-json\/wp\/v2\/comments?post=30176"}],"wp:featuredmedia":[{"embeddable":true,"href":"https:\/\/lacasadelamedicina.es\/de\/wp-json\/wp\/v2\/media\/18636"}],"wp:attachment":[{"href":"https:\/\/lacasadelamedicina.es\/de\/wp-json\/wp\/v2\/media?parent=30176"}],"wp:term":[{"taxonomy":"product_cat","embeddable":true,"href":"https:\/\/lacasadelamedicina.es\/de\/wp-json\/wp\/v2\/product_cat?post=30176"},{"taxonomy":"product_tag","embeddable":true,"href":"https:\/\/lacasadelamedicina.es\/de\/wp-json\/wp\/v2\/product_tag?post=30176"}],"curies":[{"name":"wp","href":"https:\/\/api.w.org\/{rel}","templated":true}]}}