{"id":30157,"date":"2024-08-09T14:02:09","date_gmt":"2024-08-09T14:02:09","guid":{"rendered":"https:\/\/lacasadelamedicina.es\/product\/kokain-aus-fischschuppen-online-kaufen\/"},"modified":"2024-08-09T14:02:09","modified_gmt":"2024-08-09T14:02:09","slug":"kokain-aus-fischschuppen-online-kaufen","status":"publish","type":"product","link":"https:\/\/lacasadelamedicina.es\/de\/produkt\/kokain-aus-fischschuppen-online-kaufen\/","title":{"rendered":"Kokain aus Fischschuppen online kaufen"},"content":{"rendered":"<h3>Kaufen Sie Fischschuppen-Kokain online.<\/h3>\n<p> Eine der reinsten Formen von Kokain, die heute erh\u00e4ltlich ist, ist Fischschuppenkokain, das bei Konsumenten, die eine hochwertige Substanz suchen, immer beliebter wird. Herk\u00f6mmliche Formen von Kokain sind weniger wirksam als Fischschuppenkokain, das manchmal mit anderen Bet\u00e4ubungsmitteln gemischt wird, um es st\u00e4rker zu machen. Wenn Sie Fischschuppenkokain online zum niedrigsten Preis kaufen m\u00f6chten, sind Sie bei Dr. Lawsons Pharmacy an der richtigen Adresse. Kaufen Sie Fischschuppenkokain online &#8211;    <a href=\"https:\/\/drlawsonspharmacy\/contact-us\/\">KONTAKT<\/a><\/p>\n<h3>Wie wird Fischschuppen-Kokain hergestellt?<\/h3>\n<p> Probieren Sie Fischschuppen-Kokain zum Verkauf, wenn Sie nach einer neuen Methode suchen, um high zu werden. Es hat eine perlwei\u00dfe Farbe und ist ein hochwirksames Kokain. Der Begriff \u201eFischschuppen-Kokain\u201c bezieht sich auf sein charakteristisches Aussehen. Fischschuppen-Kokain wird hergestellt, indem Backpulver oder ein aktives Lokalan\u00e4sthetikum mit reinem Kokainpulver gemischt wird, um eine Basis zu erzeugen, die erhitzt wird, bis sie fl\u00fcssig wird, dann abgeseiht, gegossen und abgek\u00fchlt wird. Diese Formen erzeugen eine kittartige Masse, die nach dem Abk\u00fchlen in gleich gro\u00dfe \u201eFischschuppen\u201c des kokainhaltigen Produkts zerteilt wird. Dies schafft einen betr\u00e4chtlichen Markt f\u00fcr Personen, die es als Freizeitdroge verwenden m\u00f6chten. Diese St\u00fccke k\u00f6nnen dann weiter zu Pulver verarbeitet oder als solches verkauft werden. Sie k\u00f6nnen Fischschuppen-Kokain online entweder in gro\u00dfen Mengen oder grammweise bei Dr. Lawsons Pharmacy kaufen.        <\/p>\n<h3>Vorteile und Nebenwirkungen von Fischschuppen-Kokain<\/h3>\n<p> Die beste Option f\u00fcr Kokain, das sowohl stark als auch s\u00fcchtig machend ist, ist Fischschuppenkokain. Fischschuppenkokain unterscheidet sich in vielerlei Hinsicht von anderen Kokainarten, einschlie\u00dflich der Intensit\u00e4t der Hochs und Tiefs. Sie k\u00f6nnen sicher sein, dass Sie das bestm\u00f6gliche Erlebnis haben, da Fischschuppenkokain auch in hoher Qualit\u00e4t erh\u00e4ltlich ist. Es ist ideal f\u00fcr den Gebrauch in kurzen Sch\u00fcben oder wenn Sie keine Zeit f\u00fcr eine volle Dosis haben, da es nach der Einnahme etwa zwei Stunden anh\u00e4lt. Fischschuppenkokain ist nur eine andere Form der Substanz, die Menschen gerne verwenden; es hat keine negativen rechtlichen oder gesundheitlichen Auswirkungen. Eine starke Kokainart namens \u201eFischschuppenkokain\u201c hat in letzter Zeit an Popularit\u00e4t gewonnen. Obwohl es ein starkes Hochgef\u00fchl erzeugen kann, kann es auch negative Folgen haben, die t\u00f6dlich sein k\u00f6nnen. Bevor Sie Fischschuppenkokain einnehmen, ist es wichtig, sich \u00fcber den Herstellungsprozess der Droge, die potenziellen Vorteile und Risiken und dar\u00fcber, wo man es legal erhalten kann, zu informieren. Personen, die sich daf\u00fcr entscheiden, Fishscale-Kokain in gro\u00dfen Mengen oder in kleinen Dosen online zu kaufen, sind letztendlich selbst daf\u00fcr verantwortlich, fundierte Entscheidungen \u00fcber ihre Gesundheit und ihr Wohlbefinden zu treffen.         <\/p>\n<h3>Wo kann man Fishscale-Kokain online kaufen?<\/h3>\n<p> Bei Dr. Lawsons Pharmacy hat die sichere Lagerung von Bet\u00e4ubungsmitteln oberste Priorit\u00e4t. Deshalb kaufen wir Fischschuppenkokain nur von seri\u00f6sen Lieferanten. Um sicherzustellen, dass Sie ein qualitativ hochwertiges Produkt erhalten, wird unser gesamtes Fischschuppenkokain strengen Qualit\u00e4tskontrollen und Testverfahren unterzogen. Um eine sichere Lieferung zu gew\u00e4hrleisten, verpacken und transportieren wir unser Fischschuppenkokain, das wir online verkaufen, diskret und sorgf\u00e4ltig. Bestellen Sie Fischschuppenkokain jetzt im Gro\u00dfhandel!    &nbsp;<\/p>\n","protected":false},"excerpt":{"rendered":"<p>&nbsp;<\/p>\n","protected":false},"featured_media":18696,"comment_status":"closed","ping_status":"closed","template":"","meta":{"om_disable_all_campaigns":false,"_sitemap_exclude":false,"_sitemap_priority":"","_sitemap_frequency":"","_monsterinsights_skip_tracking":false,"_monsterinsights_sitenote_active":false,"_monsterinsights_sitenote_note":"","_monsterinsights_sitenote_category":0},"product_cat":[23865],"product_tag":[24522,24532,24537,24516,24526,24533,24538,24536,24535,24534,24530,24539,24521,24523,24518,24525,24531,24528,24527,24524,24529,24520],"class_list":{"0":"post-30157","1":"product","2":"type-product","3":"status-publish","4":"has-post-thumbnail","6":"product_cat-kokain-de","7":"product_tag-auswirkungen-von-kokain-aus-fischschuppen","8":"product_tag-billiges-kokain-aus-fischschuppen-europa","9":"product_tag-echtes-kokain-aus-fischschuppen-europa","10":"product_tag-kaufen-sie-kokain-aus-fischschuppen","11":"product_tag-kokain-aus-fischschuppen-bester-preis-europa","12":"product_tag-kokain-aus-fischschuppen-europa-angebote","13":"product_tag-kokain-aus-fischschuppen-europa-lieferanten","14":"product_tag-kokain-aus-fischschuppen-europa-lieferung","15":"product_tag-kokain-aus-fischschuppen-europa-rabatt","16":"product_tag-kokain-aus-fischschuppen-europa-shop","17":"product_tag-kokain-aus-fischschuppen-europa-verkauf","18":"product_tag-kokain-aus-fischschuppen-europa-bericht","19":"product_tag-kokain-aus-fischschuppen-online-bestellen","20":"product_tag-kokain-aus-fischschuppen-online-kaufen-de","21":"product_tag-kokain-aus-fischschuppen-online-kaufen","22":"product_tag-kokain-aus-fischschuppen-online-kaufen-europa","23":"product_tag-kokain-aus-fischschuppen-online-shop-europa","24":"product_tag-kokain-aus-fischschuppen-versandkostenfrei-nach-europa","25":"product_tag-kokain-bei-fischschuppen-eu-bestellen","26":"product_tag-wie-viel-kostet-kokain-aus-fischschuppen","27":"product_tag-wo-kann-man-kokain-aus-fischschuppen-in-europa-kaufen","28":"product_tag-wo-kann-man-online-kokain-aus-fischschuppen-kaufen","30":"first","31":"instock","32":"shipping-taxable","33":"purchasable","34":"product-type-variable","35":"farmacie-col"},"aioseo_notices":[],"_links":{"self":[{"href":"https:\/\/lacasadelamedicina.es\/de\/wp-json\/wp\/v2\/product\/30157"}],"collection":[{"href":"https:\/\/lacasadelamedicina.es\/de\/wp-json\/wp\/v2\/product"}],"about":[{"href":"https:\/\/lacasadelamedicina.es\/de\/wp-json\/wp\/v2\/types\/product"}],"replies":[{"embeddable":true,"href":"https:\/\/lacasadelamedicina.es\/de\/wp-json\/wp\/v2\/comments?post=30157"}],"wp:featuredmedia":[{"embeddable":true,"href":"https:\/\/lacasadelamedicina.es\/de\/wp-json\/wp\/v2\/media\/18696"}],"wp:attachment":[{"href":"https:\/\/lacasadelamedicina.es\/de\/wp-json\/wp\/v2\/media?parent=30157"}],"wp:term":[{"taxonomy":"product_cat","embeddable":true,"href":"https:\/\/lacasadelamedicina.es\/de\/wp-json\/wp\/v2\/product_cat?post=30157"},{"taxonomy":"product_tag","embeddable":true,"href":"https:\/\/lacasadelamedicina.es\/de\/wp-json\/wp\/v2\/product_tag?post=30157"}],"curies":[{"name":"wp","href":"https:\/\/api.w.org\/{rel}","templated":true}]}}