{"id":30117,"date":"2024-08-09T14:02:09","date_gmt":"2024-08-09T14:02:09","guid":{"rendered":"https:\/\/lacasadelamedicina.es\/product\/p2p-oel-online-kaufen\/"},"modified":"2024-08-09T14:02:09","modified_gmt":"2024-08-09T14:02:09","slug":"p2p-oel-online-kaufen","status":"publish","type":"product","link":"https:\/\/lacasadelamedicina.es\/de\/produkt\/p2p-oel-online-kaufen\/","title":{"rendered":"P2P-\u00d6l online kaufen"},"content":{"rendered":"<h3>Kaufen Sie P2P-\u00d6l online.<\/h3>\n<p> P2P-Shopping. Chemisch gesehen ist Phenylaceton eine organische Verbindung mit der Formel C6H5CH2COCH3. Es handelt sich um einen furzf\u00e4higen Schwefel, der sich in organischen L\u00f6sungsmitteln l\u00f6st. Diese Substanz, auch als P2P bekannt, wird zur Herstellung von Methamphetamin und Amphetamin verwendet. Aufgrund seiner illegalen Verwendung in der verdeckten Chemie wurde es 1980 in den Vereinigten Staaten zu einer kontrollierten Substanz der Liste II erkl\u00e4rt. Phenylaceton entsteht durch die FMO3-vermittelte oxidative Desaminierung von Amphetamin und Methamphetamin beim Menschen. Sie k\u00f6nnen hochwertiges P2P-\u00d6l g\u00fcnstig und versandkostenfrei in unserem Online-Shop bestellen. P2P-\u00d6l online kaufen Wo kann ich P2P-\u00d6l online kaufen?        <\/p>\n<h3>Wir sind der beste Online-Anbieter von hochwertigem P2P-l in Europa.<\/h3>\n<p><strong>Kann ich P2P-L online kaufen?<\/strong> Wir empfehlen Ihnen, alle Ihre Produkte bei Dr. Lawsons Pharmacy zu kaufen. Dies ist der renommierteste Online-H\u00e4ndler f\u00fcr Forschungschemikalien, bei dem Sie sowohl Pulver als auch Ethanol zu einem wettbewerbsf\u00e4higen Preis erhalten k\u00f6nnen. Kaufen Sie P2p-l   <strong>Warum kaufen die Leute bei uns?<\/strong><\/p>\n<p>&nbsp;<\/p>\n<p><a href=\"https:\/\/drlawsonspharmacy\/contact-us\/\">KONTAKT<\/a> Wir sind ein Hersteller mit angemessenen Preisen, prompter Lieferung und 99,99 % Genauigkeit. Arten von P2P Diese Forschungschemikalie wird in zwei verschiedenen Formen angeboten, darunter Pulver und Fl\u00fcssigkeit.\u2018 Tags: einfach, P2P-Rezepte, Schritt-f\u00fcr-Schritt-P2P-Methode P2P-Eis, Benzylmethylketon-Geruch, Phenyl-2-propanon und Methylamin, P2P-Synthese, Benzylmethylketon-Synthese, Phenyl-2-propanon-Synthese <\/p>\n<h4>Untertitel: Phenylacetonol (P2P) online kaufen.<\/h4>\n<p>&nbsp;<\/p>\n<h3><strong>P2P-\u00d6l bestellen<\/strong><\/h3>\n<p> Kaufen Sie Phenylaceton (P2P) online l. Die als Phenylaceton bekannte chemische Verbindung hat die Formel C6H5CH2COCH3. Die Fl\u00fcssigkeit ist farblos und l\u00f6sungsmittell\u00f6slich. Diese Substanz wird allgemein als P2P bezeichnet, wenn sie zur Herstellung von Methamphetamin und Amphetamin verwendet wird. Aufgrund ihrer illegalen Verwendung in der illegalen Chemie wurde sie 1980 in den Vereinigten Staaten zu einer kontrollierten Substanz der Liste II erkl\u00e4rt. Phenylaceton wird beim Menschen als Metabolit von Amphetamin und Methamphetamin durch FMO3-vermittelte oxidative Desaminierung gebildet. Kaufen Sie P2p-l. Unser Ziel ist es, die gr\u00f6\u00dftm\u00f6gliche Auswahl und Zubereitung anzubieten. Ihre \u00fcberlegene Qualit\u00e4t, ihr au\u00dfergew\u00f6hnlicher Wert und ihr hervorragender Kundenservice. Wir glauben fest an Kundenzufriedenheit und sichere Lieferung. Die Lieferung von Produkten an unsere Kunden ist f\u00fcr den Erfolg unseres Unternehmens von entscheidender Bedeutung. Sie k\u00f6nnen P2P (l) online kaufen.           &nbsp;<\/p>\n","protected":false},"excerpt":{"rendered":"<h3>Kann ich P2P-L online kaufen?<\/h3>\n<p> Wir empfehlen Ihnen, alle Ihre Produkte bei Dr. Lawsons Pharmacy zu kaufen. Dies ist der renommierteste Online-H\u00e4ndler f\u00fcr Forschungschemikalien, bei dem Sie sowohl Pulver als auch Ethanol zu einem g\u00fcnstigen Preis erhalten.  &nbsp;<\/p>\n","protected":false},"featured_media":18306,"comment_status":"closed","ping_status":"closed","template":"","meta":{"om_disable_all_campaigns":false,"_sitemap_exclude":false,"_sitemap_priority":"","_sitemap_frequency":"","_monsterinsights_skip_tracking":false,"_monsterinsights_sitenote_active":false,"_monsterinsights_sitenote_note":"","_monsterinsights_sitenote_category":0},"product_cat":[23549],"product_tag":[24412,24427,24422,24417,24425,24424,24420,24418,24421,24416,24408,24409,24410,24415,24429,24423,24428,24426,24413,24414,24419,24411],"class_list":{"0":"post-30117","1":"product","2":"type-product","3":"status-publish","4":"has-post-thumbnail","6":"product_cat-forschungschemikalien-und-psychedelika","7":"product_tag-auswirkungen-von-p2p-ol","8":"product_tag-authentisches-p2p-ol-europa","9":"product_tag-gunstiges-p2p-ol-europa","10":"product_tag-p2p-ol-eu-bestellen","11":"product_tag-p2p-ol-europa-rabatt","12":"product_tag-p2p-ol-europa-shop","13":"product_tag-p2p-ol-europa-verkauf","14":"product_tag-p2p-ol-kostenloser-versand-europa","15":"product_tag-p2p-ol-online-shop-europa","16":"product_tag-p2p-ol-bester-preis-europa","17":"product_tag-p2p-ol-kaufen-de","18":"product_tag-p2p-ol-online-bestellen-de","19":"product_tag-p2p-ol-online-kaufen-de","20":"product_tag-p2p-ol-online-kaufen-europa","21":"product_tag-p2p-ol-europa-bericht","22":"product_tag-p2p-olgeschafte-in-europa","23":"product_tag-p2p-ollieferanten-in-europa","24":"product_tag-p2p-ollieferung-europa","25":"product_tag-p2p-olverkauf-online","26":"product_tag-wie-viel-kostet-p2p-ol","27":"product_tag-wo-kann-man-p2p-ol-in-europa-kaufen","28":"product_tag-wo-kann-man-p2p-ol-online-kaufen","30":"first","31":"instock","32":"shipping-taxable","33":"purchasable","34":"product-type-variable","35":"farmacie-col"},"aioseo_notices":[],"_links":{"self":[{"href":"https:\/\/lacasadelamedicina.es\/de\/wp-json\/wp\/v2\/product\/30117"}],"collection":[{"href":"https:\/\/lacasadelamedicina.es\/de\/wp-json\/wp\/v2\/product"}],"about":[{"href":"https:\/\/lacasadelamedicina.es\/de\/wp-json\/wp\/v2\/types\/product"}],"replies":[{"embeddable":true,"href":"https:\/\/lacasadelamedicina.es\/de\/wp-json\/wp\/v2\/comments?post=30117"}],"wp:featuredmedia":[{"embeddable":true,"href":"https:\/\/lacasadelamedicina.es\/de\/wp-json\/wp\/v2\/media\/18306"}],"wp:attachment":[{"href":"https:\/\/lacasadelamedicina.es\/de\/wp-json\/wp\/v2\/media?parent=30117"}],"wp:term":[{"taxonomy":"product_cat","embeddable":true,"href":"https:\/\/lacasadelamedicina.es\/de\/wp-json\/wp\/v2\/product_cat?post=30117"},{"taxonomy":"product_tag","embeddable":true,"href":"https:\/\/lacasadelamedicina.es\/de\/wp-json\/wp\/v2\/product_tag?post=30117"}],"curies":[{"name":"wp","href":"https:\/\/api.w.org\/{rel}","templated":true}]}}