{"id":30099,"date":"2024-08-09T14:02:09","date_gmt":"2024-08-09T14:02:09","guid":{"rendered":"https:\/\/lacasadelamedicina.es\/product\/sgt-78-online-kaufen\/"},"modified":"2024-09-14T19:00:58","modified_gmt":"2024-09-14T19:00:58","slug":"sgt-78-online-kaufen","status":"publish","type":"product","link":"https:\/\/lacasadelamedicina.es\/de\/produkt\/sgt-78-online-kaufen\/","title":{"rendered":"SGT-78 online kaufen"},"content":{"rendered":"<h3><span lang=\"EN-US\">SGT-78 \u2013 SGT-78 online kaufen, SGT-78 zu verkaufen, SGT-78 online bestellen. <\/span><\/h3>\n<p> Kaufen Sie SGT-78 online &#8211; Dr. Lawsons Pharmacy bietet jetzt SGT-78 zum Online-Kauf an. Unser Unternehmen bietet SGT-78 zum Verkauf und SGT-78-Online-Bestellungen an. Bestellen Sie SGT-78 jetzt legal! Kaufen Sie SGT-78 online &#8211;    <a href=\"https:\/\/drlawsonspharmacy\/contact-us\/\">KONTAKT<\/a><\/p>\n<h3><span lang=\"EN-US\">Was ist SGT-78? <\/span><\/h3>\n<p> Die physiologischen und psychotropen Effekte der Designerchemikalie der Droge, <a href=\"https:\/\/dieapotheke247.com\/\">C22H24N4O,<\/a> werden oft dadurch hervorgerufen. Die Bedeutung der Formel lautet 360,5 g\/mol. Niemand kennt die toxikologischen oder physiologischen Effekte einer Onlinebestellung von Sgt 78. Periphere CB1- und CB2-Cannabinoidrezeptoren k\u00f6nnen stark mit synthetischen Cannabinoiden interagieren. Ein synthetisches Cannabinoid auf Basis von Indazol-3-carboxamid, das online als Entwicklungsmedikament verkauft wird, hei\u00dft SGT-78. Es weist in vitro EC50-Werte von 0,58 nM und 6,12 nM f\u00fcr die Cannabinoidrezeptoren CB1 bzw. CB2 auf, was es zu einem potenten Agonisten macht. Anekdotische Beweise deuten darauf hin, dass CUMYL-4CN-BINACA bei Menschen eine energetische Dosis von etwa 0,1 mg aufweist und dass es bei M\u00e4usen hypothermische und antikonvulsive Wirkungen zeigt, wenn es \u00fcber den CB1-Rezeptor verabreicht wird. Der Stoffwechsel von CUMYL-4CN-BINACA erzeugt Cyanid, was Bedenken hinsichtlich einer Lebersch\u00e4digung aufkommen l\u00e4sst. Die Verabreichung von CUMYL-4CN-BINACA wurde mit dem Auftreten von Hyperthermie, Rhabdomyolyse und Nierenversagen in Verbindung gebracht.         <\/p>\n<h3><span lang=\"EN-US\">SGT-78 online kaufen \u2013 Worauf basiert SGT-78?<\/span><\/h3>\n<p> SGT-78, auch bekannt als CUMYL-4CN-BINACA, ist ein synthetisches Cannabinoid auf Basis von Indazol-3-carboxamid. Es wurde beispielsweise online als Designerdroge zum Verkauf angeboten. Dar\u00fcber hinaus ist es ein starker Agonist f\u00fcr die CB1- und CB2-Cannabinoidrezeptoren. Schlie\u00dflich wurden in vitro EC50-Werte von 0,58 nM bzw. 6,12 nM gefunden. SGT-78 nutzt den CB1-Rezeptor bei M\u00e4usen, um hypothermische und krampfl\u00f6sende Substanzen freizusetzen. Anekdotische Berichte deuten darauf hin, dass die energetische Dosis beim Menschen bei etwa 0,1 mg liegt. Der Stoffwechsel von SGT-78 erzeugt Cyanid, was Bedenken hinsichtlich der Lebertoxizit\u00e4t aufwirft. Dar\u00fcber hinaus wurde seine Verwendung mit Rhabdomyolyse, Nierenversagen und schwerer Hyperthermie in Verbindung gebracht. Dar\u00fcber hinaus ist der analytische Referenzstandard 5FAEB2201, eine Substanz, die in forensischen und wissenschaftlichen Anwendungen verwendet wird, strukturell identisch mit diesem synthetischen Cannabinoid. Kaufen Sie SGT-78 online aus den USA, um Premium-Waren zu erhalten. Zun\u00e4chst einmal produziert Cannabis eine Reihe von Substanzen, die Cannabinoide genannt werden. Viele davon sind in anderen Pflanzen nicht vorhanden. Wie viele genau? Das ist schwer zu sagen. Es wird oft behauptet, dass Cannabis Dutzende, wenn nicht mehr als 100 verschiedene pflanzliche Cannabinoide produziert. Es ist auch schwierig, die genaue Menge zu bestimmen. Die meisten sind auch unzureichend vorhanden, insbesondere in industriellen Cannabisprodukten. Aus diesem Grund ist es f\u00fcr Wissenschaftler schwierig, sie genau zu bestimmen. Die Tatsache, dass es viele gibt, ist entscheidend.                   <\/p>\n<h3><strong>Bestellen Sie SGT-78<\/strong><\/h3>\n<p> Es gibt jedoch keine todsichere Methode, den Missbrauch von Designerdrogen und Forschungschemikalien festzustellen. In anderen F\u00e4llen verhalten sie sich anders als die Originalsubstanz, und die Anzeichen und Symptome ihres Gebrauchs und Missbrauchs k\u00f6nnen sehr unterschiedlich sein. Es kann jedoch hilfreich sein, sich mit den Symptomen und Indikatoren vertraut zu machen, um den Missbrauch von Forschungsdrogen zu erkennen. Zusammenfassend l\u00e4sst sich sagen, dass sie viele \u00c4hnlichkeiten aufweisen und mit den bekannten Designerdrogen verwandt sind, die verkauft werden, sobald Informationen verf\u00fcgbar werden.    &nbsp;<\/p>\n","protected":false},"excerpt":{"rendered":"<p>&nbsp;<\/p>\n","protected":false},"featured_media":18291,"comment_status":"closed","ping_status":"closed","template":"","meta":{"om_disable_all_campaigns":false,"_sitemap_exclude":false,"_sitemap_priority":"","_sitemap_frequency":"","_monsterinsights_skip_tracking":false,"_monsterinsights_sitenote_active":false,"_monsterinsights_sitenote_note":"","_monsterinsights_sitenote_category":0},"product_cat":[23549],"product_tag":[24349,24364,24354,24359,24353,24360,24365,24363,24362,24361,24367,24357,24345,24355,24346,24347,24352,24358,24350,24351,24356,24348],"class_list":{"0":"post-30099","1":"product","2":"type-product","3":"status-publish","4":"has-post-thumbnail","6":"product_cat-forschungschemikalien-und-psychedelika","7":"product_tag-auswirkungen-von-sgt-78","8":"product_tag-authentisches-sgt-78-europa","9":"product_tag-bestellen-sie-sgt-78-eu","10":"product_tag-gunstige-sgt-78-europa","11":"product_tag-sgt-78-bester-preis-europa","12":"product_tag-sgt-78-europa-angebote","13":"product_tag-sgt-78-europa-lieferanten","14":"product_tag-sgt-78-europa-lieferung","15":"product_tag-sgt-78-europa-rabatt","16":"product_tag-sgt-78-europa-shop","17":"product_tag-sgt-78-europa-testbericht","18":"product_tag-sgt-78-europa-verkauf","19":"product_tag-sgt-78-kaufen-de","20":"product_tag-sgt-78-kostenloser-versand-europa","21":"product_tag-sgt-78-online-bestellen-de","22":"product_tag-sgt-78-online-kaufen-de","23":"product_tag-sgt-78-online-kaufen-europa","24":"product_tag-sgt-78-online-shop-europa","25":"product_tag-sgt-78-online-verkauf","26":"product_tag-wie-viel-kostet-sgt-78","27":"product_tag-wo-kann-man-sgt-78-europa-kaufen","28":"product_tag-wo-kann-man-sgt-78-online-kaufen","30":"first","31":"instock","32":"shipping-taxable","33":"purchasable","34":"product-type-variable","35":"farmacie-col"},"aioseo_notices":[],"_links":{"self":[{"href":"https:\/\/lacasadelamedicina.es\/de\/wp-json\/wp\/v2\/product\/30099"}],"collection":[{"href":"https:\/\/lacasadelamedicina.es\/de\/wp-json\/wp\/v2\/product"}],"about":[{"href":"https:\/\/lacasadelamedicina.es\/de\/wp-json\/wp\/v2\/types\/product"}],"replies":[{"embeddable":true,"href":"https:\/\/lacasadelamedicina.es\/de\/wp-json\/wp\/v2\/comments?post=30099"}],"wp:featuredmedia":[{"embeddable":true,"href":"https:\/\/lacasadelamedicina.es\/de\/wp-json\/wp\/v2\/media\/18291"}],"wp:attachment":[{"href":"https:\/\/lacasadelamedicina.es\/de\/wp-json\/wp\/v2\/media?parent=30099"}],"wp:term":[{"taxonomy":"product_cat","embeddable":true,"href":"https:\/\/lacasadelamedicina.es\/de\/wp-json\/wp\/v2\/product_cat?post=30099"},{"taxonomy":"product_tag","embeddable":true,"href":"https:\/\/lacasadelamedicina.es\/de\/wp-json\/wp\/v2\/product_tag?post=30099"}],"curies":[{"name":"wp","href":"https:\/\/api.w.org\/{rel}","templated":true}]}}