{"id":30088,"date":"2024-08-09T14:02:09","date_gmt":"2024-08-09T14:02:09","guid":{"rendered":"https:\/\/lacasadelamedicina.es\/product\/sgt-67-online-kaufen\/"},"modified":"2024-08-09T14:02:09","modified_gmt":"2024-08-09T14:02:09","slug":"sgt-67-online-kaufen","status":"publish","type":"product","link":"https:\/\/lacasadelamedicina.es\/de\/produkt\/sgt-67-online-kaufen\/","title":{"rendered":"SGT-67 online kaufen"},"content":{"rendered":"<h3>SGT-67 Pulver &#8211; SGT-67 online kaufen &#8211; SGT-67 online in den USA zu verkaufen<\/h3>\n<p> SGT-67 ist eine von mehreren Designerdrogen oder synthetischen Cannabinoiden. SGT-67 ist ein 5F-APICA-Analogon, bei dem die N-Adamantylgruppe durch eine N-Cumylgruppe ersetzt ist. 5F-CUMYL-PICA gilt als Cannabinoidrezeptoragonist. Dieser Artikel wurde f\u00fcr forensische und Forschungszwecke erstellt. Klicken Sie einfach auf die Schaltfl\u00e4che \u201eJetzt kaufen\u201c bei Dr. Lawson&#8217;s Pharmacy, um SGT-67 online zu bestellen. Um den Stoffwechsel und die Clearance der Forschungschemikalie anhand von Lebermikrosomen und Hepatozyten von Ratten und Menschen zu bewerten, wurden in einer Studie zu SGT-67 Urinproben mit In-vivo-Rattenplasma verglichen.      <a href=\"https:\/\/drlawsonspharmacy\/contact-us\/\">KONTAKT<\/a><\/p>\n<h3>Wie erfahre ich von SGT-67?<\/h3>\n<p> SGT-67 in der Pharmakologie Es handelt sich im Wesentlichen um ein synthetisches Cannabinoid aus der Indazol-Familie, obwohl seine Pharmakologie schlecht erforscht ist. Der Hauptunterschied zwischen ihm und seinem n\u00e4chsten Derivat besteht darin, dass die fr\u00fchere N-Adamantylgruppe durch eine N-Cumylgruppe ersetzt wurde. So wie 5F selektiv f\u00fcr den CB2-Rezeptor ist, sollte es auch selektiv f\u00fcr den CB1-Rezeptor sein. SGT-67 USA ist in keinem gr\u00f6\u00dferen Land als kontrollierte Substanz bekannt, obwohl es als Analogon von SGT-25 angesehen werden k\u00f6nnte, das in mehreren L\u00e4ndern illegal ist. Die biologischen und toxikologischen Eigenschaften dieses Medikaments werden derzeit erforscht. Es ist nicht f\u00fcr die Anwendung bei Tieren jeglicher Art, einschlie\u00dflich Menschen, vorgesehen. SGT-67, das bei Dr. Lawsons Pharmacy, dem f\u00fchrenden Online-H\u00e4ndler, erh\u00e4ltlich ist, ist das beste Ergebnis der Studie.       <\/p>\n<h3>Welche Gr\u00fcnde sprechen f\u00fcr die Wahl von SGT-67?<\/h3>\n<p> Es handelt sich um einen zuverl\u00e4ssigen Online-Shop, in dem Kunden hochwertige SGT-67 USA-Produkte sowie andere Artikel kaufen k\u00f6nnen. Dazu m\u00fcssen Sie SGT-67 in einem Gesch\u00e4ft kaufen, das \u00fcber alle erforderlichen Informationen zu dem chemischen Produkt verf\u00fcgt. Wir haben ein Team von Chemikern, die Ihnen relevante Informationen liefern k\u00f6nnen. Wir liefern SGT-67 und chemische Produkte wie 4F-MDMB-2201 und SGT-263 nach China und in andere L\u00e4nder. Mehrere Apotheken, Hochschulen und Labore kaufen SGT-67 in gro\u00dfen Mengen f\u00fcr ihre Studien. Wir sind ein renommierter Hersteller, der seine Waren entsprechend den Anforderungen seiner Kunden anpasst.      <\/p>\n<h3>SGT-67 online kaufen \u2013 Wie kaufe ich das SGT-67?<\/h3>\n<p> Um die Zufriedenheit unserer Kunden sicherzustellen, tut Dr. Lawsons Pharmacy mehr als n\u00f6tig. <\/p>\n<ul>\n<li>Wir bieten Kunden auf der ganzen Welt hochwertige SGT-67 zu sehr niedrigen Preisen zum Verkauf an. Kontaktieren Sie uns sofort f\u00fcr erstklassige Dienstleistungen. <\/li>\n<li>Dar\u00fcber hinaus vertreiben wir ein breites Spektrum an Chemikalien.<\/li>\n<li>Wenn Sie Chemikalien ben\u00f6tigen, die nicht auf unserer Website aufgef\u00fchrt sind, nehmen Sie Kontakt mit uns auf. Wir teilen Ihnen dann mit, ob die Chemikalien verf\u00fcgbar sind und wie wir sie Ihnen besorgen k\u00f6nnen.<\/li>\n<\/ul>\n<p> Das SGT-67-Pulver, das Sie kaufen, wird verdeckt und in Aluminiumfolie eingewickelt geliefert. Je nachdem, wo Sie wohnen, versenden wir m\u00f6glicherweise mit verschiedenen Versandunternehmen. Sie k\u00f6nnen SGT-67 auch online kaufen. Kontaktieren Sie uns f\u00fcr weitere Einzelheiten. Wir bieten ein zuverl\u00e4ssiges und schnelles Liefernetzwerk, das bereit ist, Waren in die ganze Welt zu transportieren. Klicken Sie hier, um mehr \u00fcber SGT-67 zu erfahren.      &nbsp;<\/p>\n","protected":false},"excerpt":{"rendered":"<p>&nbsp;<\/p>\n","protected":false},"featured_media":18276,"comment_status":"closed","ping_status":"closed","template":"","meta":{"om_disable_all_campaigns":false,"_sitemap_exclude":false,"_sitemap_priority":"","_sitemap_frequency":"","_monsterinsights_skip_tracking":false,"_monsterinsights_sitenote_active":false,"_monsterinsights_sitenote_note":"","_monsterinsights_sitenote_category":0},"product_cat":[23549],"product_tag":[24317,24332,24322,24327,24321,24328,24333,24331,24330,24329,24334,24325,24313,24323,24314,24315,24320,24326,24318,24319,24324,24316],"class_list":{"0":"post-30088","1":"product","2":"type-product","3":"status-publish","4":"has-post-thumbnail","6":"product_cat-forschungschemikalien-und-psychedelika","7":"product_tag-auswirkungen-von-sgt-67","8":"product_tag-authentisches-sgt-67-europa","9":"product_tag-bestellen-sie-sgt-67-eu","10":"product_tag-gunstige-sgt-67-europa","11":"product_tag-sgt-67-bester-preis-europa","12":"product_tag-sgt-67-europa-angebote","13":"product_tag-sgt-67-europa-lieferanten","14":"product_tag-sgt-67-europa-lieferung","15":"product_tag-sgt-67-europa-rabatt","16":"product_tag-sgt-67-europa-shop","17":"product_tag-sgt-67-europa-testbericht","18":"product_tag-sgt-67-europa-verkauf","19":"product_tag-sgt-67-kaufen-de","20":"product_tag-sgt-67-kostenloser-versand-europa","21":"product_tag-sgt-67-online-bestellen-de","22":"product_tag-sgt-67-online-kaufen-de","23":"product_tag-sgt-67-online-kaufen-europa","24":"product_tag-sgt-67-online-shop-europa","25":"product_tag-sgt-67-online-verkauf","26":"product_tag-wie-viel-kostet-sgt-67","27":"product_tag-wo-kann-man-sgt-67-europa-kaufen","28":"product_tag-wo-kann-man-sgt-67-online-kaufen","30":"first","31":"instock","32":"shipping-taxable","33":"purchasable","34":"product-type-variable","35":"farmacie-col"},"aioseo_notices":[],"_links":{"self":[{"href":"https:\/\/lacasadelamedicina.es\/de\/wp-json\/wp\/v2\/product\/30088"}],"collection":[{"href":"https:\/\/lacasadelamedicina.es\/de\/wp-json\/wp\/v2\/product"}],"about":[{"href":"https:\/\/lacasadelamedicina.es\/de\/wp-json\/wp\/v2\/types\/product"}],"replies":[{"embeddable":true,"href":"https:\/\/lacasadelamedicina.es\/de\/wp-json\/wp\/v2\/comments?post=30088"}],"wp:featuredmedia":[{"embeddable":true,"href":"https:\/\/lacasadelamedicina.es\/de\/wp-json\/wp\/v2\/media\/18276"}],"wp:attachment":[{"href":"https:\/\/lacasadelamedicina.es\/de\/wp-json\/wp\/v2\/media?parent=30088"}],"wp:term":[{"taxonomy":"product_cat","embeddable":true,"href":"https:\/\/lacasadelamedicina.es\/de\/wp-json\/wp\/v2\/product_cat?post=30088"},{"taxonomy":"product_tag","embeddable":true,"href":"https:\/\/lacasadelamedicina.es\/de\/wp-json\/wp\/v2\/product_tag?post=30088"}],"curies":[{"name":"wp","href":"https:\/\/api.w.org\/{rel}","templated":true}]}}