{"id":30063,"date":"2024-08-09T14:02:09","date_gmt":"2024-08-09T14:02:09","guid":{"rendered":"https:\/\/lacasadelamedicina.es\/product\/kaufen-sie-gamma-butyrolacton-gbl-online\/"},"modified":"2024-08-09T14:02:09","modified_gmt":"2024-08-09T14:02:09","slug":"kaufen-sie-gamma-butyrolacton-gbl-online","status":"publish","type":"product","link":"https:\/\/lacasadelamedicina.es\/de\/produkt\/kaufen-sie-gamma-butyrolacton-gbl-online\/","title":{"rendered":"Kaufen Sie Gamma-Butyrolacton (GBL) online"},"content":{"rendered":"<h3>Gamma-Butyrolacton zu verkaufen, GBL online in den DEUTCHLAND kaufen, GBL online bestellen<\/h3>\n<p> Gamma Butyrolacton (GBL) online kaufen &#8211; Obwohl GHB und GBL in praktisch allen Lebewesen bedeutende ZNS-Depressiva sind, ist noch nicht bekannt, wie sie das Gehirn beeinflussen. Das L\u00f6sen dieser R\u00e4tsel k\u00f6nnte uns helfen, die grundlegendsten Merkmale der Gehirnaktivit\u00e4t zu verstehen. Der optische Nachweis von GHB und GBL d\u00fcrfte f\u00fcr die <a href=\"https:\/\/dieapotheke247.com\/\">b<\/a>iologische Erforschung dieser Neurodepressiva von Vorteil sein. Dar\u00fcber hinaus geh\u00f6ren GHB und GBL zu den neurologischen Spezies, f\u00fcr die es aufgrund ihrer einfachen Struktur und des Fehlens von Reaktionsstellen besonders schwierig ist, Sensoren zu konstruieren. Dank unseres Wissens und unserer Zuverl\u00e4ssigkeit beim Online-Verkauf von Gamma-Butyrolacton haben wir uns zu einem der beliebtesten Unternehmen entwickelt, bei dem buchst\u00e4blich Tausende von Verbrauchern aus der ganzen Welt GBL bestellen. Gamma Butyrolacton (GBL) online kaufen      <a href=\"https:\/\/drlawsonspharmacy\/contact-us\/\"><a href=\"https:\/\/drlawsonspharmacy\/contact-us\/\">KONTAKT Gamma Butyrolacton (GBL) online kaufen &#8211;<\/a> <\/a><\/p>\n<h3>Was ist GBL?<\/h3>\n<p> Es handelt sich um eine farblose, hygroskopische Fl\u00fcssigkeit, die sich mit Wasser mischt und einen leichten Duft hat. Die grundlegendsten sind Lactone mit 4 Kohlenstoffen. GBL wirkt beim Menschen als Prodrug f\u00fcr die -Hydroxybutters\u00e4ure GHB und als ZNS-Depressivum f\u00fcr den Freizeitgebrauch mit barbiturat\u00e4hnlichen Wirkungen. Es wird als Zwischenprodukt in andere Verbindungen wie Methyl-2-pyrrolidon umgewandelt. GBL-Extrakte waren in Proben von unverf\u00e4lschtem Wein vorhanden. Dieser Befund beweist, dass GBL USA in einigen Weinen und verwandten Waren nat\u00fcrlich vorkommt. Die GC\/MS-Analyse der Nachweiskonzentration von 5 g\/ml wurde durch eine einfache Eliminierungstechnik erleichtert. GBL wird h\u00e4ufig f\u00e4lschlicherweise als Fl\u00fcssigkeit dargestellt und zum Verkauf angeboten.        <\/p>\n<h3>Warum den GBL kaufen?<\/h3>\n<p> Wir genie\u00dfen einen guten Ruf als Anbieter, der seine Pflichten gegen\u00fcber seinen Kunden stets ernst nimmt. Online-H\u00e4ndler bieten Gamma-Butyrolacton GBL Online und andere relevante Produkte zu fairen Preisen an. Um diese GBL-Produkte zu bestellen, m\u00fcssen wir viel Geld investieren.   <\/p>\n<ul>\n<li>Ihre Bestellung wird vom Verpackungsteam mit gr\u00f6\u00dfter Pr\u00e4zision verpackt, um Sch\u00e4den w\u00e4hrend des Transports zu vermeiden.<\/li>\n<li>Damit Sie sehen k\u00f6nnen, wie einfach es ist, bei uns online einen Gamma-Butyrolacton-GBL-Reiniger zu bestellen.<\/li>\n<li>Es gab eine Zeit, in der der Kauf von Gamma-Butyrolacton GBL schwierig war.<\/li>\n<li>Offline bei langen Reisen und nur, wenn sie online in Gesch\u00e4ften offline verf\u00fcgbar sind.<\/li>\n<li>Der Online-Modus ist jedoch aufgrund der technologischen und historischen Entwicklung entstanden.<\/li>\n<\/ul>\n<p> Gamma-Butyrolacton GBL kann einfach von einem Online-Shop zu einem niedrigen Preis gekauft werden, indem Sie Ihre Ger\u00e4te von jedem Ort aus nutzen. Sie brauchen nicht mehr zu reisen, wenn Sie Gamma-Butyrolacton GBL jederzeit online bei uns kaufen k\u00f6nnen.  <\/p>\n<h3>Wie verwende ich die GBL?<\/h3>\n<p> Dieses Material soll die Empfehlungen Ihres Arztes oder anderer medizinischer Fachkr\u00e4fte unterst\u00fctzen und nicht alle potenziellen Anwendungen, Vorsichtsma\u00dfnahmen, Wechselwirkungen oder negativen Auswirkungen abdecken. Es ist m\u00f6glich, dass diese Informationen nicht auf Ihre spezifische Gesundheitssituation zutreffen. Kaufen Sie GBL niemals online oder bei einem anderen lizenzierten Gesundheitsdienstleister nur auf der Grundlage von Informationen, die Sie online gelesen haben.   Holen Sie immer dringend fachkundigen medizinischen Rat bei Ihrem Arzt ein. <strong><a href=\"https:\/\/legitchemicals.com\/product\/buy-gamma-butyrolactone-gbl-online\/\">GBL online kaufen<\/a><\/strong> \u2013 Dr. Lawsons Pharmacy Store hat die h\u00f6chste Qualit\u00e4t Gamma-Hydroxybutyrat zu verkaufen. GHB online kaufen, GHB gleich legal online bestellen. Das Molek\u00fcl Gamma-Hydroxybutyrat ist im Gehirn vorhanden. GHB hat eine sedierende Wirkung, die sich auf eine Reihe von Nervenbahnen im Gehirn auswirkt. Es wird h\u00e4ufig als Droge zur Erleichterung sexueller \u00dcbergriffe und als Partydroge verwendet, weshalb es aufgrund von Sicherheitsbedenken als verbotene Substanz eingestuft wird. Um also GHB GAMMA HYDROXYBUTYRATE zu bekommen und ein ernstes Problem anzugehen, m\u00fcssen Sie nach der entsprechenden Website suchen. Dieses Produkt, das in den USA immer noch zum Verkauf steht, obwohl es 1990 vom Markt genommen wurde, ist besser geeignet, um eine L\u00f6sung f\u00fcr Ihr Problem zu finden. Gamma Butyrolacton (GBL) online kaufen        &nbsp;<\/p>\n","protected":false},"excerpt":{"rendered":"<p>(GBL) online at the lowest prices from a US supplier. A low-odor, colorless, hygroscopic liquid with water miscibility is called -butyrolactone (GBL). The simplest is a 4-carbon lactone. GBL acts as a prodrug for hydroxybutyric acid (GHB) in humans and is also used as a relaxant CNS depressant with effects similar to those of barbiturates. It is also a chemical intermediate used to make other compounds.     &nbsp;<\/p>\n","protected":false},"featured_media":18231,"comment_status":"closed","ping_status":"closed","template":"","meta":{"om_disable_all_campaigns":false,"_sitemap_exclude":false,"_sitemap_priority":"","_sitemap_frequency":"","_monsterinsights_skip_tracking":false,"_monsterinsights_sitenote_active":false,"_monsterinsights_sitenote_note":"","_monsterinsights_sitenote_category":0},"product_cat":[23549],"product_tag":[24144,24133,24134,24145,24143,24142,24140,24146,24141,24137,24125,24135,24126,24127,24138,24130,24139,24132,24131,24129,24136,24128],"class_list":{"0":"post-30063","1":"product","2":"type-product","3":"status-publish","4":"has-post-thumbnail","6":"product_cat-forschungschemikalien-und-psychedelika","7":"product_tag-authentisches-gamma-butyrolacton-gbl-europa","8":"product_tag-gamma-butyrolacton-gbl-bester-preis-europa","9":"product_tag-gamma-butyrolacton-gbl-eu-bestellen","10":"product_tag-gamma-butyrolacton-gbl-europa-lieferanten","11":"product_tag-gamma-butyrolacton-gbl-europa-lieferung","12":"product_tag-gamma-butyrolacton-gbl-europa-rabatt","13":"product_tag-gamma-butyrolacton-gbl-europa-angebote","14":"product_tag-gamma-butyrolacton-gbl-europa-bewertung","15":"product_tag-gamma-butyrolacton-gbl-europa-shop","16":"product_tag-gamma-butyrolacton-gbl-europa-verkauf","17":"product_tag-gamma-butyrolacton-gbl-kaufen","18":"product_tag-gamma-butyrolacton-gbl-kostenloser-versand-europa","19":"product_tag-gamma-butyrolacton-gbl-online-bestellen","20":"product_tag-gamma-butyrolacton-gbl-online-kaufen","21":"product_tag-gamma-butyrolacton-gbl-online-shop-europa","22":"product_tag-gamma-butyrolacton-gbl-online-verkauf","23":"product_tag-gunstiges-gamma-butyrolacton-gbl-europa","24":"product_tag-kaufen-sie-gamma-butyrolacton-gbl-online-in-europa","25":"product_tag-wie-viel-kostet-gamma-butyrolacton-gbl","26":"product_tag-wirkungen-von-gamma-butyrolacton-gbl","27":"product_tag-wo-kann-man-gamma-butyrolacton-gbl-in-europa-kaufen","28":"product_tag-wo-kann-man-gamma-butyrolacton-gbl-online-kaufen","30":"first","31":"instock","32":"shipping-taxable","33":"purchasable","34":"product-type-variable","35":"farmacie-col"},"aioseo_notices":[],"_links":{"self":[{"href":"https:\/\/lacasadelamedicina.es\/de\/wp-json\/wp\/v2\/product\/30063"}],"collection":[{"href":"https:\/\/lacasadelamedicina.es\/de\/wp-json\/wp\/v2\/product"}],"about":[{"href":"https:\/\/lacasadelamedicina.es\/de\/wp-json\/wp\/v2\/types\/product"}],"replies":[{"embeddable":true,"href":"https:\/\/lacasadelamedicina.es\/de\/wp-json\/wp\/v2\/comments?post=30063"}],"wp:featuredmedia":[{"embeddable":true,"href":"https:\/\/lacasadelamedicina.es\/de\/wp-json\/wp\/v2\/media\/18231"}],"wp:attachment":[{"href":"https:\/\/lacasadelamedicina.es\/de\/wp-json\/wp\/v2\/media?parent=30063"}],"wp:term":[{"taxonomy":"product_cat","embeddable":true,"href":"https:\/\/lacasadelamedicina.es\/de\/wp-json\/wp\/v2\/product_cat?post=30063"},{"taxonomy":"product_tag","embeddable":true,"href":"https:\/\/lacasadelamedicina.es\/de\/wp-json\/wp\/v2\/product_tag?post=30063"}],"curies":[{"name":"wp","href":"https:\/\/api.w.org\/{rel}","templated":true}]}}