{"id":30055,"date":"2024-08-09T14:02:09","date_gmt":"2024-08-09T14:02:09","guid":{"rendered":"https:\/\/lacasadelamedicina.es\/product\/kaufen-sie-nembutalpulver-online-2\/"},"modified":"2024-08-09T14:02:09","modified_gmt":"2024-08-09T14:02:09","slug":"kaufen-sie-nembutalpulver-online-2","status":"publish","type":"product","link":"https:\/\/lacasadelamedicina.es\/de\/produkt\/kaufen-sie-nembutalpulver-online-2\/","title":{"rendered":"Kaufen Sie Nembutalpulver online"},"content":{"rendered":"<h3>Nembutal-Pulver \u2013 Kaufen Sie Nembutal online, Nembutal-Pulver zum Verkauf.<\/h3>\n<p> Nembutal-Chemikalien werden von uns in den USA am besten geliefert und Sie k\u00f6nnen hochwertiges Nembutal-Pulver zu einem vern\u00fcnftigen Preis kaufen. Bestellen Sie Nembutal online!  <strong>Kaufen Sie Nembutalpulver online<\/strong>  &#8211;  <a href=\"https:\/\/drlawsonspharmacy\/contact-us\/\">KONTAKT<\/a><\/p>\n<h3>Was ist Nembutalpulver?<\/h3>\n<p> Barbiturate sind eine Medikamentenklasse, zu der auch Nembutalpulver geh\u00f6rt. Diese Chemikalie wird sowohl in der An\u00e4sthesie als auch in der Psychiatrie zur Behandlung von Patienten mit Problemen wie Schlafst\u00f6rungen, Epilepsie und Hirnverletzungen eingesetzt. Heutzutage kann der Hersteller oder Interneth\u00e4ndler dieses Medikaments direkt kontaktiert werden. Kaufen Sie Nembutalpulver online, das eine entspannende Schl\u00e4frigkeit hervorruft und Beschwerden lindert. Es kann durch Injektion einer L\u00f6sung in die Muskeln verabreicht werden. Dies wurde offiziell gemacht und die Therapeutic Goods Administration erw\u00e4gt, das Programm zu verschieben.      <\/p>\n<h3><strong>Nembutal-Pulver bestellen &#8211; Verwendung von Nembutal.<\/strong><\/h3>\n<ul>\n<li>Die Hauptanwendung von Nembutalpulver ist die kurzfristige Behandlung von Schlaflosigkeit. Dadurch k\u00f6nnen die Menschen f\u00fcr eine gewisse Zeit ruhig schlafen. <\/li>\n<li>In Notf\u00e4llen verwenden \u00c4rzte und Pr\u00e4an\u00e4sthesisten diese Chemikalie vor der Operation. Diese Medikamentendosis f\u00fchrt zu einer besseren Wirkung und h\u00e4lt bis zur erforderlichen Narkose an. <\/li>\n<li>Der Wirkstoff dieses Arzneimittels wird zur Senkung des Sch\u00e4deldrucks bei einem Sch\u00e4del-Hirn-Trauma eingesetzt.<\/li>\n<li>Es wird auch als Euthanasiemittel f\u00fcr Tiere und Menschen verwendet.<\/li>\n<li>Es wird haupts\u00e4chlich bei Menschen angewendet, die von Drogen oder Alkohol abh\u00e4ngig werden, um die Kontrolle dar\u00fcber zu erlangen.<\/li>\n<\/ul>\n<h3>Wo kann man Nembutalpulver kaufen?<\/h3>\n<ul>\n<li>Es gibt zahlreiche Hersteller von Nembutal-Pulver auf dem Markt. Bei der Auswahl des richtigen Herstellers m\u00fcssen Sie jedoch \u00e4u\u00dferste Vorsicht walten lassen. Eine der einfachsten M\u00f6glichkeiten, Nembutal so schnell wie m\u00f6glich zu erhalten, ist der Online-Kauf.  <\/li>\n<li>Sie k\u00f6nnen vertrauensw\u00fcrdige Quellen f\u00fcr den legalen Verkauf dieses Produkts finden. Die meisten Menschen sind sich der milderen Nebenwirkungen von Barbituraten bewusst. <\/li>\n<li><strong>Nembutal-Pulver online kaufen<\/strong> sorgt f\u00fcr eine gute Farbe, die viele Tage h\u00e4lt und einen Gesamteindruck hinterl\u00e4sst.<\/li>\n<li>Am besten w\u00e4re es, wenn Sie die Genehmigung h\u00e4tten, gro\u00dfe Mengen auf einmal einzunehmen, da eine \u00dcberdosierung schwerwiegende Folgen f\u00fcr den Benutzer haben k\u00f6nnte.<\/li>\n<\/ul>\n<p>&nbsp;<\/p>\n","protected":false},"excerpt":{"rendered":"<p>&nbsp;<\/p>\n","protected":false},"featured_media":18246,"comment_status":"closed","ping_status":"closed","template":"","meta":{"om_disable_all_campaigns":false,"_sitemap_exclude":false,"_sitemap_priority":"","_sitemap_frequency":"","_monsterinsights_skip_tracking":false,"_monsterinsights_sitenote_active":false,"_monsterinsights_sitenote_note":"","_monsterinsights_sitenote_category":0},"product_cat":[23549],"product_tag":[22971,22986,22976,22981,22968,22974,22975,22983,22979,22984,22970,22972,22982,22987,22985,22988,22967,22977,22980,22973,22978,22969],"class_list":{"0":"post-30055","1":"product","2":"type-product","3":"status-publish","4":"has-post-thumbnail","6":"product_cat-forschungschemikalien-und-psychedelika","7":"product_tag-auswirkungen-von-nembutalpulver","8":"product_tag-authentisches-nembutalpulver-europa","9":"product_tag-bestellen-sie-nembutalpulver-eu","10":"product_tag-gunstiges-nembutalpulver-europa","11":"product_tag-kaufen-sie-nembutalpulver-online","12":"product_tag-kaufen-sie-nembutalpulver-online-in-europa","13":"product_tag-nembutal-pulver-bester-preis-europa","14":"product_tag-nembutal-pulver-europa-shop","15":"product_tag-nembutal-pulver-europa-verkauf","16":"product_tag-nembutal-pulver-europa-rabatt","17":"product_tag-nembutal-pulver-online-bestellen-de","18":"product_tag-nembutal-pulververkauf-online","19":"product_tag-nembutalpulver-europa-angebote","20":"product_tag-nembutalpulver-europa-lieferanten","21":"product_tag-nembutalpulver-europa-lieferung","22":"product_tag-nembutalpulver-europa-testbericht","23":"product_tag-nembutalpulver-kaufen","24":"product_tag-nembutalpulver-kostenloser-versand-europa","25":"product_tag-online-shop-fur-nembutalpulver-in-europa","26":"product_tag-wie-viel-kostet-nembutalpulver","27":"product_tag-wo-kann-man-nembutalpulver-in-europa-kaufen","28":"product_tag-wo-kann-man-nembutalpulver-online-kaufen","30":"first","31":"instock","32":"shipping-taxable","33":"purchasable","34":"product-type-variable","35":"farmacie-col"},"aioseo_notices":[],"_links":{"self":[{"href":"https:\/\/lacasadelamedicina.es\/de\/wp-json\/wp\/v2\/product\/30055"}],"collection":[{"href":"https:\/\/lacasadelamedicina.es\/de\/wp-json\/wp\/v2\/product"}],"about":[{"href":"https:\/\/lacasadelamedicina.es\/de\/wp-json\/wp\/v2\/types\/product"}],"replies":[{"embeddable":true,"href":"https:\/\/lacasadelamedicina.es\/de\/wp-json\/wp\/v2\/comments?post=30055"}],"wp:featuredmedia":[{"embeddable":true,"href":"https:\/\/lacasadelamedicina.es\/de\/wp-json\/wp\/v2\/media\/18246"}],"wp:attachment":[{"href":"https:\/\/lacasadelamedicina.es\/de\/wp-json\/wp\/v2\/media?parent=30055"}],"wp:term":[{"taxonomy":"product_cat","embeddable":true,"href":"https:\/\/lacasadelamedicina.es\/de\/wp-json\/wp\/v2\/product_cat?post=30055"},{"taxonomy":"product_tag","embeddable":true,"href":"https:\/\/lacasadelamedicina.es\/de\/wp-json\/wp\/v2\/product_tag?post=30055"}],"curies":[{"name":"wp","href":"https:\/\/api.w.org\/{rel}","templated":true}]}}